{"id":716,"date":"2020-04-03T10:40:49","date_gmt":"2020-04-03T10:40:49","guid":{"rendered":"https:\/\/dogan-otomotiv.com\/?post_type=product&#038;p=716"},"modified":"2023-03-28T05:26:21","modified_gmt":"2023-03-28T05:26:21","slug":"9631902780-emme-manifoldu-citroen-1-6-8v-nfv","status":"publish","type":"product","link":"https:\/\/dogan-otomotiv.com\/index.php\/urun\/9631902780-emme-manifoldu-citroen-1-6-8v-nfv\/","title":{"rendered":"9631902780 EMME MAN\u0130FOLDU CITROEN 1.6 8V NFV ,"},"content":{"rendered":"<p>DO\u011eAN OTOMOT\u0130V YEDEK PAR\u00c7A<\/p>\n<p>SEM\u0130H SAVA\u015e\u00c7I<\/p>\n<p>0 (312) 395 20 95<\/p>\n<p>IBAN NO: TR54 0006 7010 0000 0087 8558 09<\/p>\n<p>\u015eUBE KODU: 0264<\/p>\n<p>HESAP NO: 87855809<\/p>\n<p><b><u>KARGO \u0130ADES\u0130 DURUMUNDA<\/u><\/b><\/p>\n<p><b><u>KARGO \u00dcCRET\u0130 M\u00dc\u015eTER\u0130YE A\u0130TT\u0130R.<\/u><\/b><\/p>\n<p>TOPLU S\u0130PAR\u0130\u015eLER\u0130N\u0130Z \u0130\u00c7\u0130N: doganotoyedekparcavw@gmail.com<\/p>\n","protected":false},"excerpt":{"rendered":"<p>9631902780 EMME MAN\u0130FOLDU CITROEN 1.6 8V NFV ,<\/p>\n","protected":false},"featured_media":12850,"comment_status":"open","ping_status":"closed","template":"","meta":{"_joinchat":[]},"product_cat":[17],"product_tag":[384,383],"class_list":{"0":"post-716","1":"product","2":"type-product","3":"status-publish","4":"has-post-thumbnail","6":"product_cat-peugeot","7":"product_tag-384","8":"product_tag-9631902780-emme-manifoldu-citroen-1-6-8v-nfv","10":"first","11":"instock","12":"sale","13":"shipping-taxable","14":"purchasable","15":"product-type-simple"},"_links":{"self":[{"href":"https:\/\/dogan-otomotiv.com\/index.php\/wp-json\/wp\/v2\/product\/716","targetHints":{"allow":["GET"]}}],"collection":[{"href":"https:\/\/dogan-otomotiv.com\/index.php\/wp-json\/wp\/v2\/product"}],"about":[{"href":"https:\/\/dogan-otomotiv.com\/index.php\/wp-json\/wp\/v2\/types\/product"}],"replies":[{"embeddable":true,"href":"https:\/\/dogan-otomotiv.com\/index.php\/wp-json\/wp\/v2\/comments?post=716"}],"wp:featuredmedia":[{"embeddable":true,"href":"https:\/\/dogan-otomotiv.com\/index.php\/wp-json\/wp\/v2\/media\/12850"}],"wp:attachment":[{"href":"https:\/\/dogan-otomotiv.com\/index.php\/wp-json\/wp\/v2\/media?parent=716"}],"wp:term":[{"taxonomy":"product_cat","embeddable":true,"href":"https:\/\/dogan-otomotiv.com\/index.php\/wp-json\/wp\/v2\/product_cat?post=716"},{"taxonomy":"product_tag","embeddable":true,"href":"https:\/\/dogan-otomotiv.com\/index.php\/wp-json\/wp\/v2\/product_tag?post=716"}],"curies":[{"name":"wp","href":"https:\/\/api.w.org\/{rel}","templated":true}]}}