{"id":6812,"date":"2021-06-28T13:34:27","date_gmt":"2021-06-28T13:34:27","guid":{"rendered":"https:\/\/dogan-otomotiv.com\/?post_type=product&#038;p=6812"},"modified":"2025-07-09T10:40:30","modified_gmt":"2025-07-09T10:40:30","slug":"0261203868-motor-beyni-fiat-brava-00464558010-1995","status":"publish","type":"product","link":"https:\/\/dogan-otomotiv.com\/index.php\/urun\/0261203868-motor-beyni-fiat-brava-00464558010-1995\/","title":{"rendered":"0261203868 MOTOR BEYN\u0130  F\u0130AT BRAVA 00464558010 1995"},"content":{"rendered":"<p>0261203868 MOTOR BEYN\u0130  F\u0130AT BRAVA 00464558010 1995<br \/>\n Fiat    Brava    2001    Diesel Hatchback    1.9 D    FWD &#8212; 182_    1929cc 48KW 65HP 160 A7.000<br \/>\n     Fiat    Brava    2001    Petrol Hatchback    1.4    FWD &#8212; 182_    1370cc 55KW 75HP 182 A5.000<br \/>\n     Fiat    Brava    2001    Petrol Hatchback    1.6 16V    FWD &#8212; 182_    1581cc 66KW 90HP 182 A6.000<br \/>\n     Fiat    Brava    2001    Petrol Hatchback    1.8 GT 16V    FWD &#8212; 182_    1747cc 83KW 113HP 182 A2.000<br \/>\n     Fiat    Brava    2000    Diesel Hatchback    1.9 D    FWD &#8212; 182_    1929cc 48KW 65HP 160 A7.000<br \/>\n     Fiat    Brava    2000    Petrol Hatchback    1.4    FWD &#8212; 182_    1370cc 55KW 75HP 182 A5.000<br \/>\n     Fiat    Brava    2000    Petrol Hatchback    1.6 16V    FWD &#8212; 182_    1581cc 66KW 90HP 182 A6.000<br \/>\n     Fiat    Brava    2000    Petrol Hatchback    1.8 GT 16V    FWD &#8212; 182_    1747cc 83KW 113HP 182 A2.000<br \/>\n     Fiat    Brava    1999    Diesel Hatchback    1.9 D    FWD &#8212; 182_    1929cc 48KW 65HP 160 A7.000<br \/>\n     Fiat    Brava    1999    Petrol Hatchback    1.4    FWD &#8212; 182_    1370cc 55KW 75HP 182 A5.000<br \/>\n     Fiat    Brava    1999    Petrol Hatchback    1.6 16V    FWD &#8212; 182_    1581cc 66KW 90HP 182 A6.000<br \/>\n     Fiat    Brava    1999    Petrol Hatchback    1.8 GT 16V    FWD &#8212; 182_    1747cc 83KW 113HP 182 A2.000<br \/>\n     Fiat    Brava    1998    Diesel Hatchback    1.9 D    FWD &#8212; 182_    1929cc 48KW 65HP 160 A7.000<br \/>\n     Fiat    Brava    1998    Petrol Hatchback    1.4    FWD &#8212; 182_    1370cc 55KW 75HP 182 A5.000<br \/>\n     Fiat    Brava    1998    Petrol Hatchback    1.6 16V    FWD &#8212; 182_    1581cc 66KW 90HP 182 A6.000<br \/>\n     Fiat    Brava    1998    Petrol Hatchback    1.8 GT 16V    FWD &#8212; 182_    1747cc 83KW 113HP 182 A2.000<br \/>\n     Fiat    Brava    1997    Diesel Hatchback    1.9 D    FWD &#8212; 182_    1929cc 48KW 65HP 160 A7.000<br \/>\n     Fiat    Brava    1997    Petrol Hatchback    1.4    FWD &#8212; 182_    1370cc 55KW 75HP 182 A5.000<br \/>\n     Fiat    Brava    1997    Petrol Hatchback    1.6 16V    FWD &#8212; 182_    1581cc 66KW 90HP 182 A6.000<br \/>\n     Fiat    Brava    1997    Petrol Hatchback    1.8 GT 16V    FWD &#8212; 182_    1747cc 83KW 113HP 182 A2.000<\/p>\n<p>     Fiat    Brava    1996    Diesel Hatchback    1.9 D    FWD &#8212; 182_    1929cc 48KW 65HP 160 A7.000<br \/>\n     Fiat    Brava    1996    Petrol Hatchback    1.4    FWD &#8212; 182_    1370cc 55KW 75HP 182 A5.000<br \/>\n     Fiat    Brava    1996    Petrol Hatchback    1.6 16V    FWD &#8212; 182_    1581cc 66KW 90HP 182 A6.000<br \/>\n     Fiat    Brava    1996    Petrol Hatchback    1.8 GT 16V    FWD &#8212; 182_    1747cc 83KW 113HP 182 A2.000<br \/>\n     Fiat    Brava    1995    Diesel Hatchback    1.9 D    FWD &#8212; 182_    1929cc 48KW 65HP 160 A7.000<br \/>\n     Fiat    Brava    1995    Petrol Hatchback    1.4    FWD &#8212; 182_    1370cc 55KW 75HP 182 A5.000<br \/>\n     Fiat    Brava    1995    Petrol Hatchback    1.6 16V    FWD &#8212; 182_    1581cc 66KW 90HP 182 A6.000<br \/>\n     Fiat    Brava    1995    Petrol Hatchback    1.8 GT 16V    FWD &#8212; 182_    1747cc 83KW 113HP 182 A2.000<\/p>\n","protected":false},"excerpt":{"rendered":"<p>DO\u011eAN OTOMOT\u0130V YEDEK PAR\u00c7A<br \/>\nLTD \u015eT\u0130 \u0130VED\u0130K ORGAN\u0130ZE SAN 1471 SOKAK 91-A OST\u0130M ANKARA<br \/>\nSEM\u0130H SAVA\u015e\u00c7I (312) 395 20 95<br \/>\n0533 322 16 09<\/p>\n<p>MUSTAFA SAVA\u015e\u00c7I<br \/>\n0 (312) 395 20 95<br \/>\nIBAN NO: TR 54 0011 1000 0000 0098 3516 19<br \/>\nF\u0130NANSBANK ENPARA<br \/>\n\u015eUBE KODU: 03663<br \/>\nHESAP NO: 98351619<\/p>\n<p>Paket i\u00e7eri\u011fi: 1 Adet<br \/>\nSATI\u015e F\u0130YATI KDV DAH\u0130L pe\u015fin fiyat\u0131d\u0131r<\/p>\n<p>SAAT 18:00 KADAR VER\u0130LEN \u015e\u0130PAR\u0130\u015e AYNI G\u00dcN KARGO \u0130LE G\u00d6NDER\u0130M\u0130 YAPILIR.<br \/>\nKARGO \u0130ADES\u0130 DURUMUNDA<br \/>\nKARGO \u00dcCRET\u0130 M\u00dc\u015eTER\u0130YE A\u0130TT\u0130R. AYRICA KARGODA KIRILAN PAR\u00c7ALARDAN SORUMLU DEY\u0130L\u0130Z<\/p>\n","protected":false},"featured_media":6813,"comment_status":"open","ping_status":"closed","template":"","meta":{"_joinchat":[]},"product_cat":[536],"product_tag":[4836],"class_list":{"0":"post-6812","1":"product","2":"type-product","3":"status-publish","4":"has-post-thumbnail","6":"product_cat-fiat","7":"product_tag-0261203868-motor-beyni-fiat-brava-00464558010-1995","9":"first","10":"instock","11":"sale","12":"shipping-taxable","13":"purchasable","14":"product-type-simple"},"_links":{"self":[{"href":"https:\/\/dogan-otomotiv.com\/index.php\/wp-json\/wp\/v2\/product\/6812","targetHints":{"allow":["GET"]}}],"collection":[{"href":"https:\/\/dogan-otomotiv.com\/index.php\/wp-json\/wp\/v2\/product"}],"about":[{"href":"https:\/\/dogan-otomotiv.com\/index.php\/wp-json\/wp\/v2\/types\/product"}],"replies":[{"embeddable":true,"href":"https:\/\/dogan-otomotiv.com\/index.php\/wp-json\/wp\/v2\/comments?post=6812"}],"wp:featuredmedia":[{"embeddable":true,"href":"https:\/\/dogan-otomotiv.com\/index.php\/wp-json\/wp\/v2\/media\/6813"}],"wp:attachment":[{"href":"https:\/\/dogan-otomotiv.com\/index.php\/wp-json\/wp\/v2\/media?parent=6812"}],"wp:term":[{"taxonomy":"product_cat","embeddable":true,"href":"https:\/\/dogan-otomotiv.com\/index.php\/wp-json\/wp\/v2\/product_cat?post=6812"},{"taxonomy":"product_tag","embeddable":true,"href":"https:\/\/dogan-otomotiv.com\/index.php\/wp-json\/wp\/v2\/product_tag?post=6812"}],"curies":[{"name":"wp","href":"https:\/\/api.w.org\/{rel}","templated":true}]}}