{"id":6801,"date":"2021-06-28T11:39:59","date_gmt":"2021-06-28T11:39:59","guid":{"rendered":"https:\/\/dogan-otomotiv.com\/?post_type=product&#038;p=6801"},"modified":"2022-07-23T12:04:03","modified_gmt":"2022-07-23T12:04:03","slug":"46534753-motor-beyni-fiat-600-11-fiat-seicento-1998-iaw-16fm-e6","status":"publish","type":"product","link":"https:\/\/dogan-otomotiv.com\/index.php\/urun\/46534753-motor-beyni-fiat-600-11-fiat-seicento-1998-iaw-16fm-e6\/","title":{"rendered":"46534753 MOTOR BEYN\u0130 F\u0130AT 600-1,1 FIAT Seicento 1998-IAW 16FM.E6"},"content":{"rendered":"<p>46534753 MOTOR BEYN\u0130 F\u0130AT 600-1,1 FIAT Seicento 1998-IAW 16FM.E6<br \/>\n46534753 MOTOR BEYN\u0130 F\u0130AT 600-1,1 FIAT Seicento 1998-IAW 16FM.E6<\/p>\n<p>     Fiat    Seicento \/ 600    2010    Benzinli Hatchback    1.1    \u0130LER\u0130 &#8212; 187_    1108cc 40KW 54HP 176 B2.000;187 A1.000<br \/>\n     Fiat    Seicento \/ 600    2009    Benzinli Hatchback    1.1    \u0130LER\u0130 &#8212; 187_    1108cc 40KW 54HP 176 B2.000;187 A1.000<br \/>\n     Fiat    Seicento \/ 600    2008    Benzinli Hatchback    1.1    \u0130LER\u0130 &#8212; 187_    1108cc 40KW 54HP 176 B2.000;187 A1.000<br \/>\n     Fiat    Seicento \/ 600    2007    Benzinli Hatchback    1.1    \u0130LER\u0130 &#8212; 187_    1108cc 40KW 54HP 176 B2.000;187 A1.000<br \/>\n     Fiat    Seicento \/ 600    2006    Benzinli Hatchback    1.1    \u0130LER\u0130 &#8212; 187_    1108cc 40KW 54HP 176 B2.000;187 A1.000<br \/>\n     Fiat    Seicento \/ 600    2005    Benzinli Hatchback    1.1    \u0130LER\u0130 &#8212; 187_    1108cc 40KW 54HP 176 B2.000;187 A1.000<br \/>\n     Fiat    Seicento \/ 600    2004    Benzinli Hatchback    1.1    \u0130LER\u0130 &#8212; 187_    1108cc 40KW 54HP 176 B2.000;187 A1.000<br \/>\n     Fiat    Seicento \/ 600    2003    Benzinli Hatchback    1.1    \u0130LER\u0130 &#8212; 187_    1108cc 40KW 54HP 176 B2.000;187 A1.000<br \/>\n     Fiat    Seicento \/ 600    2002    Benzinli Hatchback    1.1    \u0130LER\u0130 &#8212; 187_    1108cc 40KW 54HP 176 B2.000;187 A1.000<br \/>\n     Fiat    Seicento \/ 600    2001    Benzinli Hatchback    1.1    \u0130LER\u0130 &#8212; 187_    1108cc 40KW 54HP 176 B2.000;187 A1.000<br \/>\n     Fiat    Seicento \/ 600    2000    Benzinli Hatchback    1.1    \u0130LER\u0130 &#8212; 187_    1108cc 40KW 54HP 176 B2.000;187 A1.000<br \/>\n     Fiat    Seicento \/ 600    1999    Benzinli Hatchback    1.1    \u0130LER\u0130 &#8212; 187_    1108cc 40KW 54HP 176 B2.000;187 A1.000<br \/>\n     Fiat    Seicento \/ 600    1998    Benzinli Hatchback    1.1    \u0130LER\u0130 &#8212; 187_    1108cc 40KW 54HP 176 B2.000;187 A1.000<\/p>\n","protected":false},"excerpt":{"rendered":"<p>DO\u011eAN OTOMOT\u0130V YEDEK PAR\u00c7A<br \/>\nLTD \u015eT\u0130 \u0130VED\u0130K ORGAN\u0130ZE SAN 1471 SOKAK 91-A OST\u0130M ANKARA<br \/>\nSEM\u0130H SAVA\u015e\u00c7I (312) 395 20 95<br \/>\n0533 322 16 09<\/p>\n<p>MUSTAFA SAVA\u015e\u00c7I<br \/>\n0 (312) 395 20 95<br \/>\nIBAN NO: TR 54 0011 1000 0000 0098 3516 19<br \/>\nF\u0130NANSBANK ENPARA<br \/>\n\u015eUBE KODU: 03663<br \/>\nHESAP NO: 98351619<\/p>\n<p>Paket i\u00e7eri\u011fi: 1 Adet<br \/>\nSATI\u015e F\u0130YATI KDV DAH\u0130L pe\u015fin fiyat\u0131d\u0131r<\/p>\n<p>SAAT 18:00 KADAR VER\u0130LEN \u015e\u0130PAR\u0130\u015e AYNI G\u00dcN KARGO \u0130LE G\u00d6NDER\u0130M\u0130 YAPILIR.<br \/>\nKARGO \u0130ADES\u0130 DURUMUNDA<br \/>\nKARGO \u00dcCRET\u0130 M\u00dc\u015eTER\u0130YE A\u0130TT\u0130R. AYRICA KARGODA KIRILAN PAR\u00c7ALARDAN SORUMLU DEY\u0130L\u0130Z<\/p>\n","protected":false},"featured_media":6802,"comment_status":"open","ping_status":"closed","template":"","meta":{"_joinchat":[]},"product_cat":[536],"product_tag":[4830,4829,4831],"class_list":{"0":"post-6801","1":"product","2":"type-product","3":"status-publish","4":"has-post-thumbnail","6":"product_cat-fiat","7":"product_tag-1-fiat-seicento-1998-iaw-16fm-e6","8":"product_tag-46534753-motor-beyni-fiat-600-1","9":"product_tag-iaw-16fm-e6","11":"first","12":"instock","13":"sale","14":"shipping-taxable","15":"purchasable","16":"product-type-simple"},"_links":{"self":[{"href":"https:\/\/dogan-otomotiv.com\/index.php\/wp-json\/wp\/v2\/product\/6801","targetHints":{"allow":["GET"]}}],"collection":[{"href":"https:\/\/dogan-otomotiv.com\/index.php\/wp-json\/wp\/v2\/product"}],"about":[{"href":"https:\/\/dogan-otomotiv.com\/index.php\/wp-json\/wp\/v2\/types\/product"}],"replies":[{"embeddable":true,"href":"https:\/\/dogan-otomotiv.com\/index.php\/wp-json\/wp\/v2\/comments?post=6801"}],"wp:featuredmedia":[{"embeddable":true,"href":"https:\/\/dogan-otomotiv.com\/index.php\/wp-json\/wp\/v2\/media\/6802"}],"wp:attachment":[{"href":"https:\/\/dogan-otomotiv.com\/index.php\/wp-json\/wp\/v2\/media?parent=6801"}],"wp:term":[{"taxonomy":"product_cat","embeddable":true,"href":"https:\/\/dogan-otomotiv.com\/index.php\/wp-json\/wp\/v2\/product_cat?post=6801"},{"taxonomy":"product_tag","embeddable":true,"href":"https:\/\/dogan-otomotiv.com\/index.php\/wp-json\/wp\/v2\/product_tag?post=6801"}],"curies":[{"name":"wp","href":"https:\/\/api.w.org\/{rel}","templated":true}]}}