{"id":680,"date":"2020-04-03T07:25:20","date_gmt":"2020-04-03T07:25:20","guid":{"rendered":"https:\/\/dogan-otomotiv.com\/?post_type=product&#038;p=680"},"modified":"2020-08-15T06:10:14","modified_gmt":"2020-08-15T06:10:14","slug":"06f129208c-audi-a3-8-p-2-0-fsi-vakum-deposu","status":"publish","type":"product","link":"https:\/\/dogan-otomotiv.com\/index.php\/urun\/06f129208c-audi-a3-8-p-2-0-fsi-vakum-deposu\/","title":{"rendered":"06F129208C &#8220;Audi A3 8 P 2.0 FSi Vakum Deposu"},"content":{"rendered":"<p>DO\u011eAN OTOMOT\u0130V YEDEK PAR\u00c7A<\/p>\n<p>SEM\u0130H SAVA\u015e\u00c7I<\/p>\n<p>0 (312) 395 20 95<\/p>\n<p>IBAN NO: TR54 0006 7010 0000 0087 8558 09<\/p>\n<p>\u015eUBE KODU: 0264<\/p>\n<p>HESAP NO: 87855809<\/p>\n<p><b><u>KARGO \u0130ADES\u0130 DURUMUNDA<\/u><\/b><\/p>\n<p><b><u>KARGO \u00dcCRET\u0130 M\u00dc\u015eTER\u0130YE A\u0130TT\u0130R.<\/u><\/b><\/p>\n<p>TOPLU S\u0130PAR\u0130\u015eLER\u0130N\u0130Z \u0130\u00c7\u0130N: doganotoyedekparcavw@gmail.com<\/p>\n","protected":false},"excerpt":{"rendered":"<p>06F129208C Audi A3 8 P 2.0 FSi Vakum Deposu<\/p>\n","protected":false},"featured_media":681,"comment_status":"open","ping_status":"closed","template":"","meta":{"_joinchat":[]},"product_cat":[15,24,19,20],"product_tag":[348,347],"class_list":{"0":"post-680","1":"product","2":"type-product","3":"status-publish","4":"has-post-thumbnail","6":"product_cat-volkswagen","7":"product_cat-audi","8":"product_cat-seat","9":"product_cat-skoda","10":"product_tag-06f129208c","11":"product_tag-06f129208c-audi-a3-8-p-2-0-fsi-vakum-deposu","13":"first","14":"instock","15":"sale","16":"shipping-taxable","17":"purchasable","18":"product-type-simple"},"_links":{"self":[{"href":"https:\/\/dogan-otomotiv.com\/index.php\/wp-json\/wp\/v2\/product\/680","targetHints":{"allow":["GET"]}}],"collection":[{"href":"https:\/\/dogan-otomotiv.com\/index.php\/wp-json\/wp\/v2\/product"}],"about":[{"href":"https:\/\/dogan-otomotiv.com\/index.php\/wp-json\/wp\/v2\/types\/product"}],"replies":[{"embeddable":true,"href":"https:\/\/dogan-otomotiv.com\/index.php\/wp-json\/wp\/v2\/comments?post=680"}],"wp:featuredmedia":[{"embeddable":true,"href":"https:\/\/dogan-otomotiv.com\/index.php\/wp-json\/wp\/v2\/media\/681"}],"wp:attachment":[{"href":"https:\/\/dogan-otomotiv.com\/index.php\/wp-json\/wp\/v2\/media?parent=680"}],"wp:term":[{"taxonomy":"product_cat","embeddable":true,"href":"https:\/\/dogan-otomotiv.com\/index.php\/wp-json\/wp\/v2\/product_cat?post=680"},{"taxonomy":"product_tag","embeddable":true,"href":"https:\/\/dogan-otomotiv.com\/index.php\/wp-json\/wp\/v2\/product_tag?post=680"}],"curies":[{"name":"wp","href":"https:\/\/api.w.org\/{rel}","templated":true}]}}