{"id":6751,"date":"2021-06-26T17:31:55","date_gmt":"2021-06-26T17:31:55","guid":{"rendered":"https:\/\/dogan-otomotiv.com\/?post_type=product&#038;p=6751"},"modified":"2022-10-15T08:54:20","modified_gmt":"2022-10-15T08:54:20","slug":"a0055455932","status":"publish","type":"product","link":"https:\/\/dogan-otomotiv.com\/index.php\/urun\/a0055455932\/","title":{"rendered":"A0055455932 ASD Kontrol \u00fcnitesi Mercedes-D\u0130ZEL- A 5WK3 ORJ \u00c7IKMA"},"content":{"rendered":"<p>ASD Kontrol \u00fcnitesi Mercedes-Benz A 005-545-59-32 Siemens 5WK3-205<\/p>\n<p>ASD KONTROL \u00dcN\u0130TES\u0130 \/ R\u00d6LE<\/p>\n<p>Mercedes-Benz A 0055455932<br \/>\nSiemens 5WK3205<\/p>\n<p>Ara\u00e7 Uygulanabilirli\u011fi:<\/p>\n<p>ben! VIN&#8217;e bak\u0131n: WDB 124083 1F048942 = ( 124.083 )<\/p>\n<p>MERCEDES-BENZ 190 (W201) 1987-1993<br \/>\n(201.018) 190 E 1.8<br \/>\n(201.023) 190<br \/>\n(201.024) 190 E<br \/>\n(201.028) 190 E 2.3<br \/>\n(201.029) 190 E 2.6 ,190 E 3.2 AMG<br \/>\n(201.034) 190 E 2.3-16<br \/>\n(201.035) 190 E 2.5-16<br \/>\n(201.036) 190 E 2.5-16 EVR\u0130M<br \/>\n(201.122) 190 D<br \/>\n(201.126) 190 D 2.5<br \/>\n(201.128) 190 D 2.5 TURBODIZEL<\/p>\n<p>MERCEDES-BENZ 200-300 (W124\/S124\/C124\/A124) 1987-1993<br \/>\n(124.003) 230 D (&#8230;-10\/92)<br \/>\n(124.020) 200 (&#8230;-09\/89)<br \/>\n(124.021) 200 D (&#8230;-09\/89)<br \/>\n(124.023) 230 D (&#8230;-09\/89)<br \/>\n(124.026) 260 D (&#8230;-09\/89)<br \/>\n(124.030) 300 D (&#8230;-09\/89) )<br \/>\n(124.043) 230 CE (&#8230;-09\/89)<br \/>\n(124.050) 300 CE (&#8230;-09\/89)<br \/>\n(124.080) 200 T (&#8230;-10\/92)<br \/>\n(124.081) 200 TE (. ..-10\/92)<br \/>\n(124.083) 230 TE (&#8230;-10\/92)<br \/>\n(124.090) 300 TE (&#8230;-10\/92)<br \/>\n(124.091) 300 TE-24,AMG 300 TE 3.4 (09\/ 89-10\/92)<br \/>\n(124.105) 250 D (&#8230;-07\/93)<br \/>\n(124.120) 200 D (&#8230;-09\/89)<br \/>\n(124.125) 250 D (&#8230;-09\/89)<br \/>\n(124.128) ) 250 D TURBOD\u0130ZEL (&#8230;-09\/89)<br \/>\n(124.130) 300 D (&#8230;-09\/89)<br \/>\n(124.133) 300 D TURBOD\u0130ZEL (&#8230;-09\/89)<br \/>\n(124.180) 200 TD (&#8230;-07\/93)<br \/>\n(124.185) 250 TD (. ..-07\/93)<br \/>\n(124.188) 250 TD TURBOD\u0130ZEL \u0130TALYAN (&#8230;-07\/93)<br \/>\n(124.190) 300 TD (&#8230;-07\/93)<br \/>\n(124.193) 300 TD TURBOD\u0130ZEL (&#8230;-07\/ 93)<\/p>\n<p>MERCEDES-BENZ S-S\u0131n\u0131f\u0131 (W126\/C126) 1986-1991<br \/>\n(126.020) 260 SE STANDART (09\/85-&#8230;)<br \/>\n(126.024) 300 SE STANDART (09\/85-&#8230;)<br \/>\n(126.025) 300SESTANDART (09\/85-&#8230;)<br \/>\n(126.034) 420 SE SONDERSCHUTZ\/\u00d6ZEL S\u00dcR\u00dcM<br \/>\n(126.034) 420 SE STANDART (09\/85-&#8230;)<br \/>\n(126.035) 420 SEL SONDERSCHUTZ\/\u00d6ZEL S\u00dcR\u00dcM<br \/>\n(126.035) 420 SEL STANDART (09 \/85-&#8230;)<br \/>\n(126.036) 500 SE SONDERSCHUTZ\/\u00d6ZEL S\u00dcR\u00dcM<br \/>\n(126.036) 500 SE STANDART (09\/85-&#8230;)<br \/>\n(126.037) 500 SEL SONDERSCHUTZ\/\u00d6ZEL S\u00dcR\u00dcM<br \/>\n(126.037) 500 SEL STANDART (09\/85) -&#8230;)<br \/>\n(126.038) 560 SE STANDARD (09\/85-&#8230;)<br \/>\n(126.039) 560 SEL SONNDERSCHUTZ\/SPECIAL EDITION<br \/>\n(126.039) 560 SEL STANDARD (09\/85-&#8230;)<\/p>\n<p>Referans numaralar\u0131:<br \/>\nA0055455932, A-0055455932, A-005-545-59-32, A 005 545 59 32<br \/>\nA0085452432, A-0085452432, A-008-545-24-32, A 008 545 24 32<br \/>\n5WK3205, 5WK3-205 , 5WK3 205<\/p>\n","protected":false},"excerpt":{"rendered":"<p>DO\u011eAN OTOMOT\u0130V YEDEK PAR\u00c7A<br \/>\nLTD \u015eT\u0130 \u0130VED\u0130K ORGAN\u0130ZE SAN 1471 SOKAK 91-A OST\u0130M ANKARA<br \/>\nSEM\u0130H SAVA\u015e\u00c7I (312) 395 20 95<br \/>\n0533 322 16 09<\/p>\n<p>MUSTAFA SAVA\u015e\u00c7I<br \/>\n0 (312) 395 20 95<br \/>\nIBAN NO: TR 54 0011 1000 0000 0098 3516 19<br \/>\nF\u0130NANSBANK ENPARA<br \/>\n\u015eUBE KODU: 03663<br \/>\nHESAP NO: 98351619<\/p>\n<p>Paket i\u00e7eri\u011fi: 1 Adet<br \/>\nSATI\u015e F\u0130YATI KDV DAH\u0130L pe\u015fin fiyat\u0131d\u0131r<\/p>\n<p>SAAT 18:00 KADAR VER\u0130LEN \u015e\u0130PAR\u0130\u015e AYNI G\u00dcN KARGO \u0130LE G\u00d6NDER\u0130M\u0130 YAPILIR.<br \/>\nKARGO \u0130ADES\u0130 DURUMUNDA<br \/>\nKARGO \u00dcCRET\u0130 M\u00dc\u015eTER\u0130YE A\u0130TT\u0130R. AYRICA KARGODA KIRILAN PAR\u00c7ALARDAN SORUMLU DEY\u0130L\u0130Z<\/p>\n","protected":false},"featured_media":6752,"comment_status":"open","ping_status":"closed","template":"","meta":{"_joinchat":[]},"product_cat":[23],"product_tag":[8197],"class_list":{"0":"post-6751","1":"product","2":"type-product","3":"status-publish","4":"has-post-thumbnail","6":"product_cat-mercedes","7":"product_tag-a0055455932-asd-kontrol-unitesi-mercedes-dizel-a-5wk3-orj-cikma","9":"first","10":"instock","11":"sale","12":"shipping-taxable","13":"purchasable","14":"product-type-simple"},"_links":{"self":[{"href":"https:\/\/dogan-otomotiv.com\/index.php\/wp-json\/wp\/v2\/product\/6751","targetHints":{"allow":["GET"]}}],"collection":[{"href":"https:\/\/dogan-otomotiv.com\/index.php\/wp-json\/wp\/v2\/product"}],"about":[{"href":"https:\/\/dogan-otomotiv.com\/index.php\/wp-json\/wp\/v2\/types\/product"}],"replies":[{"embeddable":true,"href":"https:\/\/dogan-otomotiv.com\/index.php\/wp-json\/wp\/v2\/comments?post=6751"}],"wp:featuredmedia":[{"embeddable":true,"href":"https:\/\/dogan-otomotiv.com\/index.php\/wp-json\/wp\/v2\/media\/6752"}],"wp:attachment":[{"href":"https:\/\/dogan-otomotiv.com\/index.php\/wp-json\/wp\/v2\/media?parent=6751"}],"wp:term":[{"taxonomy":"product_cat","embeddable":true,"href":"https:\/\/dogan-otomotiv.com\/index.php\/wp-json\/wp\/v2\/product_cat?post=6751"},{"taxonomy":"product_tag","embeddable":true,"href":"https:\/\/dogan-otomotiv.com\/index.php\/wp-json\/wp\/v2\/product_tag?post=6751"}],"curies":[{"name":"wp","href":"https:\/\/api.w.org\/{rel}","templated":true}]}}