{"id":6732,"date":"2021-06-26T11:57:34","date_gmt":"2021-06-26T11:57:34","guid":{"rendered":"https:\/\/dogan-otomotiv.com\/?post_type=product&#038;p=6732"},"modified":"2025-05-12T09:17:42","modified_gmt":"2025-05-12T09:17:42","slug":"k8t34971-kontrol-uniteleri-modulleri-mazda-626-1988-nmz13","status":"publish","type":"product","link":"https:\/\/dogan-otomotiv.com\/index.php\/urun\/k8t34971-kontrol-uniteleri-modulleri-mazda-626-1988-nmz13\/","title":{"rendered":"K8T34971 kontrol \u00fcniteleri mod\u00fclleri Mazda 626 1988  NMZ13"},"content":{"rendered":"<p>K8T34971 kontrol \u00fcniteleri mod\u00fclleri Mazda 626 1988 NMZ13<\/p>\n<p>\u00dcretici<br \/>\nMazda<br \/>\nSeri<br \/>\n626<br \/>\n\u00d6rnek<br \/>\n626<br \/>\nY\u0131l<br \/>\n1988-1991<br \/>\nModel y\u0131l\u0131<br \/>\n1989<br \/>\nV\u00fccut tipi<br \/>\nDi\u011fer<br \/>\nDireksiyon simidi konumu<br \/>\n&#8211;<br \/>\nS\u00fcr\u00fc\u015f tekerlekleri<br \/>\n&#8211;<br \/>\nYak\u0131t t\u00fcr\u00fc<br \/>\nBenzin<br \/>\nMotor hacmi, cm3<br \/>\n2000<br \/>\n\u015eanz\u0131man tipi<br \/>\nManuel<\/p>\n","protected":false},"excerpt":{"rendered":"<p>1K0820047DP VW B6 PASSAT KALOR\u0130FER KUMANDASI 1,9 TD\u0130<\/p>\n<p>DO\u011eAN OTOMOT\u0130V YEDEK PAR\u00c7A<br \/>\nLTD \u015eT\u0130 \u0130VED\u0130K ORGAN\u0130ZE SAN 1471 SOKAK 91-A OST\u0130M ANKARA<br \/>\nSEM\u0130H SAVA\u015e\u00c7I (312) 395 20 95<br \/>\n0533 322 16 09<\/p>\n<p>MUSTAFA SAVA\u015e\u00c7I<br \/>\n0 (312) 395 20 95<br \/>\nIBAN NO: TR 54 0011 1000 0000 0098 3516 19<br \/>\nF\u0130NANSBANK ENPARA<br \/>\n\u015eUBE KODU: 03663<br \/>\nHESAP NO: 98351619<\/p>\n<p>Paket i\u00e7eri\u011fi: 1 Adet<br \/>\nSATI\u015e F\u0130YATI KDV DAH\u0130L pe\u015fin fiyat\u0131d\u0131r<\/p>\n<p>SAAT 18:00 KADAR VER\u0130LEN \u015e\u0130PAR\u0130\u015e AYNI G\u00dcN KARGO \u0130LE G\u00d6NDER\u0130M\u0130 YAPILIR.<br \/>\nKARGO \u0130ADES\u0130 DURUMUNDA<br \/>\nKARGO \u00dcCRET\u0130 M\u00dc\u015eTER\u0130YE A\u0130TT\u0130R. AYRICA KARGODA KIRILAN PAR\u00c7ALARDAN SORUMLU DEY\u0130L\u0130Z<\/p>\n","protected":false},"featured_media":15854,"comment_status":"open","ping_status":"closed","template":"","meta":{"_joinchat":[]},"product_cat":[145],"product_tag":[4801],"class_list":{"0":"post-6732","1":"product","2":"type-product","3":"status-publish","4":"has-post-thumbnail","6":"product_cat-kia","7":"product_tag-k8t34971-kontrol-uniteleri-modulleri-mazda-626-1988-nmz13","9":"first","10":"instock","11":"sale","12":"shipping-taxable","13":"purchasable","14":"product-type-simple"},"_links":{"self":[{"href":"https:\/\/dogan-otomotiv.com\/index.php\/wp-json\/wp\/v2\/product\/6732","targetHints":{"allow":["GET"]}}],"collection":[{"href":"https:\/\/dogan-otomotiv.com\/index.php\/wp-json\/wp\/v2\/product"}],"about":[{"href":"https:\/\/dogan-otomotiv.com\/index.php\/wp-json\/wp\/v2\/types\/product"}],"replies":[{"embeddable":true,"href":"https:\/\/dogan-otomotiv.com\/index.php\/wp-json\/wp\/v2\/comments?post=6732"}],"wp:featuredmedia":[{"embeddable":true,"href":"https:\/\/dogan-otomotiv.com\/index.php\/wp-json\/wp\/v2\/media\/15854"}],"wp:attachment":[{"href":"https:\/\/dogan-otomotiv.com\/index.php\/wp-json\/wp\/v2\/media?parent=6732"}],"wp:term":[{"taxonomy":"product_cat","embeddable":true,"href":"https:\/\/dogan-otomotiv.com\/index.php\/wp-json\/wp\/v2\/product_cat?post=6732"},{"taxonomy":"product_tag","embeddable":true,"href":"https:\/\/dogan-otomotiv.com\/index.php\/wp-json\/wp\/v2\/product_tag?post=6732"}],"curies":[{"name":"wp","href":"https:\/\/api.w.org\/{rel}","templated":true}]}}