{"id":6726,"date":"2021-06-26T11:20:15","date_gmt":"2021-06-26T11:20:15","guid":{"rendered":"https:\/\/dogan-otomotiv.com\/?post_type=product&#038;p=6726"},"modified":"2023-02-16T06:07:04","modified_gmt":"2023-02-16T06:07:04","slug":"192949-yakit-pompasi-rolesi-peugeot-citroen-fiat-orj-cikma","status":"publish","type":"product","link":"https:\/\/dogan-otomotiv.com\/index.php\/urun\/192949-yakit-pompasi-rolesi-peugeot-citroen-fiat-orj-cikma\/","title":{"rendered":"192949 yak\u0131t pompas\u0131 r\u00f6lesi Peugeot \/ Citroen \/ Fiat ORJ CIKMA"},"content":{"rendered":"<p>192949 yak\u0131t pompas\u0131 r\u00f6lesi Peugeot \/ Citroen \/ Fiat ORJ CIKMA<br \/>\n192949 yak\u0131t pompas\u0131 r\u00f6lesi Peugeot \/ Citroen \/ Fiat<\/p>\n<p>OEN 1314554080 \u2014 ALFA ROMEO<\/p>\n<p>OEN 9614449580 \u2014 ALFA ROMEO<br \/>\nOEN 192949 \u2014 CITRO\u00cbN<br \/>\nOEN 96075406 \u2014 CITRO\u00cbN<br \/>\nOEN 960754068 \u2014 CITRO\u00cbN<br \/>\nOEN 9607540680 \u2014 CITRO\u00cbN<br \/>\nOEN 192949 \u2014 CITRO\u00cbN\/PEUGEOT<br \/>\nOEN 96075406 \u2014 CITRO\u00cbN\/PEUGEOT<br \/>\nOEN 960754068 \u2014 CITRO\u00cbN\/PEUGEOT<br \/>\nOEN 9607540680 \u2014 CITRO\u00cbN\/PEUGEOT<br \/>\nOEN 1314554080 \u2014 FIAT<br \/>\nOEN 9614449580 \u2014 FIAT<br \/>\nOEN 1314554080 \u2014 IVECO<br \/>\nOEN 1314554080 \u2014 LANCIA<br \/>\nOEN 9614449580 \u2014 LANCIA<br \/>\nOEN 192949 \u2014 PEUGEOT<br \/>\nOEN 96075406 \u2014 PEUGEOT<br \/>\nOEN 960754068 \u2014 PEUGEOT<br \/>\nOEN 9607540680 \u2014 PEUGEOT<\/p>\n<p>ROLE \u00c7\u0130FTL\u0130 KAHVERENG\u0130-PEUGEOT 106 306 405 605 192949<\/p>\n","protected":false},"excerpt":{"rendered":"<p>1K0820047DP VW B6 PASSAT KALOR\u0130FER KUMANDASI 1,9 TD\u0130<\/p>\n<p>DO\u011eAN OTOMOT\u0130V YEDEK PAR\u00c7A<br \/>\nLTD \u015eT\u0130 \u0130VED\u0130K ORGAN\u0130ZE SAN 1471 SOKAK 91-A OST\u0130M ANKARA<br \/>\nSEM\u0130H SAVA\u015e\u00c7I (312) 395 20 95<br \/>\n0533 322 16 09<\/p>\n<p>MUSTAFA SAVA\u015e\u00c7I<br \/>\n0 (312) 395 20 95<br \/>\nIBAN NO: TR 54 0011 1000 0000 0098 3516 19<br \/>\nF\u0130NANSBANK ENPARA<br \/>\n\u015eUBE KODU: 03663<br \/>\nHESAP NO: 98351619<\/p>\n<p>Paket i\u00e7eri\u011fi: 1 Adet<br \/>\nSATI\u015e F\u0130YATI KDV DAH\u0130L pe\u015fin fiyat\u0131d\u0131r<\/p>\n<p>SAAT 18:00 KADAR VER\u0130LEN \u015e\u0130PAR\u0130\u015e AYNI G\u00dcN KARGO \u0130LE G\u00d6NDER\u0130M\u0130 YAPILIR.<br \/>\nKARGO \u0130ADES\u0130 DURUMUNDA<br \/>\nKARGO \u00dcCRET\u0130 M\u00dc\u015eTER\u0130YE A\u0130TT\u0130R. AYRICA KARGODA KIRILAN PAR\u00c7ALARDAN SORUMLU DEY\u0130L\u0130Z<\/p>\n","protected":false},"featured_media":6727,"comment_status":"open","ping_status":"closed","template":"","meta":{"_joinchat":[]},"product_cat":[2204,536,17],"product_tag":[4798],"class_list":{"0":"post-6726","1":"product","2":"type-product","3":"status-publish","4":"has-post-thumbnail","6":"product_cat-citroen","7":"product_cat-fiat","8":"product_cat-peugeot","9":"product_tag-192949-yakit-pompasi-rolesi-peugeot-citroen-fiat-orj-cikma","11":"first","12":"instock","13":"sale","14":"shipping-taxable","15":"purchasable","16":"product-type-simple"},"_links":{"self":[{"href":"https:\/\/dogan-otomotiv.com\/index.php\/wp-json\/wp\/v2\/product\/6726","targetHints":{"allow":["GET"]}}],"collection":[{"href":"https:\/\/dogan-otomotiv.com\/index.php\/wp-json\/wp\/v2\/product"}],"about":[{"href":"https:\/\/dogan-otomotiv.com\/index.php\/wp-json\/wp\/v2\/types\/product"}],"replies":[{"embeddable":true,"href":"https:\/\/dogan-otomotiv.com\/index.php\/wp-json\/wp\/v2\/comments?post=6726"}],"wp:featuredmedia":[{"embeddable":true,"href":"https:\/\/dogan-otomotiv.com\/index.php\/wp-json\/wp\/v2\/media\/6727"}],"wp:attachment":[{"href":"https:\/\/dogan-otomotiv.com\/index.php\/wp-json\/wp\/v2\/media?parent=6726"}],"wp:term":[{"taxonomy":"product_cat","embeddable":true,"href":"https:\/\/dogan-otomotiv.com\/index.php\/wp-json\/wp\/v2\/product_cat?post=6726"},{"taxonomy":"product_tag","embeddable":true,"href":"https:\/\/dogan-otomotiv.com\/index.php\/wp-json\/wp\/v2\/product_tag?post=6726"}],"curies":[{"name":"wp","href":"https:\/\/api.w.org\/{rel}","templated":true}]}}