{"id":6712,"date":"2021-06-26T08:42:36","date_gmt":"2021-06-26T08:42:36","guid":{"rendered":"https:\/\/dogan-otomotiv.com\/?post_type=product&#038;p=6712"},"modified":"2025-02-22T06:14:39","modified_gmt":"2025-02-22T06:14:39","slug":"0261230373-basinc-sensoru-lpg","status":"publish","type":"product","link":"https:\/\/dogan-otomotiv.com\/index.php\/urun\/0261230373-basinc-sensoru-lpg\/","title":{"rendered":"0261230373- BASINC SENSORU LPG"},"content":{"rendered":"<p>0261230373- BASINC SENSORU LPG<br \/>\nOEN 100496101 \u2014 ALFA ROMEO<br \/>\nOEN 55234857 \u2014 ALFA ROMEO<br \/>\nOEN 55240726 \u2014 ALFA ROMEO<\/p>\n<p>OEN 55258501 \u2014 ALFA ROMEO<br \/>\nOEN 77365691 \u2014 ALFA ROMEO<br \/>\nOEN 0041538228 \u2014 AUDI<br \/>\nOEN 100496101 \u2014 FIAT<br \/>\nOEN 55234857 \u2014 FIAT<br \/>\nOEN 55240726 \u2014 FIAT<br \/>\nOEN 55258501 \u2014 FIAT<br \/>\nOEN 77365691 \u2014 FIAT<br \/>\nOEN 100496101 \u2014 LANCIA<br \/>\nOEN 55234857 \u2014 LANCIA<br \/>\nOEN 55240726 \u2014 LANCIA<br \/>\nOEN 55258501 \u2014 LANCIA<br \/>\nOEN 77365691 \u2014 LANCIA<br \/>\nOEN 0041538228 \u2014 MERCEDES-BENZ<br \/>\nOEN A0041538228 \u2014 MERCEDES-BENZ<br \/>\nOEN 223659X700 \u2014 NISSAN<br \/>\nOEN 223652305R \u2014 RENAULT<br \/>\nOEN 8200356172 \u2014 RENAULT<br \/>\nOEN 223652305R \u2014 RENAULT TRUCKS<br \/>\nOEN 8200356172 \u2014 RENAULT TRUCKS<br \/>\nOEN 0041538228 \u2014 SEAT<br \/>\nOEN 0041538228 \u2014 SKODA<br \/>\nOEN 0041538228 \u2014 VAG<br \/>\nOEN 0041538228 \u2014 VW<\/p>\n","protected":false},"excerpt":{"rendered":"<p>DO\u011eAN OTOMOT\u0130V YEDEK PAR\u00c7A<br \/>\nLTD \u015eT\u0130 \u0130VED\u0130K ORGAN\u0130ZE SAN 1471 SOKAK 91-A OST\u0130M ANKARA<br \/>\nSEM\u0130H SAVA\u015e\u00c7I (312) 395 20 95<br \/>\n0533 322 16 09<\/p>\n<p>MUSTAFA SAVA\u015e\u00c7I<br \/>\n0 (312) 395 20 95<br \/>\nIBAN NO: TR 54 0011 1000 0000 0098 3516 19<br \/>\nF\u0130NANSBANK ENPARA<br \/>\n\u015eUBE KODU: 03663<br \/>\nHESAP NO: 98351619<\/p>\n<p>Paket i\u00e7eri\u011fi: 1 Adet<br \/>\nSATI\u015e F\u0130YATI KDV DAH\u0130L pe\u015fin fiyat\u0131d\u0131r<\/p>\n<p>SAAT 18:00 KADAR VER\u0130LEN \u015e\u0130PAR\u0130\u015e AYNI G\u00dcN KARGO \u0130LE G\u00d6NDER\u0130M\u0130 YAPILIR.<br \/>\nKARGO \u0130ADES\u0130 DURUMUNDA<br \/>\nKARGO \u00dcCRET\u0130 M\u00dc\u015eTER\u0130YE A\u0130TT\u0130R. AYRICA KARGODA KIRILAN PAR\u00c7ALARDAN SORUMLU DEY\u0130L\u0130Z<\/p>\n","protected":false},"featured_media":6713,"comment_status":"open","ping_status":"closed","template":"","meta":{"_joinchat":[]},"product_cat":[15,24,2204,536,25,21,17,18,19,20,157],"product_tag":[4790],"class_list":{"0":"post-6712","1":"product","2":"type-product","3":"status-publish","4":"has-post-thumbnail","6":"product_cat-volkswagen","7":"product_cat-audi","8":"product_cat-citroen","9":"product_cat-fiat","10":"product_cat-ford","11":"product_cat-opel","12":"product_cat-peugeot","13":"product_cat-renault","14":"product_cat-seat","15":"product_cat-skoda","16":"product_cat-volvo","17":"product_tag-0261230373-basinc-sensoru-lpg","19":"first","20":"instock","21":"sale","22":"shipping-taxable","23":"purchasable","24":"product-type-simple"},"_links":{"self":[{"href":"https:\/\/dogan-otomotiv.com\/index.php\/wp-json\/wp\/v2\/product\/6712","targetHints":{"allow":["GET"]}}],"collection":[{"href":"https:\/\/dogan-otomotiv.com\/index.php\/wp-json\/wp\/v2\/product"}],"about":[{"href":"https:\/\/dogan-otomotiv.com\/index.php\/wp-json\/wp\/v2\/types\/product"}],"replies":[{"embeddable":true,"href":"https:\/\/dogan-otomotiv.com\/index.php\/wp-json\/wp\/v2\/comments?post=6712"}],"wp:featuredmedia":[{"embeddable":true,"href":"https:\/\/dogan-otomotiv.com\/index.php\/wp-json\/wp\/v2\/media\/6713"}],"wp:attachment":[{"href":"https:\/\/dogan-otomotiv.com\/index.php\/wp-json\/wp\/v2\/media?parent=6712"}],"wp:term":[{"taxonomy":"product_cat","embeddable":true,"href":"https:\/\/dogan-otomotiv.com\/index.php\/wp-json\/wp\/v2\/product_cat?post=6712"},{"taxonomy":"product_tag","embeddable":true,"href":"https:\/\/dogan-otomotiv.com\/index.php\/wp-json\/wp\/v2\/product_tag?post=6712"}],"curies":[{"name":"wp","href":"https:\/\/api.w.org\/{rel}","templated":true}]}}