{"id":6655,"date":"2021-06-25T06:52:39","date_gmt":"2021-06-25T06:52:39","guid":{"rendered":"https:\/\/dogan-otomotiv.com\/?post_type=product&#038;p=6655"},"modified":"2024-10-24T07:12:47","modified_gmt":"2024-10-24T07:12:47","slug":"0237521015-distributor-opel-calibra-2-0-16v","status":"publish","type":"product","link":"https:\/\/dogan-otomotiv.com\/index.php\/urun\/0237521015-distributor-opel-calibra-2-0-16v\/","title":{"rendered":"0237521015 distrib\u00fct\u00f6r opel calibra 2.0 16v ORJ \u00c7IKMA"},"content":{"rendered":"<p>0237521015 distrib\u00fct\u00f6r opel calibra 2.0 16v<br \/>\nOPEL Kadett E Cabrio (T85) (Yap\u0131m Y\u0131l\u0131 09.1990 &#8211; 05.1992, 150 &#8211; 156 PS, Benzin)<br \/>\nOPEL Kadett E CC (T85) (Yap\u0131m Y\u0131l\u0131 12.1987 &#8211; 08.1991, 150 &#8211; 156 PS, Benzin)<br \/>\nOPEL Astra F CC (T92) (Yap\u0131m Y\u0131l\u0131 09.1991 &#8211; 01.1998, 150 PS, Benzin)<br \/>\nOPEL Calibra A (C89) (Yap\u0131m Y\u0131l\u0131 06.1990 &#8211; 07.1997, 150 &#8211; 204 PS, Benzin)<br \/>\nOPEL Vectra A Sedan (J89) (Yap\u0131m Y\u0131l\u0131 01.1989 &#8211; 11.1995, 150 &#8211; 204 PS, Benzin)<br \/>\nOPEL Astra F Karavan (T92) (Yap\u0131m Y\u0131l\u0131 03.1993 &#8211; 01.1998, 150 PS, Benzin)<br \/>\nOPEL Vectra A CC (J89) (Yap\u0131m Y\u0131l\u0131 02.1989 &#8211; 11.1995, 150 PS, Benzin)<\/p>\n","protected":false},"excerpt":{"rendered":"<p>DO\u011eAN OTOMOT\u0130V YEDEK PAR\u00c7A<br \/>\nLTD \u015eT\u0130 \u0130VED\u0130K ORGAN\u0130ZE SAN 1471 SOKAK 91-A OST\u0130M ANKARA<br \/>\nSEM\u0130H SAVA\u015e\u00c7I (312) 395 20 95<br \/>\n0533 322 16 09<\/p>\n<p>MUSTAFA SAVA\u015e\u00c7I<br \/>\n0 (312) 395 20 95<br \/>\nIBAN NO: TR 54 0011 1000 0000 0098 3516 19<br \/>\nF\u0130NANSBANK ENPARA<br \/>\n\u015eUBE KODU: 03663<br \/>\nHESAP NO: 98351619<\/p>\n<p>Paket i\u00e7eri\u011fi: 1 Adet<br \/>\nSATI\u015e F\u0130YATI KDV DAH\u0130L pe\u015fin fiyat\u0131d\u0131r<\/p>\n<p>SAAT 18:00 KADAR VER\u0130LEN \u015e\u0130PAR\u0130\u015e AYNI G\u00dcN KARGO \u0130LE G\u00d6NDER\u0130M\u0130 YAPILIR.<br \/>\nKARGO \u0130ADES\u0130 DURUMUNDA<br \/>\nKARGO \u00dcCRET\u0130 M\u00dc\u015eTER\u0130YE A\u0130TT\u0130R. AYRICA KARGODA KIRILAN PAR\u00c7ALARDAN SORUMLU DEY\u0130L\u0130Z<\/p>\n","protected":false},"featured_media":6656,"comment_status":"open","ping_status":"closed","template":"","meta":{"_joinchat":[]},"product_cat":[21],"product_tag":[4764],"class_list":{"0":"post-6655","1":"product","2":"type-product","3":"status-publish","4":"has-post-thumbnail","6":"product_cat-opel","7":"product_tag-0237521015-distributor-opel-calibra-2-0-16v","9":"first","10":"instock","11":"sale","12":"shipping-taxable","13":"purchasable","14":"product-type-simple"},"_links":{"self":[{"href":"https:\/\/dogan-otomotiv.com\/index.php\/wp-json\/wp\/v2\/product\/6655","targetHints":{"allow":["GET"]}}],"collection":[{"href":"https:\/\/dogan-otomotiv.com\/index.php\/wp-json\/wp\/v2\/product"}],"about":[{"href":"https:\/\/dogan-otomotiv.com\/index.php\/wp-json\/wp\/v2\/types\/product"}],"replies":[{"embeddable":true,"href":"https:\/\/dogan-otomotiv.com\/index.php\/wp-json\/wp\/v2\/comments?post=6655"}],"wp:featuredmedia":[{"embeddable":true,"href":"https:\/\/dogan-otomotiv.com\/index.php\/wp-json\/wp\/v2\/media\/6656"}],"wp:attachment":[{"href":"https:\/\/dogan-otomotiv.com\/index.php\/wp-json\/wp\/v2\/media?parent=6655"}],"wp:term":[{"taxonomy":"product_cat","embeddable":true,"href":"https:\/\/dogan-otomotiv.com\/index.php\/wp-json\/wp\/v2\/product_cat?post=6655"},{"taxonomy":"product_tag","embeddable":true,"href":"https:\/\/dogan-otomotiv.com\/index.php\/wp-json\/wp\/v2\/product_tag?post=6655"}],"curies":[{"name":"wp","href":"https:\/\/api.w.org\/{rel}","templated":true}]}}