{"id":6645,"date":"2021-06-24T15:43:53","date_gmt":"2021-06-24T15:43:53","guid":{"rendered":"https:\/\/dogan-otomotiv.com\/?post_type=product&#038;p=6645"},"modified":"2025-03-03T11:20:05","modified_gmt":"2025-03-03T11:20:05","slug":"8200059268-gaz-kelebegi-1-8-20-8200061066-renault-8200061066c-renault-2","status":"publish","type":"product","link":"https:\/\/dogan-otomotiv.com\/index.php\/urun\/8200059268-gaz-kelebegi-1-8-20-8200061066-renault-8200061066c-renault-2\/","title":{"rendered":"8200059268 Gaz kelebe\u011fi -1.8-2,0 8200061066 RENAULT 8200061066c, renault 2"},"content":{"rendered":"<p>Gaz kelebe\u011fi renault 1.8 8200061066c 8200059268 2,0 RENAULT LAG<br \/>\nGaz kelebe\u011fi g\u00f6vdesi renault 1.8 8200061066c 8200059268<\/p>\n<p>Sandero, Logan 2014, Sandero 2014, Duster<\/p>\n<p>OEN 1611800QAC \u2014 NISSAN<br \/>\nOEN 0P4410221 \u2014    OPEL<br \/>\nOEN P4410221 \u2014      OPEL<br \/>\nOEN 8200059268 \u2014 RENAULT<br \/>\nOEN 8200063652 \u2014 RENAULT<br \/>\nOEN 8200123061 \u2014 RENAULT<\/p>\n<p>Renault Scenic I 2002 Dizel gaz kelebe\u011fi 8200059268 SAD2165<br \/>\nRENAULT LAGUNA II 2.0 16V ENJEKS\u0130YON KELEBEK KUTUSU 8200198148 &#8211; 8200059268<\/p>\n<p>RENAULT Clio II Hatchback (BB, CB) (Yap\u0131m Y\u0131l\u0131 09.1998 &#8211; 04.2005, 107 PS, Benzin)<br \/>\nRENAULT Kangoo I (KC) (Yap\u0131m Y\u0131l\u0131 10.2001 &#8211; &#8230;, 95 PS, Benzin)<br \/>\nRENAULT Kangoo I Express (FC) (Yap\u0131m Y\u0131l\u0131 10.2001 &#8211; &#8230;, 95 PS, Benzin)<br \/>\nRENAULT Laguna II Hatchback (BG) (Yap\u0131m Y\u0131l\u0131 03.2001 &#8211; 12.2007, 107 &#8211; 135 PS, Benzin)<br \/>\nRENAULT Laguna II Sport Tourer (KG) (Yap\u0131m Y\u0131l\u0131 03.2001 &#8211; 12.2007, 107 &#8211; 135 PS, Benzin)<br \/>\nRENAULT Megane I Hatchback (BA) (Yap\u0131m Y\u0131l\u0131 03.1999 &#8211; 08.2003, 107 &#8211; 115 PS, Benzin)<br \/>\nRENAULT Megane I Cabrio (EA) (Yap\u0131m Y\u0131l\u0131 03.1999 &#8211; 08.2003, 95 &#8211; 139 PS, Benzin)<br \/>\nRENAULT Megane I Classic (LA) (Yap\u0131m Y\u0131l\u0131 03.1999 &#8211; 08.2003, 107 &#8211; 115 PS, Benzin)<br \/>\nRENAULT Megane I Coach (DA) (Yap\u0131m Y\u0131l\u0131 03.1999 &#8211; 08.2003, 95 &#8211; 139 PS, Benzin)<br \/>\nRENAULT Megane I Grandtour (KA) (Yap\u0131m Y\u0131l\u0131 03.1999 &#8211; 08.2003, 95 &#8211; 107 PS, Benzin)<br \/>\nRENAULT Megane II Hatchback (BM, CM) (Yap\u0131m Y\u0131l\u0131 11.2002 &#8211; 02.2008, 98 PS, Benzin)<br \/>\nRENAULT Megane Scenic (JA) (Yap\u0131m Y\u0131l\u0131 04.1998 &#8211; 10.1999, 107 PS, Benzin)<br \/>\nRENAULT Sc\u00e9nic I (JA0\/1, FA0) (Yap\u0131m Y\u0131l\u0131 09.1999 &#8211; 08.2003, 95 &#8211; 139 PS, Benzin)<br \/>\nRENAULT Sc\u00e9nic II (JM) (Yap\u0131m Y\u0131l\u0131 06.2003 &#8211; 11.2008, 98 PS, Benzin)<\/p>\n<p>GAZ KELEBEK BO\u011eAZI (3) , 2.0 16V ENJEKS\u0130YON KELEBEK KUTUSU (1) , LAGUNA II 2.0 16V ENJEKS\u0130YON KELEBEK KUTUSU (1) , LAGUNA 2 2.0 16V ENJEKS\u0130YON KELEBEK KUTUSU (1) , RENAULT LAGUNA II 2.0 16V ENJEKS\u0130YON KELEBEK KUTUSU (1) , RENAULT LAGUNA 2 2.0 16V ENJEKS\u0130YON KELEBEK KUTUSU (1) , GAZ KELEBEK KUTUSU (1) , LAGUNA II GAZ KELEBEK KUTUSU (5) , LAGUNA 2 GAZ KELEBEK KUTUSU (1) , LAGUNA II GAZ KELEBEK BO\u011eAZI (1) , LAGUNA 2 GAZ KELEBEK BO\u011eAZI (1) , 8200059268 (1) , 8200198148 (1) , RENAULT LAGUNA II 2.0 16V ENJEKS\u0130YON KELEBEK KUTUSU 8200198148 &#8211; 8200059268 (1)<\/p>\n","protected":false},"excerpt":{"rendered":"<p>DO\u011eAN OTOMOT\u0130V YEDEK PAR\u00c7A<br \/>\nLTD \u015eT\u0130 \u0130VED\u0130K ORGAN\u0130ZE SAN 1471 SOKAK 91-A OST\u0130M ANKARA<br \/>\nSEM\u0130H SAVA\u015e\u00c7I (312) 395 20 95<br \/>\n0533 322 16 09<\/p>\n<p>MUSTAFA SAVA\u015e\u00c7I<br \/>\n0 (312) 395 20 95<br \/>\nIBAN NO: TR 54 0011 1000 0000 0098 3516 19<br \/>\nF\u0130NANSBANK ENPARA<br \/>\n\u015eUBE KODU: 03663<br \/>\nHESAP NO: 98351619<\/p>\n<p>Paket i\u00e7eri\u011fi: 1 Adet<br \/>\nSATI\u015e F\u0130YATI KDV DAH\u0130L pe\u015fin fiyat\u0131d\u0131r<\/p>\n<p>SAAT 18:00 KADAR VER\u0130LEN \u015e\u0130PAR\u0130\u015e AYNI G\u00dcN KARGO \u0130LE G\u00d6NDER\u0130M\u0130 YAPILIR.<br \/>\nKARGO \u0130ADES\u0130 DURUMUNDA<br \/>\nKARGO \u00dcCRET\u0130 M\u00dc\u015eTER\u0130YE A\u0130TT\u0130R. AYRICA KARGODA KIRILAN PAR\u00c7ALARDAN SORUMLU DEY\u0130L\u0130Z<\/p>\n","protected":false},"featured_media":6646,"comment_status":"open","ping_status":"closed","template":"","meta":{"_joinchat":[]},"product_cat":[2203,21,18],"product_tag":[11215,11221,11217],"class_list":{"0":"post-6645","1":"product","2":"type-product","3":"status-publish","4":"has-post-thumbnail","6":"product_cat-nissan","7":"product_cat-opel","8":"product_cat-renault","9":"product_tag-8200059268-gaz-kelebegi-1-8-2","10":"product_tag-8200061066-renault-8200061066c","11":"product_tag-renault-2","13":"first","14":"instock","15":"sale","16":"shipping-taxable","17":"purchasable","18":"product-type-simple"},"_links":{"self":[{"href":"https:\/\/dogan-otomotiv.com\/index.php\/wp-json\/wp\/v2\/product\/6645","targetHints":{"allow":["GET"]}}],"collection":[{"href":"https:\/\/dogan-otomotiv.com\/index.php\/wp-json\/wp\/v2\/product"}],"about":[{"href":"https:\/\/dogan-otomotiv.com\/index.php\/wp-json\/wp\/v2\/types\/product"}],"replies":[{"embeddable":true,"href":"https:\/\/dogan-otomotiv.com\/index.php\/wp-json\/wp\/v2\/comments?post=6645"}],"wp:featuredmedia":[{"embeddable":true,"href":"https:\/\/dogan-otomotiv.com\/index.php\/wp-json\/wp\/v2\/media\/6646"}],"wp:attachment":[{"href":"https:\/\/dogan-otomotiv.com\/index.php\/wp-json\/wp\/v2\/media?parent=6645"}],"wp:term":[{"taxonomy":"product_cat","embeddable":true,"href":"https:\/\/dogan-otomotiv.com\/index.php\/wp-json\/wp\/v2\/product_cat?post=6645"},{"taxonomy":"product_tag","embeddable":true,"href":"https:\/\/dogan-otomotiv.com\/index.php\/wp-json\/wp\/v2\/product_tag?post=6645"}],"curies":[{"name":"wp","href":"https:\/\/api.w.org\/{rel}","templated":true}]}}