{"id":6622,"date":"2021-06-23T16:14:44","date_gmt":"2021-06-23T16:14:44","guid":{"rendered":"https:\/\/dogan-otomotiv.com\/?post_type=product&#038;p=6622"},"modified":"2023-02-14T15:03:35","modified_gmt":"2023-02-14T15:03:35","slug":"03g128063j-gaz-kelebegi-1-9-bxe-08r-vw-cadi-axb-a3","status":"publish","type":"product","link":"https:\/\/dogan-otomotiv.com\/index.php\/urun\/03g128063j-gaz-kelebegi-1-9-bxe-08r-vw-cadi-axb-a3\/","title":{"rendered":"03g128063j gaz kelebe\u011fi 1.9 bxe 08r VW CAD\u0130 AXB-A3 -4 P\u0130NL\u0130-"},"content":{"rendered":"<p>03g128063j gaz kelebe\u011fi 1.9 bxe 08r VW CAD\u0130 AXB-A3<br \/>\nAUDI A4 B6 Avant (8E5) (Year of Construction 06.2004 &#8211; 12.2004, 116 PS, Diesel)<br \/>\nAUDI A4 B7 Avant (8ED) (Year of Construction 11.2004 &#8211; 06.2008, 116 &#8211; 170 PS, Diesel)<br \/>\nAUDI A4 B6\/B7 Convertible (8H7, 8HE) (Year of Construction 01.2006 &#8211; 03.2009, 136 &#8211; 140 PS, Diesel)<br \/>\nAUDI A4 B6 Saloon (8E2) (Year of Construction 06.2004 &#8211; 12.2004, 116 PS, Diesel)<br \/>\nAUDI A4 B7 Saloon (8EC) (Year of Construction 11.2004 &#8211; 06.2008, 116 &#8211; 170 PS, Diesel)<br \/>\nAUDI A6 C6 Avant (4F5) (Year of Construction 06.2005 &#8211; 08.2011, 121 &#8211; 140 PS, Diesel)<br \/>\nAUDI A6 C6 Saloon (4F2) (Year of Construction 07.2004 &#8211; 03.2011, 136 &#8211; 140 PS, Diesel)<\/p>\n<p>SEAT Altea (5P1) (Year of Construction 04.2004 &#8211; &#8230;, 105 PS, Diesel)<br \/>\nSEAT Leon II Hatchback (1P1) (Year of Construction 07.2005 &#8211; 12.2010, 105 PS, Diesel)<br \/>\nSEAT Toledo III (5P2) (Year of Construction 10.2004 &#8211; 05.2009, 105 PS, Diesel)<\/p>\n<p>VW Passat B5 GP Saloon (3BG, 3B3) (Year of Construction 12.2003 &#8211; 05.2005, 136 PS, Diesel)<br \/>\nVW Passat B5 GP Estate (3BG, 3B6) (Year of Construction 12.2003 &#8211; 05.2005, 136 PS, Diesel)<\/p>\n<p>OEN 03G 128 061 A \u2014 AUDI<br \/>\nOEN 03G 128 063 \u2014 AUDI<br \/>\nOEN 03G 128 063 C \u2014 AUDI<br \/>\nOEN 03G 128 063 J \u2014 AUDI<br \/>\nOEN 03G 128 061 A \u2014 SEAT<br \/>\nOEN 03G 128 063 \u2014 SEAT<br \/>\nOEN 03G 128 063 C \u2014 SEAT<br \/>\nOEN 03G 128 063 J \u2014 SEAT<br \/>\nOEN 03G 128 061 A \u2014 VW<br \/>\nOEN 03G 128 063 \u2014 VW<br \/>\nOEN 03G 128 063 C \u2014 VW<\/p>\n","protected":false},"excerpt":{"rendered":"<p>DO\u011eAN OTOMOT\u0130V YEDEK PAR\u00c7A<br \/>\nLTD \u015eT\u0130 \u0130VED\u0130K ORGAN\u0130ZE SAN 1471 SOKAK 91-A OST\u0130M ANKARA<br \/>\nSEM\u0130H SAVA\u015e\u00c7I (312) 395 20 95<br \/>\n0533 322 16 09<\/p>\n<p>MUSTAFA SAVA\u015e\u00c7I<br \/>\n0 (312) 395 20 95<br \/>\nIBAN NO: TR 54 0011 1000 0000 0098 3516 19<br \/>\nF\u0130NANSBANK ENPARA<br \/>\n\u015eUBE KODU: 03663<br \/>\nHESAP NO: 98351619<\/p>\n<p>Paket i\u00e7eri\u011fi: 1 Adet<br \/>\nSATI\u015e F\u0130YATI KDV DAH\u0130L pe\u015fin fiyat\u0131d\u0131r<\/p>\n<p>SAAT 18:00 KADAR VER\u0130LEN \u015e\u0130PAR\u0130\u015e AYNI G\u00dcN KARGO \u0130LE G\u00d6NDER\u0130M\u0130 YAPILIR.<br \/>\nKARGO \u0130ADES\u0130 DURUMUNDA<br \/>\nKARGO \u00dcCRET\u0130 M\u00dc\u015eTER\u0130YE A\u0130TT\u0130R. AYRICA KARGODA KIRILAN PAR\u00c7ALARDAN SORUMLU DEY\u0130L\u0130Z<\/p>\n","protected":false},"featured_media":6623,"comment_status":"open","ping_status":"closed","template":"","meta":{"_joinchat":[]},"product_cat":[15,24,19,20],"product_tag":[4744],"class_list":{"0":"post-6622","1":"product","2":"type-product","3":"status-publish","4":"has-post-thumbnail","6":"product_cat-volkswagen","7":"product_cat-audi","8":"product_cat-seat","9":"product_cat-skoda","10":"product_tag-03g128063j-gaz-kelebegi-1-9-bxe-08r-vw-cadi-axb-a3","12":"first","13":"instock","14":"sale","15":"shipping-taxable","16":"purchasable","17":"product-type-simple"},"_links":{"self":[{"href":"https:\/\/dogan-otomotiv.com\/index.php\/wp-json\/wp\/v2\/product\/6622","targetHints":{"allow":["GET"]}}],"collection":[{"href":"https:\/\/dogan-otomotiv.com\/index.php\/wp-json\/wp\/v2\/product"}],"about":[{"href":"https:\/\/dogan-otomotiv.com\/index.php\/wp-json\/wp\/v2\/types\/product"}],"replies":[{"embeddable":true,"href":"https:\/\/dogan-otomotiv.com\/index.php\/wp-json\/wp\/v2\/comments?post=6622"}],"wp:featuredmedia":[{"embeddable":true,"href":"https:\/\/dogan-otomotiv.com\/index.php\/wp-json\/wp\/v2\/media\/6623"}],"wp:attachment":[{"href":"https:\/\/dogan-otomotiv.com\/index.php\/wp-json\/wp\/v2\/media?parent=6622"}],"wp:term":[{"taxonomy":"product_cat","embeddable":true,"href":"https:\/\/dogan-otomotiv.com\/index.php\/wp-json\/wp\/v2\/product_cat?post=6622"},{"taxonomy":"product_tag","embeddable":true,"href":"https:\/\/dogan-otomotiv.com\/index.php\/wp-json\/wp\/v2\/product_tag?post=6622"}],"curies":[{"name":"wp","href":"https:\/\/api.w.org\/{rel}","templated":true}]}}