{"id":6620,"date":"2021-06-23T15:50:38","date_gmt":"2021-06-23T15:50:38","guid":{"rendered":"https:\/\/dogan-otomotiv.com\/?post_type=product&#038;p=6620"},"modified":"2022-10-04T14:25:01","modified_gmt":"2022-10-04T14:25:01","slug":"8200123061-citroen-c4-c5-dispatch-icin-gaz-kelebegi-renault","status":"publish","type":"product","link":"https:\/\/dogan-otomotiv.com\/index.php\/urun\/8200123061-citroen-c4-c5-dispatch-icin-gaz-kelebegi-renault\/","title":{"rendered":"8200123061 Citroen C4 C5 Dispatch i\u00e7in Gaz Kelebe\u011fi RENAULT"},"content":{"rendered":"<p>8200123061 Citroen C4 C5 Dispatch i\u00e7in Gaz Kelebe\u011fi RENAULT<br \/>\n60 Mm Gaz V\u00fccut Komple Renault Clio Kangoo Megane Scenic I\u00e7in 8200063652 4082398220 408239822001 408239822001Z 8200123061<\/p>\n<p>RENAULT Clio II Hatchback (BB, CB) (Yap\u0131m Y\u0131l\u0131 09.1998 &#8211; 04.2005, 95 &#8211; 107 PS, Benzin)<br \/>\nRENAULT Espace IV (JK) (Yap\u0131m Y\u0131l\u0131 11.2002 &#8211; &#8230;, 136 PS, Benzin)<br \/>\nRENAULT Kangoo I (KC) (Yap\u0131m Y\u0131l\u0131 06.2001 &#8211; &#8230;, 95 PS, Benzin)<br \/>\nRENAULT Kangoo I Express (FC) (Yap\u0131m Y\u0131l\u0131 10.2001 &#8211; &#8230;, 95 PS, Benzin)<br \/>\nRENAULT Laguna II Hatchback (BG) (Yap\u0131m Y\u0131l\u0131 03.2001 &#8211; 12.2007, 107 &#8211; 121 PS, Benzin)<br \/>\nRENAULT Laguna II Sport Tourer (KG) (Yap\u0131m Y\u0131l\u0131 03.2001 &#8211; 12.2007, 107 &#8211; 121 PS, Benzin)<br \/>\nRENAULT Megane I Hatchback (BA) (Yap\u0131m Y\u0131l\u0131 03.1999 &#8211; 08.2003, 95 &#8211; 107 PS, Benzin)<br \/>\nRENAULT Megane I Cabrio (EA) (Yap\u0131m Y\u0131l\u0131 03.1999 &#8211; 07.2003, 107 PS, Benzin)<br \/>\nRENAULT Megane I Classic (LA) (Yap\u0131m Y\u0131l\u0131 03.1999 &#8211; 07.2003, 107 PS, Benzin)<br \/>\nRENAULT Megane I Coach (DA) (Yap\u0131m Y\u0131l\u0131 03.1999 &#8211; 07.2003, 107 PS, Benzin)<br \/>\nRENAULT Megane I Grandtour (KA) (Yap\u0131m Y\u0131l\u0131 03.1999 &#8211; 08.2003, 107 PS, Benzin)<br \/>\nRENAULT Megane II Hatchback (BM, CM) (Yap\u0131m Y\u0131l\u0131 11.2002 &#8211; 02.2008, 98 PS, Benzin)<br \/>\nRENAULT Megane II Sport Tourer (KM) (Yap\u0131m Y\u0131l\u0131 05.2005 &#8211; 07.2009, 105 PS, Benzin)<br \/>\nRENAULT Megane Scenic (JA) (Yap\u0131m Y\u0131l\u0131 04.1998 &#8211; 10.1999, 107 PS, Benzin)<br \/>\nRENAULT Sc\u00e9nic I (JA0\/1, FA0) (Yap\u0131m Y\u0131l\u0131 09.1999 &#8211; 09.2003, 107 &#8211; 140 PS, Benzin)<br \/>\nRENAULT Sc\u00e9nic II (JM) (Yap\u0131m Y\u0131l\u0131 06.2003 &#8211; 11.2008, 98 PS, Benzin)<br \/>\nDACIA Duster Off-Road (Year of Construction 04.2010 &#8211; 01.2018, 105 PS, Petrol, Petrol\/Ethanol, Petrol\/Petroleum Gas (LPG))<\/p>\n<p>DACIA Logan I Saloon (LS) (Year of Construction 02.2006 &#8211; &#8230;, 105 PS, Petrol, Petrol\/Ethanol)<br \/>\nDACIA Logan II Saloon (L8) (Year of Construction 01.2013 &#8211; &#8230;, 105 PS, Petrol)<br \/>\nDACIA Logan I MCV (KS) (Year of Construction 02.2007 &#8211; &#8230;, 105 PS, Petrol)<br \/>\nDACIA Sandero I (SD) (Year of Construction 01.2011 &#8211; &#8230;, 105 PS, Petrol, Petrol\/Ethanol)<\/p>\n<p>PEUGEOT 307 Hatchback (3A\/C) (Year of Construction 03.2005 &#8211; 11.2007, 140 PS, Petrol)<br \/>\nPEUGEOT 307 Estate (3E) (Year of Construction 03.2005 &#8211; 04.2008, 140 PS, Petrol)<br \/>\nPEUGEOT 307 CC (3B) (Year of Construction 03.2005 &#8211; 04.2009, 140 PS, Petrol)<br \/>\nPEUGEOT 307 SW (3H) (Year of Construction 03.2005 &#8211; 04.2008, 140 PS, Petrol)<br \/>\nPEUGEOT 407 Saloon (Year of Construction 09.2005 &#8211; 02.2011, 125 &#8211; 140 PS, Petrol, Petrol\/Ethanol)<br \/>\nPEUGEOT 407 SW (Year of Construction 09.2005 &#8211; 12.2010, 125 &#8211; 140 PS, Petrol, Petrol\/Ethanol)<br \/>\nPEUGEOT 807 (Year of Construction 09.2005 &#8211; &#8230;, 140 PS, Petrol)<br \/>\nPEUGEOT Expert II Van (Year of Construction 01.2007 &#8211; &#8230;, 140 PS, Petrol)<br \/>\nPEUGEOT Expert II Tepee (VF3X) (Year of Construction 01.2007 &#8211; 03.2016, 140 PS, Petrol)<\/p>\n","protected":false},"excerpt":{"rendered":"<p>DO\u011eAN OTOMOT\u0130V YEDEK PAR\u00c7A<br \/>\nLTD \u015eT\u0130 \u0130VED\u0130K ORGAN\u0130ZE SAN 1471 SOKAK 91-A OST\u0130M ANKARA<br \/>\nSEM\u0130H SAVA\u015e\u00c7I (312) 395 20 95<br \/>\n0533 322 16 09<\/p>\n<p>MUSTAFA SAVA\u015e\u00c7I<br \/>\n0 (312) 395 20 95<br \/>\nIBAN NO: TR 54 0011 1000 0000 0098 3516 19<br \/>\nF\u0130NANSBANK ENPARA<br \/>\n\u015eUBE KODU: 03663<br \/>\nHESAP NO: 98351619<\/p>\n<p>Paket i\u00e7eri\u011fi: 1 Adet<br \/>\nSATI\u015e F\u0130YATI KDV DAH\u0130L pe\u015fin fiyat\u0131d\u0131r<\/p>\n<p>SAAT 18:00 KADAR VER\u0130LEN \u015e\u0130PAR\u0130\u015e AYNI G\u00dcN KARGO \u0130LE G\u00d6NDER\u0130M\u0130 YAPILIR.<br \/>\nKARGO \u0130ADES\u0130 DURUMUNDA<br \/>\nKARGO \u00dcCRET\u0130 M\u00dc\u015eTER\u0130YE A\u0130TT\u0130R. AYRICA KARGODA KIRILAN PAR\u00c7ALARDAN SORUMLU DEY\u0130L\u0130Z<\/p>\n","protected":false},"featured_media":6621,"comment_status":"open","ping_status":"closed","template":"","meta":{"_joinchat":[]},"product_cat":[2204,17],"product_tag":[4743],"class_list":{"0":"post-6620","1":"product","2":"type-product","3":"status-publish","4":"has-post-thumbnail","6":"product_cat-citroen","7":"product_cat-peugeot","8":"product_tag-8200123061-citroen-c4-c5-dispatch-icin-gaz-kelebegi-renault","10":"first","11":"instock","12":"sale","13":"shipping-taxable","14":"purchasable","15":"product-type-simple"},"_links":{"self":[{"href":"https:\/\/dogan-otomotiv.com\/index.php\/wp-json\/wp\/v2\/product\/6620","targetHints":{"allow":["GET"]}}],"collection":[{"href":"https:\/\/dogan-otomotiv.com\/index.php\/wp-json\/wp\/v2\/product"}],"about":[{"href":"https:\/\/dogan-otomotiv.com\/index.php\/wp-json\/wp\/v2\/types\/product"}],"replies":[{"embeddable":true,"href":"https:\/\/dogan-otomotiv.com\/index.php\/wp-json\/wp\/v2\/comments?post=6620"}],"wp:featuredmedia":[{"embeddable":true,"href":"https:\/\/dogan-otomotiv.com\/index.php\/wp-json\/wp\/v2\/media\/6621"}],"wp:attachment":[{"href":"https:\/\/dogan-otomotiv.com\/index.php\/wp-json\/wp\/v2\/media?parent=6620"}],"wp:term":[{"taxonomy":"product_cat","embeddable":true,"href":"https:\/\/dogan-otomotiv.com\/index.php\/wp-json\/wp\/v2\/product_cat?post=6620"},{"taxonomy":"product_tag","embeddable":true,"href":"https:\/\/dogan-otomotiv.com\/index.php\/wp-json\/wp\/v2\/product_tag?post=6620"}],"curies":[{"name":"wp","href":"https:\/\/api.w.org\/{rel}","templated":true}]}}