{"id":6618,"date":"2021-06-23T15:19:28","date_gmt":"2021-06-23T15:19:28","guid":{"rendered":"https:\/\/dogan-otomotiv.com\/?post_type=product&#038;p=6618"},"modified":"2025-08-05T08:19:18","modified_gmt":"2025-08-05T08:19:18","slug":"9652682880-gaz-kelebegi-citroen-c1-c2-c3-c4-xsara-saxo-1-8-20","status":"publish","type":"product","link":"https:\/\/dogan-otomotiv.com\/index.php\/urun\/9652682880-gaz-kelebegi-citroen-c1-c2-c3-c4-xsara-saxo-1-8-20\/","title":{"rendered":"9652682880 GAZ KELEBE\u011e\u0130 C\u0130TROEN C1 C2 C3 C4 XSARA SAXO 1.8-2,0"},"content":{"rendered":"<p>96526828 GAZ KELEBE\u011e\u0130 C\u0130TROEN C1 C2 C3 C4 XSARA SAXO 1.4 BENZ<br \/>\nOEN 9652682880 \u2014 ALFA ROMEO<br \/>\nOEN 00001635V3 \u2014 CITRO\u00cbN<br \/>\nOEN 00001635W8 \u2014 CITRO\u00cbN<br \/>\nOEN 1635V3 \u2014 CITRO\u00cbN<br \/>\nOEN 1635W8 \u2014 CITRO\u00cbN<br \/>\nOEN 9648053780 \u2014 CITRO\u00cbN<br \/>\nOEN 9652682880 \u2014 CITRO\u00cbN<br \/>\nOEN 00001635V3 \u2014 CITRO\u00cbN\/PEUGEOT<br \/>\nOEN 00001635W8 \u2014 CITRO\u00cbN\/PEUGEOT<br \/>\nOEN 1635V3 \u2014 CITRO\u00cbN\/PEUGEOT<br \/>\nOEN 1635W8 \u2014 CITRO\u00cbN\/PEUGEOT<br \/>\nOEN 9648053780 \u2014 CITRO\u00cbN\/PEUGEOT<br \/>\nOEN 9652682880 \u2014 CITRO\u00cbN\/PEUGEOT<br \/>\nOEN 9652682880 \u2014 FIAT<br \/>\nOEN 9652682880 \u2014 LANCIA<br \/>\nOEN 00001635V3 \u2014 PEUGEOT<br \/>\nOEN 00001635W8 \u2014 PEUGEOT<br \/>\nOEN 1635V3 \u2014 PEUGEOT<br \/>\nOEN 1635W8 \u2014 PEUGEOT<br \/>\nOEN 9648053780 \u2014 PEUGEOT<br \/>\nOEN 9652682880 \u2014 PEUGEOT<\/p>\n<p>CITRO\u00cbN C4 Coupe (Yap\u0131m Y\u0131l\u0131 11.2004 &#8211; 07.2007, 136 PS, Benzin)<br \/>\nCITRO\u00cbN C4 I Hatchback (Yap\u0131m Y\u0131l\u0131 11.2004 &#8211; 07.2007, 136 PS, Benzin)<br \/>\nCITRO\u00cbN C5 I Hatchback (Yap\u0131m Y\u0131l\u0131 03.2001 &#8211; 08.2004, 115 &#8211; 136 PS, Benzin)<br \/>\nCITRO\u00cbN C5 I Estate (Yap\u0131m Y\u0131l\u0131 06.2001 &#8211; 08.2004, 115 &#8211; 136 PS, Benzin)<br \/>\nCITRO\u00cbN C5 II Hatchback (Yap\u0131m Y\u0131l\u0131 09.2004 &#8211; &#8230;, 116 PS, Benzin)<br \/>\nCITRO\u00cbN C5 II Estate (Yap\u0131m Y\u0131l\u0131 09.2004 &#8211; &#8230;, 116 PS, Benzin)<br \/>\nCITRO\u00cbN C8 (Yap\u0131m Y\u0131l\u0131 07.2002 &#8211; &#8230;, 136 PS, Benzin)<br \/>\nCITRO\u00cbN Xsara Hatchback (N1) (Yap\u0131m Y\u0131l\u0131 09.2000 &#8211; 03.2005, 136 PS, Benzin)<br \/>\nCITRO\u00cbN Xsara Estate (N2) (Yap\u0131m Y\u0131l\u0131 09.2000 &#8211; 08.2005, 136 PS, Benzin)<br \/>\nCITRO\u00cbN Xsara Coupe (N0) (Yap\u0131m Y\u0131l\u0131 09.2000 &#8211; 03.2005, 136 PS, Benzin)<br \/>\nCITRO\u00cbN Xsara Picasso (N68) (Yap\u0131m Y\u0131l\u0131 02.2000 &#8211; 06.2012, 115 &#8211; 136 PS, Benzin)<\/p>\n<p>FIAT Ulysse II (179) (Yap\u0131m Y\u0131l\u0131 08.2002 &#8211; 06.2011, 136 &#8211; 204 PS, Benzin)<\/p>\n<p>LANCIA Phedra (179) (Yap\u0131m Y\u0131l\u0131 09.2002 &#8211; 11.2010, 136 &#8211; 204 PS, Benzin)<br \/>\n2.0, Yap\u0131m Y\u0131l\u0131 09.2002 &#8211; 11.2010, 1997 ccm, 136 PS<br \/>\n3.0 V6, Yap\u0131m Y\u0131l\u0131 09.2002 &#8211; 11.2010, 2946 ccm, 204 PS<\/p>\n<p>PEUGEOT 206 CC (2D) (Yap\u0131m Y\u0131l\u0131 09.2000 &#8211; 12.2007, 136 PS, Benzin)<br \/>\nPeugeot 206 Hatchback (2A\/C) (Yap\u0131m Y\u0131l\u0131 06.1999 &#8211; 12.2007, 136 PS, Benzin)<br \/>\nPEUGEOT 206 SW (2E\/K) (Yap\u0131m Y\u0131l\u0131 07.2002 &#8211; 02.2007, 136 PS, Benzin)<br \/>\nPeugeot 307 Hatchback (3A\/C) (Yap\u0131m Y\u0131l\u0131 08.2000 &#8211; 06.2005, 136 PS, Benzin)<br \/>\nPeugeot 307 Estate (3E) (Yap\u0131m Y\u0131l\u0131 03.2002 &#8211; 06.2005, 136 PS, Benzin)<br \/>\nPEUGEOT 307 CC (3B) (Yap\u0131m Y\u0131l\u0131 10.2003 &#8211; 06.2005, 136 PS, Benzin)<br \/>\nPEUGEOT 307 SW (3H) (Yap\u0131m Y\u0131l\u0131 03.2002 &#8211; 06.2005, 136 PS, Benzin)<br \/>\nPEUGEOT 407 Sedan (Yap\u0131m Y\u0131l\u0131 05.2004 &#8211; 07.2005, 116 &#8211; 136 PS, Benzin)<br \/>\nPEUGEOT 407 SW (Yap\u0131m Y\u0131l\u0131 05.2004 &#8211; 07.2005, 116 &#8211; 136 PS, Benzin)<br \/>\nPEUGEOT 607 Sedan (Yap\u0131m Y\u0131l\u0131 02.2000 &#8211; 08.2005, 136 PS, Benzin)<br \/>\nPEUGEOT 807 (Yap\u0131m Y\u0131l\u0131 06.2002 &#8211; &#8230;, 136 PS, Benzin)<\/p>\n","protected":false},"excerpt":{"rendered":"<p>DO\u011eAN OTOMOT\u0130V YEDEK PAR\u00c7A<br \/>\nLTD \u015eT\u0130 \u0130VED\u0130K ORGAN\u0130ZE SAN 1471 SOKAK 91-A OST\u0130M ANKARA<br \/>\nSEM\u0130H SAVA\u015e\u00c7I (312) 395 20 95<br \/>\n0533 322 16 09<\/p>\n<p>MUSTAFA SAVA\u015e\u00c7I<br \/>\n0 (312) 395 20 95<br \/>\nIBAN NO: TR 54 0011 1000 0000 0098 3516 19<br \/>\nF\u0130NANSBANK ENPARA<br \/>\n\u015eUBE KODU: 03663<br \/>\nHESAP NO: 98351619<\/p>\n<p>Paket i\u00e7eri\u011fi: 1 Adet<br \/>\nSATI\u015e F\u0130YATI KDV DAH\u0130L pe\u015fin fiyat\u0131d\u0131r<\/p>\n<p>SAAT 18:00 KADAR VER\u0130LEN \u015e\u0130PAR\u0130\u015e AYNI G\u00dcN KARGO \u0130LE G\u00d6NDER\u0130M\u0130 YAPILIR.<br \/>\nKARGO \u0130ADES\u0130 DURUMUNDA<br \/>\nKARGO \u00dcCRET\u0130 M\u00dc\u015eTER\u0130YE A\u0130TT\u0130R. AYRICA KARGODA KIRILAN PAR\u00c7ALARDAN SORUMLU DEY\u0130L\u0130Z<\/p>\n","protected":false},"featured_media":6619,"comment_status":"open","ping_status":"closed","template":"","meta":{"_joinchat":[]},"product_cat":[2204,536,17],"product_tag":[11713],"class_list":{"0":"post-6618","1":"product","2":"type-product","3":"status-publish","4":"has-post-thumbnail","6":"product_cat-citroen","7":"product_cat-fiat","8":"product_cat-peugeot","9":"product_tag-9652682880-gaz-kelebegi-citroen-c1-c2-c3-c4-xsara-saxo-1-8-2","11":"first","12":"instock","13":"sale","14":"shipping-taxable","15":"purchasable","16":"product-type-simple"},"_links":{"self":[{"href":"https:\/\/dogan-otomotiv.com\/index.php\/wp-json\/wp\/v2\/product\/6618","targetHints":{"allow":["GET"]}}],"collection":[{"href":"https:\/\/dogan-otomotiv.com\/index.php\/wp-json\/wp\/v2\/product"}],"about":[{"href":"https:\/\/dogan-otomotiv.com\/index.php\/wp-json\/wp\/v2\/types\/product"}],"replies":[{"embeddable":true,"href":"https:\/\/dogan-otomotiv.com\/index.php\/wp-json\/wp\/v2\/comments?post=6618"}],"wp:featuredmedia":[{"embeddable":true,"href":"https:\/\/dogan-otomotiv.com\/index.php\/wp-json\/wp\/v2\/media\/6619"}],"wp:attachment":[{"href":"https:\/\/dogan-otomotiv.com\/index.php\/wp-json\/wp\/v2\/media?parent=6618"}],"wp:term":[{"taxonomy":"product_cat","embeddable":true,"href":"https:\/\/dogan-otomotiv.com\/index.php\/wp-json\/wp\/v2\/product_cat?post=6618"},{"taxonomy":"product_tag","embeddable":true,"href":"https:\/\/dogan-otomotiv.com\/index.php\/wp-json\/wp\/v2\/product_tag?post=6618"}],"curies":[{"name":"wp","href":"https:\/\/api.w.org\/{rel}","templated":true}]}}