{"id":6602,"date":"2021-06-23T10:02:45","date_gmt":"2021-06-23T10:02:45","guid":{"rendered":"https:\/\/dogan-otomotiv.com\/?post_type=product&#038;p=6602"},"modified":"2022-06-07T08:28:33","modified_gmt":"2022-06-07T08:28:33","slug":"a0034310312-abs-mercedes-clk-coupe-2-3-kompresor-193-cv-189656","status":"publish","type":"product","link":"https:\/\/dogan-otomotiv.com\/index.php\/urun\/a0034310312-abs-mercedes-clk-coupe-2-3-kompresor-193-cv-189656\/","title":{"rendered":"A0034310312 abs mercedes clk coupe 2.3 kompres\u00f6r (193 cv) 189656"},"content":{"rendered":"<p>A0034310312 abs mercedes clk coupe 2.3 kompres\u00f6r (193 cv) 189656<br \/>\nA0034310312 abs mercedes clk coupe 2.3 kompres\u00f6r (193 cv) 1896561<\/p>\n<p>Mercedes-Benz    CLK    2000    benzin kupas\u0131    230 Kompres\u00f6r    RWD &#8212; C208    2295cc 142KW 193HP M 111.973;M 111.975<br \/>\n     Mercedes-Benz    CLK    1999    benzin kupas\u0131    230 Kompres\u00f6r    RWD &#8212; C208    2295cc 142KW 193HP M 111.973;M 111.975<br \/>\n     Mercedes-Benz    CLK    1998    benzin kupas\u0131    230 Kompres\u00f6r    RWD &#8212; C208    2295cc 142KW 193HP M 111.973;M 111.975<br \/>\n     Mercedes-Benz    CLK    1997    benzin kupas\u0131    230 Kompres\u00f6r    RWD &#8212; C208    2295cc 142KW 193HP M 111.973;M 111.975<\/p>\n<p>Ate 10020401634 a0034310312 10099013272<\/p>\n<p>Mercedes SLK200 R170 2003 2.0 ABS brake component pump A0034310312<\/p>\n<p>MERCEDES W208 CLK ABS ETS BEYN\u0130 0034310312 &#8211; 0034311812 &#8211; 0044316612 A0034310312 A0034311812 A0044316612 A 003 431 03 12 A 003 431 18 12 A 004 431 66 12 ATE 10098013272 ATE 10020401634 W202 W170<\/p>\n<p>Mercedes SLK200 Kompressor R170<br \/>\n2003<br \/>\nConvertible<br \/>\nGreen<br \/>\n2.0 petrol<br \/>\n6-speed automatic<br \/>\nM111.958 engine code<br \/>\n163BHP<\/p>\n","protected":false},"excerpt":{"rendered":"<p>DO\u011eAN OTOMOT\u0130V YEDEK PAR\u00c7A<br \/>\nLTD \u015eT\u0130 \u0130VED\u0130K ORGAN\u0130ZE SAN 1471 SOKAK 91-A OST\u0130M ANKARA<br \/>\nSEM\u0130H SAVA\u015e\u00c7I (312) 395 20 95<br \/>\n0533 322 16 09<\/p>\n<p>MUSTAFA SAVA\u015e\u00c7I<br \/>\n0 (312) 395 20 95<br \/>\nIBAN NO: TR 54 0011 1000 0000 0098 3516 19<br \/>\nF\u0130NANSBANK ENPARA<br \/>\n\u015eUBE KODU: 03663<br \/>\nHESAP NO: 98351619<\/p>\n<p>Paket i\u00e7eri\u011fi: 1 Adet<br \/>\nSATI\u015e F\u0130YATI KDV DAH\u0130L pe\u015fin fiyat\u0131d\u0131r<\/p>\n<p>SAAT 18:00 KADAR VER\u0130LEN \u015e\u0130PAR\u0130\u015e AYNI G\u00dcN KARGO \u0130LE G\u00d6NDER\u0130M\u0130 YAPILIR.<br \/>\nKARGO \u0130ADES\u0130 DURUMUNDA<br \/>\nKARGO \u00dcCRET\u0130 M\u00dc\u015eTER\u0130YE A\u0130TT\u0130R. AYRICA KARGODA KIRILAN PAR\u00c7ALARDAN SORUMLU DEY\u0130L\u0130Z<\/p>\n","protected":false},"featured_media":6603,"comment_status":"open","ping_status":"closed","template":"","meta":{"_joinchat":[]},"product_cat":[23],"product_tag":[4734],"class_list":{"0":"post-6602","1":"product","2":"type-product","3":"status-publish","4":"has-post-thumbnail","6":"product_cat-mercedes","7":"product_tag-a0034310312-abs-mercedes-clk-coupe-2-3-kompresor-193-cv-189656","9":"first","10":"instock","11":"sale","12":"shipping-taxable","13":"purchasable","14":"product-type-simple"},"_links":{"self":[{"href":"https:\/\/dogan-otomotiv.com\/index.php\/wp-json\/wp\/v2\/product\/6602","targetHints":{"allow":["GET"]}}],"collection":[{"href":"https:\/\/dogan-otomotiv.com\/index.php\/wp-json\/wp\/v2\/product"}],"about":[{"href":"https:\/\/dogan-otomotiv.com\/index.php\/wp-json\/wp\/v2\/types\/product"}],"replies":[{"embeddable":true,"href":"https:\/\/dogan-otomotiv.com\/index.php\/wp-json\/wp\/v2\/comments?post=6602"}],"wp:featuredmedia":[{"embeddable":true,"href":"https:\/\/dogan-otomotiv.com\/index.php\/wp-json\/wp\/v2\/media\/6603"}],"wp:attachment":[{"href":"https:\/\/dogan-otomotiv.com\/index.php\/wp-json\/wp\/v2\/media?parent=6602"}],"wp:term":[{"taxonomy":"product_cat","embeddable":true,"href":"https:\/\/dogan-otomotiv.com\/index.php\/wp-json\/wp\/v2\/product_cat?post=6602"},{"taxonomy":"product_tag","embeddable":true,"href":"https:\/\/dogan-otomotiv.com\/index.php\/wp-json\/wp\/v2\/product_tag?post=6602"}],"curies":[{"name":"wp","href":"https:\/\/api.w.org\/{rel}","templated":true}]}}