{"id":6561,"date":"2021-06-21T14:58:13","date_gmt":"2021-06-21T14:58:13","guid":{"rendered":"https:\/\/dogan-otomotiv.com\/?post_type=product&#038;p=6561"},"modified":"2024-09-24T06:03:44","modified_gmt":"2024-09-24T06:03:44","slug":"0928400504-hava-akis-bmw-e46-320d-7887440-orj-cikma","status":"publish","type":"product","link":"https:\/\/dogan-otomotiv.com\/index.php\/urun\/0928400504-hava-akis-bmw-e46-320d-7887440-orj-cikma\/","title":{"rendered":"0928400504 Hava Ak\u0131\u015f BMW (E46) 320D -7887440 ORJ \u00c7IKMA"},"content":{"rendered":"<p>0928400504 Hava Ak\u0131\u015f BMW 1 3 5 7-7887440<br \/>\nBMW 1 Hatchback (E81) (Yap\u0131m Y\u0131l\u0131 09.2006 &#8211; 12.2011, 163 PS, Dizel)<br \/>\nBMW 1 Hatchback (E87) (Yap\u0131m Y\u0131l\u0131 03.2003 &#8211; 06.2011, 122 &#8211; 177 PS, Dizel)<br \/>\nBMW 3 Compact (E46) (Yap\u0131m Y\u0131l\u0131 09.2001 &#8211; 02.2005, 115 &#8211; 150 PS, Dizel)<br \/>\nBMW 3 Cabrio (E46) (Yap\u0131m Y\u0131l\u0131 02.2005 &#8211; 12.2007, 150 &#8211; 204 PS, Dizel)<br \/>\nBMW 3 Cabrio (E93) (Yap\u0131m Y\u0131l\u0131 03.2007 &#8211; 12.2013, 197 &#8211; 231 PS, Dizel)<br \/>\nBMW 3 Coupe (E46) (Yap\u0131m Y\u0131l\u0131 03.2003 &#8211; 07.2006, 150 &#8211; 204 PS, Dizel)<br \/>\nBMW 3 Coupe (E92) (Yap\u0131m Y\u0131l\u0131 03.2006 &#8211; 02.2010, 197 &#8211; 231 PS, Dizel)<br \/>\nBMW 3 Sedan (E46) (Yap\u0131m Y\u0131l\u0131 09.2001 &#8211; 02.2005, 116 &#8211; 204 PS, Dizel)<br \/>\nBMW 3 Sedan (E90) (Yap\u0131m Y\u0131l\u0131 12.2004 &#8211; 12.2011, 122 &#8211; 245 PS, Dizel)<br \/>\nBMW 3 Touring (E46) (Yap\u0131m Y\u0131l\u0131 09.2001 &#8211; 05.2005, 115 &#8211; 204 PS, Dizel)<br \/>\nBMW 3 Touring (E91) (Yap\u0131m Y\u0131l\u0131 12.2004 &#8211; 06.2012, 122 &#8211; 245 PS, Dizel)<br \/>\nBMW 5 Sedan (E60) (Yap\u0131m Y\u0131l\u0131 09.2002 &#8211; 03.2010, 150 &#8211; 235 PS, Dizel)<br \/>\nBMW 5 Touring (E61) (Yap\u0131m Y\u0131l\u0131 03.2004 &#8211; 05.2010, 150 &#8211; 235 PS, Dizel)<br \/>\nBMW 7 (E65, E66, E67) (Yap\u0131m Y\u0131l\u0131 06.2002 &#8211; 08.2008, 204 &#8211; 231 PS, Dizel)<br \/>\nBMW X3 (E83) (Yap\u0131m Y\u0131l\u0131 11.2003 &#8211; 08.2008, 150 &#8211; 218 PS, Dizel)<br \/>\nBMW X5 (E53) (Yap\u0131m Y\u0131l\u0131 05.2001 &#8211; 12.2006, 184 &#8211; 218 PS, Dizel)<br \/>\nBMW X5 (E70) (Yap\u0131m Y\u0131l\u0131 02.2007 &#8211; 03.2010, 211 &#8211; 235 PS, Dizel)<br \/>\nBMW X6 (E71, E72) (Yap\u0131m Y\u0131l\u0131 09.2007 &#8211; 06.2014, 235 PS, Dizel)<\/p>\n","protected":false},"excerpt":{"rendered":"<p>DO\u011eAN OTOMOT\u0130V YEDEK PAR\u00c7A<br \/>\nLTD \u015eT\u0130 \u0130VED\u0130K ORGAN\u0130ZE SAN 1471 SOKAK 91-A OST\u0130M ANKARA<br \/>\nSEM\u0130H SAVA\u015e\u00c7I (312) 395 20 95<br \/>\n0533 322 16 09<\/p>\n<p>MUSTAFA SAVA\u015e\u00c7I<br \/>\n0 (312) 395 20 95<br \/>\nIBAN NO: TR 54 0011 1000 0000 0098 3516 19<br \/>\nF\u0130NANSBANK ENPARA<br \/>\n\u015eUBE KODU: 03663<br \/>\nHESAP NO: 98351619<\/p>\n<p>Paket i\u00e7eri\u011fi: 1 Adet<br \/>\nSATI\u015e F\u0130YATI KDV DAH\u0130L pe\u015fin fiyat\u0131d\u0131r<\/p>\n<p>SAAT 18:00 KADAR VER\u0130LEN \u015e\u0130PAR\u0130\u015e AYNI G\u00dcN KARGO \u0130LE G\u00d6NDER\u0130M\u0130 YAPILIR.<br \/>\nKARGO \u0130ADES\u0130 DURUMUNDA<br \/>\nKARGO \u00dcCRET\u0130 M\u00dc\u015eTER\u0130YE A\u0130TT\u0130R. AYRICA KARGODA KIRILAN PAR\u00c7ALARDAN SORUMLU DEY\u0130L\u0130Z<\/p>\n","protected":false},"featured_media":6562,"comment_status":"open","ping_status":"closed","template":"","meta":{"_joinchat":[]},"product_cat":[22],"product_tag":[7838],"class_list":{"0":"post-6561","1":"product","2":"type-product","3":"status-publish","4":"has-post-thumbnail","6":"product_cat-bmw","7":"product_tag-0928400504-hava-akis-bmw-e46-320d-7887440-orj-cikma","9":"first","10":"instock","11":"sale","12":"shipping-taxable","13":"purchasable","14":"product-type-simple"},"_links":{"self":[{"href":"https:\/\/dogan-otomotiv.com\/index.php\/wp-json\/wp\/v2\/product\/6561","targetHints":{"allow":["GET"]}}],"collection":[{"href":"https:\/\/dogan-otomotiv.com\/index.php\/wp-json\/wp\/v2\/product"}],"about":[{"href":"https:\/\/dogan-otomotiv.com\/index.php\/wp-json\/wp\/v2\/types\/product"}],"replies":[{"embeddable":true,"href":"https:\/\/dogan-otomotiv.com\/index.php\/wp-json\/wp\/v2\/comments?post=6561"}],"wp:featuredmedia":[{"embeddable":true,"href":"https:\/\/dogan-otomotiv.com\/index.php\/wp-json\/wp\/v2\/media\/6562"}],"wp:attachment":[{"href":"https:\/\/dogan-otomotiv.com\/index.php\/wp-json\/wp\/v2\/media?parent=6561"}],"wp:term":[{"taxonomy":"product_cat","embeddable":true,"href":"https:\/\/dogan-otomotiv.com\/index.php\/wp-json\/wp\/v2\/product_cat?post=6561"},{"taxonomy":"product_tag","embeddable":true,"href":"https:\/\/dogan-otomotiv.com\/index.php\/wp-json\/wp\/v2\/product_tag?post=6561"}],"curies":[{"name":"wp","href":"https:\/\/api.w.org\/{rel}","templated":true}]}}