{"id":6551,"date":"2021-06-18T14:51:59","date_gmt":"2021-06-18T14:51:59","guid":{"rendered":"https:\/\/dogan-otomotiv.com\/?post_type=product&#038;p=6551"},"modified":"2023-11-03T12:17:38","modified_gmt":"2023-11-03T12:17:38","slug":"afh60-13-hava-akis-ford-focus-16-18-benzinli","status":"publish","type":"product","link":"https:\/\/dogan-otomotiv.com\/index.php\/urun\/afh60-13-hava-akis-ford-focus-16-18-benzinli\/","title":{"rendered":"AFH60-13 HAVA AKI\u015e FORD FOCUS 1,6-1,8 BENZ\u0130NL\u0130"},"content":{"rendered":"<p>AFH60-13 HAVA AKI\u015e FORD FOCUS 1,6-1,8 BENZ\u0130NL\u0130<\/p>\n<p>OEN 1 051 277 \u2014 FORD<br \/>\nOEN 1 054 419 \u2014 FORD<br \/>\nOEN 1 054 420 \u2014 FORD<br \/>\nOEN 98AB12B579B1B \u2014 FORD<br \/>\nOEN 98AB12B579B2B \u2014 FORD<br \/>\nOEN 98AB12B579B3B \u2014 FORD<br \/>\nOEN AFH60-13 \u2014 HITACHI<\/p>\n<p>FORD Cougar Coupe (EC) (Yap\u0131m Y\u0131l\u0131 08.1998 &#8211; 12.2001, 131 PS, Benzin)<br \/>\nFORD Focus Mk1 Hatchback (DAW, DBW) (Yap\u0131m Y\u0131l\u0131 10.1998 &#8211; 11.2004, 100 &#8211; 215 PS, Benzin)<br \/>\nFORD Focus Mk1 Estate (DNW) (Yap\u0131m Y\u0131l\u0131 02.1999 &#8211; 01.2005, 111 &#8211; 173 PS, Benzin, Petrol\/Petrol Gaz\u0131 (LPG))<br \/>\nFORD Focus Mk1 Sedan (DNW) (Yap\u0131m Y\u0131l\u0131 02.1999 &#8211; 11.2004, 115 &#8211; 131 PS, Benzin)<br \/>\nFORD Mondeo Mk2 Hatchback (BAP) (Yap\u0131m Y\u0131l\u0131 08.1996 &#8211; 09.2000, 90 &#8211; 131 PS, Benzin)<br \/>\nFORD Mondeo Mk2 Estate (BNP) (Yap\u0131m Y\u0131l\u0131 08.1996 &#8211; 09.2000, 90 &#8211; 131 PS, Benzin)<br \/>\nFORD Mondeo Mk2 Sedan (BFP) (Yap\u0131m Y\u0131l\u0131 08.1996 &#8211; 09.2000, 90 &#8211; 131 PS, Benzin)<br \/>\nFORD Tourneo Connect (Yap\u0131m Y\u0131l\u0131 06.2002 &#8211; 12.2013, 116 PS, Benzin)<br \/>\nFORD Transit Connect Mk1 Van (Yap\u0131m Y\u0131l\u0131 06.2002 &#8211; 12.2013, 116 PS, Benzin, Petrol\/Petrol Gaz\u0131 (LPG))<\/p>\n","protected":false},"excerpt":{"rendered":"<p>DO\u011eAN OTOMOT\u0130V YEDEK PAR\u00c7A<br \/>\nLTD \u015eT\u0130 \u0130VED\u0130K ORGAN\u0130ZE SAN 1471 SOKAK 91-A OST\u0130M ANKARA<br \/>\nSEM\u0130H SAVA\u015e\u00c7I (312) 395 20 95<br \/>\n0533 322 16 09<\/p>\n<p>MUSTAFA SAVA\u015e\u00c7I<br \/>\n0 (312) 395 20 95<br \/>\nIBAN NO: TR 54 0011 1000 0000 0098 3516 19<br \/>\nF\u0130NANSBANK ENPARA<br \/>\n\u015eUBE KODU: 03663<br \/>\nHESAP NO: 98351619<\/p>\n<p>Paket i\u00e7eri\u011fi: 1 Adet<br \/>\nSATI\u015e F\u0130YATI KDV DAH\u0130L pe\u015fin fiyat\u0131d\u0131r<\/p>\n<p>SAAT 18:00 KADAR VER\u0130LEN \u015e\u0130PAR\u0130\u015e AYNI G\u00dcN KARGO \u0130LE G\u00d6NDER\u0130M\u0130 YAPILIR.<br \/>\nKARGO \u0130ADES\u0130 DURUMUNDA<br \/>\nKARGO \u00dcCRET\u0130 M\u00dc\u015eTER\u0130YE A\u0130TT\u0130R. AYRICA KARGODA KIRILAN PAR\u00c7ALARDAN SORUMLU DEY\u0130L\u0130Z<\/p>\n","protected":false},"featured_media":6552,"comment_status":"open","ping_status":"closed","template":"","meta":{"_joinchat":[]},"product_cat":[25],"product_tag":[3987,4197,4711],"class_list":{"0":"post-6551","1":"product","2":"type-product","3":"status-publish","4":"has-post-thumbnail","6":"product_cat-ford","7":"product_tag-6-1","8":"product_tag-8-benzinli","9":"product_tag-afh60-13-hava-akis-ford-focus-1","11":"first","12":"instock","13":"sale","14":"shipping-taxable","15":"purchasable","16":"product-type-simple"},"_links":{"self":[{"href":"https:\/\/dogan-otomotiv.com\/index.php\/wp-json\/wp\/v2\/product\/6551","targetHints":{"allow":["GET"]}}],"collection":[{"href":"https:\/\/dogan-otomotiv.com\/index.php\/wp-json\/wp\/v2\/product"}],"about":[{"href":"https:\/\/dogan-otomotiv.com\/index.php\/wp-json\/wp\/v2\/types\/product"}],"replies":[{"embeddable":true,"href":"https:\/\/dogan-otomotiv.com\/index.php\/wp-json\/wp\/v2\/comments?post=6551"}],"wp:featuredmedia":[{"embeddable":true,"href":"https:\/\/dogan-otomotiv.com\/index.php\/wp-json\/wp\/v2\/media\/6552"}],"wp:attachment":[{"href":"https:\/\/dogan-otomotiv.com\/index.php\/wp-json\/wp\/v2\/media?parent=6551"}],"wp:term":[{"taxonomy":"product_cat","embeddable":true,"href":"https:\/\/dogan-otomotiv.com\/index.php\/wp-json\/wp\/v2\/product_cat?post=6551"},{"taxonomy":"product_tag","embeddable":true,"href":"https:\/\/dogan-otomotiv.com\/index.php\/wp-json\/wp\/v2\/product_tag?post=6551"}],"curies":[{"name":"wp","href":"https:\/\/api.w.org\/{rel}","templated":true}]}}