{"id":6500,"date":"2021-06-12T08:30:21","date_gmt":"2021-06-12T08:30:21","guid":{"rendered":"https:\/\/dogan-otomotiv.com\/?post_type=product&#038;p=6500"},"modified":"2025-07-23T11:00:21","modified_gmt":"2025-07-23T11:00:21","slug":"0ck325497e-regulator-modulu-hidrolikzny-dsg-vw","status":"publish","type":"product","link":"https:\/\/dogan-otomotiv.com\/index.php\/urun\/0ck325497e-regulator-modulu-hidrolikzny-dsg-vw\/","title":{"rendered":"0CK325497E REG\u00dcLAT\u00d6R MOD\u00dcL\u00dc H\u0130DROL\u0130KZNY DSG VW"},"content":{"rendered":"<p>0CK325497E REG\u00dcLAT\u00d6R MOD\u00dcL\u00dc H\u0130DROL\u0130KZNY DSG VOLKSWAGEN<\/p>\n","protected":false},"excerpt":{"rendered":"<p>0CK325497E REG\u00dcLAT\u00d6R MOD\u00dcL\u00dc H\u0130DROL\u0130KZNY DSG VOLKSWAGEN<\/p>\n","protected":false},"featured_media":6501,"comment_status":"open","ping_status":"closed","template":"","meta":{"_joinchat":[]},"product_cat":[15,24],"product_tag":[11684],"class_list":{"0":"post-6500","1":"product","2":"type-product","3":"status-publish","4":"has-post-thumbnail","6":"product_cat-volkswagen","7":"product_cat-audi","8":"product_tag-0ck325497e-regulator-modulu-hidrolikzny-dsg-vw","10":"first","11":"instock","12":"sale","13":"shipping-taxable","14":"purchasable","15":"product-type-simple"},"_links":{"self":[{"href":"https:\/\/dogan-otomotiv.com\/index.php\/wp-json\/wp\/v2\/product\/6500","targetHints":{"allow":["GET"]}}],"collection":[{"href":"https:\/\/dogan-otomotiv.com\/index.php\/wp-json\/wp\/v2\/product"}],"about":[{"href":"https:\/\/dogan-otomotiv.com\/index.php\/wp-json\/wp\/v2\/types\/product"}],"replies":[{"embeddable":true,"href":"https:\/\/dogan-otomotiv.com\/index.php\/wp-json\/wp\/v2\/comments?post=6500"}],"wp:featuredmedia":[{"embeddable":true,"href":"https:\/\/dogan-otomotiv.com\/index.php\/wp-json\/wp\/v2\/media\/6501"}],"wp:attachment":[{"href":"https:\/\/dogan-otomotiv.com\/index.php\/wp-json\/wp\/v2\/media?parent=6500"}],"wp:term":[{"taxonomy":"product_cat","embeddable":true,"href":"https:\/\/dogan-otomotiv.com\/index.php\/wp-json\/wp\/v2\/product_cat?post=6500"},{"taxonomy":"product_tag","embeddable":true,"href":"https:\/\/dogan-otomotiv.com\/index.php\/wp-json\/wp\/v2\/product_tag?post=6500"}],"curies":[{"name":"wp","href":"https:\/\/api.w.org\/{rel}","templated":true}]}}