{"id":6471,"date":"2021-06-08T10:16:16","date_gmt":"2021-06-08T10:16:16","guid":{"rendered":"https:\/\/dogan-otomotiv.com\/?post_type=product&#038;p=6471"},"modified":"2021-06-08T10:16:18","modified_gmt":"2021-06-08T10:16:18","slug":"038109101k-eksantirik-mili-orj-1-sinif-19-tdi-vw-2","status":"publish","type":"product","link":"https:\/\/dogan-otomotiv.com\/index.php\/urun\/038109101k-eksantirik-mili-orj-1-sinif-19-tdi-vw-2\/","title":{"rendered":"038109101K EKSANT\u0130R\u0130K M\u0130L\u0130 ORJ 1 SINIF 1,9 TD\u0130 VW"},"content":{"rendered":"<p>038109101K EKSANT\u0130R\u0130K M\u0130L\u0130 ORJ 1 SINIF 1,9 TD\u0130<\/p>\n<p>VW Bora Sedan (1J2) (Yap\u0131m Y\u0131l\u0131 10.1998 &#8211; 05.2005, 90 &#8211; 110 PS, Dizel)<br \/>\nVW Bora Varyant (1J6) (Yap\u0131m Y\u0131l\u0131 05.1999 &#8211; 05.2005, 90 &#8211; 110 PS, Dizel)<br \/>\nVW Caddy II Van (9K9A) (Yap\u0131m Y\u0131l\u0131 09.1996 &#8211; 01.2004, 90 PS, Dizel)<br \/>\nVW Golf IV Hatchback (1J1) (Yap\u0131m Y\u0131l\u0131 08.1997 &#8211; 05.2004, 90 &#8211; 110 PS, Dizel)<br \/>\nVW Golf IV Van (1J1) (Yap\u0131m Y\u0131l\u0131 10.1997 &#8211; 05.2004, 90 &#8211; 110 PS, Dizel)<br \/>\nVW Golf IV Varyant (1J5) (Yap\u0131m Y\u0131l\u0131 05.1999 &#8211; 05.2006, 90 &#8211; 110 PS, Dizel)<br \/>\nVW Golf Van IV Modeli (1J5) (Yap\u0131m Y\u0131l\u0131 05.1999 &#8211; 05.2006, 90 &#8211; 110 PS, Dizel)<br \/>\nVW Yeni Beetle Hatchback (9C1, 1C1) (Yap\u0131m Y\u0131l\u0131 01.1998 &#8211; 06.2004, 90 PS, Dizel)<br \/>\nVW Polo III Classic (6V2) (Yap\u0131m Y\u0131l\u0131 09.1996 &#8211; 01.2002, 90 &#8211; 110 PS, Dizel)<br \/>\nVW Polo III Varyant (6V5) (Yap\u0131m Y\u0131l\u0131 05.1997 &#8211; 09.2001, 90 &#8211; 110 PS, Dizel)<\/p>\n<p>SKODA Octavia I Hatchback (1U2) (Yap\u0131m Y\u0131l\u0131 09.1996 &#8211; 03.2010, 90 &#8211; 110 PS, Dizel)<br \/>\nSKODA Octavia I Kombi (1U5) (Yap\u0131m Y\u0131l\u0131 07.1998 &#8211; 03.2010, 90 &#8211; 110 PS, Dizel)<\/p>\n<p>AUDI A3 Hatchback (8L1) (Yap\u0131m Y\u0131l\u0131 09.1996 &#8211; 07.2001, 90 &#8211; 110 PS, Dizel)<\/p>\n<p>SEAT Cordoba I Vario Kasa \/ Emlak (6K5) (Yap\u0131m Y\u0131l\u0131 08.2000 &#8211; 12.2002, 110 PS, Dizel)<br \/>\nSEAT C\u00f3rdoba I Sedan (6K1, 6K2) (Yap\u0131m Y\u0131l\u0131 08.1996 &#8211; 10.2002, 68 &#8211; 110 PS, Dizel)<br \/>\nSEAT C\u00f3rdoba I Vario (6K5) (Yap\u0131m Y\u0131l\u0131 08.1996 &#8211; 12.2002, 68 &#8211; 110 PS, Dizel)<br \/>\nSEAT Ibiza II (6K1) (Yap\u0131m Y\u0131l\u0131 08.1996 &#8211; 02.2002, 68 &#8211; 110 PS, Dizel)<br \/>\nSEAT Inca (6K9) (Yap\u0131m Y\u0131l\u0131 09.1996 &#8211; 06.2003, 90 PS, Dizel)<br \/>\nSEAT Leon I Hatchback (1M1) (Yap\u0131m Y\u0131l\u0131 11.1999 &#8211; 06.2006, 90 &#8211; 110 PS, Dizel)<br \/>\nSEAT Toledo II Sedan (1M2) (Yap\u0131m Y\u0131l\u0131 10.1998 &#8211; 07.2004, 90 &#8211; 110 PS, Dizel)<\/p>\n","protected":false},"excerpt":{"rendered":"<p>DO\u011eAN OTOMOT\u0130V YEDEK PAR\u00c7A<br \/>\nLTD \u015eT\u0130 \u0130VED\u0130K ORGAN\u0130ZE SAN 1471 SOKAK 91-A OST\u0130M ANKARA<br \/>\nSEM\u0130H SAVA\u015e\u00c7I (312) 395 20 95<br \/>\n0533 322 16 09<\/p>\n<p>MUSTAFA SAVA\u015e\u00c7I<br \/>\n0 (312) 395 20 95<br \/>\nIBAN NO: TR 54 0011 1000 0000 0098 3516 19<br \/>\nF\u0130NANSBANK ENPARA<br \/>\n\u015eUBE KODU: 03663<br \/>\nHESAP NO: 98351619<\/p>\n<p>Paket i\u00e7eri\u011fi: 1 Adet<br \/>\nSATI\u015e F\u0130YATI KDV DAH\u0130L pe\u015fin fiyat\u0131d\u0131r<\/p>\n<p>SAAT 18:00 KADAR VER\u0130LEN \u015e\u0130PAR\u0130\u015e AYNI G\u00dcN KARGO \u0130LE G\u00d6NDER\u0130M\u0130 YAPILIR.<br \/>\nKARGO \u0130ADES\u0130 DURUMUNDA<br \/>\nKARGO \u00dcCRET\u0130 M\u00dc\u015eTER\u0130YE A\u0130TT\u0130R. AYRICA KARGODA KIRILAN PAR\u00c7ALARDAN SORUMLU DEY\u0130L\u0130Z<\/p>\n","protected":false},"featured_media":6472,"comment_status":"open","ping_status":"closed","template":"","meta":{"_joinchat":[]},"product_cat":[15,24,19,20],"product_tag":[4683,189],"class_list":{"0":"post-6471","1":"product","2":"type-product","3":"status-publish","4":"has-post-thumbnail","6":"product_cat-volkswagen","7":"product_cat-audi","8":"product_cat-seat","9":"product_cat-skoda","10":"product_tag-038109101k-eksantirik-mili-orj-1-sinif-1","11":"product_tag-9-tdi-vw","13":"first","14":"instock","15":"sale","16":"shipping-taxable","17":"purchasable","18":"product-type-simple"},"_links":{"self":[{"href":"https:\/\/dogan-otomotiv.com\/index.php\/wp-json\/wp\/v2\/product\/6471","targetHints":{"allow":["GET"]}}],"collection":[{"href":"https:\/\/dogan-otomotiv.com\/index.php\/wp-json\/wp\/v2\/product"}],"about":[{"href":"https:\/\/dogan-otomotiv.com\/index.php\/wp-json\/wp\/v2\/types\/product"}],"replies":[{"embeddable":true,"href":"https:\/\/dogan-otomotiv.com\/index.php\/wp-json\/wp\/v2\/comments?post=6471"}],"wp:featuredmedia":[{"embeddable":true,"href":"https:\/\/dogan-otomotiv.com\/index.php\/wp-json\/wp\/v2\/media\/6472"}],"wp:attachment":[{"href":"https:\/\/dogan-otomotiv.com\/index.php\/wp-json\/wp\/v2\/media?parent=6471"}],"wp:term":[{"taxonomy":"product_cat","embeddable":true,"href":"https:\/\/dogan-otomotiv.com\/index.php\/wp-json\/wp\/v2\/product_cat?post=6471"},{"taxonomy":"product_tag","embeddable":true,"href":"https:\/\/dogan-otomotiv.com\/index.php\/wp-json\/wp\/v2\/product_tag?post=6471"}],"curies":[{"name":"wp","href":"https:\/\/api.w.org\/{rel}","templated":true}]}}