{"id":6461,"date":"2021-06-07T14:15:53","date_gmt":"2021-06-07T14:15:53","guid":{"rendered":"https:\/\/dogan-otomotiv.com\/?post_type=product&#038;p=6461"},"modified":"2025-07-23T10:54:03","modified_gmt":"2025-07-23T10:54:03","slug":"10-0522-9924-1-fren-yagi-basinc-sensoru-golf-iv","status":"publish","type":"product","link":"https:\/\/dogan-otomotiv.com\/index.php\/urun\/10-0522-9924-1-fren-yagi-basinc-sensoru-golf-iv\/","title":{"rendered":"10-0522-9924-1 Fren Ya\u011f\u0131 Bas\u0131n\u00e7 Sens\u00f6r\u00fc GOLF IV"},"content":{"rendered":"<p>10-0522-9924-1 Fren Ya\u011f\u0131 Bas\u0131n\u00e7 Sens\u00f6r\u00fc<\/p>\n<p>MERCEDES-BENZ C-Serisi Coupe (CL203) (Yap\u0131m Y\u0131l\u0131 03.2001 &#8211; 05.2008, 122 &#8211; 354 PS, Dizel, Benzin)<br \/>\nMERCEDES-BENZ C-Serisi Sedan (W203) (Yap\u0131m Y\u0131l\u0131 05.2000 &#8211; 02.2007, 102 &#8211; 354 PS, Dizel, Benzin)<br \/>\nMERCEDES-BENZ C-Serisi T-modeli (S203) (Yap\u0131m Y\u0131l\u0131 03.2001 &#8211; 08.2007, 102 &#8211; 367 PS, Dizel, Benzin)<br \/>\nMERCEDES-BENZ CLC (CL203) (Yap\u0131m Y\u0131l\u0131 05.2008 &#8211; 06.2011, 122 &#8211; 272 PS, Dizel, Benzin)<br \/>\nMERCEDES-BENZ CLK Coupe (C209) (Yap\u0131m Y\u0131l\u0131 06.2002 &#8211; 05.2009, 136 &#8211; 582 PS, Dizel, Benzin)<br \/>\nMERCEDES-BENZ CLK Cabrio (A209) (Yap\u0131m Y\u0131l\u0131 02.2003 &#8211; 03.2010, 163 &#8211; 582 PS, Dizel, Benzin)<br \/>\nMERCEDES-BENZ GL (X164) (Yap\u0131m Y\u0131l\u0131 09.2006 &#8211; 12.2012, 211 &#8211; 388 PS, Dizel, Benzin)<br \/>\nMERCEDES-BENZ ML S\u0131n\u0131f\u0131 (W163) (Yap\u0131m Y\u0131l\u0131 02.1998 &#8211; 06.2005, 163 &#8211; 347 PS, Dizel, Benzin)<br \/>\nMERCEDES-BENZ ML S\u0131n\u0131f\u0131 (W164) (Yap\u0131m Y\u0131l\u0131 07.2005 &#8211; 12.2011, 190 &#8211; 510 PS, Dizel, Benzin)<br \/>\nMERCEDES-BENZ R-Serisi (W251, V251) (Yap\u0131m Y\u0131l\u0131 01.2006 &#8211; 12.2014, 190 &#8211; 510 PS, Dizel, Benzin)<br \/>\nMERCEDES-BENZ SL Cabrio (R230) (Yap\u0131m Y\u0131l\u0131 10.2001 &#8211; 01.2012, 231 &#8211; 670 PS, Benzin)<br \/>\nMERCEDES-BENZ SLK (R171) (Yap\u0131m Y\u0131l\u0131 03.2004 &#8211; 02.2011, 163 &#8211; 400 PS, Benzin)<br \/>\nG\u00dc\u00c7 FREN\u0130 ANA S\u0130L\u0130ND\u0130R SIVISI Y\u00dcKSELTME BASIN\u00c7 SENS\u00d6R\u00dc AUDI A2 A3 SEAT LEON<br \/>\nVW PASSAT B5.5 B5+ FREN SIVISI BASIN\u00c7 SENS\u00d6R\u00dc # 10.0522-9924.1<br \/>\n1J0907597A<br \/>\nBORA<br \/>\nK\u00e4fer 1999-2010<br \/>\nGOLF MK4 2002-2006<br \/>\nJETTA MK4 2008-2009<br \/>\nKANINCHEN 2006-2009<br \/>\nSHARAN 2002-2005<br \/>\n10.0522-9924.1, 10052299241, FLUID, ABS, ESP, DSC, 3PP2-3, 1J0907597A, DYNAMIC STABILITY, CONTROL SWITCH, 1141020, 2M5T-2M118-AA, 03.3508-8683.1 03350886831, 03350884941, 8Z1614105B, JAGUAR XJ XJ8 X350<\/p>\n","protected":false},"excerpt":{"rendered":"<p>DO\u011eAN OTOMOT\u0130V YEDEK PAR\u00c7A<br \/>\nLTD \u015eT\u0130 \u0130VED\u0130K ORGAN\u0130ZE SAN 1471 SOKAK 91-A OST\u0130M ANKARA<br \/>\nSEM\u0130H SAVA\u015e\u00c7I (312) 395 20 95<br \/>\n0533 322 16 09<\/p>\n<p>MUSTAFA SAVA\u015e\u00c7I<br \/>\n0 (312) 395 20 95<br \/>\nIBAN NO: TR 54 0011 1000 0000 0098 3516 19<br \/>\nF\u0130NANSBANK ENPARA<br \/>\n\u015eUBE KODU: 03663<br \/>\nHESAP NO: 98351619<\/p>\n<p>Paket i\u00e7eri\u011fi: 1 Adet<br \/>\nSATI\u015e F\u0130YATI KDV DAH\u0130L pe\u015fin fiyat\u0131d\u0131r<\/p>\n<p>SAAT 18:00 KADAR VER\u0130LEN \u015e\u0130PAR\u0130\u015e AYNI G\u00dcN KARGO \u0130LE G\u00d6NDER\u0130M\u0130 YAPILIR.<br \/>\nKARGO \u0130ADES\u0130 DURUMUNDA<br \/>\nKARGO \u00dcCRET\u0130 M\u00dc\u015eTER\u0130YE A\u0130TT\u0130R. AYRICA KARGODA KIRILAN PAR\u00c7ALARDAN SORUMLU DEY\u0130L\u0130Z<\/p>\n","protected":false},"featured_media":6462,"comment_status":"open","ping_status":"closed","template":"","meta":{"_joinchat":[]},"product_cat":[15,24,2204,23,17,19,20],"product_tag":[4677],"class_list":{"0":"post-6461","1":"product","2":"type-product","3":"status-publish","4":"has-post-thumbnail","6":"product_cat-volkswagen","7":"product_cat-audi","8":"product_cat-citroen","9":"product_cat-mercedes","10":"product_cat-peugeot","11":"product_cat-seat","12":"product_cat-skoda","13":"product_tag-10-0522-9924-1-fren-yagi-basinc-sensoru-golf-iv","15":"first","16":"instock","17":"sale","18":"shipping-taxable","19":"purchasable","20":"product-type-simple"},"_links":{"self":[{"href":"https:\/\/dogan-otomotiv.com\/index.php\/wp-json\/wp\/v2\/product\/6461","targetHints":{"allow":["GET"]}}],"collection":[{"href":"https:\/\/dogan-otomotiv.com\/index.php\/wp-json\/wp\/v2\/product"}],"about":[{"href":"https:\/\/dogan-otomotiv.com\/index.php\/wp-json\/wp\/v2\/types\/product"}],"replies":[{"embeddable":true,"href":"https:\/\/dogan-otomotiv.com\/index.php\/wp-json\/wp\/v2\/comments?post=6461"}],"wp:featuredmedia":[{"embeddable":true,"href":"https:\/\/dogan-otomotiv.com\/index.php\/wp-json\/wp\/v2\/media\/6462"}],"wp:attachment":[{"href":"https:\/\/dogan-otomotiv.com\/index.php\/wp-json\/wp\/v2\/media?parent=6461"}],"wp:term":[{"taxonomy":"product_cat","embeddable":true,"href":"https:\/\/dogan-otomotiv.com\/index.php\/wp-json\/wp\/v2\/product_cat?post=6461"},{"taxonomy":"product_tag","embeddable":true,"href":"https:\/\/dogan-otomotiv.com\/index.php\/wp-json\/wp\/v2\/product_tag?post=6461"}],"curies":[{"name":"wp","href":"https:\/\/api.w.org\/{rel}","templated":true}]}}