{"id":6443,"date":"2021-06-07T08:16:01","date_gmt":"2021-06-07T08:16:01","guid":{"rendered":"https:\/\/dogan-otomotiv.com\/?post_type=product&#038;p=6443"},"modified":"2022-06-18T07:15:32","modified_gmt":"2022-06-18T07:15:32","slug":"25313846-enjektor-memesi-astra-g-corsa-c-vectra-b-c-1-4-1-6","status":"publish","type":"product","link":"https:\/\/dogan-otomotiv.com\/index.php\/urun\/25313846-enjektor-memesi-astra-g-corsa-c-vectra-b-c-1-4-1-6\/","title":{"rendered":"25313846 Enjekt\u00f6r Memesi Astra G Corsa C Vectra B C 1.4 1.6"},"content":{"rendered":"<p>25313846 Enjekt\u00f6r Memesi Astra G Corsa C Vectra B C 1.4 1.6<br \/>\nOpel Astra G CC 1998\/02-2005\/01 F48_, F08_ 1.4 16V 1389 ccm, 66 KW, 90 PS<br \/>\nOpel Astra G CC 1998\/02-2005\/01 F48_, F08_ 1.6 16V 1598 ccm, 74 KW, 101 PS<br \/>\nOpel Astra G Cabriolet 2001\/03-2005\/10 F67 1.6 16V 1598 ccm, 74 KW, 101 PS<br \/>\nOpel Astra G Caravan 1998\/06-2004\/07 T98 1.4 16V 1389 ccm, 66 KW, 90 PS<br \/>\nOpel Astra G Caravan 1998\/02-2004\/07 T98 1.6 16V 1598 ccm, 74 KW, 101 PS<br \/>\nOpel Astra G Caravan 2003\/03-2004\/07 T98 1.6 CNG 1598 ccm, 71 KW, 97 PS<br \/>\nOpel Astra G Stufenheck 1998\/09-2005\/01 F69_ 1.4 16V 1389 ccm, 66 KW, 90 PS<br \/>\n Opel Astra G Stufenheck 1998\/09-2005\/01 F69_ 1.6 16V 1598 ccm, 74 KW, 101 PS<br \/>\nOpel Corsa C 2000\/09-2009\/12 X01 1.4 1389 ccm, 66 KW, 90 PS<br \/>\nOpel Vectra B 1995\/10-2002\/04 J96 1.6i 16V 1598 ccm, 74 KW, 100 PS<br \/>\nOpel Vectra B CC 1995\/10-2002\/07 38_ 1.6i 16V 1598 ccm, 74 KW, 101 PS<br \/>\nOpel Vectra B Caravan 1996\/11-2002\/07 31_ 1.6i 16V 1598 ccm, 74 KW, 100 PS<br \/>\nOpel Zafira A 2001\/09-2005\/06 F75_ 1.6 CNG 1598 ccm, 71 KW, 97 PS<br \/>\nOpel Zafira A Gro\u00dfraumlimousine 1999\/04-2005\/06 T98 1.6 16V 1598 ccm, 74 KW, 101 PS<\/p>\n","protected":false},"excerpt":{"rendered":"<p>DO\u011eAN OTOMOT\u0130V YEDEK PAR\u00c7A<br \/>\nLTD \u015eT\u0130 \u0130VED\u0130K ORGAN\u0130ZE SAN 1471 SOKAK 91-A OST\u0130M ANKARA<br \/>\nSEM\u0130H SAVA\u015e\u00c7I (312) 395 20 95<br \/>\n0533 322 16 09<\/p>\n<p>MUSTAFA SAVA\u015e\u00c7I<br \/>\n0 (312) 395 20 95<br \/>\nIBAN NO: TR 54 0011 1000 0000 0098 3516 19<br \/>\nF\u0130NANSBANK ENPARA<br \/>\n\u015eUBE KODU: 03663<br \/>\nHESAP NO: 98351619<\/p>\n<p>Paket i\u00e7eri\u011fi: 1 Adet<br \/>\nSATI\u015e F\u0130YATI KDV DAH\u0130L pe\u015fin fiyat\u0131d\u0131r<\/p>\n<p>SAAT 18:00 KADAR VER\u0130LEN \u015e\u0130PAR\u0130\u015e AYNI G\u00dcN KARGO \u0130LE G\u00d6NDER\u0130M\u0130 YAPILIR.<br \/>\nKARGO \u0130ADES\u0130 DURUMUNDA<br \/>\nKARGO \u00dcCRET\u0130 M\u00dc\u015eTER\u0130YE A\u0130TT\u0130R. AYRICA KARGODA KIRILAN PAR\u00c7ALARDAN SORUMLU DEY\u0130L\u0130Z<\/p>\n","protected":false},"featured_media":6444,"comment_status":"open","ping_status":"closed","template":"","meta":{"_joinchat":[]},"product_cat":[21],"product_tag":[4660],"class_list":{"0":"post-6443","1":"product","2":"type-product","3":"status-publish","4":"has-post-thumbnail","6":"product_cat-opel","7":"product_tag-25313846-enjektor-memesi-astra-g-corsa-c-vectra-b-c-1-4-1-6","9":"first","10":"instock","11":"sale","12":"shipping-taxable","13":"purchasable","14":"product-type-simple"},"_links":{"self":[{"href":"https:\/\/dogan-otomotiv.com\/index.php\/wp-json\/wp\/v2\/product\/6443","targetHints":{"allow":["GET"]}}],"collection":[{"href":"https:\/\/dogan-otomotiv.com\/index.php\/wp-json\/wp\/v2\/product"}],"about":[{"href":"https:\/\/dogan-otomotiv.com\/index.php\/wp-json\/wp\/v2\/types\/product"}],"replies":[{"embeddable":true,"href":"https:\/\/dogan-otomotiv.com\/index.php\/wp-json\/wp\/v2\/comments?post=6443"}],"wp:featuredmedia":[{"embeddable":true,"href":"https:\/\/dogan-otomotiv.com\/index.php\/wp-json\/wp\/v2\/media\/6444"}],"wp:attachment":[{"href":"https:\/\/dogan-otomotiv.com\/index.php\/wp-json\/wp\/v2\/media?parent=6443"}],"wp:term":[{"taxonomy":"product_cat","embeddable":true,"href":"https:\/\/dogan-otomotiv.com\/index.php\/wp-json\/wp\/v2\/product_cat?post=6443"},{"taxonomy":"product_tag","embeddable":true,"href":"https:\/\/dogan-otomotiv.com\/index.php\/wp-json\/wp\/v2\/product_tag?post=6443"}],"curies":[{"name":"wp","href":"https:\/\/api.w.org\/{rel}","templated":true}]}}