{"id":6417,"date":"2021-06-07T04:18:20","date_gmt":"2021-06-07T04:18:20","guid":{"rendered":"https:\/\/dogan-otomotiv.com\/?post_type=product&#038;p=6417"},"modified":"2023-08-09T07:48:10","modified_gmt":"2023-08-09T07:48:10","slug":"050905205aj-distributor-vw-golf-84-93-pass-85-88-a53-1-8-a80-aam-motor","status":"publish","type":"product","link":"https:\/\/dogan-otomotiv.com\/index.php\/urun\/050905205aj-distributor-vw-golf-84-93-pass-85-88-a53-1-8-a80-aam-motor\/","title":{"rendered":"050905205AJ D\u0130STR\u0130B\u00dcT\u00d6R VW GOLF 84-93 PASS 85-88 A53 1, 8 A80 AAM MOTOR"},"content":{"rendered":"<p>050905205AJ D\u0130STR\u0130B\u00dcT\u00d6R VW GOLF 84-93 PASS 85-88 A53 1,8 A80 YEN\u0130 ORJ<\/p>\n<p>VW Golf Mk2 1883 -1991 Golf MK1 Kabin 1979 -1983 1.6 EZ Distrib\u00fct\u00f6r 026 905 206 AF<\/p>\n<p>For SEAT CORDOBA (6 K 2\/C2) 1.6 i 05.94 &#8211; 06.99 55 75 1595<br \/>\nFor SEAT CORDOBA (6 K 2\/C2) 1.8 i 02.93 &#8211; 06.99 66 90 1781<br \/>\nFor SEAT CORDOBA Vario (6 K 5) 1.6 i 05.97 &#8211; 06.99 55 75 1595<br \/>\nFor SEAT IBIZA II (6 K 1) 1.6 i 09.94 &#8211; 06.99 55 75 1595<br \/>\nFor SEAT IBIZA II (6 K 1) 1.8 i 03.93 &#8211; 08.99 66 90 1781<br \/>\nFor SEAT INCA (6 K 9) 1.6 i 11.95 &#8211; 05.98 55 75 1595<br \/>\nFor SEAT TOLEDO I (1L) 1.6 i 05.91 &#8211; 12.93 52 71 1595<br \/>\nFor SEAT TOLEDO I (1L) 1.6 i 05.91 &#8211; 03.99 54 73 1595<br \/>\nFor SEAT TOLEDO I (1L) 1.6 i 01.93 &#8211; 03.99 55 75 1595<br \/>\nFor SEAT TOLEDO I (1L) 1.8 i 05.91 &#8211; 12.96 65 88 1781<br \/>\nFor SEAT TOLEDO I (1L) 1.8 i 11.93 &#8211; 12.96 66 90 1781<br \/>\nFor VW CADDY II Combi (9K9B) 1.6 11.95 &#8211; 05.97 55 75 1595<br \/>\nFor VW CADDY II box (9K9A) 75 1.6 11.95 &#8211; 05.97 55 75 1595<br \/>\nFor VW GOLF III (1 H 1) 1.8 11.91 &#8211; 08.97 55 75 1781<br \/>\nFor VW GOLF III (1 H 1) 1.8 11.91 &#8211; 08.97 66 90 1781<br \/>\nFor VW GOLF III (1 H 1) 1.8 Syncro (1HX1) 01.93 &#8211; 08.97 66 90 1781<br \/>\nFor VW GOLF III Variant (1 H 5) 1.8 07.93 &#8211; 04.99 55 75 1781<br \/>\nFor VW GOLF III Variant (1 H 5) 1.8 07.93 &#8211; 04.99 66 90 1781<br \/>\nFor VW GOLF III Variant (1 H 5) 1.8 Syncro 10.94 &#8211; 04.99 66 90 1781<br \/>\nFor VW Golf III convertible (1E7) 1.8 07.93 &#8211; 05.98 55 75 1781<br \/>\nFor VW Golf III convertible (1E7) 1.8 07.93 &#8211; 05.98 66 90 1781<br \/>\nFor VW GOLF IV convertible (1E7) 1.8 06.98 &#8211; 06.02 55 75 1781<br \/>\nFor VW GOLF IV convertible (1E7) 1.8 06.98 &#8211; 06.02 66 90 1781<br \/>\nFor VW PASSAT (3A2, 35I) 1.8 08.90 &#8211; 08.96 55 75 1781<br \/>\nFor VW PASSAT (3A2, 35I) 1.8 02.88 &#8211; 08.96 66 90 1781<br \/>\nFor VW PASSAT Variant (3A5, 35I) 1.8 08.90 &#8211; 05.97 55 75 1781<br \/>\nFor VW PASSAT Variant (3A5, 35I) 1.8 02.88 &#8211; 05.97 66 90 1781<br \/>\nFor VW POLO CLASSIC (6KV2) 75 1.6 11.95 &#8211; 09.97 55 75 1595<br \/>\nFor VW VENTO (1 H 2) 1.8 11.91 &#8211; 09.98 55 75 1781<br \/>\nFor VW VENTO (1 H 2) 1.8 11.91 &#8211; 09.98 66 90 1781<\/p>\n","protected":false},"excerpt":{"rendered":"<p>DO\u011eAN OTOMOT\u0130V YEDEK PAR\u00c7A<br \/>\nLTD \u015eT\u0130 \u0130VED\u0130K ORGAN\u0130ZE SAN 1471 SOKAK 91-A OST\u0130M ANKARA<br \/>\nSEM\u0130H SAVA\u015e\u00c7I (312) 395 20 95<br \/>\n0533 322 16 09<\/p>\n<p>MUSTAFA SAVA\u015e\u00c7I<br \/>\n0 (312) 395 20 95<br \/>\nIBAN NO: TR 54 0011 1000 0000 0098 3516 19<br \/>\nF\u0130NANSBANK ENPARA<br \/>\n\u015eUBE KODU: 03663<br \/>\nHESAP NO: 98351619<\/p>\n<p>Paket i\u00e7eri\u011fi: 1 Adet<br \/>\nSATI\u015e F\u0130YATI KDV DAH\u0130L pe\u015fin fiyat\u0131d\u0131r<\/p>\n<p>SAAT 18:00 KADAR VER\u0130LEN \u015e\u0130PAR\u0130\u015e AYNI G\u00dcN KARGO \u0130LE G\u00d6NDER\u0130M\u0130 YAPILIR.<br \/>\nKARGO \u0130ADES\u0130 DURUMUNDA<br \/>\nKARGO \u00dcCRET\u0130 M\u00dc\u015eTER\u0130YE A\u0130TT\u0130R. AYRICA KARGODA KIRILAN PAR\u00c7ALARDAN SORUMLU DEY\u0130L\u0130Z<\/p>\n","protected":false},"featured_media":6418,"comment_status":"open","ping_status":"closed","template":"","meta":{"_joinchat":[]},"product_cat":[24],"product_tag":[4645,8647],"class_list":{"0":"post-6417","1":"product","2":"type-product","3":"status-publish","4":"has-post-thumbnail","6":"product_cat-audi","7":"product_tag-050905205aj-distributor-vw-golf-84-93-pass-85-88-a53-1","8":"product_tag-8-a80-aam-motor-orj-yeni","10":"first","11":"instock","12":"sale","13":"shipping-taxable","14":"purchasable","15":"product-type-simple"},"_links":{"self":[{"href":"https:\/\/dogan-otomotiv.com\/index.php\/wp-json\/wp\/v2\/product\/6417","targetHints":{"allow":["GET"]}}],"collection":[{"href":"https:\/\/dogan-otomotiv.com\/index.php\/wp-json\/wp\/v2\/product"}],"about":[{"href":"https:\/\/dogan-otomotiv.com\/index.php\/wp-json\/wp\/v2\/types\/product"}],"replies":[{"embeddable":true,"href":"https:\/\/dogan-otomotiv.com\/index.php\/wp-json\/wp\/v2\/comments?post=6417"}],"wp:featuredmedia":[{"embeddable":true,"href":"https:\/\/dogan-otomotiv.com\/index.php\/wp-json\/wp\/v2\/media\/6418"}],"wp:attachment":[{"href":"https:\/\/dogan-otomotiv.com\/index.php\/wp-json\/wp\/v2\/media?parent=6417"}],"wp:term":[{"taxonomy":"product_cat","embeddable":true,"href":"https:\/\/dogan-otomotiv.com\/index.php\/wp-json\/wp\/v2\/product_cat?post=6417"},{"taxonomy":"product_tag","embeddable":true,"href":"https:\/\/dogan-otomotiv.com\/index.php\/wp-json\/wp\/v2\/product_tag?post=6417"}],"curies":[{"name":"wp","href":"https:\/\/api.w.org\/{rel}","templated":true}]}}