{"id":6396,"date":"2021-06-01T09:44:40","date_gmt":"2021-06-01T09:44:40","guid":{"rendered":"https:\/\/dogan-otomotiv.com\/?post_type=product&#038;p=6396"},"modified":"2022-01-30T12:00:28","modified_gmt":"2022-01-30T12:00:28","slug":"03g906461c-hava-akis-metresi-t5-passat-2-el-orj","status":"publish","type":"product","link":"https:\/\/dogan-otomotiv.com\/index.php\/urun\/03g906461c-hava-akis-metresi-t5-passat-2-el-orj\/","title":{"rendered":"03G906461C HAVA AKI\u015e METRES\u0130 T5 PASSAT 2 EL ORJ"},"content":{"rendered":"<p>03G906461C HAVA AKI\u015e METRES\u0130 T5 PASSAT 2 EL ORJ<br \/>\nVW Beetle Cabrio (5C7, 5C8) (Yap\u0131m Y\u0131l\u0131 04.2012 &#8211; 07.2016, 140 PS, Dizel)<br \/>\nVW Beetle Hatchback (5C1, 5C2) (Yap\u0131m Y\u0131l\u0131 04.2011 &#8211; 07.2016, 140 PS, Dizel)<br \/>\nVW Eos (1F7, 1F8) (Yap\u0131m Y\u0131l\u0131 05.2008 &#8211; 08.2015, 140 PS, Dizel)<br \/>\nVW Golf Plus \/ Crossgolf (5M1, 521) (Yap\u0131m Y\u0131l\u0131 01.2005 &#8211; 12.2013, 110 &#8211; 140 PS, Dizel)<br \/>\nVW Golf VI Hatchback (5K1) (Yap\u0131m Y\u0131l\u0131 10.2008 &#8211; 05.2013, 110 &#8211; 170 PS, Dizel)<br \/>\nVW Golf VI Varyant\u0131 (AJ5) (Yap\u0131m Y\u0131l\u0131 07.2009 &#8211; 07.2013, 136-140 PS, Dizel)<br \/>\nVW Multivan T5 (7HM, 7HN, 7HF, 7EF, 7EM, 7EN) (Yap\u0131m Y\u0131l\u0131 04.2003 &#8211; 11.2009, 130 &#8211; 174 PS, Dizel)<br \/>\nVW Passat CC (357) (Yap\u0131m Y\u0131l\u0131 06.2008 &#8211; 01.2012, 136 &#8211; 170 PS, Dizel)<br \/>\nVW Passat B6 Sedan (3C2) (Yap\u0131m Y\u0131l\u0131 03.2005 &#8211; 11.2010, 110 &#8211; 170 PS, Dizel)<br \/>\nVW Passat B6 Varyant\u0131 (3C5) (Yap\u0131m Y\u0131l\u0131 08.2005 &#8211; 11.2010, 110 &#8211; 170 PS, Dizel)<br \/>\nVW Scirocco III (137, 138) (Yap\u0131m Y\u0131l\u0131 08.2008 &#8211; 11.2017, 140-170 PS, Dizel)<br \/>\nVW Tiguan I (5N) (Yap\u0131m Y\u0131l\u0131 09.2007 &#8211; 07.2018, 136 &#8211; 170 PS, Dizel)<br \/>\nVW Touareg I (7LA, 7L6, 7L7) (Yap\u0131m Y\u0131l\u0131 01.2003 &#8211; 05.2010, 163 &#8211; 174 PS, Dizel)<br \/>\nVW Touran I (1T3) (Yap\u0131m Y\u0131l\u0131 05.2010 &#8211; 05.2015, 110 &#8211; 170 PS, Dizel)<br \/>\nVW Transporter T5 Minib\u00fcs (7HB, 7HJ, 7EB, 7EJ, 7EF, 7EG, 7HF, 7EC) (Yap\u0131m Y\u0131l\u0131 04.2003 &#8211; 11.2009, 130 &#8211; 174 PS, Dizel)<br \/>\nVW Transporter T5 Platform \/ \u015easi (7JD, 7JE, 7JL, 7JY, 7JZ, 7FD) (Yap\u0131m Y\u0131l\u0131 04.2003 &#8211; 11.2009, 130 &#8211; 174 PS, Dizel)<br \/>\nVW Transporter T5 Van (7HA, 7HH, 7EA, 7EH) (Yap\u0131m Y\u0131l\u0131 04.2003 &#8211; 11.2009, 130 &#8211; 174 PS, Dizel)<\/p>\n<p>SKODA Octavia II Hatchback (1Z3) (Yap\u0131m Y\u0131l\u0131 04.2006 &#8211; 02.2013, 170 PS, Dizel)<br \/>\nSKODA Octavia II Kombi (1Z5) (Yap\u0131m Y\u0131l\u0131 04.2006 &#8211; 02.2013, 170 PS, Dizel)<br \/>\nSKODA Superb II Hatchback (3T4) (Yap\u0131m Y\u0131l\u0131 07.2008 &#8211; 05.2015, 170 PS, Dizel)<br \/>\nSKODA Superb II Estate (3T5) (Yap\u0131m Y\u0131l\u0131 10.2009 &#8211; 05.2015, 170 PS, Dizel)<br \/>\nSKODA Yeti (5L) (Yap\u0131m Y\u0131l\u0131 05.2009 &#8211; 12.2017, 140 &#8211; 170 PS, Dizel)<\/p>\n<p>AUDI A3 Cabrio (8P7) (Yap\u0131m Y\u0131l\u0131 04.2008 &#8211; 05.2013, 105 &#8211; 140 PS, Dizel)<br \/>\nAUDI A3 Hatchback (8P1) (Yap\u0131m Y\u0131l\u0131 05.2003 &#8211; 08.2012, 136 &#8211; 170 PS, Dizel)<br \/>\nAUDI A3 Sportback (8PA) (Yap\u0131m Y\u0131l\u0131 09.2004 &#8211; 03.2013, 136-140 PS, Dizel)<br \/>\nAUDI A4 B8 Allroad (8KH) (Yap\u0131m Y\u0131l\u0131 04.2009 &#8211; 05.2016, 136 &#8211; 170 PS, Dizel)<br \/>\nAUDI A4 B8 Avant (8K5) (Yap\u0131m Y\u0131l\u0131 04.2008 &#8211; 12.2015, 120 &#8211; 170 PS, Dizel)<br \/>\nAUDI A4 B8 Sedan (8K2) (Yap\u0131m Y\u0131l\u0131 11.2007 &#8211; 12.2015, 120 &#8211; 170 PS, Dizel)<br \/>\nAUDI A5 B8 Cabrio (8F7) (Yap\u0131m Y\u0131l\u0131 05.2009 &#8211; 06.2014, 163 &#8211; 170 PS, Dizel)<br \/>\nAUDI A5 B8 Coupe (8T3) (Yap\u0131m Y\u0131l\u0131 08.2008 &#8211; 01.2017, 163 &#8211; 170 PS, Dizel)<br \/>\nAUDI A5 B8 Sportback (8TA) (Yap\u0131m Y\u0131l\u0131 09.2009 &#8211; 01.2017, 136 &#8211; 170 PS, Dizel)<br \/>\nAUDI A6 C6 Avant (4F5) (Yap\u0131m Y\u0131l\u0131 06.2005 &#8211; 08.2011, 136 &#8211; 170 PS, Dizel)<br \/>\nAUDI A6 C6 Salon (4F2) (Yap\u0131m Y\u0131l\u0131 07.2004 &#8211; 03.2011, 136-170 PS, Dizel)<br \/>\nAUDI Q5 (8RB) (Yap\u0131m Y\u0131l\u0131 11.2008 &#8211; 05.2017, 136 &#8211; 170 PS, Dizel)<br \/>\nAUDI TT Coupe (8J3) (Yap\u0131m Y\u0131l\u0131 06.2008 &#8211; 06.2014, 170 PS, Dizel)<br \/>\nAUDI TT Roadster (8J9) (Yap\u0131m Y\u0131l\u0131 06.2008 &#8211; 06.2014, 170 PS, Dizel)<\/p>\n<p>SEAT Altea (5P1) (Yap\u0131m Y\u0131l\u0131 03.2006 &#8211; &#8230;, 170 PS, Dizel)<br \/>\nSEAT Altea XL (5P5, 5P8) (Yap\u0131m Y\u0131l\u0131 06.2007 &#8211; &#8230;, 170 PS, Dizel)<br \/>\nSEAT Exeo Sedan (3R2) (Yap\u0131m Y\u0131l\u0131 12.2008 &#8211; 05.2013, 120 &#8211; 170 PS, Dizel)<br \/>\nSEAT Exeo ST (3R5) (Yap\u0131m Y\u0131l\u0131 05.2009 &#8211; 05.2013, 120 &#8211; 170 PS, Dizel)<br \/>\nSEAT Leon II Hatchback (1P1) (Yap\u0131m Y\u0131l\u0131 05.2006 &#8211; 12.2012, 170 PS, Dizel)<br \/>\nSEAT Toledo III (5P2) (Yap\u0131m Y\u0131l\u0131 01.2006 &#8211; 05.2009, 170 PS, Dizel)<\/p>\n","protected":false},"excerpt":{"rendered":"<p>DO\u011eAN OTOMOT\u0130V YEDEK PAR\u00c7A<br \/>\nLTD \u015eT\u0130 \u0130VED\u0130K ORGAN\u0130ZE SAN 1471 SOKAK 91-A OST\u0130M ANKARA<br \/>\nSEM\u0130H SAVA\u015e\u00c7I (312) 395 20 95<br \/>\n0533 322 16 09<\/p>\n<p>MUSTAFA SAVA\u015e\u00c7I<br \/>\n0 (312) 395 20 95<br \/>\nIBAN NO: TR 54 0011 1000 0000 0098 3516 19<br \/>\nF\u0130NANSBANK ENPARA<br \/>\n\u015eUBE KODU: 03663<br \/>\nHESAP NO: 98351619<\/p>\n<p>Paket i\u00e7eri\u011fi: 1 Adet<br \/>\nSATI\u015e F\u0130YATI KDV DAH\u0130L pe\u015fin fiyat\u0131d\u0131r<\/p>\n<p>SAAT 18:00 KADAR VER\u0130LEN \u015e\u0130PAR\u0130\u015e AYNI G\u00dcN KARGO \u0130LE G\u00d6NDER\u0130M\u0130 YAPILIR.<br \/>\nKARGO \u0130ADES\u0130 DURUMUNDA<br \/>\nKARGO \u00dcCRET\u0130 M\u00dc\u015eTER\u0130YE A\u0130TT\u0130R. AYRICA KARGODA KIRILAN PAR\u00c7ALARDAN SORUMLU DEY\u0130L\u0130Z<\/p>\n","protected":false},"featured_media":6397,"comment_status":"open","ping_status":"closed","template":"","meta":{"_joinchat":[]},"product_cat":[15,24,19,20],"product_tag":[4641],"class_list":{"0":"post-6396","1":"product","2":"type-product","3":"status-publish","4":"has-post-thumbnail","6":"product_cat-volkswagen","7":"product_cat-audi","8":"product_cat-seat","9":"product_cat-skoda","10":"product_tag-03g906461c-hava-akis-metresi-t5-passat-2-el-orj","12":"first","13":"instock","14":"sale","15":"shipping-taxable","16":"purchasable","17":"product-type-simple"},"_links":{"self":[{"href":"https:\/\/dogan-otomotiv.com\/index.php\/wp-json\/wp\/v2\/product\/6396","targetHints":{"allow":["GET"]}}],"collection":[{"href":"https:\/\/dogan-otomotiv.com\/index.php\/wp-json\/wp\/v2\/product"}],"about":[{"href":"https:\/\/dogan-otomotiv.com\/index.php\/wp-json\/wp\/v2\/types\/product"}],"replies":[{"embeddable":true,"href":"https:\/\/dogan-otomotiv.com\/index.php\/wp-json\/wp\/v2\/comments?post=6396"}],"wp:featuredmedia":[{"embeddable":true,"href":"https:\/\/dogan-otomotiv.com\/index.php\/wp-json\/wp\/v2\/media\/6397"}],"wp:attachment":[{"href":"https:\/\/dogan-otomotiv.com\/index.php\/wp-json\/wp\/v2\/media?parent=6396"}],"wp:term":[{"taxonomy":"product_cat","embeddable":true,"href":"https:\/\/dogan-otomotiv.com\/index.php\/wp-json\/wp\/v2\/product_cat?post=6396"},{"taxonomy":"product_tag","embeddable":true,"href":"https:\/\/dogan-otomotiv.com\/index.php\/wp-json\/wp\/v2\/product_tag?post=6396"}],"curies":[{"name":"wp","href":"https:\/\/api.w.org\/{rel}","templated":true}]}}