{"id":6391,"date":"2021-06-01T07:27:10","date_gmt":"2021-06-01T07:27:10","guid":{"rendered":"https:\/\/dogan-otomotiv.com\/?post_type=product&#038;p=6391"},"modified":"2024-12-24T14:36:07","modified_gmt":"2024-12-24T14:36:07","slug":"03p906461b-hava-akis-metre-cfw-12tdi-vw-polo-orj-yeni","status":"publish","type":"product","link":"https:\/\/dogan-otomotiv.com\/index.php\/urun\/03p906461b-hava-akis-metre-cfw-12tdi-vw-polo-orj-yeni\/","title":{"rendered":"03P906461B HAVA AKI\u015e METRE CFW 1,2TDI VW POLO ORJ  YEN\u0130"},"content":{"rendered":"<p>03P906461HAVA AKI\u015e METRE CFW 1,2TDI VW POLO (B15) \u00c7IKMA<br \/>\nOEN 03P 906 461 \u2014 SEAT<\/p>\n<p>BOSCH 0281006132<\/p>\n<p>OEN 03P 906 461 \u2014 SKODA<\/p>\n<p>OEN 03P 906 461 &#8211; VW<\/p>\n<p>Model year to:05.2015 Seat Ibiza 2015 Diesel Coupe 1.2 TDI FWD Mk IV 6J1,6P5 1199cc 55KW 75HP CFWA<\/p>\n<p>Model year to:05.2015 Seat Ibiza 2015 Diesel Estate 1.2 TDI FWD Mk IV 6J8,6P8 1199cc 55KW 75HP CFWA<\/p>\n<p>Model year to:05.2015 Seat Ibiza 2014 Diesel Coupe 1.2 TDI FWD Mk IV 6J1,6P5 1199cc 55KW 75HP CFWA<\/p>\n<p>Model year to:05.2015 Seat Ibiza 2014 Diesel Estate 1.2 TDI FWD Mk IV 6J8,6P8 1199cc 55KW 75HP CFWA<\/p>\n<p>Model year to:05.2015 Seat Ibiza 2013 Diesel Coupe 1.2 TDI FWD Mk IV 6J1,6P5 1199cc 55KW 75HP CFWA<\/p>\n<p>Model year to:05.2015 Seat Ibiza 2013 Diesel Estate 1.2 TDI FWD Mk IV 6J8,6P8 1199cc 55KW 75HP CFWA<\/p>\n<p>Model year to:05.2015 Seat Ibiza 2012 Diesel Coupe 1.2 TDI FWD Mk IV 6J1,6P5 1199cc 55KW 75HP CFWA<\/p>\n<p>Model year to:05.2015 Seat Ibiza 2012 Diesel Estate 1.2 TDI FWD Mk IV 6J8,6P8 1199cc 55KW 75HP CFWA<\/p>\n<p>Model year to:05.2015 Seat Ibiza 2012 Diesel Hatchback 1.2 TDI FWD Mk IV 6J5,6P1 1199cc 55KW 75HP CFWA<\/p>\n<p>Model year to:05.2015 Seat Ibiza 2011 Diesel Coupe 1.2 TDI FWD Mk IV 6J1,6P5 1199cc 55KW 75HP CFWA<\/p>\n<p>Model year to:05.2015 Seat Ibiza 2011 Diesel Estate 1.2 TDI FWD Mk IV 6J8,6P8 1199cc 55KW 75HP CFWA<\/p>\n<p>Model year to:05.2015 Seat Ibiza 2011 Diesel Hatchback 1.2 TDI FWD Mk IV 6J5,6P1 1199cc 55KW 75HP CFWA<\/p>\n<p>Model year to:05.2015 Seat Ibiza 2010 Diesel Coupe 1.2 TDI FWD Mk IV 6J1,6P5 1199cc 55KW 75HP CFWA<\/p>\n<p>Model year to:05.2015 Seat Ibiza 2010 Diesel Estate 1.2 TDI FWD Mk IV 6J8,6P8 1199cc 55KW 75HP CFWA<\/p>\n<p>Model year to:05.2015 Seat Ibiza 2010 Diesel Hatchback 1.2 TDI FWD Mk IV 6J5,6P1 1199cc 55KW 75HP CFWA<\/p>\n<p>     Skoda Fabia 2014 Diesel Estate 1.2 TDI FWD II 545,5J,5J 1199cc 55KW 75HP CFWA<\/p>\n<p>     Skoda Fabia 2014 Diesel Hatchback 1.2 TDI FWD II 542,5J,5J 1199cc 55KW 75HP CFWA<\/p>\n<p>     Skoda abia 2013 Diesel Estate 1.2 TDI FWD II 545,5J,5J 1199cc 55KW 75HP CFWA<\/p>\n<p>     Skoda Fabia 2013 Diesel Hatchback 1.2 TDI FWD II 542,5J,5J 1199cc 55KW 75HP CFWA<\/p>\n<p>     Skoda Fabia 2012 Diesel Estate 1.2 TDI FWD II 545,5J,5J 1199cc 55KW 75HP CFWA<\/p>\n<p>     Skoda Fabia 2012 Diesel Hatchback 1.2 TDI FWD II 542,5J,5J 1199cc 55KW 75HP CFWA<\/p>\n<p>     Skoda Fabia 2011 Diesel Estate 1.2 TDI FWD II 545,5J,5J 1199cc 55KW 75HP CFWA<\/p>\n<p>     Skoda Fabia 2011 Diesel Hatchback 1.2 TDI FWD II 542,5J,5J 1199cc 55KW 75HP CFWA<\/p>\n<p>     Skoda Fabia 2010 Diesel Estate 1.2 TDI FWD II 545,5J,5J 1199cc 55KW 75HP CFWA<\/p>\n<p>     Skoda Fabia 2010 Diesel Hatchback 1.2 TDI FWD II 542,5J,5J 1199cc 55KW 75HP CFWA<\/p>\n<p>     Skoda Roomster 2015 Diesel Estate Van 1.2 TDI FWD &#8212; 5J 1199cc 55KW 75HP CFWA<\/p>\n<p>     Skoda Roomster 2015 Diesel MPV 1.2 TDI FWD &#8212; 5J7 1199cc 55KW 75HP CFWA<\/p>\n<p>     Skoda Roomster 2014 Diesel Estate Van 1.2 TDI FWD &#8212; 5J 1199cc 55KW 75HP CFWA<\/p>\n<p>     Skoda Roomster 2014 Diesel MPV 1.2 TDI FWD &#8212; 5J7 1199cc 55KW 75HP CFWA<\/p>\n<p>     Skoda Roomster 2013 Diesel Estate Van 1.2 TDI FWD &#8212; 5J 1199cc 55KW 75HP CFWA<\/p>\n<p>     Skoda Roomster 2013 Diesel MPV 1.2 TDI FWD &#8212; 5J7 1199cc 55KW 75HP CFWA<\/p>\n<p>     Skoda Roomster 2012 Diesel Estate Van 1.2 TDI FWD &#8212; 5J 1199cc 55KW 75HP CFWA<\/p>\n<p>     Skoda Roomster 2012 Diesel MPV 1.2 TDI FWD &#8212; 5J7 1199cc 55KW 75HP CFWA<\/p>\n<p>     Skoda Roomster 2011 Diesel Estate Van 1.2 TDI FWD &#8212; 5J 1199cc 55KW 75HP CFWA<\/p>\n<p>     Skoda Roomster 2011 Diesel MPV 1.2 TDI FWD &#8212; 5J7 1199cc 55KW 75HP CFWA<\/p>\n<p>     Skoda Roomster 2010 Diesel Estate Van 1.2 TDI FWD &#8212; 5J 1199cc 55KW 75HP CFWA<\/p>\n<p>     Skoda Roomster 2010 Diesel MPV 1.2 TDI FWD &#8212; 5J7 1199cc 55KW 75HP CFWA<\/p>\n<p>Model year to:02.2014 VW Polo 2021 Diesel Hatchback 1.2 TDI FWD V 601,603,6C1,6R1 1199cc 55KW 75HP CFWA<\/p>\n<p>Model year to:02.2014 VW Polo 2020 Diesel Hatchback 1.2 TDI FWD V 601,603,6C1,6R1 1199cc 55KW 75HP CFWA<\/p>\n<p>Model year to:02.2014 VW Polo 2019 Diesel Hatchback 1.2 TDI FWD V 601,603,6C1,6R1 1199cc 55KW 75HP CFWA<\/p>\n<p>Model year to:02.2014 VW Polo 2018 Diesel Hatchback 1.2 TDI FWD V 601,603,6C1,6R1 1199cc 55KW 75HP CFWA<\/p>\n<p>Model year to:02.2014 VW Polo 2017 Diesel Hatchback 1.2 TDI FWD V 601,603,6C1,6R1 1199cc 55KW 75HP CFWA<\/p>\n<p>Model year to:02.2014 VW Polo 2016 Diesel Hatchback 1.2 TDI FWD V 601,603,6C1,6R1 1199cc 55KW 75HP CFWA<\/p>\n<p>Model year to:02.2014 VW Polo 2015 Diesel Hatchback 1.2 TDI FWD V 601,603,6C1,6R1 1199cc 55KW 75HP CFWA<\/p>\n<p>Model year to:02.2014 VW Polo 2014 Diesel Hatchback 1.2 TDI FWD V 601,603,6C1,6R1 1199cc 55KW 75HP CFWA<\/p>\n<p>Model year to:02.2014 VW Polo 2013 Diesel Hatchback 1.2 TDI FWD V 601,603,6C1,6R1 1199cc 55KW 75HP CFWA<\/p>\n<p>Model year to:02.2014 VW Polo 2012 Diesel Hatchback 1.2 TDI FWD V 601,603,6C1,6R1 1199cc 55KW 75HP CFWA<\/p>\n<p>Model year to:02.2014 VW Polo 2011 Diesel Hatchback 1.2 TDI FWD V 601,603,6C1,6R1 1199cc 55KW 75HP CFWA<\/p>\n<p>Model year to:02.2014 VW Polo 2010 Diesel Hatchback 1.2 TDI FWD V 601,603,6C1,6R1 1199cc 55KW 75HP CFWA<\/p>\n<p>Model year to:02.2014 VW Polo 2009 Diesel Hatchback 1.2 TDI FWD V 601,603,6C1,6R1 1199cc 55KW 75HP CFWA<\/p>\n","protected":false},"excerpt":{"rendered":"<p>DO\u011eAN OTOMOT\u0130V YEDEK PAR\u00c7A<br \/>\nLTD \u015eT\u0130 \u0130VED\u0130K ORGAN\u0130ZE SAN 1471 SOKAK 91-A OST\u0130M ANKARA<br \/>\nSEM\u0130H SAVA\u015e\u00c7I (312) 395 20 95<br \/>\n0533 322 16 09<\/p>\n<p>MUSTAFA SAVA\u015e\u00c7I<br \/>\n0 (312) 395 20 95<br \/>\nIBAN NO: TR 54 0011 1000 0000 0098 3516 19<br \/>\nF\u0130NANSBANK ENPARA<br \/>\n\u015eUBE KODU: 03663<br \/>\nHESAP NO: 98351619<\/p>\n<p>Paket i\u00e7eri\u011fi: 1 Adet<br \/>\nSATI\u015e F\u0130YATI KDV DAH\u0130L pe\u015fin fiyat\u0131d\u0131r<\/p>\n<p>SAAT 18:00 KADAR VER\u0130LEN \u015e\u0130PAR\u0130\u015e AYNI G\u00dcN KARGO \u0130LE G\u00d6NDER\u0130M\u0130 YAPILIR.<br \/>\nKARGO \u0130ADES\u0130 DURUMUNDA<br \/>\nKARGO \u00dcCRET\u0130 M\u00dc\u015eTER\u0130YE A\u0130TT\u0130R. AYRICA KARGODA KIRILAN PAR\u00c7ALARDAN SORUMLU DEY\u0130L\u0130Z<\/p>\n","protected":false},"featured_media":10998,"comment_status":"open","ping_status":"closed","template":"","meta":{"_joinchat":[]},"product_cat":[15,24,19,20],"product_tag":[7548,7549],"class_list":{"0":"post-6391","1":"product","2":"type-product","3":"status-publish","4":"has-post-thumbnail","6":"product_cat-volkswagen","7":"product_cat-audi","8":"product_cat-seat","9":"product_cat-skoda","10":"product_tag-03p906461b-hava-akis-metre-cfw-1","11":"product_tag-2tdi-vw-polo-orj-yeni","13":"first","14":"instock","15":"sale","16":"shipping-taxable","17":"purchasable","18":"product-type-simple"},"_links":{"self":[{"href":"https:\/\/dogan-otomotiv.com\/index.php\/wp-json\/wp\/v2\/product\/6391","targetHints":{"allow":["GET"]}}],"collection":[{"href":"https:\/\/dogan-otomotiv.com\/index.php\/wp-json\/wp\/v2\/product"}],"about":[{"href":"https:\/\/dogan-otomotiv.com\/index.php\/wp-json\/wp\/v2\/types\/product"}],"replies":[{"embeddable":true,"href":"https:\/\/dogan-otomotiv.com\/index.php\/wp-json\/wp\/v2\/comments?post=6391"}],"wp:featuredmedia":[{"embeddable":true,"href":"https:\/\/dogan-otomotiv.com\/index.php\/wp-json\/wp\/v2\/media\/10998"}],"wp:attachment":[{"href":"https:\/\/dogan-otomotiv.com\/index.php\/wp-json\/wp\/v2\/media?parent=6391"}],"wp:term":[{"taxonomy":"product_cat","embeddable":true,"href":"https:\/\/dogan-otomotiv.com\/index.php\/wp-json\/wp\/v2\/product_cat?post=6391"},{"taxonomy":"product_tag","embeddable":true,"href":"https:\/\/dogan-otomotiv.com\/index.php\/wp-json\/wp\/v2\/product_tag?post=6391"}],"curies":[{"name":"wp","href":"https:\/\/api.w.org\/{rel}","templated":true}]}}