{"id":6371,"date":"2021-05-31T11:12:12","date_gmt":"2021-05-31T11:12:12","guid":{"rendered":"https:\/\/dogan-otomotiv.com\/?post_type=product&#038;p=6371"},"modified":"2024-02-07T13:19:11","modified_gmt":"2024-02-07T13:19:11","slug":"0280218111-2816438210-akismetresi-kia-cerato-sorento-hyundai","status":"publish","type":"product","link":"https:\/\/dogan-otomotiv.com\/index.php\/urun\/0280218111-2816438210-akismetresi-kia-cerato-sorento-hyundai\/","title":{"rendered":"0280218111 2816438210 AKI\u015eMETRES\u0130 KIA Cerato Sorento HYUNDAI-"},"content":{"rendered":"<p>0280218111 2816438210 AKI\u015eMETRES\u0130 Kia Sorento i\u00e7in Hava 1000087-<\/p>\n<p>HYUNDAI<br \/>\nHYUNDAI H-1 MPV (A1) (Yap\u0131m Y\u0131l\u0131 06.1997 &#8211; 04.2004, 112 &#8211; 137 PS, Benzin)<br \/>\nHYUNDAI H-1 Van (A1) (Yap\u0131m Y\u0131l\u0131 03.2000 &#8211; 04.2004, 112 PS, Benzin)<br \/>\nHYUNDAI Santa Fe I (SM) (Yap\u0131m Y\u0131l\u0131 02.2001 &#8211; 03.2006, 136 &#8211; 173 PS, Benzin)<\/p>\n<p>K\u0130A<br \/>\nKIA Cerato Sedan (LD) (Yap\u0131m Y\u0131l\u0131 04.2004 &#8211; 12.2009, 105 PS, Benzin)<br \/>\nKIA Sorento I (JC) (Yap\u0131m Y\u0131l\u0131 08.2002 &#8211; &#8230;, 139 PS, Benzin)<\/p>\n","protected":false},"excerpt":{"rendered":"<p>DO\u011eAN OTOMOT\u0130V YEDEK PAR\u00c7A<br \/>\nLTD \u015eT\u0130 \u0130VED\u0130K ORGAN\u0130ZE SAN 1471 SOKAK 91-A OST\u0130M ANKARA<br \/>\nSEM\u0130H SAVA\u015e\u00c7I (312) 395 20 95<br \/>\n0533 322 16 09<\/p>\n<p>MUSTAFA SAVA\u015e\u00c7I<br \/>\n0 (312) 395 20 95<br \/>\nIBAN NO: TR 54 0011 1000 0000 0098 3516 19<br \/>\nF\u0130NANSBANK ENPARA<br \/>\n\u015eUBE KODU: 03663<br \/>\nHESAP NO: 98351619<\/p>\n<p>Paket i\u00e7eri\u011fi: 1 Adet<br \/>\nSATI\u015e F\u0130YATI KDV DAH\u0130L pe\u015fin fiyat\u0131d\u0131r<\/p>\n<p>SAAT 18:00 KADAR VER\u0130LEN \u015e\u0130PAR\u0130\u015e AYNI G\u00dcN KARGO \u0130LE G\u00d6NDER\u0130M\u0130 YAPILIR.<br \/>\nKARGO \u0130ADES\u0130 DURUMUNDA<br \/>\nKARGO \u00dcCRET\u0130 M\u00dc\u015eTER\u0130YE A\u0130TT\u0130R. AYRICA KARGODA KIRILAN PAR\u00c7ALARDAN SORUMLU DEY\u0130L\u0130Z<\/p>\n","protected":false},"featured_media":6372,"comment_status":"open","ping_status":"closed","template":"","meta":{"_joinchat":[]},"product_cat":[146,145],"product_tag":[4632],"class_list":{"0":"post-6371","1":"product","2":"type-product","3":"status-publish","4":"has-post-thumbnail","6":"product_cat-hyundai","7":"product_cat-kia","8":"product_tag-0280218111-2816438210-akismetresi-kia-cerato-sorento-hyundai","10":"first","11":"instock","12":"sale","13":"shipping-taxable","14":"purchasable","15":"product-type-simple"},"_links":{"self":[{"href":"https:\/\/dogan-otomotiv.com\/index.php\/wp-json\/wp\/v2\/product\/6371","targetHints":{"allow":["GET"]}}],"collection":[{"href":"https:\/\/dogan-otomotiv.com\/index.php\/wp-json\/wp\/v2\/product"}],"about":[{"href":"https:\/\/dogan-otomotiv.com\/index.php\/wp-json\/wp\/v2\/types\/product"}],"replies":[{"embeddable":true,"href":"https:\/\/dogan-otomotiv.com\/index.php\/wp-json\/wp\/v2\/comments?post=6371"}],"wp:featuredmedia":[{"embeddable":true,"href":"https:\/\/dogan-otomotiv.com\/index.php\/wp-json\/wp\/v2\/media\/6372"}],"wp:attachment":[{"href":"https:\/\/dogan-otomotiv.com\/index.php\/wp-json\/wp\/v2\/media?parent=6371"}],"wp:term":[{"taxonomy":"product_cat","embeddable":true,"href":"https:\/\/dogan-otomotiv.com\/index.php\/wp-json\/wp\/v2\/product_cat?post=6371"},{"taxonomy":"product_tag","embeddable":true,"href":"https:\/\/dogan-otomotiv.com\/index.php\/wp-json\/wp\/v2\/product_tag?post=6371"}],"curies":[{"name":"wp","href":"https:\/\/api.w.org\/{rel}","templated":true}]}}