{"id":6351,"date":"2021-05-30T06:47:48","date_gmt":"2021-05-30T06:47:48","guid":{"rendered":"https:\/\/dogan-otomotiv.com\/?post_type=product&#038;p=6351"},"modified":"2021-05-30T06:47:49","modified_gmt":"2021-05-30T06:47:49","slug":"0280218009-hava-akis-porsche-99660612400-911-996-3-4-carrera","status":"publish","type":"product","link":"https:\/\/dogan-otomotiv.com\/index.php\/urun\/0280218009-hava-akis-porsche-99660612400-911-996-3-4-carrera\/","title":{"rendered":"0280218009 HAVA AKI\u015e Porsche 99660612400 911 (996) 3.4 Carrera"},"content":{"rendered":"<p>0280218009 HAVA AKI\u015e Porsche 99660612400 911 (996) 3.4 Carrera<\/p>\n<p>* 911 (996) 3.4 Carrera, 3.6 GT2, 3.6 Turbo 4<br \/>\n* 911 Convertible (996) 3.4 Carrera, 3.6 Turbo 4S<\/p>\n<p>PORSCHE 911 Coupe (996) (Yap\u0131m Y\u0131l\u0131 09.1997 &#8211; 08.2005, 301 &#8211; 345 PS, Petrol)<br \/>\nPORSCHE 911 Coupe (997) (Yap\u0131m Y\u0131l\u0131 07.2004 &#8211; 12.2012, 325 &#8211; 450 PS, Benzin)<br \/>\nPORSCHE 911 Cabrio (996) (Yap\u0131m Y\u0131l\u0131 10.2001 &#8211; 08.2005, 320 &#8211; 345 PS, Benzin)<br \/>\nPORSCHE 911 \u00dcst\u00fc A\u00e7\u0131labilir (997) (Yap\u0131m Y\u0131l\u0131 04.2005 &#8211; 12.2012, 325 &#8211; 408 PS, Petrol)<br \/>\nPORSCHE 911 Targa (996) (Yap\u0131m Y\u0131l\u0131 12.2001 &#8211; 08.2005, 320 PS, Benzin)<br \/>\nPORSCHE 911 Targa (997) (Yap\u0131m Y\u0131l\u0131 07.2006 &#8211; 12.2008, 325 &#8211; 355 PS, Benzin)<br \/>\nPORSCHE Boxster (986) (Yap\u0131m Y\u0131l\u0131 09.1996 &#8211; 12.2004, 204 &#8211; 266 PS, Benzin)<\/p>\n","protected":false},"excerpt":{"rendered":"<p>DO\u011eAN OTOMOT\u0130V YEDEK PAR\u00c7A<br \/>\nLTD \u015eT\u0130 \u0130VED\u0130K ORGAN\u0130ZE SAN 1471 SOKAK 91-A OST\u0130M ANKARA<br \/>\nSEM\u0130H SAVA\u015e\u00c7I (312) 395 20 95<br \/>\n0533 322 16 09<\/p>\n<p>MUSTAFA SAVA\u015e\u00c7I<br \/>\n0 (312) 395 20 95<br \/>\nIBAN NO: TR 54 0011 1000 0000 0098 3516 19<br \/>\nF\u0130NANSBANK ENPARA<br \/>\n\u015eUBE KODU: 03663<br \/>\nHESAP NO: 98351619<\/p>\n<p>Paket i\u00e7eri\u011fi: 1 Adet<br \/>\nSATI\u015e F\u0130YATI KDV DAH\u0130L pe\u015fin fiyat\u0131d\u0131r<\/p>\n<p>SAAT 18:00 KADAR VER\u0130LEN \u015e\u0130PAR\u0130\u015e AYNI G\u00dcN KARGO \u0130LE G\u00d6NDER\u0130M\u0130 YAPILIR.<br \/>\nKARGO \u0130ADES\u0130 DURUMUNDA<br \/>\nKARGO \u00dcCRET\u0130 M\u00dc\u015eTER\u0130YE A\u0130TT\u0130R. AYRICA KARGODA KIRILAN PAR\u00c7ALARDAN SORUMLU DEY\u0130L\u0130Z<\/p>\n","protected":false},"featured_media":6352,"comment_status":"open","ping_status":"closed","template":"","meta":{"_joinchat":[]},"product_cat":[15],"product_tag":[4615],"class_list":{"0":"post-6351","1":"product","2":"type-product","3":"status-publish","4":"has-post-thumbnail","6":"product_cat-volkswagen","7":"product_tag-0280218009-hava-akis-porsche-99660612400-911-996-3-4-carrera","9":"first","10":"instock","11":"sale","12":"shipping-taxable","13":"purchasable","14":"product-type-simple"},"_links":{"self":[{"href":"https:\/\/dogan-otomotiv.com\/index.php\/wp-json\/wp\/v2\/product\/6351","targetHints":{"allow":["GET"]}}],"collection":[{"href":"https:\/\/dogan-otomotiv.com\/index.php\/wp-json\/wp\/v2\/product"}],"about":[{"href":"https:\/\/dogan-otomotiv.com\/index.php\/wp-json\/wp\/v2\/types\/product"}],"replies":[{"embeddable":true,"href":"https:\/\/dogan-otomotiv.com\/index.php\/wp-json\/wp\/v2\/comments?post=6351"}],"wp:featuredmedia":[{"embeddable":true,"href":"https:\/\/dogan-otomotiv.com\/index.php\/wp-json\/wp\/v2\/media\/6352"}],"wp:attachment":[{"href":"https:\/\/dogan-otomotiv.com\/index.php\/wp-json\/wp\/v2\/media?parent=6351"}],"wp:term":[{"taxonomy":"product_cat","embeddable":true,"href":"https:\/\/dogan-otomotiv.com\/index.php\/wp-json\/wp\/v2\/product_cat?post=6351"},{"taxonomy":"product_tag","embeddable":true,"href":"https:\/\/dogan-otomotiv.com\/index.php\/wp-json\/wp\/v2\/product_tag?post=6351"}],"curies":[{"name":"wp","href":"https:\/\/api.w.org\/{rel}","templated":true}]}}