{"id":6342,"date":"2021-05-29T15:25:07","date_gmt":"2021-05-29T15:25:07","guid":{"rendered":"https:\/\/dogan-otomotiv.com\/?post_type=product&#038;p=6342"},"modified":"2021-05-31T12:15:37","modified_gmt":"2021-05-31T12:15:37","slug":"8670112-hava-akis-volvo-s60-s80-2-3l-2-4l-98-09","status":"publish","type":"product","link":"https:\/\/dogan-otomotiv.com\/index.php\/urun\/8670112-hava-akis-volvo-s60-s80-2-3l-2-4l-98-09\/","title":{"rendered":"8670112 Hava Ak\u0131\u015f Volvo S60 S80 2.3L 2.4L 98-09"},"content":{"rendered":"<p>8670112 Hava Ak\u0131\u015f Volvo S60 S80 2.3L 2.4L 98-09<br \/>\n8670112 Hava Ak\u0131\u015f Volvo S60 S80 2.3L 2.4L 98-09<\/p>\n<p>For Volvo C70 2.0l 5 cylinder Turbo Convertible 1998, 1999, 2000, 2001, 2002, 2003, 2004, 2005<\/p>\n<p>For Volvo C70 2.0l 5 cylinder Turbo Coupe 1998, 1999, 2000, 2001, 2002<\/p>\n<p>For Volvo C70 2.3l 5 cylinder Turbo Convertible 1998, 1999, 2000, 2001, 2002, 2003, 2004, 2005<\/p>\n<p>For Volvo C70 2.3l 5 cylinder Turbo Coupe 1998, 1999, 2000, 2001, 2002<\/p>\n<p>For Volvo C70 2.4l 5 cylinder Convertible 2000<\/p>\n<p>For Volvo C70 2.4l 5 cylinder Coupe 2000<\/p>\n<p>For Volvo C70 2.4l 5 cylinder Turbo Convertible 2000, 2001, 2002, 2003, 2004, 2005<\/p>\n<p>For Volvo C70 2.4l 5 cylinder Turbo Coupe 2000, 2001, 2002<\/p>\n<p>For Volvo C70 2.5l 5 cylinder Coupe 1999<\/p>\n<p>For Volvo C70 2.5l 5 cylinder Turbo Convertible 1998, 1999<\/p>\n<p>For Volvo C70 2.5l 5 cylinder Turbo Coupe 1998, 1999<\/p>\n<p>For Volvo S60 2.0l 5 cylinder Turbo 2001, 2002, 2003, 2004, 2005, 2006, 2007, 2008, 2009<\/p>\n<p>For Volvo S60 2.3l 5 cylinder Turbo 2001, 2002, 2003, 2004<\/p>\n<p>For Volvo S60 2.4l 5 cylinder 2001, 2002, 2003, 2004, 2005, 2006, 2007, 2008, 2009<\/p>\n<p>For Volvo S60 2.4l 5 cylinder Turbo 2001, 2002, 2003, 2005, 2006, 2007, 2008, 2009<\/p>\n<p>For Volvo S60 2.5l 5 cylinder Turbo 2003, 2004, 2005, 2006, 2007, 2008, 2009<\/p>\n<p>For Volvo S70 Fuel Injected 1998, 1999<\/p>\n<p>For Volvo S70 2.0l 5 cylinder Fuel Injected 1997, 1998, 1999<\/p>\n<p>For Volvo S70 2.0l 5 cylinder Turbo 1997, 1998, 1999, 2000<\/p>\n<p>For Volvo S70 2.3l 5 cylinder Fuel Injected 1997, 1998, 1999<\/p>\n<p>For Volvo S70 2.3l 5 cylinder Turbo 1997, 1998, 1999, 2000<\/p>\n<p>For Volvo S70 2.4l 5 cylinder 2000<\/p>\n<p>For Volvo S70 2.4l 5 cylinder Turbo 2000<\/p>\n<p>For Volvo S70 2.5l 5 cylinder 1999<\/p>\n<p>For Volvo S70 2.5l 5 cylinder Fuel Injected 1997, 1998, 1999<\/p>\n<p>For Volvo S70 2.5l 5 cylinder Turbo 1997, 1998, 1999<\/p>\n<p>For Volvo S70 2.5l 5 cylinder Turbo (Diesel) 1997, 1998, 1999, 2000<\/p>\n<p>For Volvo S80 2.0l 5 cylinder Turbo 1999, 2000, 2001, 2002, 2003, 2004, 2005, 2006<\/p>\n<p>For Volvo S80 2.3l 5 cylinder Turbo 2000, 2001, 2002, 2003, 2004<\/p>\n<p>For Volvo S80 2.4l 5 cylinder 1999, 2000, 2001, 2002, 2003, 2004, 2005, 2006<\/p>\n<p>For Volvo S80 2.4l 5 cylinder Turbo 2001, 2002, 2003, 2005, 2006<\/p>\n<p>For Volvo S80 2.5l 5 cylinder Turbo 2003, 2004, 2005, 2006<\/p>\n<p>For Volvo S80 2.5l 5 cylinder Turbo (Diesel) 1999, 2000, 2001<\/p>\n<p>For Volvo S80 2.8l 6 cylinder Turbo 1999, 2000, 2001<\/p>\n<p>For Volvo S80 2.9l 6 cylinder 2000, 2001, 2002, 2003, 2004, 2005, 2006<\/p>\n<p>For Volvo S80 2.9l 6 cylinder Turbo 2002, 2003, 2004, 2005, 2006<\/p>\n<p>For Volvo S80 3.0l 6 cylinder 1999<\/p>\n<p>For Volvo V70 Fuel Injected 1998, 1999<\/p>\n<p>For Volvo V70 2.0l 5 cylinder Fuel Injected 1997, 1998, 1999<\/p>\n<p>For Volvo V70 2.0l 5 cylinder Turbo 1997,1998,1999,2000,2001,2002,2003,2004,2005,2006,2007<\/p>\n<p>For Volvo V70 2.3l 5 cylinder Fuel Injected 1997, 1998, 1999<\/p>\n<p>For Volvo V70 2.3l 5 cylinder Turbo 1997, 1998, 1999, 2000, 2001, 2002, 2003, 2004<\/p>\n<p>For Volvo V70 2.4l 5 cylinder 2000, 2001, 2002, 2003, 2004, 2005, 2006, 2007, 2008<\/p>\n<p>For Volvo V70 2.4l 5 cylinder Turbo 2000, 2001, 2002, 2003, 2005, 2006, 2007<\/p>\n<p>For Volvo V70 2.5l 5 cylinder 1999<\/p>\n<p>For Volvo V70 2.5l 5 cylinder Fuel Injected 1997, 1998, 1999<\/p>\n<p>For Volvo V70 2.5l 5 cylinder Turbo 1997, 1998, 1999, 2003, 2004, 2005, 2006, 2007, 2008<\/p>\n<p>For Volvo V70 2.5l 5 cylinder Turbo (Diesel) 1997, 1998, 1999, 2000, 2001<\/p>\n<p>For Volvo V70 XC 2.0l 5 cylinder Turbo 1998, 1999<\/p>\n<p>For Volvo V70 XC 2.3l 5 cylinder Turbo 2001, 2002, 2003, 2004<\/p>\n<p>For Volvo V70 XC 2.4l 5 cylinder Turbo 2000, 2001, 2002, 2005, 2006<\/p>\n<p>For Volvo V70 XC 2.5l 5 cylinder Turbo 1998, 1999, 2003, 2004, 2005, 2006, 2007<\/p>\n","protected":false},"excerpt":{"rendered":"<p>DO\u011eAN OTOMOT\u0130V YEDEK PAR\u00c7A<br \/>\nLTD \u015eT\u0130 \u0130VED\u0130K ORGAN\u0130ZE SAN 1471 SOKAK 91-A OST\u0130M ANKARA<br \/>\nSEM\u0130H SAVA\u015e\u00c7I (312) 395 20 95<br \/>\n0533 322 16 09<\/p>\n<p>MUSTAFA SAVA\u015e\u00c7I<br \/>\n0 (312) 395 20 95<br \/>\nIBAN NO: TR 54 0011 1000 0000 0098 3516 19<br \/>\nF\u0130NANSBANK ENPARA<br \/>\n\u015eUBE KODU: 03663<br \/>\nHESAP NO: 98351619<\/p>\n<p>Paket i\u00e7eri\u011fi: 1 Adet<br \/>\nSATI\u015e F\u0130YATI KDV DAH\u0130L pe\u015fin fiyat\u0131d\u0131r<\/p>\n<p>SAAT 18:00 KADAR VER\u0130LEN \u015e\u0130PAR\u0130\u015e AYNI G\u00dcN KARGO \u0130LE G\u00d6NDER\u0130M\u0130 YAPILIR.<br \/>\nKARGO \u0130ADES\u0130 DURUMUNDA<br \/>\nKARGO \u00dcCRET\u0130 M\u00dc\u015eTER\u0130YE A\u0130TT\u0130R. AYRICA KARGODA KIRILAN PAR\u00c7ALARDAN SORUMLU DEY\u0130L\u0130Z<\/p>\n","protected":false},"featured_media":6343,"comment_status":"open","ping_status":"closed","template":"","meta":{"_joinchat":[]},"product_cat":[157],"product_tag":[4611],"class_list":{"0":"post-6342","1":"product","2":"type-product","3":"status-publish","4":"has-post-thumbnail","6":"product_cat-volvo","7":"product_tag-8670112-hava-akis-volvo-s60-s80-2-3l-2-4l-98-09","9":"first","10":"instock","11":"sale","12":"shipping-taxable","13":"purchasable","14":"product-type-simple"},"_links":{"self":[{"href":"https:\/\/dogan-otomotiv.com\/index.php\/wp-json\/wp\/v2\/product\/6342","targetHints":{"allow":["GET"]}}],"collection":[{"href":"https:\/\/dogan-otomotiv.com\/index.php\/wp-json\/wp\/v2\/product"}],"about":[{"href":"https:\/\/dogan-otomotiv.com\/index.php\/wp-json\/wp\/v2\/types\/product"}],"replies":[{"embeddable":true,"href":"https:\/\/dogan-otomotiv.com\/index.php\/wp-json\/wp\/v2\/comments?post=6342"}],"wp:featuredmedia":[{"embeddable":true,"href":"https:\/\/dogan-otomotiv.com\/index.php\/wp-json\/wp\/v2\/media\/6343"}],"wp:attachment":[{"href":"https:\/\/dogan-otomotiv.com\/index.php\/wp-json\/wp\/v2\/media?parent=6342"}],"wp:term":[{"taxonomy":"product_cat","embeddable":true,"href":"https:\/\/dogan-otomotiv.com\/index.php\/wp-json\/wp\/v2\/product_cat?post=6342"},{"taxonomy":"product_tag","embeddable":true,"href":"https:\/\/dogan-otomotiv.com\/index.php\/wp-json\/wp\/v2\/product_tag?post=6342"}],"curies":[{"name":"wp","href":"https:\/\/api.w.org\/{rel}","templated":true}]}}