{"id":6329,"date":"2021-05-29T12:01:39","date_gmt":"2021-05-29T12:01:39","guid":{"rendered":"https:\/\/dogan-otomotiv.com\/?post_type=product&#038;p=6329"},"modified":"2021-05-29T12:18:25","modified_gmt":"2021-05-29T12:18:25","slug":"av6q-8a615-triger-seti-ford-fiat-peugeot-toyota-volvo-citroen","status":"publish","type":"product","link":"https:\/\/dogan-otomotiv.com\/index.php\/urun\/av6q-8a615-triger-seti-ford-fiat-peugeot-toyota-volvo-citroen\/","title":{"rendered":"AV6Q 8A615 TR\u0130GER SET\u0130 FORD F\u0130AT PEUGEOT TOYOTA VOLVO C\u0130TROEN"},"content":{"rendered":"<p>9HP (DV6DTED), 9HJ (DV6DTEDM) \/ 1.6 HDI 92 \/ 1,6 \/ 68 \/ 92 \/ 2009.11 &#8211; 2010.12<br \/>\nCITRO\u00cbN BERLINGO MULTISPACE (B9)<\/p>\n<p>9HN (DV6ETED), BHW (DV6FE) \/ 1.6 HDi 75 \/ BlueHDi 75 \/ 1,6 \/ 55 \/ 75 \/ 2008.<img loading=\"lazy\" decoding=\"async\" src=\"https:\/\/dogan-otomotiv.com\/wp-content\/uploads\/2021\/05\/87478023-1bf5-4e61-a435-8cf13d7a2ea5-169x300.jpg\" alt=\"\" width=\"169\" height=\"300\" class=\"alignnone size-medium wp-image-6330\" srcset=\"https:\/\/dogan-otomotiv.com\/wp-content\/uploads\/2021\/05\/87478023-1bf5-4e61-a435-8cf13d7a2ea5-169x300.jpg 169w, https:\/\/dogan-otomotiv.com\/wp-content\/uploads\/2021\/05\/87478023-1bf5-4e61-a435-8cf13d7a2ea5-576x1024.jpg 576w, https:\/\/dogan-otomotiv.com\/wp-content\/uploads\/2021\/05\/87478023-1bf5-4e61-a435-8cf13d7a2ea5-768x1365.jpg 768w, https:\/\/dogan-otomotiv.com\/wp-content\/uploads\/2021\/05\/87478023-1bf5-4e61-a435-8cf13d7a2ea5-864x1536.jpg 864w, https:\/\/dogan-otomotiv.com\/wp-content\/uploads\/2021\/05\/87478023-1bf5-4e61-a435-8cf13d7a2ea5-600x1067.jpg 600w, https:\/\/dogan-otomotiv.com\/wp-content\/uploads\/2021\/05\/87478023-1bf5-4e61-a435-8cf13d7a2ea5.jpg 1080w\" sizes=\"auto, (max-width: 169px) 100vw, 169px\" \/><\/p>\n<p><img loading=\"lazy\" decoding=\"async\" src=\"https:\/\/dogan-otomotiv.com\/wp-content\/uploads\/2021\/05\/fba53647-9018-4150-87f1-5bcea83490de-169x300.jpg\" alt=\"\" width=\"169\" height=\"300\" class=\"alignnone size-medium wp-image-6331\" srcset=\"https:\/\/dogan-otomotiv.com\/wp-content\/uploads\/2021\/05\/fba53647-9018-4150-87f1-5bcea83490de-169x300.jpg 169w, https:\/\/dogan-otomotiv.com\/wp-content\/uploads\/2021\/05\/fba53647-9018-4150-87f1-5bcea83490de-576x1024.jpg 576w, https:\/\/dogan-otomotiv.com\/wp-content\/uploads\/2021\/05\/fba53647-9018-4150-87f1-5bcea83490de-768x1365.jpg 768w, https:\/\/dogan-otomotiv.com\/wp-content\/uploads\/2021\/05\/fba53647-9018-4150-87f1-5bcea83490de-864x1536.jpg 864w, https:\/\/dogan-otomotiv.com\/wp-content\/uploads\/2021\/05\/fba53647-9018-4150-87f1-5bcea83490de-600x1067.jpg 600w, https:\/\/dogan-otomotiv.com\/wp-content\/uploads\/2021\/05\/fba53647-9018-4150-87f1-5bcea83490de.jpg 1080w\" sizes=\"auto, (max-width: 169px) 100vw, 169px\" \/>04 &#8211;<br \/>\n9HR (DV6C), 9HL (DV6C) \/ 1.6 HDi 110 \/ 1,6 \/ 82 \/ 112 \/ 2010.07 &#8211;<br \/>\n9HP (DV6DTED), 9HJ (DV6DTEDM) \/ 1.6 HDi 90 \/ 1,6 \/ 68 \/ 92 \/ 2010.07 &#8211;<br \/>\nCITRO\u00cbN BERLINGO Nadwozie pe\u0142ne\/minivan (B9)<\/p>\n<p>9HP (DV6DTED), 9HJ (DV6DTEDM) \/ 1.6 HDi 90 \/ 1,6 \/ 68 \/ 92 \/ 2010.07 &#8211;<br \/>\n9HL (DV6C) \/ 1.6 HDi 115 \/ 1,6 \/ 84 \/ 114 \/ 2010.07 &#8211;<br \/>\n9HN (DV6ETED), BHW (DV6FE) \/ 1.6 HDi \/ BlueHDi 75 \/ 1,6 \/ 55 \/ 75 \/ 2010.07 &#8211;<br \/>\n9HF (DV6DTED), 9HE (DV6DBM) \/ 1.6 HDi 90 \/ 1,6 \/ 66 \/ 90 \/ 2010.07 &#8211;<br \/>\nCITRO\u00cbN BERLINGO Platforma \/ podwozie (B9)<\/p>\n<p>9HF (DV6DTED) \/ 1.6 HDi 90 \/ 1,6 \/ 66 \/ 90 \/ 2010.07 &#8211;<br \/>\nCITRO\u00cbN C-ELYSEE (DD_)<\/p>\n<p>9HP (DV6DTED), 9HJ (DV6DTEDM) \/ 1.6 HDI 92 \/ 1,6 \/ 68 \/ 92 \/ 2012.11 &#8211;<br \/>\nCITRO\u00cbN C3 II (SC_)<\/p>\n<p>9HR (DV6C) \/ 1.6 HDi 110 \/ 1,6 \/ 82 \/ 112 \/ 2009.11 &#8211;<br \/>\n9HP (DV6DTED), 9HJ (DV6DTEDM) \/ 1.6 HDi \/ 1,6 \/ 68 \/ 92 \/ 2009.11 &#8211; 2016.09<br \/>\n9HD (DV6C) \/ 1.6 HDi 115 \/ 1,6 \/ 84 \/ 114 \/ 2012.09 &#8211;<br \/>\nCITRO\u00cbN C3 PICASSO (SH_)<\/p>\n<p>9HR (DV6C) \/ 1.6 HDi 110 \/ 1,6 \/ 82 \/ 112 \/ 2010.05 &#8211;<br \/>\n9HP (DV6DTED) \/ 1.6 HDI 90 \/ 1,6 \/ 68 \/ 92 \/ 2010.07 &#8211;<br \/>\n9HD (DV6C) \/ 1.6 HDi 115 \/ 1,6 \/ 84 \/ 114 \/ 2013.01 &#8211;<br \/>\nCITRO\u00cbN C4 AIRCROSS<\/p>\n<p>9HD (DV6C) \/ 1.6 HDi 115 \/ 1,6 \/ 84 \/ 114 \/ 2012.04 &#8211;<br \/>\n9HL (DV6C) \/ 1.6 HDi 115 AWC \/ 1,6 \/ 84 \/ 114 \/ 2012.05 &#8211;<br \/>\nCITRO\u00cbN C4 CACTUS<\/p>\n<p>9HP (DV6DTED), 9HJ (DV6DTEDM), 9HP (DV6D) \/ 1.6 HDi 90 \/ 1,6 \/ 68 \/ 92 \/ 2014.09 &#8211;<br \/>\nCITRO\u00cbN C4 GRAND PICASSO I (UA_)<\/p>\n<p>9HR (DV6C) \/ 1.6 HDi 110 \/ 1,6 \/ 82 \/ 112 \/ 2010.09 &#8211; 2013.08<br \/>\nCITRO\u00cbN C4 GRAND PICASSO II (DA_, DE_)<\/p>\n<p>BHX (DV6FC), 9HC (DV6C) \/ 1.6 HDi \/ BlueHDi 115 \/ 1,6 \/ 85 \/ 115 \/ 2013.09 &#8211;<br \/>\n9HP (DV6DTED) \/ 1.6 HDi 90 \/ 1,6 \/ 68 \/ 92 \/ 2013.09 &#8211;<br \/>\nCITRO\u00cbN C4 II (B7)<\/p>\n<p>9HR (DV6C) \/ 1.6 HDi 110 \/ 1,6 \/ 82 \/ 112 \/ 2009.11 &#8211;<br \/>\n9HP (DV6DTED), 9HJ (DV6DTEDM) \/ 1.6 HDi 90 \/ 1,6 \/ 68 \/ 92 \/ 2009.11 &#8211;<br \/>\n9HD (DV6C) \/ 1.6 HDi 115 \/ 1,6 \/ 84 \/ 114 \/ 2012.07 &#8211;<br \/>\nCITRO\u00cbN C4 II Nadwozie pe\u0142ne \/ liftback (NC_)<\/p>\n<p>9HR (DV6C) \/ 1.6 HDi \/ 1,6 \/ 82 \/ 111 \/ 2009.11 &#8211;<br \/>\n9HP (DV6DTED) \/ 1.6 HDi \/ 1,6 \/ 68 \/ 92 \/ 2010.06 &#8211;<br \/>\nCITRO\u00cbN C4 PICASSO I nadwozie wielkoprzestrzenne (MPV) (UD_)<\/p>\n<p>9HR (DV6C) \/ 1.6 HDi 110 \/ 1,6 \/ 82 \/ 112 \/ 2010.09 &#8211; 2013.08<br \/>\nCITRO\u00cbN C4 PICASSO II<\/p>\n<p>BHX (DV6FC), 9HC (DV6C) \/ 1.6 HDi \/ BlueHDi 115 \/ 1,6 \/ 85 \/ 115 \/ 2013.02 &#8211;<br \/>\n9HP (DV6DTED) \/ 1.6 HDi 90 \/ 1,6 \/ 68 \/ 92 \/ 2013.02 &#8211;<br \/>\nCITRO\u00cbN C5 III (RD_)<\/p>\n<p>9HR (DV6C), 9HL (DV6C) \/ 1.6 HDi 110 \/ 1,6 \/ 82 \/ 112 \/ 2010.07 &#8211;<br \/>\n9HR (DV6C), 9HL (DV6C) \/ 1.6 HDi 115 \/ 1,6 \/ 84 \/ 114 \/ 2012.01 &#8211;<br \/>\nCITRO\u00cbN C5 III Break (RW_)<\/p>\n<p>9HR (DV6C), 9HL (DV6C) \/ 1.6 HDi 110 \/ 1,6 \/ 82 \/ 112 \/ 2010.07 &#8211;<br \/>\n9HR (DV6C), 9HL (DV6C) \/ 1.6 HDi 115 \/ 1,6 \/ 84 \/ 114 \/ 2012.01 &#8211;<br \/>\nCITRO\u00cbN DS3<\/p>\n<p>9HR (DV6C) \/ 1.6 HDi 110 \/ 1,6 \/ 82 \/ 112 \/ 2009.11 &#8211; 2015.07<br \/>\n9HP (DV6DTED) \/ 1.6 HDi 90 \/ 1,6 \/ 68 \/ 92 \/ 2009.11 &#8211; 2015.07<br \/>\n9HD (DV6C) \/ 1.6 HDi 115 \/ 1,6 \/ 84 \/ 114 \/ 2012.08 &#8211; 2015.07<br \/>\nCITRO\u00cbN DS3 kabriolet<\/p>\n<p>9HP (DV6DTED) \/ 1.6 HDi 90 \/ 1,6 \/ 68 \/ 92 \/ 2013.01 &#8211; 2015.07<br \/>\nCITRO\u00cbN DS4 (NX_)<\/p>\n<p>9HR (DV6C) \/ 1.6 HDi 110 \/ 1,6 \/ 82 \/ 112 \/ 2011.04 &#8211; 2015.07<br \/>\n9HP (DV6DTED) \/ 1.6 HDi 90 \/ 1,6 \/ 68 \/ 92 \/ 2011.05 &#8211; 2015.07<br \/>\n9HD (DV6C) \/ 1.6 HDi 115 \/ 1,6 \/ 84 \/ 114 \/ 2012.08 &#8211; 2015.07<br \/>\nCITRO\u00cbN DS5<\/p>\n<p>9HR (DV6C) \/ 1.6 HDi 110 \/ 1,6 \/ 82 \/ 112 \/ 2011.11 &#8211; 2015.07<br \/>\n9HD (DV6C) \/ 1.6 HDi 115 \/ 1,6 \/ 84 \/ 114 \/ 2012.06 &#8211; 2015.07<br \/>\nCITRO\u00cbN JUMPY (VF7)<\/p>\n<p>9HM (DV6UC), 9HH (DV6DUM) \/ 1.6 HDi 90 8V \/ 1,6 \/ 66 \/ 90 \/ 2007.01 &#8211;<br \/>\nCITRO\u00cbN JUMPY Platforma \/ podwozie<\/p>\n<p>9HH (DV6DUM) \/ 1.6 HDi 90 8V \/ 1,6 \/ 66 \/ 90 \/ 2007.06 &#8211; 2016.03<br \/>\nCITRO\u00cbN JUMPY Skrzynia<\/p>\n<p>9HM (DV6UC), 9HH (DV6DUM) \/ 1.6 HDi 90 8V \/ 1,6 \/ 66 \/ 90 \/ 2007.01 &#8211;<br \/>\nFIAT SCUDO Autobus (270_, 272_)<\/p>\n<p>9HM (DV6UC), 9H07 (DV6UC) \/ 1.6 D Multijet \/ 1,6 \/ 66 \/ 90 \/ 2011.02 &#8211;<br \/>\nFIAT SCUDO Skrzynia (270_, 272_)<\/p>\n<p>9HM (DV6UC), 9H07 (DV6UC) \/ 1.6 D Multijet \/ 1,6 \/ 66 \/ 90 \/ 2011.02 &#8211;<br \/>\nFORD C-MAX II (DXA\/CB7, DXA\/CEU)<\/p>\n<p>T1DA, T1DB \/ 1.6 TDCi \/ 1,6 \/ 85 \/ 115 \/ 2010.12 &#8211;<br \/>\nT3DA, T3DB \/ 1.6 TDCi \/ 1,6 \/ 70 \/ 95 \/ 2010.12 &#8211;<br \/>\nFORD FOCUS III<\/p>\n<p>T1DA, T1DB \/ 1.6 TDCi \/ 1,6 \/ 85 \/ 115 \/ 2010.07 &#8211;<br \/>\nT3DA, T3DB \/ 1.6 TDCi \/ 1,6 \/ 70 \/ 95 \/ 2010.07 &#8211;<br \/>\nNGDA, NGDB \/ 1.6 TDCi ECOnetic \/ 1,6 \/ 77 \/ 105 \/ 2012.05 &#8211;<br \/>\nFORD FOCUS III sedan<\/p>\n<p>T3DA, T3DB \/ 1.6 TDCi \/ 1,6 \/ 70 \/ 95 \/ 2010.07 &#8211;<br \/>\nT1DA, T1DB \/ 1.6 TDCi \/ 1,6 \/ 85 \/ 115 \/ 2010.07 &#8211;<br \/>\nNGDA, NGDB \/ 1.6 TDCi \/ 1,6 \/ 77 \/ 105 \/ 2012.05 &#8211;<br \/>\nFORD FOCUS III Turnier<\/p>\n<p>T3DA, T3DB \/ 1.6 TDCi \/ 1,6 \/ 70 \/ 95 \/ 2010.07 &#8211;<br \/>\nT1DA, T1DB \/ 1.6 TDCi \/ 1,6 \/ 85 \/ 115 \/ 2010.07 &#8211;<br \/>\nNGDA, NGDB \/ 1.6 TDCi ECOnetic \/ 1,6 \/ 77 \/ 105 \/ 2012.05 &#8211;<br \/>\nFORD GALAXY (WA6)<\/p>\n<p>T1WA, T1WB \/ 1.6 TDCi \/ 1,6 \/ 85 \/ 115 \/ 2011.02 &#8211; 2015.06<br \/>\nFORD GRAND C-MAX (DXA\/CB7, DXA\/CEU)<\/p>\n<p>T1DA, T1DB \/ 1.6 TDCi \/ 1,6 \/ 85 \/ 115 \/ 2010.12 &#8211;<br \/>\nT3DA, T3DB \/ 1.6 TDCi \/ 1,6 \/ 70 \/ 95 \/ 2010.12 &#8211;<br \/>\nFORD MONDEO IV (BA7)<\/p>\n<p>T1BA, T1BB, T1BC \/ 1.6 TDCi \/ 1,6 \/ 85 \/ 115 \/ 2011.02 &#8211; 2015.01<br \/>\nFORD MONDEO IV sedan (BA7)<\/p>\n<p>T1BA, T1BB, T1BC \/ 1.6 TDCi \/ 1,6 \/ 85 \/ 115 \/ 2010.12 &#8211; 2015.01<br \/>\nFORD MONDEO IV Turnier (BA7)<\/p>\n<p>T1BA, T1BB, T1BC \/ 1.6 TDCi \/ 1,6 \/ 85 \/ 115 \/ 2011.02 &#8211; 2015.01<br \/>\nFORD S-MAX (WA6)<\/p>\n<p>T1WA, T1WB \/ 1.6 TDCi \/ 1,6 \/ 85 \/ 115 \/ 2011.02 &#8211; 2014.12<br \/>\nFORD TOURNEO CONNECT \/ GRAND TOURNEO CONNECT V408 nadwozie wielko<\/p>\n<p>T1GA \/ 1.6 TDCi \/ 1,6 \/ 85 \/ 115 \/ 2013.09 &#8211;<br \/>\nUBGA \/ 1.6 TDCi \/ 1,6 \/ 55 \/ 75 \/ 2013.09 &#8211;<br \/>\nTZGA, TZGB \/ 1.6 TDCi \/ 1,6 \/ 70 \/ 95 \/ 2013.09 &#8211;<br \/>\nFORD TRANSIT CONNECT nadwozie wielkoprzestrzenne (MPV)<\/p>\n<p>T1GA \/ 1.6 TDCi \/ 1,6 \/ 85 \/ 115 \/ 2013.02 &#8211;<br \/>\nTZGA, TZGB \/ 1.6 TDCi \/ 1,6 \/ 70 \/ 95 \/ 2013.02 &#8211;<br \/>\nUBGA \/ 1.6 TDCi \/ 1,6 \/ 55 \/ 75 \/ 2013.02 &#8211;<br \/>\nFORD TRANSIT CONNECT V408 Nadwozie pe\u0142ne\/minivan<\/p>\n<p>TZGA, TZGB \/ 1.6 TDCi \/ 1,6 \/ 70 \/ 95 \/ 2013.02 &#8211;<br \/>\nT1GA \/ 1.6 TDCi \/ 1,6 \/ 85 \/ 115 \/ 2013.02 &#8211;<br \/>\nUBGA \/ 1.6 TDCi \/ 1,6 \/ 55 \/ 75 \/ 2013.02 &#8211;<br \/>\nMAZDA 2 (DE_, DH_)<\/p>\n<p>Y661, Y655 \/ 1.6 MZ-CD \/ 1,6 \/ 70 \/ 95 \/ 2011.06 &#8211; 2015.06<br \/>\nMAZDA 3 (BL)<\/p>\n<p>Y655, Y650 \/ 1.6 MZR CD \/ 1,6 \/ 85 \/ 116 \/ 2010.09 &#8211; 2013.05<br \/>\nMAZDA 3 sedan (BL)<\/p>\n<p>Y655, Y650 \/ 1.6 MZR CD \/ 1,6 \/ 85 \/ 116 \/ 2010.09 &#8211; 2013.05<br \/>\nMAZDA 5 (CW)<\/p>\n<p>Y655, Y650, Y6Y1 \/ 1.6 CD \/ 1,6 \/ 85 \/ 116 \/ 2010.07 &#8211;<br \/>\nPEUGEOT 2008 I (CU_)<\/p>\n<p>9HD (DV6C) \/ 1.6 HDi \/ 1,6 \/ 84 \/ 114 \/ 2013.03 &#8211;<br \/>\n9HP (DV6DTED) \/ 1.6 HDi \/ 1,6 \/ 68 \/ 92 \/ 2013.03 &#8211;<br \/>\nPEUGEOT 207 (WA_, WC_)<\/p>\n<p>9HR (DV6C) \/ 1.6 HDi 110 \/ 1,6 \/ 82 \/ 112 \/ 2009.08 &#8211; 2012.12<br \/>\n9HP (DV6DTED) \/ 1.6 HDi \/ 1,6 \/ 68 \/ 92 \/ 2009.11 &#8211; 2012.12<br \/>\nPEUGEOT 207 CC (WD_)<\/p>\n<p>9HR (DV6C) \/ 1.6 HDi \/ 1,6 \/ 82 \/ 112 \/ 2009.08 &#8211; 2013.10<br \/>\nPEUGEOT 207 Nadwozie pe\u0142ne \/ liftback (WA_, WC_)<\/p>\n<p>9HP (DV6DTED) \/ 1.6 HDi \/ 1,6 \/ 68 \/ 92 \/ 2009.11 &#8211;<br \/>\nPEUGEOT 207 SW (WK_)<\/p>\n<p>9HR (DV6C) \/ 1.6 HDi \/ 1,6 \/ 82 \/ 112 \/ 2009.08 &#8211; 2013.10<br \/>\n9HP (DV6DTED) \/ 1.6 HDi \/ 1,6 \/ 68 \/ 92 \/ 2009.11 &#8211; 2012.12<br \/>\nPEUGEOT 208 I (CA_, CC_)<\/p>\n<p>9HD (DV6C) \/ 1.6 HDi \/ 1,6 \/ 84 \/ 114 \/ 2012.03 &#8211;<br \/>\n9HP (DV6DTED), 9HJ (DV6DTEDM) \/ 1.6 HDi \/ 1,6 \/ 68 \/ 92 \/ 2012.03 &#8211;<br \/>\nPEUGEOT 208 Nadwozie pe\u0142ne \/ liftback (CR_)<\/p>\n<p>9HP (DV6DTED) \/ 1.6 HDi 92 \/ 1,6 \/ 68 \/ 92 \/ 2014.03 &#8211;<br \/>\nPEUGEOT 3008 nadwozie wielkoprzestrzenne (MPV) (0U_)<\/p>\n<p>9HR (DV6C) \/ 1.6 HDi \/ 1,6 \/ 82 \/ 112 \/ 2009.12 &#8211; 2016.08<br \/>\n9HD (DV6CTED) \/ 1.6 HDi \/ 1,6 \/ 84 \/ 114 \/ 2013.03 &#8211; 2016.08<br \/>\nPEUGEOT 301<\/p>\n<p>9HF (DV6DTED), 9HJ (DV6DTEDM) \/ 1.6 HDI 90 \/ 1,6 \/ 68 \/ 92 \/ 2012.11 &#8211;<br \/>\nPEUGEOT 308 CC (4B_)<\/p>\n<p>9HR (DV6C) \/ 1.6 HDi \/ 1,6 \/ 82 \/ 112 \/ 2009.06 &#8211; 2014.12<br \/>\n9HD (DV6C) \/ 1.6 HDi \/ 1,6 \/ 84 \/ 114 \/ 2013.03 &#8211; 2014.12<br \/>\nPEUGEOT 308 I (4A_, 4C_)<\/p>\n<p>9HP (DV6DTED), 9HJ (DV6DTEDM) \/ 1.6 HDi \/ 1,6 \/ 68 \/ 92 \/ 2009.11 &#8211; 2014.10<br \/>\n9HR (DV6C) \/ 1.6 HDi \/ 1,6 \/ 82 \/ 112 \/ 2009.12 &#8211; 2014.10<br \/>\n9HD (DV6C), 9HG (DV6C M) \/ 1.6 HDi \/ 1,6 \/ 84 \/ 114 \/ 2013.03 &#8211; 2014.10<br \/>\nPEUGEOT 308 II (LB_, LP_, LW_, LH_, L3_)<\/p>\n<p>BHZ (DV6FC), 9HC (DV6C) \/ 1.6 HDi \/ BlueHDi 115 \/ 1,6 \/ 85 \/ 115 \/ 2013.09 &#8211;<br \/>\n9HP (DV6DTED) \/ 1.6 HDi \/ 1,6 \/ 68 \/ 92 \/ 2013.09 &#8211;<br \/>\nPEUGEOT 308 Nadwozie pe\u0142ne \/ liftback (LB_)<\/p>\n<p>9HC (DV6C) \/ 1.6 e-HDi 115 (LB9HCG) \/ 1,6 \/ 85 \/ 116 \/ 2015.03 &#8211;<br \/>\nPEUGEOT 308 SW I (4E_, 4H_)<\/p>\n<p>9HP (DV6DTED) \/ 1.6 HDi \/ 1,6 \/ 68 \/ 92 \/ 2009.11 &#8211; 2014.10<br \/>\n9HR (DV6C) \/ 1.6 HDi \/ 1,6 \/ 82 \/ 112 \/ 2009.12 &#8211; 2014.10<br \/>\n9HD (DV6C) \/ 1.6 HDi \/ 1,6 \/ 84 \/ 114 \/ 2013.03 &#8211; 2014.10<br \/>\nPEUGEOT 308 SW II (LC_, LJ_, LR_, LX_, L4_)<\/p>\n<p>9HP (DV6DTED) \/ 1.6 HDi 92 \/ 1,6 \/ 68 \/ 92 \/ 2014.03 &#8211;<br \/>\nBHZ (DV6FC), 9HC (DV6C) \/ 1.6 HDi \/ BlueHDi 115 \/ 1,6 \/ 85 \/ 115 \/ 2014.03 &#8211;<br \/>\nPEUGEOT 4008<\/p>\n<p>9HD (DV6C) \/ 1.6 HDi \/ 1,6 \/ 84 \/ 114 \/ 2012.05 &#8211;<br \/>\n9HD (DV6C) \/ 1.6 HDi AWC \/ 1,6 \/ 84 \/ 114 \/ 2012.05 &#8211;<br \/>\nPEUGEOT 5008 (0U_, 0E_)<\/p>\n<p>9HR (DV6C) \/ 1.6 HDi \/ 1,6 \/ 82 \/ 112 \/ 2010.08 &#8211; 2017.03<br \/>\n9HD (DV6C) \/ 1.6 HDi \/ 1,6 \/ 84 \/ 114 \/ 2013.03 &#8211; 2017.03<br \/>\nPEUGEOT 508 I (8D_)<\/p>\n<p>9HR (DV6C), 9HL (DV6C) \/ 1.6 HDi \/ 1,6 \/ 82 \/ 112 \/ 2010.11 &#8211; 2018.12<br \/>\n9HD (DV6CTED) \/ 1.6 HDi \/ 1,6 \/ 84 \/ 115 \/ 2012.02 &#8211; 2018.12<br \/>\nPEUGEOT 508 SW I (8E_)<\/p>\n<p>9HR (DV6C), 9HL (DV6C) \/ 1.6 HDi \/ 1,6 \/ 82 \/ 112 \/ 2010.11 &#8211; 2018.12<br \/>\n9HR (DV6C), 9HL (DV6C) \/ 1.6 HDi \/ 1,6 \/ 84 \/ 115 \/ 2012.02 &#8211; 2018.12<br \/>\nPEUGEOT EXPERT Skrzynia (VF3A_, VF3U_, VF3X_)<\/p>\n<p>9HM (DV6UC), 9HH (DV6DUM) \/ 1.6 HDi 90 8V \/ 1,6 \/ 66 \/ 90 \/ 2007.01 &#8211;<br \/>\nPEUGEOT PARTNER Nadwozie pe\u0142ne\/minivan<\/p>\n<p>9HP (DV6DTED), 9HJ (DV6DTEDM) \/ 1.6 HDi 90 \/ 1,6 \/ 68 \/ 92 \/ 2010.04 &#8211;<br \/>\n9HK (DV6ETEDM), BHW (DV6FE), 9HN (DV6ETED) \/ 1.6 HDi \/ BlueHDi 75 \/ 1,6 \/ 55 \/ 75 \/ 2011.07 &#8211;<br \/>\n9HF (DV6DTED) \/ 1.6 HDi \/ 1,6 \/ 66 \/ 90 \/ 2011.12 &#8211;<br \/>\n9HL (DV6C) \/ 1.6 HDi \/ 1,6 \/ 84 \/ 114 \/ 2013.03 &#8211;<br \/>\nPEUGEOT PARTNER Nadwozie pe\u0142ne\/minivan (5_, G_)<\/p>\n<p>9HK (DV6ETEDM) \/ 1.6 HDi 75 \/ 1,6 \/ 55 \/ 75 \/ 2005.08 &#8211; 2008.07<br \/>\nPEUGEOT PARTNER Platforma \/ podwozie<\/p>\n<p>9HF (DV6DTED) \/ 1.6 HDi \/ 1,6 \/ 66 \/ 90 \/ 2013.03 &#8211;<br \/>\nPEUGEOT PARTNER TEPEE<\/p>\n<p>9HP (DV6DTED), 9HJ (DV6DTEDM) \/ 1.6 HDi 90 \/ 1,6 \/ 68 \/ 92 \/ 2010.04 &#8211;<br \/>\n9HL (DV6C) \/ 1.6 HDi \/ 1,6 \/ 82 \/ 112 \/ 2010.08 &#8211;<br \/>\n9HL (DV6C) \/ 1.6 HDi \/ 1,6 \/ 84 \/ 114 \/ 2013.03 &#8211;<br \/>\nTOYOTA PROACE Skrzynia (MDX_)<\/p>\n<p>3WZ-TV \/ 1.6 D (MDX9) \/ 1,6 \/ 66 \/ 90 \/ 2013.06 &#8211; 2016.03<br \/>\nVOLVO C30 (533)<\/p>\n<p>D 4162 T \/ 1.6 D2 \/ 1,6 \/ 84 \/ 115 \/ 2010.10 &#8211; 2012.12<br \/>\nVOLVO S40 II (544)<\/p>\n<p>D 4162 T \/ 1.6 D2 \/ 1,6 \/ 84 \/ 115 \/ 2010.10 &#8211; 2012.12<br \/>\nVOLVO S60 II (134)<\/p>\n<p>D 4162 T \/ DRIVe \/ D2 \/ 1,6 \/ 84 \/ 114 \/ 2011.01 &#8211; 2015.12<br \/>\nVOLVO S80 II (124)<\/p>\n<p>D 4162 T \/ 1.6 DRIVe \/ 1,6 \/ 84 \/ 114 \/ 2011.06 &#8211; 2014.01<br \/>\nVOLVO V40 liftback (525, 526)<\/p>\n<p>D 4162 T \/ D2 \/ 1,6 \/ 84 \/ 114 \/ 2012.03 &#8211;<br \/>\nVOLVO V50 (545)<\/p>\n<p>D 4162 T \/ 1.6 D2 \/ 1,6 \/ 84 \/ 114 \/ 2010.01 &#8211; 2012.12<br \/>\nVOLVO V60 I (155, 157)<\/p>\n<p>D 4162 T \/ 1.6 DRIVe \/ 1,6 \/ 84 \/ 114 \/ 2011.02 &#8211; 2015.12<br \/>\nVOLVO V70 III (135)<\/p>\n<p>D 4162 T \/ 1.6 DRIVe \/ D2 \/ 1,6 \/ 84 \/ 114 \/ 2011.04 &#8211; 2015.12<\/p>\n","protected":false},"excerpt":{"rendered":"<p><img loading=\"lazy\" decoding=\"async\" src=\"https:\/\/dogan-otomotiv.com\/wp-content\/uploads\/2021\/05\/fba53647-9018-4150-87f1-5bcea83490de-169x300.jpg\" alt=\"\" width=\"169\" height=\"300\" class=\"alignnone size-medium wp-image-6331\" srcset=\"https:\/\/dogan-otomotiv.com\/wp-content\/uploads\/2021\/05\/fba53647-9018-4150-87f1-5bcea83490de-169x300.jpg 169w, https:\/\/dogan-otomotiv.com\/wp-content\/uploads\/2021\/05\/fba53647-9018-4150-87f1-5bcea83490de-576x1024.jpg 576w, https:\/\/dogan-otomotiv.com\/wp-content\/uploads\/2021\/05\/fba53647-9018-4150-87f1-5bcea83490de-768x1365.jpg 768w, https:\/\/dogan-otomotiv.com\/wp-content\/uploads\/2021\/05\/fba53647-9018-4150-87f1-5bcea83490de-864x1536.jpg 864w, https:\/\/dogan-otomotiv.com\/wp-content\/uploads\/2021\/05\/fba53647-9018-4150-87f1-5bcea83490de-600x1067.jpg 600w, https:\/\/dogan-otomotiv.com\/wp-content\/uploads\/2021\/05\/fba53647-9018-4150-87f1-5bcea83490de.jpg 1080w\" sizes=\"auto, (max-width: 169px) 100vw, 169px\" \/><img loading=\"lazy\" decoding=\"async\" src=\"https:\/\/dogan-otomotiv.com\/wp-content\/uploads\/2021\/05\/87478023-1bf5-4e61-a435-8cf13d7a2ea5-169x300.jpg\" alt=\"\" width=\"169\" height=\"300\" class=\"alignnone size-medium wp-image-6330\" srcset=\"https:\/\/dogan-otomotiv.com\/wp-content\/uploads\/2021\/05\/87478023-1bf5-4e61-a435-8cf13d7a2ea5-169x300.jpg 169w, https:\/\/dogan-otomotiv.com\/wp-content\/uploads\/2021\/05\/87478023-1bf5-4e61-a435-8cf13d7a2ea5-576x1024.jpg 576w, https:\/\/dogan-otomotiv.com\/wp-content\/uploads\/2021\/05\/87478023-1bf5-4e61-a435-8cf13d7a2ea5-768x1365.jpg 768w, https:\/\/dogan-otomotiv.com\/wp-content\/uploads\/2021\/05\/87478023-1bf5-4e61-a435-8cf13d7a2ea5-864x1536.jpg 864w, https:\/\/dogan-otomotiv.com\/wp-content\/uploads\/2021\/05\/87478023-1bf5-4e61-a435-8cf13d7a2ea5-600x1067.jpg 600w, https:\/\/dogan-otomotiv.com\/wp-content\/uploads\/2021\/05\/87478023-1bf5-4e61-a435-8cf13d7a2ea5.jpg 1080w\" sizes=\"auto, (max-width: 169px) 100vw, 169px\" \/><\/p>\n","protected":false},"featured_media":6331,"comment_status":"open","ping_status":"closed","template":"","meta":{"_joinchat":[]},"product_cat":[2204,536,25,17,157],"product_tag":[],"class_list":{"0":"post-6329","1":"product","2":"type-product","3":"status-publish","4":"has-post-thumbnail","6":"product_cat-citroen","7":"product_cat-fiat","8":"product_cat-ford","9":"product_cat-peugeot","10":"product_cat-volvo","12":"first","13":"instock","14":"sale","15":"shipping-taxable","16":"purchasable","17":"product-type-simple"},"_links":{"self":[{"href":"https:\/\/dogan-otomotiv.com\/index.php\/wp-json\/wp\/v2\/product\/6329","targetHints":{"allow":["GET"]}}],"collection":[{"href":"https:\/\/dogan-otomotiv.com\/index.php\/wp-json\/wp\/v2\/product"}],"about":[{"href":"https:\/\/dogan-otomotiv.com\/index.php\/wp-json\/wp\/v2\/types\/product"}],"replies":[{"embeddable":true,"href":"https:\/\/dogan-otomotiv.com\/index.php\/wp-json\/wp\/v2\/comments?post=6329"}],"wp:featuredmedia":[{"embeddable":true,"href":"https:\/\/dogan-otomotiv.com\/index.php\/wp-json\/wp\/v2\/media\/6331"}],"wp:attachment":[{"href":"https:\/\/dogan-otomotiv.com\/index.php\/wp-json\/wp\/v2\/media?parent=6329"}],"wp:term":[{"taxonomy":"product_cat","embeddable":true,"href":"https:\/\/dogan-otomotiv.com\/index.php\/wp-json\/wp\/v2\/product_cat?post=6329"},{"taxonomy":"product_tag","embeddable":true,"href":"https:\/\/dogan-otomotiv.com\/index.php\/wp-json\/wp\/v2\/product_tag?post=6329"}],"curies":[{"name":"wp","href":"https:\/\/api.w.org\/{rel}","templated":true}]}}