{"id":6305,"date":"2021-05-29T06:33:54","date_gmt":"2021-05-29T06:33:54","guid":{"rendered":"https:\/\/dogan-otomotiv.com\/?post_type=product&#038;p=6305"},"modified":"2024-12-02T13:39:12","modified_gmt":"2024-12-02T13:39:12","slug":"a2730900901-motor-ust-koruma-kapagi-w221-w216-s550-cl550-m273-5","status":"publish","type":"product","link":"https:\/\/dogan-otomotiv.com\/index.php\/urun\/a2730900901-motor-ust-koruma-kapagi-w221-w216-s550-cl550-m273-5\/","title":{"rendered":"A2730900901 MOTOR \u00dcST KORUMA KAPA\u011eI W221 W216 S550 CL550 M273 5"},"content":{"rendered":"<p>A2730900901 MOTOR \u00dcST KORUMA KAPA\u011eI W221 W216 S550 CL550 M273 5<br \/>\nDO\u011eAN OTOMOT\u0130V YEDEK PAR\u00c7A<br \/>\nLTD \u015eT\u0130 \u0130VED\u0130K ORGAN\u0130ZE SAN 1471 SOK 91-A OST\u0130M ANKARA<br \/>\nMUSTAFA SAVA\u015e\u00c7I<br \/>\n0 (312) 395 20 95<br \/>\n0533 322 16 09<\/p>\n<p>MUSTAFA SAVA\u015e\u00c7I<br \/>\n0 (312) 395 20 95 &#8211; 0533 322 16 09<br \/>\nIBAN NO: TR 54 0011 1000 0000 0098 3516 19<br \/>\nF\u0130NANSBANK ENPARA<br \/>\n\u015eUBE KODU: 03663<br \/>\nHESAP NO: 98351619<\/p>\n<p>DENEME YANILMA Y\u00d6NTEM\u0130NE PAR\u00c7A G\u00d6NDERM\u0130YORUZ.<br \/>\n 5 G\u00dcN\u00dc GE\u00c7EN  \u0130YADELER GER\u0130 KABUL ED\u0130LMEZ<br \/>\nKARGO \u00dcCRETLER\u0130 M\u00dc\u015eTER\u0130YE A\u0130TT\u0130R.<\/p>\n<p>\u015e\u0130PAR\u0130\u015eLER HAKKINDA<br \/>\nL\u00dcTFEN \u015e\u0130PAR\u0130\u015e VERMEK \u0130STED\u0130\u011e\u0130N\u0130Z \u00dcR\u00dcN\u00dcN STOK DURUMUNU SORUNUZ.<br \/>\nT\u00dcRK\u0130YEN\u0130N T\u00dcM \u015eEH\u0130RLER\u0130NE ANLA\u015eMALI KARGOLARIMIZ \u0130LE G\u00d6NDER\u0130M YAPILIR.<br \/>\nSAAT 18:00 KADAR VER\u0130LEN \u015e\u0130PAR\u0130\u015eLER AYNI G\u00dcN KARGO \u0130LE G\u00d6NDER\u0130M\u0130 YAPILIR.<br \/>\n\u00c7IKMA PAR\u00c7A F\u0130YATLARI PAR\u00c7ANIN TEM\u0130ZL\u0130\u011e\u0130NE VE TAM\u0130RS\u0130ZL\u0130\u011e\u0130NE G\u00d6RE DE\u011e\u0130\u015eKENL\u0130K G\u00d6STER\u0130R.<br \/>\nD\u0130\u011eER PAR\u00c7ALAR VE F\u0130YAT B\u0130LG\u0130S\u0130 \u0130\u00c7\u0130N \u0130LET\u0130\u015eME GE\u00c7EB\u0130L\u0130RS\u0130N\u0130Z<\/p>\n","protected":false},"excerpt":{"rendered":"<p>Mercedes-Benz CLK Cabrio A209 hava filtresi kutusu A2730900901 3.0 benzinli 170kw 2008<\/p>\n<p>Mercedes-Benz    C s\u0131n\u0131f\u0131    2004\/02-2007\/02    W203    C 55 AMG    5439 ccm, 270 KW, 367 PS<br \/>\nMercedes-Benz    C s\u0131n\u0131f\u0131    2005\/01-2007\/02    W203    \u00c7 230    2496 ccm, 150 KW, 204 PS<br \/>\nMercedes-Benz    C s\u0131n\u0131f\u0131    2000\/05-2007\/02    W203    \u00c7 240    2597 ccm, 125 KW, 170 PS<br \/>\nMercedes-Benz    C s\u0131n\u0131f\u0131    2002\/07-2007\/02    W203    C 240 4matik    2597 ccm, 125 KW, 170 PS<br \/>\nMercedes-Benz    C s\u0131n\u0131f\u0131    2005\/01-2007\/02    W203    \u00c7 280    2996 ccm, 170 KW, 231 PS<br \/>\nMercedes-Benz    C s\u0131n\u0131f\u0131    2005\/01-2007\/02    W203    C 280 4matik    2996 ccm, 170 KW, 231 PS<br \/>\nMercedes-Benz    C s\u0131n\u0131f\u0131    2000\/05-2007\/02    W203    C 320    3199 ccm, 160 KW, 218 PS<br \/>\nMercedes-Benz    C s\u0131n\u0131f\u0131    2002\/07-2007\/02    W203    C 320 4matik    3199 ccm, 160 KW, 218 PS<br \/>\nMercedes-Benz    C s\u0131n\u0131f\u0131    2005\/01-2007\/02    W203    \u00c7 350    3498 ccm, 200 KW, 272 PS<br \/>\nMercedes-Benz    C s\u0131n\u0131f\u0131    2005\/01-2007\/02    W203    C 350 4matik    3498 ccm, 200 KW, 272 PS<br \/>\nMercedes-Benz    C s\u0131n\u0131f\u0131    2007\/07-2014\/01    W204    C 230 4matik    2496 ccm, 150 KW, 204 PS<br \/>\nMercedes-Benz    C s\u0131n\u0131f\u0131    2007\/07-2014\/01    W204    C 280 4matik    2996 ccm, 170 KW, 231 PS<br \/>\nMercedes-Benz    C s\u0131n\u0131f\u0131    2007\/01-2014\/01    W204    \u00c7 350    3498 ccm, 200 KW, 272 PS<br \/>\nMercedes-Benz    C s\u0131n\u0131f\u0131    2007\/07-2014\/01    W204    C 350 4matik    3498 ccm, 200 KW, 272 PS<br \/>\nMercedes-Benz    C-S\u0131n\u0131f\u0131 Coupe    2002\/09-2008\/05    CL203    C 320    3199 ccm, 160 KW, 218 PS<br \/>\nMercedes-Benz    C-S\u0131n\u0131f\u0131 Coupe    2005\/01-2008\/05    CL203    \u00c7 350    3498 ccm, 200 KW, 272 PS<br \/>\nMercedes-Benz    C S\u0131n\u0131f\u0131 T Modeli    2004\/02-2007\/08    S203    C 55 AMG    5439 ccm, 270 KW, 367 PS<br \/>\nMercedes-Benz    C S\u0131n\u0131f\u0131 T Modeli    2005\/01-2007\/08    S203    \u00c7 230    2496 ccm, 150 KW, 204 PS<br \/>\nMercedes-Benz    C S\u0131n\u0131f\u0131 T Modeli    2001\/03-2007\/08    S203    \u00c7 240    2597 ccm, 125 KW, 170 PS<br \/>\nMercedes-Benz    C S\u0131n\u0131f\u0131 T Modeli    2002\/07-2007\/08    S203    C 240 4matik    2597 ccm, 125 KW, 170 PS<\/p>\n<p>Mercedes-Benz    C S\u0131n\u0131f\u0131 T Modeli    2005\/01-2007\/08    S203    \u00c7 280    2996 ccm, 170 KW, 231 PS<br \/>\nMercedes-Benz    C S\u0131n\u0131f\u0131 T Modeli    2005\/01-2007\/08    S203    C 280 4matik    2996 ccm, 170 KW, 231 PS<br \/>\nMercedes-Benz    C S\u0131n\u0131f\u0131 T Modeli    2001\/03-2007\/08    S203    C 320    3199 ccm, 160 KW, 218 PS<br \/>\nMercedes-Benz    C S\u0131n\u0131f\u0131 T Modeli    2002\/07-2007\/08    S203    C 320 4matik    3199 ccm, 160 KW, 218 PS<br \/>\nMercedes-Benz    C S\u0131n\u0131f\u0131 T Modeli    2005\/01-2007\/08    S203    \u00c7 350    3498 ccm, 200 KW, 272 PS<br \/>\nMercedes-Benz    C S\u0131n\u0131f\u0131 T Modeli    2005\/01-2007\/08    S203    C 350 4matik    3498 ccm, 200 KW, 272 PS<br \/>\nMercedes-Benz    C S\u0131n\u0131f\u0131 T Modeli    2007\/08-2014\/08    S204    \u00c7 230    2496 ccm, 150 KW, 204 PS<br \/>\nMercedes-Benz    C S\u0131n\u0131f\u0131 T Modeli    2007\/08-2014\/08    S204    \u00c7 280    2996 ccm, 170 KW, 231 PS<br \/>\nMercedes-Benz    C S\u0131n\u0131f\u0131 T Modeli    2007\/08-2014\/08    S204    \u00c7 350    3498 ccm, 200 KW, 272 PS<br \/>\nMercedes-Benz    CLC-klasse    2008\/05-2011\/06    CL203    CLC230    2496 ccm, 150 KW, 204 PS<br \/>\nMercedes-Benz    CLC-klasse    2008\/05-2011\/06    CL203    CLC350    3498 ccm, 200 KW, 272 PS<br \/>\nMercedes-Benz    CLK Cabriolet    2003\/02-2010\/03    A209    CLK 240    2597 ccm, 125 KW, 170 PS<br \/>\nMercedes-Benz    CLK Cabriolet    2005\/01-2010\/03    A209    CLK 280    2996 ccm, 170 KW, 231 PS<br \/>\nMercedes-Benz    CLK Cabriolet    2003\/02-2010\/03    A209    CLK 320    3199 ccm, 160 KW, 218 PS<br \/>\nMercedes-Benz    CLK Cabriolet    2005\/01-2010\/03    A209    CLK 350    3498 ccm, 200 KW, 272 PS<br \/>\nMercedes-Benz    CLK Cabriolet    2003\/02-2010\/03    A209    500 CLK    4966 ccm, 225 KW, 306 PS<br \/>\nMercedes-Benz    CLS    2008\/07-2010\/12    C219    CLS280    2996 ccm, 170 KW, 231 PS<br \/>\nMercedes-Benz    CLS    2004\/10-2010\/12    C219    CLS350    3498 ccm, 200 KW, 272 PS<br \/>\nMercedes-Benz    CLS    2006\/04-2010\/12    C219    CLS350    3498 ccm, 215 KW, 292 PS<br \/>\nMercedes-Benz    CLS    2004\/10-2010\/12    C219    CLS500    4966 ccm, 225 KW, 306 PS<\/p>\n<p>Mercedes-Benz    CLS    2006\/04-2010\/12    C219    CLS500    5461 ccm, 285 KW, 388 PS<br \/>\nMercedes-Benz    E-Serisi    2002\/03-2008\/12    W211    E 240    2597 ccm, 130 KW, 177 PS<br \/>\nMercedes-Benz    E-Serisi    2003\/03-2008\/12    W211    E 240 4matik    2597 ccm, 130 KW, 177 PS<br \/>\nMercedes-Benz    E-Serisi    2006\/01-2008\/12    W211    E 280 4matik    2996 ccm, 170 KW, 231 PS<br \/>\nMercedes-Benz    E-Serisi    2002\/03-2008\/12    W211    E 320    3199 ccm, 165 KW, 224 PS<br \/>\nMercedes-Benz    E-Serisi    2003\/03-2008\/12    W211    E 320 4matik    3199 ccm, 165 KW, 224 PS<br \/>\nMercedes-Benz    E-Serisi    2005\/03-2008\/12    W211    E 350 4matik    3498 ccm, 200 KW, 272 PS<br \/>\nMercedes-Benz    E-Serisi    2002\/03-2008\/12    W211    Ve 500    4966 ccm, 225 KW, 306 PS<br \/>\nMercedes-Benz    E-Serisi    2006\/04-2008\/12    W211    Ve 500    5461 ccm, 285 KW, 388 PS<br \/>\nMercedes-Benz    E-Serisi    2003\/10-2008\/12    W211    E 500 4matik    4966 ccm, 225 KW, 306 PS<br \/>\nMercedes-Benz    E-Serisi    2006\/04-2008\/12    W211    E 500 4matik    5461 ccm, 285 KW, 388 PS<br \/>\nMercedes-Benz    E-Serisi    2009\/01-2011\/08    W212    E 350 4matik    3498 ccm, 200 KW, 272 PS<br \/>\nMercedes-Benz    E-Serisi    2009\/01-2011\/12    W212    Ve 500    5461 ccm, 285 KW, 388 PS<br \/>\nMercedes-Benz    E-Serisi    2009\/01-2016\/12    W212    E 500 4matik    5461 ccm, 285 KW, 388 PS<br \/>\nMercedes-Benz    E-Serisi Coupe    2009\/01-2016\/12    C207    Ve 500    5461 ccm, 285 KW, 388 PS<br \/>\nMercedes-Benz    E-Serisi T-Modeli    2003\/03-2009\/07    S211    E 240T    2597 ccm, 130 KW, 177 PS<br \/>\nMercedes-Benz    E-Serisi T-Modeli    2003\/07-2009\/07    S211    E 240 T 4matik    2597 ccm, 130 KW, 177 PS<br \/>\nMercedes-Benz    E-Serisi T-Modeli    2005\/03-2009\/07    S211    E 280T    2996 ccm, 170 KW, 231 PS<br \/>\nMercedes-Benz    E-Serisi T-Modeli    2003\/03-2009\/07    S211    E 320T    3199 ccm, 165 KW, 224 PS<br \/>\nMercedes-Benz    E-Serisi T-Modeli    2003\/07-2009\/07    S211    E 320 T 4matik    3199 ccm, 165 KW, 224 PS<\/p>\n<p>Mercedes-Benz    E-Serisi T-Modeli    2005\/03-2009\/07    S211    E 350 T    3498 ccm, 200 KW, 272 PS<br \/>\nMercedes-Benz    E-Serisi T-Modeli    2005\/03-2009\/07    S211    E 350 T 4matik    3498 ccm, 200 KW, 272 PS<br \/>\nMercedes-Benz    E-Serisi T-Modeli    2003\/10-2009\/07    S211    E 500T    4966 ccm, 225 KW, 306 PS<br \/>\nMercedes-Benz    E-Serisi T-Modeli    2006\/04-2009\/07    S211    E 500T    5461 ccm, 285 KW, 388 PS<br \/>\nMercedes-Benz    E-Serisi T-Modeli    2003\/10-2009\/07    S211    E 500 T 4matik    4966 ccm, 225 KW, 306 PS<br \/>\nMercedes-Benz    E-Serisi T-Modeli    2006\/04-2009\/07    S211    E 500 T 4matik    5461 ccm, 285 KW, 388 PS<br \/>\nMercedes-Benz    G-Serisi    1999\/04-2023\/12    W463    G 55 AMG    5439 ccm, 260 KW, 354 PS<br \/>\nMercedes-Benz    G-Serisi    1997\/07-2004\/08    W463    G 320    3199 ccm, 158 KW, 215 PS<br \/>\nMercedes-Benz    G-Serisi    1998\/04-2023\/12    W463    G 500    4966 ccm, 218 KW, 296 PS<br \/>\nMercedes-Benz    GL-Serisi    2006\/09-2012\/08    X164    GL 450 4matik    4663 ccm, 250 KW, 340 PS<br \/>\nMercedes-Benz    GL-Serisi    2006\/09-2012\/12    X164    GL 500 4matik    5461 ccm, 285 KW, 388 PS<br \/>\nMercedes-Benz    M s\u0131n\u0131f\u0131    2005\/02-2011\/12    W164    ML 350 4matik    3498 ccm, 200 KW, 272 PS<br \/>\nMercedes-Benz    M s\u0131n\u0131f\u0131    2005\/07-2011\/12    W164    ML 500 4matik    4966 ccm, 225 KW, 306 PS<br \/>\nMercedes-Benz    R-Serisi    2007\/01-2014\/12    V251, W251    280 TL    2996 ccm, 170 KW, 231 PS<br \/>\nMercedes-Benz    R-Serisi    2007\/01-2012\/12    V251, W251    350 rupi    3498 ccm, 200 KW, 272 PS<br \/>\nMercedes-Benz    R-Serisi    2006\/01-2012\/12    V251, W251    R 350 4matik    3498 ccm, 200 KW, 272 PS<br \/>\nMercedes-Benz    R-Serisi    2006\/01-2014\/12    V251, W251    R 500 4matik    4966 ccm, 225 KW, 306 PS<br \/>\nMercedes-Benz    R-Serisi    2007\/01-2014\/12    V251, W251    R 500 4matik    5461 ccm, 285 KW, 388 PS<br \/>\nMercedes-Benz    S-Serisi    1999\/04-2005\/08    W220    S 55 AMG    5439 ccm, 265 KW, 360 PS<br \/>\nMercedes-Benz    S-Serisi    1998\/10-2005\/08    W220    S 280    2799 ccm, 150 KW, 204 PS<\/p>\n<p>Mercedes-Benz    S-Serisi    1998\/10-2005\/08    W220    S 320    3199 ccm, 165 KW, 224 PS<br \/>\nMercedes-Benz    S-Serisi    2003\/06-2005\/08    W220    S 350 4matik    3724 ccm, 180 KW, 245 PS<br \/>\nMercedes-Benz    S-Serisi    1998\/10-2005\/08    W220    S 500    4966 ccm, 225 KW, 306 PS<br \/>\nMercedes-Benz    S-Serisi    2005\/10-2013\/12    W221    S 350    3498 ccm, 200 KW, 272 PS<br \/>\nMercedes-Benz    S-Serisi    2008\/02-2013\/12    W221    S 350 4matik    3498 ccm, 200 KW, 272 PS<br \/>\nMercedes-Benz    S-Serisi    2005\/12-2013\/12    W221    S 450    4663 ccm, 250 KW, 340 PS<br \/>\nMercedes-Benz    S-Serisi    2005\/12-2013\/12    W221    S 450 4matik    4663 ccm, 250 KW, 340 PS<br \/>\nMercedes-Benz    S-Serisi    2005\/10-2013\/12    W221    S 500    5461 ccm, 285 KW, 388 PS<br \/>\nMercedes-Benz    S-Serisi    2005\/10-2013\/12    W221    S 500 4matik    5461 ccm, 285 KW, 388 PS<br \/>\nMercedes-Benz    S-Serisi Coupe    1999\/10-2006\/03    C215    CL 55AMG    5439 ccm, 265 KW, 360 PS<br \/>\nMercedes-Benz    S-Serisi Coupe    1999\/03-2006\/03    C215    CL 500    4966 ccm, 225 KW, 306 PS<br \/>\nMercedes-Benz    S-Serisi Coupe    2006\/06-2013\/12    C216    CL 500    5461 ccm, 285 KW, 388 PS<br \/>\nMercedes-Benz    S-Serisi Coupe    2008\/02-2013\/12    C216    CL 500 4matik    5461 ccm, 285 KW, 388 PS<br \/>\nMercedes-Benz    SL    1998\/05-2001\/10    R129    320    3199 ccm, 165 KW, 224 PS<\/p>\n","protected":false},"featured_media":6306,"comment_status":"open","ping_status":"closed","template":"","meta":{"_joinchat":[]},"product_cat":[23],"product_tag":[4599],"class_list":{"0":"post-6305","1":"product","2":"type-product","3":"status-publish","4":"has-post-thumbnail","6":"product_cat-mercedes","7":"product_tag-a2730900901-motor-ust-koruma-kapagi-w221-w216-s550-cl550-m273-5","9":"first","10":"instock","11":"sale","12":"shipping-taxable","13":"purchasable","14":"product-type-simple"},"_links":{"self":[{"href":"https:\/\/dogan-otomotiv.com\/index.php\/wp-json\/wp\/v2\/product\/6305","targetHints":{"allow":["GET"]}}],"collection":[{"href":"https:\/\/dogan-otomotiv.com\/index.php\/wp-json\/wp\/v2\/product"}],"about":[{"href":"https:\/\/dogan-otomotiv.com\/index.php\/wp-json\/wp\/v2\/types\/product"}],"replies":[{"embeddable":true,"href":"https:\/\/dogan-otomotiv.com\/index.php\/wp-json\/wp\/v2\/comments?post=6305"}],"wp:featuredmedia":[{"embeddable":true,"href":"https:\/\/dogan-otomotiv.com\/index.php\/wp-json\/wp\/v2\/media\/6306"}],"wp:attachment":[{"href":"https:\/\/dogan-otomotiv.com\/index.php\/wp-json\/wp\/v2\/media?parent=6305"}],"wp:term":[{"taxonomy":"product_cat","embeddable":true,"href":"https:\/\/dogan-otomotiv.com\/index.php\/wp-json\/wp\/v2\/product_cat?post=6305"},{"taxonomy":"product_tag","embeddable":true,"href":"https:\/\/dogan-otomotiv.com\/index.php\/wp-json\/wp\/v2\/product_tag?post=6305"}],"curies":[{"name":"wp","href":"https:\/\/api.w.org\/{rel}","templated":true}]}}