{"id":6258,"date":"2021-05-26T07:49:48","date_gmt":"2021-05-26T07:49:48","guid":{"rendered":"https:\/\/dogan-otomotiv.com\/?post_type=product&#038;p=6258"},"modified":"2022-04-28T07:25:21","modified_gmt":"2022-04-28T07:25:21","slug":"6n0199555e-motor-kulagi-sol-arka-vw-polo-1995-2000-orj-yeni","status":"publish","type":"product","link":"https:\/\/dogan-otomotiv.com\/index.php\/urun\/6n0199555e-motor-kulagi-sol-arka-vw-polo-1995-2000-orj-yeni\/","title":{"rendered":"6N0199555E MOTOR KULA\u011eI SOL ARKA VW POLO 1995-2000 ORJ YEN\u0130"},"content":{"rendered":"<p>6N0199555E MOTOR KULA\u011eI SOL ARKA VW POLO 1995-2000 D\u00dcZ \u015eANZUMAN<\/p>\n<p>EATAROSA (6H)HATCHBACK1.4 60 HP AKV, APQ, ANW, AUD, AEX, AKK1997.05-2004.06<\/p>\n<p>SEATAROSA (6H)HATCHBACK1.0 50 HP ANV, ALD, ALL, AUC, AER1997.05-2004.06<br \/>\nSEATAROSA (6H)HATCHBACK1.4 16V 100 HP AUB, AQQ, AFK2000.01-2004.06<br \/>\nVWLUPO (6X1, 6E1)HATCHBACK1.4 60 HP AUD2000.10-2005.07<br \/>\nVWLUPO (6X1, 6E1)HATCHBACK1.4 FSI 105 HP ARR2001.02-2005.07<br \/>\nVWLUPO (6X1, 6E1)HATCHBACK1.0 50 HP ALL, ALD, AUC, ANV, AER1998.09-2005.07<br \/>\nVWLUPO (6X1, 6E1)HATCHBACK1.4 16V 100 HP AFK, AUB, AQQ1999.08-2005.07<br \/>\nVWLUPO (6X1, 6E1)HATCHBACK1.4 16V 75 HP AKQ, BBY, APE, AUA, AHW1998.09-2005.07<br \/>\nVWPOLO (6N1)HATCHBACK120 1.6 16V GTI 120 HP AJV1998.09-1999.10<br \/>\nVWPOLO (6N1)HATCHBACK75 1.6 75 HP AEA, AEE, AHS1994.10-1999.10<br \/>\nVWPOLO (6N1)HATCHBACK45 1.0 45 HP AEV1994.10-1996.09<br \/>\nVWPOLO (6N1)HATCHBACK50 1.0 50 HP ALL, AER1996.09-1999.10<br \/>\nVWPOLO (6N1)HATCHBACK60 1.4 60 HP AEX, APQ, AKV1995.07-1999.10<br \/>\nVWPOLO (6N1)HATCHBACK55 1.3 55 HP ADX1994.10-1995.07<br \/>\nVWPOLO (6N2)HATCHBACK1.0 50 HP AUC, ALD1999.10-2001.09<br \/>\nVWPOLO (6N2)HATCHBACK1.4 60 HP AKK, AUD1999.10-2001.09<br \/>\nVWPOLO (6N2)HATCHBACK1.6 16V GTI 125 HP ARC, AVY1999.10-2001.09<br \/>\nVWPOLO (6N2)HATCHBACK1.4 16V 101 HP AUB, AQQ, AFK1999.10-2001.09<br \/>\nVWPOLO (6N2)HATCHBACK1.4 54 HP ANX, AKP1999.10-2001.09<br \/>\nVWPOLO (6N2)HATCHBACK1.4 16V 75 HP AHW, AUA, APE1999.10-2001.09<\/p>\n","protected":false},"excerpt":{"rendered":"<p>DO\u011eAN OTOMOT\u0130V YEDEK PAR\u00c7A<br \/>\nLTD \u015eT\u0130 \u0130VED\u0130K ORGAN\u0130ZE SAN 1471 SOKAK 91-A OST\u0130M ANKARA<br \/>\nSEM\u0130H SAVA\u015e\u00c7I (312) 395 20 95<br \/>\n0533 322 16 09<\/p>\n<p>MUSTAFA SAVA\u015e\u00c7I<br \/>\n0 (312) 395 20 95<br \/>\nIBAN NO: TR 54 0011 1000 0000 0098 3516 19<br \/>\nF\u0130NANSBANK ENPARA<br \/>\n\u015eUBE KODU: 03663<br \/>\nHESAP NO: 98351619<\/p>\n<p>Paket i\u00e7eri\u011fi: 1 Adet<br \/>\nSATI\u015e F\u0130YATI KDV DAH\u0130L<br \/>\nSAAT 17:00 KADAR VER\u0130LEN \u015e\u0130PAR\u0130\u015e AYNI G\u00dcN KARGO \u0130LE G\u00d6NDER\u0130M\u0130 YAPILIR.<br \/>\nKARGO \u0130ADES\u0130 DURUMUNDA<br \/>\nKARGO \u00dcCRET\u0130 M\u00dc\u015eTER\u0130YE A\u0130TT\u0130R. AYRICA KARGODA KIRILAN PAR\u00c7ALARDAN SORUMLU DEY\u0130L\u0130Z<\/p>\n","protected":false},"featured_media":6259,"comment_status":"open","ping_status":"closed","template":"","meta":{"_joinchat":[]},"product_cat":[15,19,20],"product_tag":[7424],"class_list":{"0":"post-6258","1":"product","2":"type-product","3":"status-publish","4":"has-post-thumbnail","6":"product_cat-volkswagen","7":"product_cat-seat","8":"product_cat-skoda","9":"product_tag-6n0199555e-motor-kulagi-sol-arka-vw-polo-1995-2000-orj-yeni","11":"first","12":"instock","13":"sale","14":"shipping-taxable","15":"purchasable","16":"product-type-simple"},"_links":{"self":[{"href":"https:\/\/dogan-otomotiv.com\/index.php\/wp-json\/wp\/v2\/product\/6258","targetHints":{"allow":["GET"]}}],"collection":[{"href":"https:\/\/dogan-otomotiv.com\/index.php\/wp-json\/wp\/v2\/product"}],"about":[{"href":"https:\/\/dogan-otomotiv.com\/index.php\/wp-json\/wp\/v2\/types\/product"}],"replies":[{"embeddable":true,"href":"https:\/\/dogan-otomotiv.com\/index.php\/wp-json\/wp\/v2\/comments?post=6258"}],"wp:featuredmedia":[{"embeddable":true,"href":"https:\/\/dogan-otomotiv.com\/index.php\/wp-json\/wp\/v2\/media\/6259"}],"wp:attachment":[{"href":"https:\/\/dogan-otomotiv.com\/index.php\/wp-json\/wp\/v2\/media?parent=6258"}],"wp:term":[{"taxonomy":"product_cat","embeddable":true,"href":"https:\/\/dogan-otomotiv.com\/index.php\/wp-json\/wp\/v2\/product_cat?post=6258"},{"taxonomy":"product_tag","embeddable":true,"href":"https:\/\/dogan-otomotiv.com\/index.php\/wp-json\/wp\/v2\/product_tag?post=6258"}],"curies":[{"name":"wp","href":"https:\/\/api.w.org\/{rel}","templated":true}]}}