{"id":6212,"date":"2021-05-23T07:50:22","date_gmt":"2021-05-23T07:50:22","guid":{"rendered":"https:\/\/dogan-otomotiv.com\/?post_type=product&#038;p=6212"},"modified":"2022-01-19T12:45:35","modified_gmt":"2022-01-19T12:45:35","slug":"6n0919673-yakit-samandirasi-seat-cordoba-6k1-6k2-d9","status":"publish","type":"product","link":"https:\/\/dogan-otomotiv.com\/index.php\/urun\/6n0919673-yakit-samandirasi-seat-cordoba-6k1-6k2-d9\/","title":{"rendered":"6N0919673 YAKIT \u015eAMANDIRASI SEAT CORDOBA 6K1 \/ 6K2 (D9)"},"content":{"rendered":"<pre>6N0919673 YAKIT \u015eAMANDIRASI SEAT CORDOBA 6K1 \/ 6K2 (D9)<\/pre>\n","protected":false},"excerpt":{"rendered":"<p>DO\u011eAN OTOMOT\u0130V YEDEK PAR\u00c7A<br \/>\nLTD \u015eT\u0130 \u0130VED\u0130K ORGAN\u0130ZE SAN 1471 SOKAK 91-A OST\u0130M ANKARA<br \/>\nSEM\u0130H SAVA\u015e\u00c7I (312) 395 20 95<br \/>\n0533 322 16 09<\/p>\n<p>MUSTAFA SAVA\u015e\u00c7I<br \/>\n0 (312) 395 20 95<br \/>\nIBAN NO: TR 54 0011 1000 0000 0098 3516 19<br \/>\nF\u0130NANSBANK ENPARA<br \/>\n\u015eUBE KODU: 03663<br \/>\nHESAP NO: 98351619<\/p>\n<pre>\r\nSATI\u015e F\u0130YATI KDV DAH\u0130L 1 ADET\r\nSAAT 17:00 KADAR VER\u0130LEN \u015e\u0130PAR\u0130\u015e AYNI G\u00dcN KARGO \u0130LE G\u00d6NDER\u0130M\u0130 YAPILIR.\r\nKARGO \u0130ADES\u0130 DURUMUNDA\r\nKARGO \u00dcCRET\u0130 M\u00dc\u015eTER\u0130YE A\u0130TT\u0130R. AYRICA KARGODA KIRILAN PAR\u00c7ALARDAN SORUMLU DEY\u0130L\u0130Z<\/pre>\n","protected":false},"featured_media":6213,"comment_status":"open","ping_status":"closed","template":"","meta":{"_joinchat":[]},"product_cat":[15,19,20],"product_tag":[4562],"class_list":{"0":"post-6212","1":"product","2":"type-product","3":"status-publish","4":"has-post-thumbnail","6":"product_cat-volkswagen","7":"product_cat-seat","8":"product_cat-skoda","9":"product_tag-6n0919673-yakit-samandirasi-seat-cordoba-6k1-6k2-d9","11":"first","12":"instock","13":"sale","14":"shipping-taxable","15":"purchasable","16":"product-type-simple"},"_links":{"self":[{"href":"https:\/\/dogan-otomotiv.com\/index.php\/wp-json\/wp\/v2\/product\/6212","targetHints":{"allow":["GET"]}}],"collection":[{"href":"https:\/\/dogan-otomotiv.com\/index.php\/wp-json\/wp\/v2\/product"}],"about":[{"href":"https:\/\/dogan-otomotiv.com\/index.php\/wp-json\/wp\/v2\/types\/product"}],"replies":[{"embeddable":true,"href":"https:\/\/dogan-otomotiv.com\/index.php\/wp-json\/wp\/v2\/comments?post=6212"}],"wp:featuredmedia":[{"embeddable":true,"href":"https:\/\/dogan-otomotiv.com\/index.php\/wp-json\/wp\/v2\/media\/6213"}],"wp:attachment":[{"href":"https:\/\/dogan-otomotiv.com\/index.php\/wp-json\/wp\/v2\/media?parent=6212"}],"wp:term":[{"taxonomy":"product_cat","embeddable":true,"href":"https:\/\/dogan-otomotiv.com\/index.php\/wp-json\/wp\/v2\/product_cat?post=6212"},{"taxonomy":"product_tag","embeddable":true,"href":"https:\/\/dogan-otomotiv.com\/index.php\/wp-json\/wp\/v2\/product_tag?post=6212"}],"curies":[{"name":"wp","href":"https:\/\/api.w.org\/{rel}","templated":true}]}}