{"id":6153,"date":"2021-05-11T08:06:06","date_gmt":"2021-05-11T08:06:06","guid":{"rendered":"https:\/\/dogan-otomotiv.com\/?post_type=product&#038;p=6153"},"modified":"2024-12-10T10:35:21","modified_gmt":"2024-12-10T10:35:21","slug":"038103603ag-20-tdi-bkd-vw-audi-seat-motor-karter-2006-a11","status":"publish","type":"product","link":"https:\/\/dogan-otomotiv.com\/index.php\/urun\/038103603ag-20-tdi-bkd-vw-audi-seat-motor-karter-2006-a11\/","title":{"rendered":"038103603AG 2,0 TD\u0130 BKD VW AUD\u0130 SEAT MOTOR KARTER 2006 A11"},"content":{"rendered":"<p>038103603AG 2,0 TD\u0130 BKD VW AUD\u0130 SEAT MOTOR KARTER 2006 A11<\/p>\n","protected":false},"excerpt":{"rendered":"<p>DO\u011eAN OTOMOT\u0130V YEDEK PAR\u00c7A<br \/>\nLTD \u015eT\u0130 \u0130VED\u0130K ORGAN\u0130ZE SAN 1471 SOKAK 91-A OST\u0130M ANKARA<br \/>\nSEM\u0130H SAVA\u015e\u00c7I  (312) 395 20 95<br \/>\n0533 322 16 09<\/p>\n<p>MUSTAFA SAVA\u015e\u00c7I<br \/>\n0 (312) 395 20 95<br \/>\nIBAN NO: TR 54 0011 1000 0000 0098 3516 19<br \/>\nF\u0130NANSBANK ENPARA<br \/>\n\u015eUBE KODU: 03663<br \/>\nHESAP NO: 98351619<\/p>\n<p>\u015e\u0130PAR\u0130\u015eLER HAKKINDA<\/p>\n<p>G\u00dcNCEL F\u0130YAT \u0130\u00c7\u0130N TEMASA GE\u00c7\u0130N\u0130Z KDV DAH\u0130L<br \/>\n(Uyumluluk sadece referans i\u00e7indir. L\u00fctfen sat\u0131n almadan \u00f6nce par\u00e7a<br \/>\n numaras\u0131n\u0131 orijinal olanla kar\u015f\u0131la\u015ft\u0131r\u0131n!)<br \/>\nL\u00dcTFEN \u015e\u0130PAR\u0130\u015e VERMEK \u0130STED\u0130\u011e\u0130N\u0130Z \u00dcR\u00dcN\u00dcN STOK DURUMUNU SORUNUZ.<br \/>\nNOT SATI\u015e F\u0130YATLARI TEMS\u0130L\u0130D\u0130R<br \/>\nSAAT 17:00 KADAR VER\u0130LEN \u015e\u0130PAR\u0130\u015eLER AYNI G\u00dcN KARGO \u0130LE G\u00d6NDER\u0130M\u0130 YAPILIR.<br \/>\n\u00c7IKMA PAR\u00c7A F\u0130YATLARI PAR\u00c7ANIN TEM\u0130ZL\u0130\u011e\u0130NE VE TAM\u0130RS\u0130ZL\u0130\u011e\u0130NE G\u00d6RE DE\u011e\u0130\u015eKENL\u0130K G\u00d6STER\u0130R.<br \/>\nKARGO \u0130ADES\u0130 DURUMUNDA<br \/>\nKARGO \u00dcCRET\u0130 M\u00dc\u015eTER\u0130YE A\u0130TT\u0130R.<br \/>\nD\u0130\u011eER PAR\u00c7ALAR VE F\u0130YAT B\u0130LG\u0130S\u0130 \u0130\u00c7\u0130N \u0130LET\u0130\u015eME GE\u00c7EB\u0130L\u0130RS\u0130N\u0130Z<\/p>\n","protected":false},"featured_media":6154,"comment_status":"open","ping_status":"closed","template":"","meta":{"_joinchat":[]},"product_cat":[15,24,19,20],"product_tag":[4545,4544],"class_list":{"0":"post-6153","1":"product","2":"type-product","3":"status-publish","4":"has-post-thumbnail","6":"product_cat-volkswagen","7":"product_cat-audi","8":"product_cat-seat","9":"product_cat-skoda","10":"product_tag-0-tdi-bkd-vw-audi-seat-motor-karter-2006-a11","11":"product_tag-038103603ag-2","13":"first","14":"instock","15":"sale","16":"shipping-taxable","17":"purchasable","18":"product-type-simple"},"_links":{"self":[{"href":"https:\/\/dogan-otomotiv.com\/index.php\/wp-json\/wp\/v2\/product\/6153","targetHints":{"allow":["GET"]}}],"collection":[{"href":"https:\/\/dogan-otomotiv.com\/index.php\/wp-json\/wp\/v2\/product"}],"about":[{"href":"https:\/\/dogan-otomotiv.com\/index.php\/wp-json\/wp\/v2\/types\/product"}],"replies":[{"embeddable":true,"href":"https:\/\/dogan-otomotiv.com\/index.php\/wp-json\/wp\/v2\/comments?post=6153"}],"wp:featuredmedia":[{"embeddable":true,"href":"https:\/\/dogan-otomotiv.com\/index.php\/wp-json\/wp\/v2\/media\/6154"}],"wp:attachment":[{"href":"https:\/\/dogan-otomotiv.com\/index.php\/wp-json\/wp\/v2\/media?parent=6153"}],"wp:term":[{"taxonomy":"product_cat","embeddable":true,"href":"https:\/\/dogan-otomotiv.com\/index.php\/wp-json\/wp\/v2\/product_cat?post=6153"},{"taxonomy":"product_tag","embeddable":true,"href":"https:\/\/dogan-otomotiv.com\/index.php\/wp-json\/wp\/v2\/product_tag?post=6153"}],"curies":[{"name":"wp","href":"https:\/\/api.w.org\/{rel}","templated":true}]}}