{"id":6128,"date":"2021-05-10T08:26:52","date_gmt":"2021-05-10T08:26:52","guid":{"rendered":"https:\/\/dogan-otomotiv.com\/?post_type=product&#038;p=6128"},"modified":"2022-06-14T09:20:10","modified_gmt":"2022-06-14T09:20:10","slug":"76047001-klima-kurutucu-alfa-romeo-164-fiat-lancia-thema-saab-1","status":"publish","type":"product","link":"https:\/\/dogan-otomotiv.com\/index.php\/urun\/76047001-klima-kurutucu-alfa-romeo-164-fiat-lancia-thema-saab-1\/","title":{"rendered":"76047001 Klima Kurutucu, ALFA ROMEO 164 FIAT LANCIA Thema SAAB 1"},"content":{"rendered":"<p>76047001 Klima Kurutucu, ALFA ROMEO 164 FIAT LANCIA Thema SAAB 1<br \/>\n76047001 Klima Kurutucu, ALFA ROMEO 164 FIAT LANCIA Thema SAAB 1<\/p>\n<p>76047001, JOHN DEERE : ER047681, NEW HOLLAND : 85804063, CASE : 450433A1, DEUTZ : 00089604410, CLAAS : 017049\/2, SAME : 0089604410, RENAULT AGRI : 6005016252<\/p>\n<p> Ara\u00e7 uyumluluk listesi kabaca kar\u015f\u0131la\u015ft\u0131rma ama\u00e7l\u0131d\u0131r &#8230; daha fazla    1995    Alfa Romeo    164    LS Sedan 4 Kap\u0131l\u0131    3.0L 2959CC V6 GAZ DOHC Do\u011fal Emi\u015fli<br \/>\n. Ara\u00e7 uyumluluk listesi kabaca kar\u015f\u0131la\u015ft\u0131rma ama\u00e7l\u0131d\u0131r &#8230; daha fazla    1995    Alfa Romeo    164    Quadrifoglio Sedan 4 Kap\u0131l\u0131    3.0L 2959CC V6 GAZ DOHC Do\u011fal Emi\u015fli<br \/>\n. Ara\u00e7 uyumluluk listesi kabaca kar\u015f\u0131la\u015ft\u0131rma ama\u00e7l\u0131d\u0131r &#8230; daha fazla    1994    Alfa Romeo    164    LS Sedan 4 Kap\u0131l\u0131    3.0L 2959CC V6 GAZ DOHC Do\u011fal Emi\u015fli<br \/>\n. Ara\u00e7 uyumluluk listesi kabaca kar\u015f\u0131la\u015ft\u0131rma ama\u00e7l\u0131d\u0131r &#8230; daha fazla    1994    Alfa Romeo    164    Quadrifoglio Sedan 4 Kap\u0131l\u0131    3.0L 2959CC V6 GAZ DOHC Do\u011fal Emi\u015fli<br \/>\nModel y\u0131l\u0131: 10\/1991. Ara\u00e7 uyumluluk listesi &#8230; daha fazla    1994    Saab    9000    CDE Sedan 4 Kap\u0131l\u0131    2.3L 2290CC 140Cu. \u0130\u00e7inde. l4 GAZ DOHC Do\u011fal Emi\u015fli<br \/>\nModel y\u0131l\u0131: 10\/1991. Ara\u00e7 uyumluluk listesi &#8230; daha fazla    1994    Saab    9000    CDE Turbo Sedan 4 Kap\u0131l\u0131    2.3L 2290CC l4 GAZ DOHC Turbo\u015farjl\u0131<br \/>\nModel y\u0131l\u0131: 10\/1991. Ara\u00e7 uyumluluk listesi &#8230; daha fazla    1994    Saab    9000    CD Turbo Sedan 4 Kap\u0131l\u0131    2.3L 2290CC l4 GAZ DOHC Turbo\u015farjl\u0131<br \/>\n. Ara\u00e7 uyumluluk listesi kabaca kar\u015f\u0131la\u015ft\u0131rma ama\u00e7l\u0131d\u0131r &#8230; daha fazla    1993    Alfa Romeo    164    L Sedan 4 Kap\u0131l\u0131    3.0L 2959CC V6 GAZ SOHC Do\u011fal Emi\u015fli<br \/>\n. Ara\u00e7 uyumluluk listesi kabaca kar\u015f\u0131la\u015ft\u0131rma ama\u00e7l\u0131d\u0131r &#8230; daha fazla    1993    Alfa Romeo    164    Sport Sedan 4 Kap\u0131l\u0131    3.0L 2959CC V6 GAZ SOHC Do\u011fal Emi\u015fli<br \/>\nModel y\u0131l\u0131: 10\/1991. Ara\u00e7 uyumluluk listesi &#8230; daha fazla    1993    Saab    9000    CDE Sedan 4 Kap\u0131l\u0131    2.3L 2290CC 140Cu. \u0130\u00e7inde. l4 GAZ DOHC Do\u011fal Emi\u015fli<br \/>\nModel y\u0131l\u0131: 10\/1991. Ara\u00e7 uyumluluk listesi &#8230; daha fazla    1993    Saab    9000    CDE Turbo Sedan 4 Kap\u0131l\u0131    2.3L 2290CC l4 GAZ DOHC Turbo\u015farjl\u0131<br \/>\nModel y\u0131l\u0131: 10\/1991. Ara\u00e7 uyumluluk listesi &#8230; daha fazla    1993    Saab    9000    CD Sedan 4 Kap\u0131l\u0131    2.3L 2290CC 140Cu. \u0130\u00e7inde. l4 GAZ DOHC Do\u011fal Emi\u015fli<br \/>\nModel y\u0131l\u0131: 10\/1991. Ara\u00e7 uyumluluk listesi &#8230; daha fazla    1993    Saab    9000    CD Turbo Sedan 4 Kap\u0131l\u0131    2.3L 2290CC l4 GAZ DOHC Turbo\u015farjl\u0131<br \/>\n. Ara\u00e7 uyumluluk listesi kabaca kar\u015f\u0131la\u015ft\u0131rma ama\u00e7l\u0131d\u0131r &#8230; daha fazla    1992    Alfa Romeo    164    L Sedan 4 Kap\u0131l\u0131    3.0L 2959CC V6 GAZ SOHC Do\u011fal Emi\u015fli<br \/>\n. Ara\u00e7 uyumluluk listesi kabaca kar\u015f\u0131la\u015ft\u0131rma ama\u00e7l\u0131d\u0131r &#8230; daha fazla    1992    Alfa Romeo    164    Sport Sedan 4 Kap\u0131l\u0131    3.0L 2959CC V6 GAZ SOHC Do\u011fal Emi\u015fli<br \/>\nModel y\u0131l\u0131: 10\/1991. Ara\u00e7 uyumluluk listesi &#8230; daha fazla    1992    Saab    9000    CD Griffin Edition Sedan 4 Kap\u0131l\u0131    2.3L 2290CC l4 GAZ DOHC Turbo\u015farjl\u0131<br \/>\nModel y\u0131l\u0131: 10\/1991. Ara\u00e7 uyumluluk listesi &#8230; daha fazla    1992    Saab    9000    CD Sedan 4 Kap\u0131l\u0131    2.3L 2290CC 140Cu. \u0130\u00e7inde. l4 GAZ DOHC Do\u011fal Emi\u015fli<br \/>\nModel y\u0131l\u0131: 10\/1991. Ara\u00e7 uyumluluk listesi &#8230; daha fazla    1992    Saab    9000    CD Turbo Sedan 4 Kap\u0131l\u0131    2.3L 2290CC l4 GAZ DOHC Turbo\u015farjl\u0131<br \/>\n. Ara\u00e7 uyumluluk listesi kabaca kar\u015f\u0131la\u015ft\u0131rma ama\u00e7l\u0131d\u0131r &#8230; daha fazla    1991    Alfa Romeo    164    Baz Sedan 4 Kap\u0131l\u0131    3.0L 2959CC V6 GAZ SOHC Do\u011fal Emi\u015fli<br \/>\n. Ara\u00e7 uyumluluk listesi kabaca kar\u015f\u0131la\u015ft\u0131rma ama\u00e7l\u0131d\u0131r &#8230; daha fazla    1991    Alfa Romeo    164    L Sedan 4 Kap\u0131l\u0131    3.0L<\/p>\n","protected":false},"excerpt":{"rendered":"<p>DO\u011eAN OTOMOT\u0130V YEDEK PAR\u00c7A<br \/>\nLTD \u015eT\u0130 \u0130VED\u0130K ORGAN\u0130ZE SAN 1471 SOKAK 91-A OST\u0130M ANKARA<br \/>\nSEM\u0130H SAVA\u015e\u00c7I  (312) 395 20 95<br \/>\n0533 322 16 09<\/p>\n<p>MUSTAFA SAVA\u015e\u00c7I<br \/>\n0 (312) 395 20 95<br \/>\nIBAN NO: TR 54 0011 1000 0000 0098 3516 19<br \/>\nF\u0130NANSBANK ENPARA<br \/>\n\u015eUBE KODU: 03663<br \/>\nHESAP NO: 98351619<\/p>\n<p>\u015e\u0130PAR\u0130\u015eLER HAKKINDA<\/p>\n<p>G\u00dcNCEL F\u0130YAT \u0130\u00c7\u0130N TEMASA GE\u00c7\u0130N\u0130Z KDV DAH\u0130L<br \/>\n(Uyumluluk sadece referans i\u00e7indir. L\u00fctfen sat\u0131n almadan \u00f6nce par\u00e7a<br \/>\n numaras\u0131n\u0131 orijinal olanla kar\u015f\u0131la\u015ft\u0131r\u0131n!)<br \/>\nL\u00dcTFEN \u015e\u0130PAR\u0130\u015e VERMEK \u0130STED\u0130\u011e\u0130N\u0130Z \u00dcR\u00dcN\u00dcN STOK DURUMUNU SORUNUZ.<br \/>\nNOT SATI\u015e F\u0130YATLARI TEMS\u0130L\u0130D\u0130R<br \/>\nSAAT 17:00 KADAR VER\u0130LEN \u015e\u0130PAR\u0130\u015eLER AYNI G\u00dcN KARGO \u0130LE G\u00d6NDER\u0130M\u0130 YAPILIR.<br \/>\n\u00c7IKMA PAR\u00c7A F\u0130YATLARI PAR\u00c7ANIN TEM\u0130ZL\u0130\u011e\u0130NE VE TAM\u0130RS\u0130ZL\u0130\u011e\u0130NE G\u00d6RE DE\u011e\u0130\u015eKENL\u0130K G\u00d6STER\u0130R.<br \/>\nKARGO \u0130ADES\u0130 DURUMUNDA<br \/>\nKARGO \u00dcCRET\u0130 M\u00dc\u015eTER\u0130YE A\u0130TT\u0130R.<br \/>\nD\u0130\u011eER PAR\u00c7ALAR VE F\u0130YAT B\u0130LG\u0130S\u0130 \u0130\u00c7\u0130N \u0130LET\u0130\u015eME GE\u00c7EB\u0130L\u0130RS\u0130N\u0130Z<\/p>\n","protected":false},"featured_media":11180,"comment_status":"open","ping_status":"closed","template":"","meta":{"_joinchat":[]},"product_cat":[536],"product_tag":[4532,4533],"class_list":{"0":"post-6128","1":"product","2":"type-product","3":"status-publish","4":"has-post-thumbnail","6":"product_cat-fiat","7":"product_tag-76047001-klima-kurutucu","8":"product_tag-alfa-romeo-164-fiat-lancia-thema-saab-1","10":"first","11":"instock","12":"sale","13":"shipping-taxable","14":"purchasable","15":"product-type-simple"},"_links":{"self":[{"href":"https:\/\/dogan-otomotiv.com\/index.php\/wp-json\/wp\/v2\/product\/6128","targetHints":{"allow":["GET"]}}],"collection":[{"href":"https:\/\/dogan-otomotiv.com\/index.php\/wp-json\/wp\/v2\/product"}],"about":[{"href":"https:\/\/dogan-otomotiv.com\/index.php\/wp-json\/wp\/v2\/types\/product"}],"replies":[{"embeddable":true,"href":"https:\/\/dogan-otomotiv.com\/index.php\/wp-json\/wp\/v2\/comments?post=6128"}],"wp:featuredmedia":[{"embeddable":true,"href":"https:\/\/dogan-otomotiv.com\/index.php\/wp-json\/wp\/v2\/media\/11180"}],"wp:attachment":[{"href":"https:\/\/dogan-otomotiv.com\/index.php\/wp-json\/wp\/v2\/media?parent=6128"}],"wp:term":[{"taxonomy":"product_cat","embeddable":true,"href":"https:\/\/dogan-otomotiv.com\/index.php\/wp-json\/wp\/v2\/product_cat?post=6128"},{"taxonomy":"product_tag","embeddable":true,"href":"https:\/\/dogan-otomotiv.com\/index.php\/wp-json\/wp\/v2\/product_tag?post=6128"}],"curies":[{"name":"wp","href":"https:\/\/api.w.org\/{rel}","templated":true}]}}