{"id":6123,"date":"2021-05-10T06:33:16","date_gmt":"2021-05-10T06:33:16","guid":{"rendered":"https:\/\/dogan-otomotiv.com\/?post_type=product&#038;p=6123"},"modified":"2021-05-10T06:33:16","modified_gmt":"2021-05-10T06:33:16","slug":"06l121012a-su-pompasi-vw-volkswagen-beetle-jetta-passat-audi-ic","status":"publish","type":"product","link":"https:\/\/dogan-otomotiv.com\/index.php\/urun\/06l121012a-su-pompasi-vw-volkswagen-beetle-jetta-passat-audi-ic\/","title":{"rendered":"06L121012A SU Pompas\u0131 VW Volkswagen Beetle Jetta Passat Audi i\u00e7"},"content":{"rendered":"<p>06L121012A SU Pompas\u0131 VW Volkswagen Beetle Jetta Passat Audi i\u00e7<br \/>\n2015-2016 A3 (submodel: Komfort, Premium, Premium Plus, Prestige, Progressiv, Technik) Engine Designation: CNSB<br \/>\n2015,2017 A3 Quattro Progressiv Engine Designation: CNTC<br \/>\n2015-2017 A3 Quattro (submodel: Komfort, Premium, Premium Plus, Prestige, Technik) Engine Designation: CNTC<br \/>\n2017 A4 (submodel: Premium, Premium Plus, Prestige) Engine Designation: CYMC<br \/>\n2017 A4 allroad (submodel: Komfort, Premium, Premium Plus, Prestige, Progressiv, Technik) Engine Designation: CYMC<br \/>\n2017 A4 Quattro (submodel: Komfort, Premium, Premium Plus, Prestige, Progressiv, Technik)<br \/>\n2016-2017 A6 (submodel: Premium, Premium Plus) Engine Designation: CYNB<br \/>\n2017 A6 Quattro Premium Engine Designation: CYNB<br \/>\n2016-2017 A6 Quattro (submodel: Premium Plus, Progressiv, Technik) Engine Designation: CYNB<br \/>\n2017 Q7 (submodel: Komfort, Premium, Premium Plus, Progressiv) Engine Designation: CYMC<br \/>\n2015-2017 S3 (submodel: Premium Plus, Prestige, Progressiv, Technik)<br \/>\n2016-2017 TT Quattro Base Engine Designation: CNTC<br \/>\nVolkswagen<\/p>\n<p>2017 Beetle #PinkBeetle Engine Designation: CPKA, CPRA<br \/>\n2015 Beetle Base Engine Designation: CPKA, CPRA, Fits vehicles from production date 7\/1\/14<br \/>\n2016-2017 Beetle Classic Engine Designation: CPKA, CPRA<br \/>\n2015 Beetle Classic Engine Designation: CPKA, CPRA, Fits vehicles from production date 7\/1\/14<br \/>\n2016 Beetle Comfortline Engine Designation: CPKA, CPRA<br \/>\n2015 Beetle Comfortline Engine Designation: CPKA, CPRA, Fits vehicles from production date 7\/1\/14<br \/>\n2016 Beetle Denim Engine Designation: CPKA, CPRA<br \/>\n2016-2017 Beetle Dune Engine Designation: CPKA, CPRA<br \/>\n2016 Beetle Fleet Edition Engine Designation: CPRA<br \/>\n2015 Beetle Fleet Edition Engine Designation: CPRA, Fits vehicles from production date 7\/1\/14<br \/>\n2015 Beetle R-Line Engine Designation: CPLA<br \/>\n2015 Beetle R-Line Engine Designation: CPPA<br \/>\n2016 Beetle R-Line S Engine Designation: CPLA<br \/>\n2016 Beetle R-Line S Engine Designation: CPPA<br \/>\n2016 Beetle R-Line SE Engine Designation: CPLA<br \/>\n2016 Beetle R-Line SE Engine Designation: CPPA<br \/>\n2016-2017 Beetle R-Line SEL Engine Designation: CPLA<br \/>\n2016-2017 Beetle R-Line SEL Engine Designation: CPPA<br \/>\n2016-2017 Beetle S Engine Designation: CPKA, CPRA<br \/>\n2016-2017 Beetle SE Engine Designation: CPKA, CPRA<br \/>\n2016-2017 Beetle SEL Engine Designation: CPKA, CPRA<br \/>\n2015 Beetle Sportline Engine Designation: CPLA<br \/>\n2015 Beetle Sportline Engine Designation: CPPA<br \/>\n2016-2017 Beetle Trendline Engine Designation: CPKA, CPRA<br \/>\n2015 Beetle Trendline Engine Designation: CPKA, CPRA, Fits vehicles from production date 7\/1\/14<br \/>\n2016 Beetle Wolfsburg Edition Engine Designation: CPKA, CPRA<br \/>\n2016 Golf Base<br \/>\n2015 Golf Launch Edition<br \/>\n2017 Golf Wolfsburg Edition<br \/>\n2015-2016 Golf (submodel: Comfortline, Highline, SE, SEL)<br \/>\n2015-2017 Golf (submodel: S, Trendline)<br \/>\n2017 Golf Alltrack (submodel: Comfortline, Highline, S, SE, SEL, Trendline) Engine Designation: CXBB<br \/>\n2015-2017 Golf R Base Engine Designation: CYFB<br \/>\n2015-2017 Golf Sportwagen Comfortline Engine Designation: CXBB<br \/>\n2015-2017 Golf Sportwagen Highline Engine Designation: CXBB<br \/>\n2015-2017 Golf Sportwagen S Engine Designation: CXBA<br \/>\n2015-2017 Golf Sportwagen S Engine Designation: CXBB<br \/>\n2015-2017 Golf Sportwagen SE Engine Designation: CXBB<br \/>\n2015-2017 Golf Sportwagen SEL Engine Designation: CXBB<br \/>\n2017 Golf Sportwagen Trendline Engine Designation: CXBA<br \/>\n2015-2017 Golf Sportwagen Trendline Engine Designation: CXBB<br \/>\n2016 GTI Performance Engine Designation: CXCA<br \/>\n2017 GTI Sport Engine Designation: CXCB<br \/>\n2015-2016 GTI (submodel: Autobahn, Base, S, SE) Engine Designation: CXCA<br \/>\n2016-2017 GTI (submodel: Autobahn, Base, Performance, S, SE) Engine Designation: CXCB<br \/>\n2016-2017 Jetta GLI Engine Designation: CPLA<br \/>\n2016-2017 Jetta GLI Engine Designation: CPPA<br \/>\n2015-2016 Jetta GLI Autobahn Engine Designation: CPLA<br \/>\n2015-2016 Jetta GLI Autobahn Engine Designation: CPPA<br \/>\n2015-2016 Jetta GLI SE Engine Designation: CPLA<br \/>\n2015-2016 Jetta GLI SE Engine Designation: CPPA<br \/>\n2015-2016 Jetta GLI SEL Engine Designation: CPLA<br \/>\n2015-2016 Jetta GLI SEL Engine Designation: CPPA<br \/>\n2016-2017 Jetta Highline Engine Designation: CPKA, CPRA<br \/>\n2016-2017 Jetta SEL Engine Designation: CPKA, CPRA<br \/>\n2016 Jetta SEL Premium Engine Designation: CPKA, CPRA<br \/>\n2016-2017 Jetta Sport Engine Designation: CPKA, CPRA<br \/>\n2015 Jetta (submodel: Comfortline, Highline, SE, SEL, Sport) Engine Designation: CPKA, CPRA, Fits vehicles from production date 7\/1\/14<br \/>\n2016 Passat Execline Engine Designation: CPRA<br \/>\n2016 Passat R-Line Engine Designation: CPKA, CPRA<br \/>\n2016 Passat SEL Engine Designation: CPKA, CPRA<br \/>\n2014-2015 Passat Wolfsburg Edition Engine Designation: CPKA, CPRA<br \/>\n2014-2016 Passat (submodel: Comfortline, Highline, S, SE, SEL Premium, Trendline) Engine Designation: CPKA, CPRA<\/p>\n","protected":false},"excerpt":{"rendered":"<p>DO\u011eAN OTOMOT\u0130V YEDEK PAR\u00c7A<br \/>\nLTD \u015eT\u0130 \u0130VED\u0130K ORGAN\u0130ZE SAN 1471 SOKAK 91-A OST\u0130M ANKARA<br \/>\nSEM\u0130H SAVA\u015e\u00c7I  (312) 395 20 95<br \/>\n0533 322 16 09<\/p>\n<p>MUSTAFA SAVA\u015e\u00c7I<br \/>\n0 (312) 395 20 95<br \/>\nIBAN NO: TR 54 0011 1000 0000 0098 3516 19<br \/>\nF\u0130NANSBANK ENPARA<br \/>\n\u015eUBE KODU: 03663<br \/>\nHESAP NO: 98351619<\/p>\n<p>\u015e\u0130PAR\u0130\u015eLER HAKKINDA<\/p>\n<p>G\u00dcNCEL F\u0130YAT \u0130\u00c7\u0130N TEMASA GE\u00c7\u0130N\u0130Z KDV DAH\u0130L<br \/>\n(Uyumluluk sadece referans i\u00e7indir. L\u00fctfen sat\u0131n almadan \u00f6nce par\u00e7a<br \/>\n numaras\u0131n\u0131 orijinal olanla kar\u015f\u0131la\u015ft\u0131r\u0131n!)<br \/>\nL\u00dcTFEN \u015e\u0130PAR\u0130\u015e VERMEK \u0130STED\u0130\u011e\u0130N\u0130Z \u00dcR\u00dcN\u00dcN STOK DURUMUNU SORUNUZ.<br \/>\nNOT SATI\u015e F\u0130YATLARI TEMS\u0130L\u0130D\u0130R<br \/>\nSAAT 17:00 KADAR VER\u0130LEN \u015e\u0130PAR\u0130\u015eLER AYNI G\u00dcN KARGO \u0130LE G\u00d6NDER\u0130M\u0130 YAPILIR.<br \/>\n\u00c7IKMA PAR\u00c7A F\u0130YATLARI PAR\u00c7ANIN TEM\u0130ZL\u0130\u011e\u0130NE VE TAM\u0130RS\u0130ZL\u0130\u011e\u0130NE G\u00d6RE DE\u011e\u0130\u015eKENL\u0130K G\u00d6STER\u0130R.<br \/>\nKARGO \u0130ADES\u0130 DURUMUNDA<br \/>\nKARGO \u00dcCRET\u0130 M\u00dc\u015eTER\u0130YE A\u0130TT\u0130R.<br \/>\nD\u0130\u011eER PAR\u00c7ALAR VE F\u0130YAT B\u0130LG\u0130S\u0130 \u0130\u00c7\u0130N \u0130LET\u0130\u015eME GE\u00c7EB\u0130L\u0130RS\u0130N\u0130Z<\/p>\n","protected":false},"featured_media":6124,"comment_status":"open","ping_status":"closed","template":"","meta":{"_joinchat":[]},"product_cat":[15,24],"product_tag":[4529],"class_list":{"0":"post-6123","1":"product","2":"type-product","3":"status-publish","4":"has-post-thumbnail","6":"product_cat-volkswagen","7":"product_cat-audi","8":"product_tag-06l121012a-su-pompasi-vw-volkswagen-beetle-jetta-passat-audi-ic","10":"first","11":"instock","12":"sale","13":"shipping-taxable","14":"purchasable","15":"product-type-simple"},"_links":{"self":[{"href":"https:\/\/dogan-otomotiv.com\/index.php\/wp-json\/wp\/v2\/product\/6123","targetHints":{"allow":["GET"]}}],"collection":[{"href":"https:\/\/dogan-otomotiv.com\/index.php\/wp-json\/wp\/v2\/product"}],"about":[{"href":"https:\/\/dogan-otomotiv.com\/index.php\/wp-json\/wp\/v2\/types\/product"}],"replies":[{"embeddable":true,"href":"https:\/\/dogan-otomotiv.com\/index.php\/wp-json\/wp\/v2\/comments?post=6123"}],"wp:featuredmedia":[{"embeddable":true,"href":"https:\/\/dogan-otomotiv.com\/index.php\/wp-json\/wp\/v2\/media\/6124"}],"wp:attachment":[{"href":"https:\/\/dogan-otomotiv.com\/index.php\/wp-json\/wp\/v2\/media?parent=6123"}],"wp:term":[{"taxonomy":"product_cat","embeddable":true,"href":"https:\/\/dogan-otomotiv.com\/index.php\/wp-json\/wp\/v2\/product_cat?post=6123"},{"taxonomy":"product_tag","embeddable":true,"href":"https:\/\/dogan-otomotiv.com\/index.php\/wp-json\/wp\/v2\/product_tag?post=6123"}],"curies":[{"name":"wp","href":"https:\/\/api.w.org\/{rel}","templated":true}]}}