{"id":6121,"date":"2021-05-10T06:10:42","date_gmt":"2021-05-10T06:10:42","guid":{"rendered":"https:\/\/dogan-otomotiv.com\/?post_type=product&#038;p=6121"},"modified":"2021-07-30T10:36:49","modified_gmt":"2021-07-30T10:36:49","slug":"8d0927803d-hiz-sensoru-audi-a4-a6-s6-vw-passat-b5-tp-icin-fit","status":"publish","type":"product","link":"https:\/\/dogan-otomotiv.com\/index.php\/urun\/8d0927803d-hiz-sensoru-audi-a4-a6-s6-vw-passat-b5-tp-icin-fit\/","title":{"rendered":"8D0927803D H\u0131z Sens\u00f6r\u00fc Audi A4 A6 S6 VW Passat B5 tp i\u00e7in fit"},"content":{"rendered":"<p>8D0927803D ABS Sens\u00f6r\u00fc \u00d6n Kablolu &#8211; A4 &#8211; Passat Modelleri \u0130\u00e7in Uygundur.<\/p>\n<p>A4 1.9 2.5 TD\u0130 1994 2001<\/p>\n<p>Passat 1.9 2.5 TD\u0130 1996 2005<\/p>\n<p>VW Passat B5 Sedan (3B2) (Yap\u0131m Y\u0131l\u0131 08.1996 &#8211; 11.2000, 90 &#8211; 193 PS, Dizel, Benzin)<br \/>\nVW Passat B5 GP Sedan (3BG, 3B3) (Yap\u0131m Y\u0131l\u0131 10.2000 &#8211; 05.2005, 101 &#8211; 275 PS, Dizel, Benzin)<br \/>\nVW Passat B5 Estate (3B5) (Yap\u0131m Y\u0131l\u0131 06.1997 &#8211; 11.2000, 90 &#8211; 193 PS, Dizel, Benzin)<br \/>\nVW Passat B5 GP Estate (3BG, 3B6) (Yap\u0131m Y\u0131l\u0131 10.2000 &#8211; 05.2005, 101 &#8211; 275 PS, Dizel, Benzin)<\/p>\n<p>SKODA Superb I Sedan (3U4) (Yap\u0131m Y\u0131l\u0131 12.2001 &#8211; 03.2008, 101 &#8211; 193 PS, Dizel, Benzin)<br \/>\n1,8 T, Yap\u0131m Y\u0131l\u0131 12.2001 &#8211; 03.2008, 1781 ccm, 150 PS<br \/>\n1.9 TDI, Yap\u0131m Y\u0131l\u0131 08.2002 &#8211; 10.2005, 1896 ccm, 101 PS<br \/>\n1.9 TDI, Yap\u0131m Y\u0131l\u0131 10.2005 &#8211; 05.2007, 1896 ccm, 105 PS<br \/>\n1.9 TDI, Yap\u0131m Y\u0131l\u0131 01.2007 &#8211; 03.2008, 1896 ccm, 115 PS<br \/>\n1.9 TDI, Yap\u0131m Y\u0131l\u0131 12.2001 &#8211; 03.2008, 1896 ccm, 130 PS<br \/>\n2.0, Yap\u0131m Y\u0131l\u0131 12.2001 &#8211; 03.2008, 1984 ccm, 115 PS<br \/>\n2.0 TDI, Yap\u0131m Y\u0131l\u0131 10.2005 &#8211; 03.2008, 1968 ccm, 140 PS<br \/>\n2.5 TDI, Yap\u0131m Y\u0131l\u0131 12.2001 &#8211; 08.2003, 2496 ccm, 155 PS<br \/>\n2.5 TDI, Yap\u0131m Y\u0131l\u0131 06.2003 &#8211; 03.2008, 2496 ccm, 163 PS<br \/>\n2.8 V6, Yap\u0131m Y\u0131l\u0131 12.2001 &#8211; 03.2008, 2771 ccm, 193 PS<br \/>\n1,8 T, Yap\u0131m Y\u0131l\u0131 12.2001 &#8211; 03.2008, 1781 ccm, 150 PS<br \/>\n1.9 TDI, Yap\u0131m Y\u0131l\u0131 08.2002 &#8211; 10.2005, 1896 ccm, 101 PS<br \/>\n1.9 TDI, Yap\u0131m Y\u0131l\u0131 10.2005 &#8211; 05.2007, 1896 ccm, 105 PS<br \/>\n1.9 TDI, Yap\u0131m Y\u0131l\u0131 01.2007 &#8211; 03.2008, 1896 ccm, 115 PS<br \/>\n1.9 TDI, Yap\u0131m Y\u0131l\u0131 12.2001 &#8211; 03.2008, 1896 ccm, 130 PS<br \/>\n2.0, Yap\u0131m Y\u0131l\u0131 12.2001 &#8211; 03.2008, 1984 ccm, 115 PS<br \/>\n2.0 TDI, Yap\u0131m Y\u0131l\u0131 10.2005 &#8211; 03.2008, 1968 ccm, 140 PS<br \/>\n2.5 TDI, Yap\u0131m Y\u0131l\u0131 12.2001 &#8211; 08.2003, 2496 ccm, 155 PS<br \/>\n2.5 TDI, Yap\u0131m Y\u0131l\u0131 06.2003 &#8211; 03.2008, 2496 ccm, 163 PS<br \/>\n2.8 V6, Yap\u0131m Y\u0131l\u0131 12.2001 &#8211; 03.2008, 2771 ccm, 193 PS<\/p>\n<p>AUDI A4 B5 Avant (8D5) (Yap\u0131m Y\u0131l\u0131 11.1994 &#8211; 09.2001, 100 &#8211; 265 PS, Dizel, Benzin)<br \/>\nAUDI A4 B5 Sedan (8D2) (Yap\u0131m Y\u0131l\u0131 11.1994 &#8211; 09.2001, 75 &#8211; 265 PS, Dizel, Benzin)<br \/>\n1.6, Yap\u0131m Y\u0131l\u0131 11.1994 &#8211; 10.2000, 1595 ccm, 100 PS<br \/>\n1.6, Yap\u0131m Y\u0131l\u0131 07.2000 &#8211; 11.2000, 1595 ccm, 102 PS<br \/>\n1.8, Yap\u0131m Y\u0131l\u0131 11.1994 &#8211; 11.2000, 1781 ccm, 125 PS<br \/>\n1.8 quattro, Yap\u0131m Y\u0131l\u0131 01.1995 &#8211; 11.2000, 1781 ccm, 125 PS<br \/>\n1.8 T, Yap\u0131m Y\u0131l\u0131 01.1995 &#8211; 11.2000, 1781 ccm, 150 PS<br \/>\n1.8 T quattro, Yap\u0131m Y\u0131l\u0131 01.1995 &#8211; 11.2000, 1781 ccm, 150 PS<br \/>\n1.8 T quattro, Yap\u0131m Y\u0131l\u0131 12.1997 &#8211; 11.2000, 1781 ccm, 180 PS<br \/>\n1.9 TDI, Yap\u0131m Y\u0131l\u0131 12.1995 &#8211; 11.2000, 1896 ccm, 75 PS<br \/>\n1.9 TDI, Yap\u0131m Y\u0131l\u0131 10.1995 &#8211; 11.2000, 1896 ccm, 110 PS<br \/>\n1.9 TDI quattro, Yap\u0131m Y\u0131l\u0131 09.1996 &#8211; 11.2000, 1896 ccm, 110 PS<br \/>\n1.9 TDI quattro, Yap\u0131m Y\u0131l\u0131 03.2000 &#8211; 11.2000, 1896 ccm, 116 PS<br \/>\n2.4, Yap\u0131m Y\u0131l\u0131 08.1997 &#8211; 11.2000, 2393 ccm, 163 PS<br \/>\n2.4, Yap\u0131m Y\u0131l\u0131 03.1997 &#8211; 11.2000, 2393 ccm, 165 PS<br \/>\n2.4 quattro, Yap\u0131m Y\u0131l\u0131 08.1997 &#8211; 11.2000, 2393 ccm, 163 PS<br \/>\n2.4 quattro, Yap\u0131m Y\u0131l\u0131 03.1997 &#8211; 11.2000, 2393 ccm, 165 PS<br \/>\n2.5 TDI, Yap\u0131m Y\u0131l\u0131 09.1997 &#8211; 11.2000, 2496 ccm, 150 PS<br \/>\n2.5 TDI quattro, Yap\u0131m Y\u0131l\u0131 09.1997 &#8211; 11.2000, 2496 ccm, 150 PS<br \/>\n2,8 (ACK,ALG,AMX,APR,AQD,AHA), Yap\u0131m Y\u0131l\u0131 10.1996 &#8211; 11.2000, 2771 ccm, 193 PS<br \/>\n2.8 quattro, Yap\u0131m Y\u0131l\u0131 10.1996 &#8211; 08.2001, 2771 ccm, 193 PS<br \/>\nS4 2.7 quattro, Yap\u0131m Y\u0131l\u0131 09.1997 &#8211; 09.2001, 2671 ccm, 265 PS<\/p>\n","protected":false},"excerpt":{"rendered":"<p>DO\u011eAN OTOMOT\u0130V YEDEK PAR\u00c7A<br \/>\nLTD \u015eT\u0130 \u0130VED\u0130K ORGAN\u0130ZE SAN 1471 SOKAK 91-A OST\u0130M ANKARA<br \/>\nSEM\u0130H SAVA\u015e\u00c7I  (312) 395 20 95<br \/>\n0533 322 16 09<\/p>\n<p>MUSTAFA SAVA\u015e\u00c7I<br \/>\n0 (312) 395 20 95<br \/>\nIBAN NO: TR 54 0011 1000 0000 0098 3516 19<br \/>\nF\u0130NANSBANK ENPARA<br \/>\n\u015eUBE KODU: 03663<br \/>\nHESAP NO: 98351619<\/p>\n<p>\u015e\u0130PAR\u0130\u015eLER HAKKINDA<\/p>\n<p>G\u00dcNCEL F\u0130YAT \u0130\u00c7\u0130N TEMASA GE\u00c7\u0130N\u0130Z KDV DAH\u0130L<br \/>\n(Uyumluluk sadece referans i\u00e7indir. L\u00fctfen sat\u0131n almadan \u00f6nce par\u00e7a<br \/>\n numaras\u0131n\u0131 orijinal olanla kar\u015f\u0131la\u015ft\u0131r\u0131n!)<br \/>\nL\u00dcTFEN \u015e\u0130PAR\u0130\u015e VERMEK \u0130STED\u0130\u011e\u0130N\u0130Z \u00dcR\u00dcN\u00dcN STOK DURUMUNU SORUNUZ.<br \/>\nNOT SATI\u015e F\u0130YATLARI TEMS\u0130L\u0130D\u0130R<br \/>\nSAAT 17:00 KADAR VER\u0130LEN \u015e\u0130PAR\u0130\u015eLER AYNI G\u00dcN KARGO \u0130LE G\u00d6NDER\u0130M\u0130 YAPILIR.<br \/>\n\u00c7IKMA PAR\u00c7A F\u0130YATLARI PAR\u00c7ANIN TEM\u0130ZL\u0130\u011e\u0130NE VE TAM\u0130RS\u0130ZL\u0130\u011e\u0130NE G\u00d6RE DE\u011e\u0130\u015eKENL\u0130K G\u00d6STER\u0130R.<br \/>\nKARGO \u0130ADES\u0130 DURUMUNDA<br \/>\nKARGO \u00dcCRET\u0130 M\u00dc\u015eTER\u0130YE A\u0130TT\u0130R.<br \/>\nD\u0130\u011eER PAR\u00c7ALAR VE F\u0130YAT B\u0130LG\u0130S\u0130 \u0130\u00c7\u0130N \u0130LET\u0130\u015eME GE\u00c7EB\u0130L\u0130RS\u0130N\u0130Z<\/p>\n","protected":false},"featured_media":6122,"comment_status":"open","ping_status":"closed","template":"","meta":{"_joinchat":[]},"product_cat":[15,24],"product_tag":[4528],"class_list":{"0":"post-6121","1":"product","2":"type-product","3":"status-publish","4":"has-post-thumbnail","6":"product_cat-volkswagen","7":"product_cat-audi","8":"product_tag-8d0927803d-hiz-sensoru-audi-a4-a6-s6-vw-passat-b5-tp-icin-fit","10":"first","11":"instock","12":"sale","13":"shipping-taxable","14":"purchasable","15":"product-type-simple"},"_links":{"self":[{"href":"https:\/\/dogan-otomotiv.com\/index.php\/wp-json\/wp\/v2\/product\/6121","targetHints":{"allow":["GET"]}}],"collection":[{"href":"https:\/\/dogan-otomotiv.com\/index.php\/wp-json\/wp\/v2\/product"}],"about":[{"href":"https:\/\/dogan-otomotiv.com\/index.php\/wp-json\/wp\/v2\/types\/product"}],"replies":[{"embeddable":true,"href":"https:\/\/dogan-otomotiv.com\/index.php\/wp-json\/wp\/v2\/comments?post=6121"}],"wp:featuredmedia":[{"embeddable":true,"href":"https:\/\/dogan-otomotiv.com\/index.php\/wp-json\/wp\/v2\/media\/6122"}],"wp:attachment":[{"href":"https:\/\/dogan-otomotiv.com\/index.php\/wp-json\/wp\/v2\/media?parent=6121"}],"wp:term":[{"taxonomy":"product_cat","embeddable":true,"href":"https:\/\/dogan-otomotiv.com\/index.php\/wp-json\/wp\/v2\/product_cat?post=6121"},{"taxonomy":"product_tag","embeddable":true,"href":"https:\/\/dogan-otomotiv.com\/index.php\/wp-json\/wp\/v2\/product_tag?post=6121"}],"curies":[{"name":"wp","href":"https:\/\/api.w.org\/{rel}","templated":true}]}}