{"id":6090,"date":"2021-05-08T08:50:59","date_gmt":"2021-05-08T08:50:59","guid":{"rendered":"https:\/\/dogan-otomotiv.com\/?post_type=product&#038;p=6090"},"modified":"2021-05-08T08:51:53","modified_gmt":"2021-05-08T08:51:53","slug":"8w0906265b-lanbada-sansor-arka-katalysator-audi","status":"publish","type":"product","link":"https:\/\/dogan-otomotiv.com\/index.php\/urun\/8w0906265b-lanbada-sansor-arka-katalysator-audi\/","title":{"rendered":"8W0906265B LANBADA SANS\u00d6R ARKA Katalysator) AUD\u0130"},"content":{"rendered":"<p>8W0906265B LANBADA SANS\u00d6R ARKA Katalysator) AUD\u0130<br \/>\nAUD\u0130 A4 A5 1.4 TFS\u0130 LAMBDA SENS\u00d6R\u00dc 8W0906265<br \/>\nAUDI A4 (8W) 2015 bis &#8230; MKB: 2,0L \/ 180KW \/ DKNA, 2,0L \/ 185KW \/ DDWA<br \/>\nAUDI A5 (F5) 2017 bis &#8230; MKB: 2,0L \/ 185KW \/ DDWA<br \/>\nAUDI Q5 (FY) 2017 bis &#8230;<br \/>\nAUDI Q5 (FY) 2017 bis &#8230; MKB: 2,0L \/ 185KW \/ DJYA<br \/>\nVolkswagen Touareg (CR) 2018 bis &#8230; MKB: 2,0L \/ 180KW \/ DMFA<br \/>\nVW Audi A6, A7, Q5 OKS\u0130JEN SENS\u00d6R\u00dc 2.0L<br \/>\n2.0 TFSI<\/p>\n","protected":false},"excerpt":{"rendered":"<p>(Uyumluluk sadece referans i\u00e7indir. L\u00fctfen sat\u0131n almadan \u00f6nce par\u00e7a<\/p>\n<p> numaras\u0131n\u0131 orijinal olanla kar\u015f\u0131la\u015ft\u0131r\u0131n!)<\/p>\n<p>NOT SATI\u015e F\u0130YATLARI TEMS\u0130L\u0130D\u0130R<\/p>\n<p>DO\u011eAN OTOMOT\u0130V YEDEK PAR\u00c7A<\/p>\n<p>LTD \u015eT\u0130 \u0130VED\u0130K ORGAN\u0130ZE SAN 1471 SOK 91-A OST\u0130M ANKARA<\/p>\n<p>SEM\u0130H SAVA\u015e\u00c7I<\/p>\n<p>0 (312) 395 20 95<\/p>\n<p>0533 322 16 09<\/p>\n<p>SEM\u0130H SAVA\u015eCI<\/p>\n<p>IBAN NO: TR56 0011 1000 0000 0088 9009 70<\/p>\n<p>F\u0130NANSBANK ENPARA<\/p>\n<p>\u015eUBE KODU: 03663<\/p>\n<p>HESAP NO: 88900970<\/p>\n<p>KARGO \u0130ADES\u0130 DURUMUNDA<\/p>\n<p>KARGO \u00dcCRET\u0130 M\u00dc\u015eTER\u0130YE A\u0130TT\u0130R.<\/p>\n<p>\u015e\u0130PAR\u0130\u015eLER HAKKINDA<\/p>\n<p>L\u00dcTFEN \u015e\u0130PAR\u0130\u015e VERMEK \u0130STED\u0130\u011e\u0130N\u0130Z \u00dcR\u00dcN\u00dcN STOK DURUMUNU SORUNUZ.<\/p>\n<p>T\u00dcRK\u0130YEN\u0130N T\u00dcM \u015eEH\u0130RLER\u0130NE ANLA\u015eMALI KARGOLARIMIZ \u0130LE G\u00d6NDER\u0130M YAPILIR.<\/p>\n<p>SAAT 17:00 KADAR VER\u0130LEN \u015e\u0130PAR\u0130\u015eLER AYNI G\u00dcN KARGO \u0130LE G\u00d6NDER\u0130M\u0130 YAPILIR.<\/p>\n<p>\u00c7IKMA PAR\u00c7A F\u0130YATLARI PAR\u00c7ANIN TEM\u0130ZL\u0130\u011e\u0130NE VE TAM\u0130RS\u0130ZL\u0130\u011e\u0130NE G\u00d6RE DE\u011e\u0130\u015eKENL\u0130K G\u00d6STER\u0130R.<\/p>\n<p>D\u0130\u011eER PAR\u00c7ALAR VE F\u0130YAT B\u0130LG\u0130S\u0130 \u0130\u00c7\u0130N \u0130LET\u0130\u015eME GE\u00c7EB\u0130L\u0130RS\u0130N\u0130Z<\/p>\n","protected":false},"featured_media":6091,"comment_status":"open","ping_status":"closed","template":"","meta":{"_joinchat":[]},"product_cat":[24],"product_tag":[4513],"class_list":{"0":"post-6090","1":"product","2":"type-product","3":"status-publish","4":"has-post-thumbnail","6":"product_cat-audi","7":"product_tag-8w0906265b-lanbada-sansor-arka-katalysator-audi","9":"first","10":"instock","11":"sale","12":"shipping-taxable","13":"purchasable","14":"product-type-simple"},"_links":{"self":[{"href":"https:\/\/dogan-otomotiv.com\/index.php\/wp-json\/wp\/v2\/product\/6090","targetHints":{"allow":["GET"]}}],"collection":[{"href":"https:\/\/dogan-otomotiv.com\/index.php\/wp-json\/wp\/v2\/product"}],"about":[{"href":"https:\/\/dogan-otomotiv.com\/index.php\/wp-json\/wp\/v2\/types\/product"}],"replies":[{"embeddable":true,"href":"https:\/\/dogan-otomotiv.com\/index.php\/wp-json\/wp\/v2\/comments?post=6090"}],"wp:featuredmedia":[{"embeddable":true,"href":"https:\/\/dogan-otomotiv.com\/index.php\/wp-json\/wp\/v2\/media\/6091"}],"wp:attachment":[{"href":"https:\/\/dogan-otomotiv.com\/index.php\/wp-json\/wp\/v2\/media?parent=6090"}],"wp:term":[{"taxonomy":"product_cat","embeddable":true,"href":"https:\/\/dogan-otomotiv.com\/index.php\/wp-json\/wp\/v2\/product_cat?post=6090"},{"taxonomy":"product_tag","embeddable":true,"href":"https:\/\/dogan-otomotiv.com\/index.php\/wp-json\/wp\/v2\/product_tag?post=6090"}],"curies":[{"name":"wp","href":"https:\/\/api.w.org\/{rel}","templated":true}]}}