{"id":6072,"date":"2021-05-07T12:47:11","date_gmt":"2021-05-07T12:47:11","guid":{"rendered":"https:\/\/dogan-otomotiv.com\/?post_type=product&#038;p=6072"},"modified":"2025-03-18T13:49:03","modified_gmt":"2025-03-18T13:49:03","slug":"5q081903-kalorifer-radyatoru-golf-7-arteon-passat-b8-tiguan-a3","status":"publish","type":"product","link":"https:\/\/dogan-otomotiv.com\/index.php\/urun\/5q081903-kalorifer-radyatoru-golf-7-arteon-passat-b8-tiguan-a3\/","title":{"rendered":"5Q0819031 Kalorifer Radyat\u00f6r\u00fc Golf 7 Arteon Passat B8 Tiguan A3"},"content":{"rendered":"<p>AUDI<br \/>\nCUPRA<br \/>\nSEAT<br \/>\nSKODA<br \/>\nVW<br \/>\nVW Golf VII Hatchback (5G1, BQ1, BE1, BE2) (Year of Construction 08.2012 &#8211; &#8230;, 86 &#8211; 360 PS, Diesel, Electric, Petrol, Petrol\/Electro, Petrol\/Ethanol, Petrol\/Natural Gas (CNG))<br \/>\n1.0 TSI, Year of Construction 01.2017 &#8211; &#8230;, 999 ccm, 86 PS<br \/>\n1.0 TSI, Year of Construction 11.2016 &#8211; &#8230;, 999 ccm, 110 PS<br \/>\n1.0 TSI, Year of Construction 05.2015 &#8211; &#8230;, 999 ccm, 115 PS<br \/>\n1.2 TSI, Year of Construction 08.2012 &#8211; &#8230;, 1197 ccm, 86 PS<br \/>\n1.2 TSI, Year of Construction 11.2012 &#8211; &#8230;, 1197 ccm, 105 PS<br \/>\n1.2 TSI, Year of Construction 04.2014 &#8211; &#8230;, 1197 ccm, 110 PS<br \/>\n1.4 GTE Hybrid, Year of Construction 05.2014 &#8211; &#8230;, 1395 ccm, 150 PS<br \/>\n1.4 TGI CNG, Year of Construction 06.2013 &#8211; &#8230;, 1395 ccm, 110 PS<br \/>\n1.4 TSI, Year of Construction 11.2012 &#8211; &#8230;, 1395 ccm, 122 PS<br \/>\n1.4 TSI, Year of Construction 05.2014 &#8211; &#8230;, 1395 ccm, 125 PS<br \/>\n1.4 TSI, Year of Construction 08.2012 &#8211; &#8230;, 1395 ccm, 140 PS<br \/>\n1.4 TSI, Year of Construction 05.2014 &#8211; &#8230;, 1395 ccm, 150 PS<br \/>\n1.4 TSI MultiFuel, Year of Construction 04.2013 &#8211; &#8230;, 1395 ccm, 122 PS<br \/>\n1.4 TSI MultiFuel, Year of Construction 12.2013 &#8211; &#8230;, 1395 ccm, 125 PS<br \/>\n1.5 TGI, Year of Construction 11.2018 &#8211; &#8230;, 1498 ccm, 130 PS<br \/>\n1.5 TSI, Year of Construction 07.2017 &#8211; &#8230;, 1498 ccm, 130 PS<br \/>\n1.5 TSI, Year of Construction 04.2017 &#8211; &#8230;, 1498 ccm, 150 PS<br \/>\n1.6, Year of Construction 05.2014 &#8211; &#8230;, 1598 ccm, 110 PS<br \/>\n1.6 TDI, Year of Construction 04.2013 &#8211; &#8230;, 1598 ccm, 90 PS<br \/>\n1.6 TDI, Year of Construction 08.2012 &#8211; &#8230;, 1598 ccm, 105 PS<br \/>\n1.6 TDI, Year of Construction 01.2013 &#8211; &#8230;, 1598 ccm, 110 PS<br \/>\n1.6 TDI, Year of Construction 11.2016 &#8211; &#8230;, 1598 ccm, 115 PS<br \/>\n1.6 TDI 4motion, Year of Construction 11.2012 &#8211; &#8230;, 1598 ccm, 105 PS<br \/>\n1.6 TDI 4motion, Year of Construction 01.2013 &#8211; &#8230;, 1598 ccm, 110 PS<br \/>\n2.0 GTD, Year of Construction 04.2013 &#8211; &#8230;, 1968 ccm, 184 PS<br \/>\n2.0 GTI, Year of Construction 11.2013 &#8211; &#8230;, 1984 ccm, 210 PS<br \/>\n2.0 GTI, Year of Construction 04.2013 &#8211; &#8230;, 1984 ccm, 220 PS<br \/>\n2.0 GTI, Year of Construction 04.2013 &#8211; &#8230;, 1984 ccm, 230 PS<br \/>\n2.0 GTI, Year of Construction 03.2017 &#8211; &#8230;, 1984 ccm, 245 PS<br \/>\n2.0 GTI Clubsport, Year of Construction 02.2016 &#8211; &#8230;, 1984 ccm, 265 PS<br \/>\n2.0 GTI Clubsport S, Year of Construction 09.2016 &#8211; &#8230;, 1984 ccm, 310 PS<br \/>\n2.0 GTI TCR, Year of Construction 01.2019 &#8211; &#8230;, 1984 ccm, 290 PS<br \/>\n2.0 R 360S 4motion, Year of Construction 09.2016 &#8211; &#8230;, 1984 ccm, 360 PS<br \/>\n2.0 R 4motion, Year of Construction 11.2013 &#8211; &#8230;, 1984 ccm, 280 PS<br \/>\n2.0 R 4motion, Year of Construction 12.2016 &#8211; &#8230;, 1984 ccm, 290 PS<br \/>\n2.0 R 4motion, Year of Construction 11.2013 &#8211; &#8230;, 1984 ccm, 300 PS<br \/>\n2.0 R 4motion, Year of Construction 12.2016 &#8211; &#8230;, 1984 ccm, 310 PS<br \/>\n2.0 TDI, Year of Construction 11.2012 &#8211; &#8230;, 1968 ccm, 110 PS<br \/>\n2.0 TDI, Year of Construction 08.2012 &#8211; &#8230;, 1968 ccm, 143 PS<br \/>\n2.0 TDI, Year of Construction 11.2012 &#8211; &#8230;, 1968 ccm, 150 PS<br \/>\n2.0 TDI 4motion, Year of Construction 11.2012 &#8211; &#8230;, 1968 ccm, 150 PS<br \/>\ne-Golf, Year of Construction 03.2014 &#8211; 02.2017, ccm, 115 PS<br \/>\ne-Golf, Year of Construction 12.2016 &#8211; &#8230;, ccm, 136 PS<br \/>\nVW Golf VII Variant (BA5, BV5) (Year of Construction 04.2013 &#8211; &#8230;, 86 &#8211; 360 PS, Diesel, Petrol, Petrol\/Ethanol, Petrol\/Natural Gas (CNG))<br \/>\nVW Golf Sportsvan (AM1, AN1) (Year of Construction 02.2014 &#8211; &#8230;, 86 &#8211; 150 PS, Diesel, Petrol, Petrol\/Ethanol)<br \/>\nVW Passat B8 Saloon (3G2, CB2) (Year of Construction 08.2014 &#8211; &#8230;, 120 &#8211; 280 PS, Diesel, Petrol, Petrol\/Electro)<br \/>\nVW Passat B8 Variant (3G5, CB5) (Year of Construction 08.2014 &#8211; &#8230;, 120 &#8211; 280 PS, Diesel, Petrol, Petrol\/Electro)<br \/>\nVW Golf Alltrack (BA5, BV5) (Year of Construction 12.2014 &#8211; &#8230;, 110 &#8211; 184 PS, Diesel, Petrol)<br \/>\nVW Touran II (5T1) (Year of Construction 05.2015 &#8211; &#8230;, 110 &#8211; 190 PS, Diesel, Petrol)<br \/>\nVW Passat B8 Alltrack (3G5, CB5) (Year of Construction 05.2015 &#8211; &#8230;, 150 &#8211; 272 PS, Diesel, Petrol)<br \/>\nVW Tiguan II (AD1) (Year of Construction 01.2016 &#8211; &#8230;, 110 &#8211; 240 PS, Diesel, Petrol)<br \/>\nVW Crafter Van (SY, SX) (Year of Construction 09.2016 &#8211; &#8230;, 102 &#8211; 177 PS, Diesel)<br \/>\nVW Crafter Platform \/ Chassis (SZ) (Year of Construction 11.2016 &#8211; &#8230;, 102 &#8211; 177 PS, Diesel)<br \/>\nVW Crafter Minibus (SY) (Year of Construction 09.2016 &#8211; &#8230;, 102 &#8211; 177 PS, Diesel)<br \/>\nVW Arteon (3H7) (Year of Construction 04.2017 &#8211; &#8230;, 150 &#8211; 280 PS, Diesel, Petrol)<br \/>\nVW Tiguan Allspace (BW2) (Year of Construction 03.2017 &#8211; &#8230;, 150 &#8211; 240 PS, Diesel, Petrol)<br \/>\nVW T-Roc (A11) (Year of Construction 07.2017 &#8211; &#8230;, 115 &#8211; 300 PS, Diesel, Petrol)<br \/>\nVW Golf VII Van (5G1) (Year of Construction 08.2012 &#8211; &#8230;, 86 &#8211; 230 PS, Diesel, Petrol)<br \/>\nVW Golf VII Van (BA5) (Year of Construction 04.2013 &#8211; 03.2017, 86 &#8211; 150 PS, Diesel, Petrol)<br \/>\nVW Golf VIII Hatchback (CD1) (Year of Construction 07.2019 &#8211; &#8230;, 90 &#8211; 320 PS, Diesel, Petrol, Petrol\/Compressed Natural Gas (CNG), Petrol\/Electric)<br \/>\nVW T-Roc Convertible (AC7) (Year of Construction 12.2019 &#8211; &#8230;, 116 &#8211; 150 PS, Petrol)<br \/>\nVW Arteon Shooting Brake (3H9) (Year of Construction 08.2020 &#8211; &#8230;, 150 &#8211; 272 PS, Diesel, Petrol)<br \/>\nVW Golf VIII Variant (Year of Construction 08.2020 &#8211; &#8230;, 90 &#8211; 245 PS, Diesel, Petrol, Petrol\/Electric)<\/p>\n","protected":false},"excerpt":{"rendered":"<p>(Uyumluluk sadece referans i\u00e7indir. L\u00fctfen sat\u0131n almadan \u00f6nce par\u00e7a<\/p>\n<p> numaras\u0131n\u0131 orijinal olanla kar\u015f\u0131la\u015ft\u0131r\u0131n!)<\/p>\n<p>NOT SATI\u015e F\u0130YATLARI TEMS\u0130L\u0130D\u0130R<\/p>\n<p>DO\u011eAN OTOMOT\u0130V YEDEK PAR\u00c7A<\/p>\n<p>LTD \u015eT\u0130 \u0130VED\u0130K ORGAN\u0130ZE SAN 1471 SOK 91-A OST\u0130M ANKARA<\/p>\n<p>SEM\u0130H SAVA\u015e\u00c7I<\/p>\n<p>0 (312) 395 20 95<\/p>\n<p>0533 322 16 09<\/p>\n<p>SEM\u0130H SAVA\u015eCI<\/p>\n<p>IBAN NO: TR56 0011 1000 0000 0088 9009 70<\/p>\n<p>F\u0130NANSBANK ENPARA<\/p>\n<p>\u015eUBE KODU: 03663<\/p>\n<p>HESAP NO: 88900970<\/p>\n<p>KARGO \u0130ADES\u0130 DURUMUNDA<\/p>\n<p>KARGO \u00dcCRET\u0130 M\u00dc\u015eTER\u0130YE A\u0130TT\u0130R.<\/p>\n<p>\u015e\u0130PAR\u0130\u015eLER HAKKINDA<\/p>\n<p>L\u00dcTFEN \u015e\u0130PAR\u0130\u015e VERMEK \u0130STED\u0130\u011e\u0130N\u0130Z \u00dcR\u00dcN\u00dcN STOK DURUMUNU SORUNUZ.<\/p>\n<p>T\u00dcRK\u0130YEN\u0130N T\u00dcM \u015eEH\u0130RLER\u0130NE ANLA\u015eMALI KARGOLARIMIZ \u0130LE G\u00d6NDER\u0130M YAPILIR.<\/p>\n<p>SAAT 17:00 KADAR VER\u0130LEN \u015e\u0130PAR\u0130\u015eLER AYNI G\u00dcN KARGO \u0130LE G\u00d6NDER\u0130M\u0130 YAPILIR.<\/p>\n<p>\u00c7IKMA PAR\u00c7A F\u0130YATLARI PAR\u00c7ANIN TEM\u0130ZL\u0130\u011e\u0130NE VE TAM\u0130RS\u0130ZL\u0130\u011e\u0130NE G\u00d6RE DE\u011e\u0130\u015eKENL\u0130K G\u00d6STER\u0130R.<\/p>\n<p>D\u0130\u011eER PAR\u00c7ALAR VE F\u0130YAT B\u0130LG\u0130S\u0130 \u0130\u00c7\u0130N \u0130LET\u0130\u015eME GE\u00c7EB\u0130L\u0130RS\u0130N\u0130Z<\/p>\n","protected":false},"featured_media":6073,"comment_status":"open","ping_status":"closed","template":"","meta":{"_joinchat":[]},"product_cat":[15,24,19,20],"product_tag":[4504],"class_list":{"0":"post-6072","1":"product","2":"type-product","3":"status-publish","4":"has-post-thumbnail","6":"product_cat-volkswagen","7":"product_cat-audi","8":"product_cat-seat","9":"product_cat-skoda","10":"product_tag-5q081903-kalorifer-radyatoru-golf-7-arteon-passat-b8-tiguan-a3","12":"first","13":"instock","14":"sale","15":"shipping-taxable","16":"purchasable","17":"product-type-simple"},"_links":{"self":[{"href":"https:\/\/dogan-otomotiv.com\/index.php\/wp-json\/wp\/v2\/product\/6072","targetHints":{"allow":["GET"]}}],"collection":[{"href":"https:\/\/dogan-otomotiv.com\/index.php\/wp-json\/wp\/v2\/product"}],"about":[{"href":"https:\/\/dogan-otomotiv.com\/index.php\/wp-json\/wp\/v2\/types\/product"}],"replies":[{"embeddable":true,"href":"https:\/\/dogan-otomotiv.com\/index.php\/wp-json\/wp\/v2\/comments?post=6072"}],"wp:featuredmedia":[{"embeddable":true,"href":"https:\/\/dogan-otomotiv.com\/index.php\/wp-json\/wp\/v2\/media\/6073"}],"wp:attachment":[{"href":"https:\/\/dogan-otomotiv.com\/index.php\/wp-json\/wp\/v2\/media?parent=6072"}],"wp:term":[{"taxonomy":"product_cat","embeddable":true,"href":"https:\/\/dogan-otomotiv.com\/index.php\/wp-json\/wp\/v2\/product_cat?post=6072"},{"taxonomy":"product_tag","embeddable":true,"href":"https:\/\/dogan-otomotiv.com\/index.php\/wp-json\/wp\/v2\/product_tag?post=6072"}],"curies":[{"name":"wp","href":"https:\/\/api.w.org\/{rel}","templated":true}]}}