{"id":6021,"date":"2021-05-06T13:12:34","date_gmt":"2021-05-06T13:12:34","guid":{"rendered":"https:\/\/dogan-otomotiv.com\/?post_type=product&#038;p=6021"},"modified":"2023-08-26T06:50:58","modified_gmt":"2023-08-26T06:50:58","slug":"1j0906283c-selenoid-valf-30-tdi","status":"publish","type":"product","link":"https:\/\/dogan-otomotiv.com\/index.php\/urun\/1j0906283c-selenoid-valf-30-tdi\/","title":{"rendered":"1J0906283C SELENO\u0130D VALF 3,0 TD\u0130"},"content":{"rendered":"<p>DO\u011eAN OTOMOT\u0130V YEDEK PAR\u00c7A<br \/>\nLTD \u015eT\u0130 \u0130VED\u0130K ORGAN\u0130ZE SAN 1471 SOKAK 91-A OST\u0130M ANKARA<br \/>\nSEM\u0130H SAVA\u015e\u00c7I (312) 395 20 95<br \/>\n0533 322 16 09<br \/>\nMUSTAFA SAVA\u015e\u00c7I<br \/>\n0 (312) 395 20 95<br \/>\nIBAN NO: TR 54 0011 1000 0000 0098 3516 19<br \/>\nF\u0130NANSBANK ENPARA<br \/>\n\u015eUBE KODU: 03663<br \/>\nHESAP NO: 98351619<\/p>\n<p>AYRICA G\u00dcN \u0130\u00c7ER\u0130S\u0130NDE OTOB\u00dcS \u0130LE KARGO VER\u0130L\u0130R<\/p>\n<p>KAPIDA \u00d6DEMEL\u0130&amp;\u0130NTERNET \u00dcZER\u0130NDEN ONL\u0130NE SATI\u015eIMIZ YOKTUR<\/p>\n<p>NOT 5 G\u00dcN \u0130\u00c7ER\u0130S\u0130NDE \u0130YADES\u0130 OLMAYAN MAZEME GER\u0130 ALINMAZ<br \/>\nPaket i\u00e7eri\u011fi: 1 Adet<br \/>\nSATI\u015e F\u0130YATI KDV DAH\u0130L pe\u015fin fiyat\u0131d\u0131r<br \/>\nSAAT 18:00 KADAR VER\u0130LEN \u015e\u0130PAR\u0130\u015e AYNI G\u00dcN KARGO \u0130LE G\u00d6NDER\u0130M\u0130 YAPILIR.<br \/>\nKARGO \u0130ADES\u0130 DURUMUNDA .<br \/>\nKARGO \u00dcCRET\u0130 M\u00dc\u015eTER\u0130YE A\u0130TT\u0130R. AYRICA KARGODA KIRILAN PAR\u00c7ALARDAN SORUMLU DEY\u0130L\u0130Z<\/p>\n<p>27\/11\/2014 tarih ve 29188 say\u0131l\u0131 resmi gazetede yay\u0131mlanan mesafeli sat\u0131\u015flar y\u00f6netmeli\u011finin 15. maddesinde cayma hakk\u0131n\u0131n istisnalar\u0131 belirtilmi\u015ftir. \u0130lgili maddenin a bendinde &#8220;fiyat\u0131 finansal piyasalardaki dalgalanmalara ba\u011fl\u0131 olarak de\u011fi\u015fen ve sat\u0131c\u0131 veya sa\u011flay\u0131c\u0131n\u0131n kontrol\u00fcnde olmayan mal veya hizmetlere ili\u015fkin s\u00f6zle\u015fmeler&#8221; cayma hakk\u0131ndan istisna edilmi\u015ftir. \u00dcr\u00fcnlerimiz ithal \u00fcr\u00fcnler olup fiyatlar\u0131 g\u00fcnl\u00fck usd kurlar\u0131 kullan\u0131larak tl kar\u015f\u0131l\u0131\u011f\u0131na \u00e7evrilmesiyle hesaplanmaktad\u0131r. Fiyatlar kurdaki de\u011fi\u015fmeler ba\u011fl\u0131 olarak g\u00fcnl\u00fck olarak de\u011fi\u015fmektedir. Bu nedenle y\u00f6netmeli\u011fin 15. Md\/a bendi gere\u011fi cayma hakk\u0131ndan m\u00fcstesnad\u0131r. M\u00fc\u015fterilerimiz sipari\u015f \u00f6ncesinde bu konu hakk\u0131nda \u00f6n bilgilendirme yap\u0131ld\u0131\u011f\u0131n\u0131 kabul eder.<\/p>\n","protected":false},"excerpt":{"rendered":"<p> 1J0906283C SELENO\u0130D VALF 3,0 TD\u0130<\/p>\n<p>OEN 1J0 906 283 B \u2014 AUDI<br \/>\nOEN 1J0906283C \u2014 AUDI<br \/>\nOEN 1K0 906 283 \u2014 AUDI<br \/>\nOEN 1K0906283A \u2014 AUDI<br \/>\nOEN 1J0 906 283 B \u2014 SEAT<br \/>\nOEN 1J0906283C \u2014 SEAT<br \/>\nOEN 1K0 906 283 \u2014 SEAT<br \/>\nOEN 1K0906283A \u2014 SEAT<br \/>\nOEN 1J0 906 283 B \u2014 SKODA<br \/>\nOEN 1J0906283C \u2014 SKODA<br \/>\nOEN 1K0 906 283 \u2014 SKODA<br \/>\nOEN 1K0906283A \u2014 SKODA<br \/>\nOEN 1J0 906 283 B \u2014 VAG<br \/>\nOEN 1J0906283C \u2014 VAG<br \/>\nOEN 1K0 906 283 \u2014 VAG<br \/>\nOEN 1K0906283A \u2014 VAG<br \/>\nOEN 1J0 906 283 B \u2014 VW<br \/>\nOEN 1J0906283C \u2014 VW<br \/>\nOEN 1K0 906 283 \u2014 VW<br \/>\nOEN 1K0906283A \u2014 VW<br \/>\nVW Sharan I (7M8, 7M9, 7M6) (Yap\u0131m Y\u0131l\u0131 09.1995 &#8211; 03.2010, 90 &#8211; 150 PS, Dizel)<br \/>\nVW Golf IV Hatchback (1J1) (Yap\u0131m Y\u0131l\u0131 08.1997 &#8211; 06.2005, 90 &#8211; 150 PS, Dizel)<br \/>\nVW Golf IV Varyant (1J5) (Yap\u0131m Y\u0131l\u0131 05.1999 &#8211; 06.2006, 90 &#8211; 130 PS, Dizel)<br \/>\nVW LT 28-35 II Minib\u00fcs (Yap\u0131m Y\u0131l\u0131 05.1999 &#8211; 07.2006, 83 &#8211; 109 PS, Dizel)<br \/>\nVW LT 28-46 II Van (2DA, 2DD, 2DH) (Yap\u0131m Y\u0131l\u0131 05.1999 &#8211; 07.2006, 83 &#8211; 109 PS, Dizel)<br \/>\nVW LT 28-46 II Platform \/ \u015easi (2DC, 2DF, 2DG, 2DL, 2DM) (Yap\u0131m Y\u0131l\u0131 05.1999 &#8211; 07.2006, 83 &#8211; 109 PS, Dizel)<br \/>\nVW Yeni Beetle Hatchback (9C1, 1C1) (Yap\u0131m Y\u0131l\u0131 01.1998 &#8211; 09.2010, 90 &#8211; 105 PS, Dizel)<br \/>\nVW Bora Sedan (1J2) (Yap\u0131m Y\u0131l\u0131 10.1998 &#8211; 05.2005, 90 &#8211; 150 PS, Dizel)<br \/>\nVW Bora Varyant (1J6) (Yap\u0131m Y\u0131l\u0131 05.1999 &#8211; 05.2005, 90 &#8211; 150 PS, Dizel)<br \/>\nVW Polo IV Hatchback (9N) (Yap\u0131m Y\u0131l\u0131 10.2001 &#8211; 11.2009, 101 PS, Dizel)<br \/>\nVW Phaeton (3D1, 3D2, 3D3, 3D4, 3D6, 3D7, 3D8, 3D9) (Yap\u0131m Y\u0131l\u0131 11.2002 &#8211; 03.2016, 224 &#8211; 313 PS, Dizel)<br \/>\nVW Touareg I (7LA, 7L6, 7L7) (Yap\u0131m Y\u0131l\u0131 10.2002 &#8211; 05.2010, 174 &#8211; 350 PS, Dizel)<br \/>\nVW Touran I (1T1, 1T2) (Yap\u0131m Y\u0131l\u0131 08.2003 &#8211; 05.2010, 90 &#8211; 170 PS, Dizel)<br \/>\nVW New Beetle Cabrio (1Y7) (Yap\u0131m Y\u0131l\u0131 06.2003 &#8211; 09.2010, 100 &#8211; 105 PS, Dizel)<br \/>\nVW Multivan T5 (7HM, 7HN, 7HF, 7EF, 7EM, 7EN) (Yap\u0131m Y\u0131l\u0131 04.2003 &#8211; 08.2015, 84 &#8211; 180 PS, Dizel)<br \/>\nVW Golf V Hatchback (1K1) (Yap\u0131m Y\u0131l\u0131 10.2003 &#8211; 11.2008, 90 &#8211; 170 PS, Dizel)<br \/>\nVW Transporter T5 Platform \/ \u015easi (7JD, 7JE, 7JL, 7JY, 7JZ, 7FD) (Yap\u0131m Y\u0131l\u0131 04.2003 &#8211; 08.2015, 84 &#8211; 180 PS, Dizel)<br \/>\nVW Transporter T5 Van (7HA, 7HH, 7EA, 7EH) (Yap\u0131m Y\u0131l\u0131 04.2003 &#8211; 08.2015, 84 &#8211; 180 PS, Dizel)<br \/>\nVW Transporter T5 Minib\u00fcs (7HB, 7HJ, 7EB, 7EJ, 7EF, 7EG, 7HF, 7EC) (Yap\u0131m Y\u0131l\u0131 04.2003 &#8211; 08.2015, 84 &#8211; 180 PS, Dizel)<br \/>\nVW Caddy III Van (2KA, 2KH, 2CA, 2CH) (Yap\u0131m Y\u0131l\u0131 04.2004 &#8211; 05.2015, 75 &#8211; 170 PS, Dizel)<br \/>\nVW Caddy III Estate (2KB, 2KJ, 2CB, 2CJ) (Yap\u0131m Y\u0131l\u0131 04.2004 &#8211; 05.2015, 75 &#8211; 170 PS, Dizel)<br \/>\nVW Golf Plus \/ Crossgolf (5M1, 521) (Yap\u0131m Y\u0131l\u0131 01.2005 &#8211; 12.2013, 90 &#8211; 140 PS, Dizel)<br \/>\nVW Passat B6 Sedan (3C2) (Yap\u0131m Y\u0131l\u0131 03.2005 &#8211; 11.2010, 105 &#8211; 170 PS, Dizel)<br \/>\nVW Jetta Mk5 (1K) (Yap\u0131m Y\u0131l\u0131 08.2005 &#8211; 10.2010, 90 &#8211; 170 PS, Dizel)<br \/>\nVW Passat B6 Varyant (3C5) (Yap\u0131m Y\u0131l\u0131 08.2005 &#8211; 11.2010, 105 &#8211; 170 PS, Dizel)<br \/>\nVW Eos (1F7, 1F8) (Yap\u0131m Y\u0131l\u0131 06.2006 &#8211; 08.2015, 136 &#8211; 140 PS, Dizel)<br \/>\nVW Crafter 30-35 Minib\u00fcs (2E) (Yap\u0131m Y\u0131l\u0131 05.2011 &#8211; 12.2016, 109 &#8211; 163 PS, Dizel)<br \/>\nVW Crafter 30-50 Van (2E) (Yap\u0131m Y\u0131l\u0131 05.2011 &#8211; 12.2016, 109 &#8211; 163 PS, Dizel)<br \/>\nVW Crafter 30-50 Platform\/\u015easi (2F) (Yap\u0131m Y\u0131l\u0131 05.2011 &#8211; 12.2016, 109 &#8211; 163 PS, Dizel)<br \/>\nVW Golf V Varyant\u0131 (1K5) (Yap\u0131m Y\u0131l\u0131 06.2007 &#8211; 07.2009, 140 PS, Dizel)<br \/>\nVW Tiguan I (5N) (Yap\u0131m Y\u0131l\u0131 09.2007 &#8211; 07.2018, 110 &#8211; 170 PS, Dizel)<br \/>\nVW Passat CC (357) (Yap\u0131m Y\u0131l\u0131 05.2008 &#8211; 01.2012, 136 &#8211; 170 PS, Dizel)<br \/>\nVW Scirocco III (137, 138) (Yap\u0131m Y\u0131l\u0131 08.2008 &#8211; 11.2017, 136 &#8211; 170 PS, Dizel)<br \/>\nVW Golf VI Hatchback (5K1) (Yap\u0131m Y\u0131l\u0131 10.2008 &#8211; 05.2013, 90 &#8211; 170 PS, Dizel)<br \/>\nVW Polo V Hatchback (6R1, 6C1) (Yap\u0131m Y\u0131l\u0131 06.2009 &#8211; &#8230;, 75 &#8211; 105 PS, Dizel)<br \/>\nVW Golf VI Varyant\u0131 (AJ5) (Yap\u0131m Y\u0131l\u0131 07.2009 &#8211; 07.2013, 90 &#8211; 140 PS, Dizel)<br \/>\nVW Touareg II (7P5, 7P6) (Yap\u0131m Y\u0131l\u0131 01.2010 &#8211; 03.2018, 204 &#8211; 340 PS, Dizel)<br \/>\nVW Sharan II (7N1, 7N2) (Yap\u0131m Y\u0131l\u0131 05.2010 &#8211; &#8230;, 116 &#8211; 170 PS, Dizel)<br \/>\nVW Amarok Pickup (2HA, 2HB, S1B, S6B, S7A, S7B) (Yap\u0131m Y\u0131l\u0131 09.2010 &#8211; &#8230;, 122 &#8211; 180 PS, Dizel)<br \/>\nVW Passat B7 Sedan (362) (Yap\u0131m Y\u0131l\u0131 08.2010 &#8211; 12.2014, 105 &#8211; 170 PS, Dizel)<br \/>\nVW Passat B7 Varyant (365) (Yap\u0131m Y\u0131l\u0131 08.2010 &#8211; 12.2014, 105 &#8211; 170 PS, Dizel)<br \/>\nVW Golf VI Cabrio (517) (Yap\u0131m Y\u0131l\u0131 03.2011 &#8211; 05.2016, 105 &#8211; 140 PS, Dizel)<br \/>\nVW Beetle Hatchback (5C1, 5C2) (Yap\u0131m Y\u0131l\u0131 04.2011 &#8211; 07.2016, 105 &#8211; 140 PS, Dizel)<br \/>\nVW CC (358) (Yap\u0131m Y\u0131l\u0131 11.2011 &#8211; 12.2016, 140 &#8211; 170 PS, Dizel)<br \/>\nVW Touran I (1T3) (Yap\u0131m Y\u0131l\u0131 05.2010 &#8211; 05.2015, 90 &#8211; 170 PS, Dizel)<br \/>\nVW Golf VII Hatchback (5G1, BQ1, BE1, BE2) (Yap\u0131m Y\u0131l\u0131 08.2012 &#8211; &#8230;, 105 &#8211; 150 PS, Dizel)<\/p>\n","protected":false},"featured_media":6022,"comment_status":"open","ping_status":"closed","template":"","meta":{"_joinchat":[]},"product_cat":[24],"product_tag":[192,4474],"class_list":{"0":"post-6021","1":"product","2":"type-product","3":"status-publish","4":"has-post-thumbnail","6":"product_cat-audi","7":"product_tag-0-tdi","8":"product_tag-1j0906283c-selenoid-valf-3","10":"first","11":"instock","12":"sale","13":"shipping-taxable","14":"purchasable","15":"product-type-simple"},"_links":{"self":[{"href":"https:\/\/dogan-otomotiv.com\/index.php\/wp-json\/wp\/v2\/product\/6021","targetHints":{"allow":["GET"]}}],"collection":[{"href":"https:\/\/dogan-otomotiv.com\/index.php\/wp-json\/wp\/v2\/product"}],"about":[{"href":"https:\/\/dogan-otomotiv.com\/index.php\/wp-json\/wp\/v2\/types\/product"}],"replies":[{"embeddable":true,"href":"https:\/\/dogan-otomotiv.com\/index.php\/wp-json\/wp\/v2\/comments?post=6021"}],"wp:featuredmedia":[{"embeddable":true,"href":"https:\/\/dogan-otomotiv.com\/index.php\/wp-json\/wp\/v2\/media\/6022"}],"wp:attachment":[{"href":"https:\/\/dogan-otomotiv.com\/index.php\/wp-json\/wp\/v2\/media?parent=6021"}],"wp:term":[{"taxonomy":"product_cat","embeddable":true,"href":"https:\/\/dogan-otomotiv.com\/index.php\/wp-json\/wp\/v2\/product_cat?post=6021"},{"taxonomy":"product_tag","embeddable":true,"href":"https:\/\/dogan-otomotiv.com\/index.php\/wp-json\/wp\/v2\/product_tag?post=6021"}],"curies":[{"name":"wp","href":"https:\/\/api.w.org\/{rel}","templated":true}]}}