{"id":5968,"date":"2021-04-29T06:35:10","date_gmt":"2021-04-29T06:35:10","guid":{"rendered":"https:\/\/dogan-otomotiv.com\/?post_type=product&#038;p=5968"},"modified":"2024-09-29T10:08:25","modified_gmt":"2024-09-29T10:08:25","slug":"06a141025e-debriyaj-baski-plakasi-220-mm-agu-arz-aqa-18-benzin","status":"publish","type":"product","link":"https:\/\/dogan-otomotiv.com\/index.php\/urun\/06a141025e-debriyaj-baski-plakasi-220-mm-agu-arz-aqa-18-benzin\/","title":{"rendered":"06A141025E DEBR\u0130YAJ BASKI PLAKASI 220 MM AGU\/ARZ\/AQA 1,8 BENZ\u0130N"},"content":{"rendered":"<p>OEN 028 141 025 P \u2014 AUDI<br \/>\nOEN 028 141 026 C \u2014 AUDI<br \/>\nOEN 06A 141 025 E \u2014 AUDI<br \/>\nOEN 028 141 025 P \u2014 SEAT<br \/>\nOEN 028 141 026 C \u2014 SEAT<br \/>\nOEN 06A 141 025 E \u2014 SEAT<br \/>\nOEN 06A 141 025 E \u2014 SKODA<br \/>\nOEN 028 141 025 P \u2014 VW<br \/>\nOEN 028 141 026 C \u2014 VW<br \/>\nOEN 06A 141 025 E \u2014 VW<br \/>\nOEN 06A 141 025 EX \u2014 VW<br \/>\nOEN 071 141 025 \u2014 VW<\/p>\n<p>VW Bora Sedan (1J2) (Yap\u0131m Y\u0131l\u0131 10.1998 &#8211; 05.2005, 90 &#8211; 150 PS, Dizel, Benzin)<br \/>\nVW Bora Varyant (1J6) (Yap\u0131m Y\u0131l\u0131 05.1999 &#8211; 06.2001, 110 &#8211; 150 PS, Dizel, Benzin)<br \/>\nVW Golf III Hatchback (1H1) (Yap\u0131m Y\u0131l\u0131 08.1995 &#8211; 08.1997, 90 &#8211; 110 PS, Dizel)<br \/>\nVW Golf III Cabrio (1E7) (Yap\u0131m Y\u0131l\u0131 07.1996 &#8211; 05.1998, 110 PS, Dizel)<br \/>\nVW Golf III Estate (1H5) (Yap\u0131m Y\u0131l\u0131 07.1995 &#8211; 04.1999, 90 &#8211; 110 PS, Dizel)<br \/>\nVW Golf IV Cabrio (1E) (Yap\u0131m Y\u0131l\u0131 06.1998 &#8211; 06.2002, 110 PS, Dizel)<br \/>\nVW Golf IV Hatchback (1J1) (Yap\u0131m Y\u0131l\u0131 08.1997 &#8211; 06.2005, 90 &#8211; 150 PS, Dizel, Benzin)<br \/>\nVW Golf IV Varyant (1J5) (Yap\u0131m Y\u0131l\u0131 05.1999 &#8211; 06.2006, 90 &#8211; 150 PS, Dizel, Benzin)<br \/>\nVW Yeni Beetle Hatchback (9C1, 1C1) (Yap\u0131m Y\u0131l\u0131 01.1998 &#8211; 09.2010, 90 &#8211; 150 PS, Dizel, Benzin)<br \/>\nVW Passat B3\/B4 Sedan (3A2, 35i) (Yap\u0131m Y\u0131l\u0131 03.1996 &#8211; 08.1996, 110 PS, Dizel)<br \/>\nVW Passat B3\/B4 Estate (3A5, 35i) (Yap\u0131m Y\u0131l\u0131 03.1996 &#8211; 05.1997, 110 PS, Dizel)<br \/>\nVW Polo III Classic (6V2) (Yap\u0131m Y\u0131l\u0131 06.1998 &#8211; 01.2002, 110 PS, Dizel)<br \/>\nVW Polo III Varyant (6V5) (Yap\u0131m Y\u0131l\u0131 06.1998 &#8211; 09.2001, 110 PS, Dizel)<br \/>\nVW Sharan I (7M8, 7M9, 7M6) (Yap\u0131m Y\u0131l\u0131 09.1995 &#8211; 03.2010, 90 &#8211; 150 PS, Dizel, Benzin)<br \/>\nVW Vento (1H2) (Yap\u0131m Y\u0131l\u0131 04.1996 &#8211; 09.1998, 110 PS, Dizel)<\/p>\n<p>SKODA Octavia I Hatchback (1U2) (Yap\u0131m Y\u0131l\u0131 09.1996 &#8211; 12.2010, 90 &#8211; 150 PS, Dizel, Benzin)<br \/>\nSKODA Octavia I Kombi (1U5) (Yap\u0131m Y\u0131l\u0131 07.1998 &#8211; 12.2010, 90 &#8211; 150 PS, Dizel, Benzin<\/p>\n<p>SEAT Alhambra I (7V8, 7V9) (Yap\u0131m Y\u0131l\u0131 08.1996 &#8211; 03.2010, 110 &#8211; 150 PS, Dizel, Benzin)<\/p>\n<p>FORD Galaxy Mk1 (WGR) (Yap\u0131m Y\u0131l\u0131 08.1997 &#8211; 04.2000, 110 PS, Dizel)<\/p>\n<p>AUDI A3 Hatchback (8L1) (Yap\u0131m Y\u0131l\u0131 09.1996 &#8211; 05.2003, 90 &#8211; 180 PS, Dizel, Benzin)<br \/>\nAUDI TT Coupe (8N3) (Yap\u0131m Y\u0131l\u0131 10.1998 &#8211; 06.2006, 180 PS, Benzin)<br \/>\nAUDI TT Roadster (8N9) (Yap\u0131m Y\u0131l\u0131 10.1999 &#8211; 06.2006, 180 PS, Benzin)<br \/>\nSEAT C\u00f3rdoba I Sedan (6K1, 6K2) (Yap\u0131m Y\u0131l\u0131 03.1997 &#8211; 10.2002, 110 &#8211; 156 PS, Dizel, Benzin)<br \/>\nSEAT C\u00f3rdoba I Vario (6K5) (Yap\u0131m Y\u0131l\u0131 07.1997 &#8211; 12.2002, 110 PS, Dizel)<br \/>\nSEAT Ibiza II (6K1) (Yap\u0131m Y\u0131l\u0131 02.1997 &#8211; 02.2002, 110 &#8211; 156 PS, Dizel, Benzin)<br \/>\nSEAT Leon I Hatchback (1M1) (Yap\u0131m Y\u0131l\u0131 11.1999 &#8211; 06.2006, 90 &#8211; 110 PS, Dizel)<br \/>\nSEAT Toledo I Hatchback (1L) (Yap\u0131m Y\u0131l\u0131 11.1996 &#8211; 03.1999, 110 PS, Dizel)<br \/>\nSEAT Toledo II Sedan (1M2) (Yap\u0131m Y\u0131l\u0131 10.1998 &#8211; 07.2004, 90 &#8211; 150 PS, Dizel, Benzin)<\/p>\n","protected":false},"excerpt":{"rendered":"<p>numaras\u0131n\u0131 orijinal olanla kar\u015f\u0131la\u015ft\u0131r\u0131n!)<\/p>\n<p>NOT SATI\u015e F\u0130YATLARI TEMS\u0130L\u0130D\u0130R<\/p>\n<p>DO\u011eAN OTOMOT\u0130V YEDEK PAR\u00c7A<\/p>\n<p>LTD \u015eT\u0130 \u0130VED\u0130K ORGAN\u0130ZE SAN 1471 SOK 91-A OST\u0130M ANKARA<\/p>\n<p>SEM\u0130H SAVA\u015e\u00c7I<\/p>\n<p>0 (312) 395 20 95<\/p>\n<p>0533 322 16 09<\/p>\n<p>SEM\u0130H SAVA\u015eCI<\/p>\n<p>IBAN NO: TR56 0011 1000 0000 0088 9009 70<\/p>\n<p>F\u0130NANSBANK ENPARA<\/p>\n<p>\u015eUBE KODU: 03663<\/p>\n<p>HESAP NO: 88900970<\/p>\n<p>KARGO \u0130ADES\u0130 DURUMUNDA<\/p>\n<p>KARGO \u00dcCRET\u0130 M\u00dc\u015eTER\u0130YE A\u0130TT\u0130R.<\/p>\n<p>\u015e\u0130PAR\u0130\u015eLER HAKKINDA<\/p>\n<p>L\u00dcTFEN \u015e\u0130PAR\u0130\u015e VERMEK \u0130STED\u0130\u011e\u0130N\u0130Z \u00dcR\u00dcN\u00dcN STOK DURUMUNU SORUNUZ.<\/p>\n<p>T\u00dcRK\u0130YEN\u0130N T\u00dcM \u015eEH\u0130RLER\u0130NE ANLA\u015eMALI KARGOLARIMIZ \u0130LE G\u00d6NDER\u0130M YAPILIR.<\/p>\n<p>SAAT 17:00 KADAR VER\u0130LEN \u015e\u0130PAR\u0130\u015eLER AYNI G\u00dcN KARGO \u0130LE G\u00d6NDER\u0130M\u0130 YAPILIR.<\/p>\n<p>\u00c7IKMA PAR\u00c7A F\u0130YATLARI PAR\u00c7ANIN TEM\u0130ZL\u0130\u011e\u0130NE VE TAM\u0130RS\u0130ZL\u0130\u011e\u0130NE G\u00d6RE DE\u011e\u0130\u015eKENL\u0130K G\u00d6STER\u0130R.<\/p>\n<p>D\u0130\u011eER PAR\u00c7ALAR VE F\u0130YAT B\u0130LG\u0130S\u0130 \u0130\u00c7\u0130N \u0130LET\u0130\u015eME GE\u00c7EB\u0130L\u0130RS\u0130N\u0130Z<\/p>\n","protected":false},"featured_media":15649,"comment_status":"open","ping_status":"closed","template":"","meta":{"_joinchat":[]},"product_cat":[15,24,19,20],"product_tag":[4443,4444],"class_list":{"0":"post-5968","1":"product","2":"type-product","3":"status-publish","4":"has-post-thumbnail","6":"product_cat-volkswagen","7":"product_cat-audi","8":"product_cat-seat","9":"product_cat-skoda","10":"product_tag-06a141025e-debriyaj-baski-plakasi-220-mm-agu-arz-aqa-1","11":"product_tag-8-benzin","13":"first","14":"instock","15":"sale","16":"shipping-taxable","17":"purchasable","18":"product-type-simple"},"_links":{"self":[{"href":"https:\/\/dogan-otomotiv.com\/index.php\/wp-json\/wp\/v2\/product\/5968","targetHints":{"allow":["GET"]}}],"collection":[{"href":"https:\/\/dogan-otomotiv.com\/index.php\/wp-json\/wp\/v2\/product"}],"about":[{"href":"https:\/\/dogan-otomotiv.com\/index.php\/wp-json\/wp\/v2\/types\/product"}],"replies":[{"embeddable":true,"href":"https:\/\/dogan-otomotiv.com\/index.php\/wp-json\/wp\/v2\/comments?post=5968"}],"wp:featuredmedia":[{"embeddable":true,"href":"https:\/\/dogan-otomotiv.com\/index.php\/wp-json\/wp\/v2\/media\/15649"}],"wp:attachment":[{"href":"https:\/\/dogan-otomotiv.com\/index.php\/wp-json\/wp\/v2\/media?parent=5968"}],"wp:term":[{"taxonomy":"product_cat","embeddable":true,"href":"https:\/\/dogan-otomotiv.com\/index.php\/wp-json\/wp\/v2\/product_cat?post=5968"},{"taxonomy":"product_tag","embeddable":true,"href":"https:\/\/dogan-otomotiv.com\/index.php\/wp-json\/wp\/v2\/product_tag?post=5968"}],"curies":[{"name":"wp","href":"https:\/\/api.w.org\/{rel}","templated":true}]}}