{"id":5917,"date":"2021-04-22T06:39:50","date_gmt":"2021-04-22T06:39:50","guid":{"rendered":"https:\/\/dogan-otomotiv.com\/?post_type=product&#038;p=5917"},"modified":"2021-04-22T06:39:50","modified_gmt":"2021-04-22T06:39:50","slug":"036103464g-motor-yagi-ayirici-karter-q7-s6-v8-icin","status":"publish","type":"product","link":"https:\/\/dogan-otomotiv.com\/index.php\/urun\/036103464g-motor-yagi-ayirici-karter-q7-s6-v8-icin\/","title":{"rendered":"036103464G Motor Ya\u011f\u0131 Ay\u0131r\u0131c\u0131 Karter Q7 S6 V8 i\u00e7in"},"content":{"rendered":"<p>036103464G Motor Ya\u011f\u0131 Ay\u0131r\u0131c\u0131 Karter Q7 S6 V8 i\u00e7in<\/p>\n<p>AROSA 1997 &#8211; 2004<br \/>\nCORDOBA 1993 &#8211; 2002<br \/>\nIBIZA 1996 &#8211; 2009<br \/>\nINCA 1995 &#8211; 2003<br \/>\nLEON 1999 &#8211; 2006<br \/>\nTOLEDO 2000 &#8211; 2006<\/p>\n<p>Fit for SKODA<\/p>\n<p>FABIA I 2000 &#8211; 2008<br \/>\nFELICIA 1995 &#8211; 2001<br \/>\nOCTAVIA I 1997 &#8211; 2011<\/p>\n<p>Fit for VW<\/p>\n<p>BORA 2000 &#8211; 2005<br \/>\nCADDY 1995 &#8211; 2004<br \/>\nFOX 2003 &#8211; 2009<br \/>\nGOLF III 1991 &#8211; 1997<br \/>\nGOLF IV 1997 &#8211; 2004<br \/>\nLUPO 1998 &#8211; 2005<br \/>\nPOLO 1996 &#8211; 2005<br \/>\nVENTO 1991 &#8211; 1998<\/p>\n<p>2008    Volkswagen    Touareg    Base Sport Utility 4-Door    4.2L 4163CC V8 GAS DOHC Naturally Aspirated<br \/>\n     2008    Volkswagen    Touareg    V8 Sport Utility 4-Door    4.2L 4163CC V8 GAS DOHC Naturally Aspirated<br \/>\n     2007    Audi    Q7    Base Sport Utility 4-Door    4.2L 4163CC V8 GAS DOHC Naturally Aspirated<br \/>\n     2007    Audi    Q7    Elite Sport Utility 4-Door    4.2L 4163CC V8 GAS DOHC Naturally Aspirated<br \/>\n     2007    Audi    Q7    Premium Sport Utility 4-Door    4.2L 4163CC V8 GAS DOHC Naturally Aspirated<br \/>\n     2007    Audi    S6    Base Sedan 4-Door    5.2L 5204CC V10 GAS DOHC Naturally Aspirated<br \/>\n     2007    Audi    S8    Base Sedan 4-Door    5.2L 5204CC V10 GAS DOHC Naturally Aspirated<br \/>\n     2007    Volkswagen    Touareg    Base Sport Utility 4-Door    4.2L 4163CC V8 GAS DOHC Naturally Aspirated<br \/>\n     2007    Volkswagen    Touareg    V8 Sport Utility 4-Door    4.2L 4172CC V8 GAS DOHC Naturally Aspirated<\/p>\n","protected":false},"excerpt":{"rendered":"<p>numaras\u0131n\u0131 orijinal olanla kar\u015f\u0131la\u015ft\u0131r\u0131n!)<\/p>\n<p>NOT SATI\u015e F\u0130YATLARI TEMS\u0130L\u0130D\u0130R<\/p>\n<p>DO\u011eAN OTOMOT\u0130V YEDEK PAR\u00c7A<\/p>\n<p>LTD \u015eT\u0130 \u0130VED\u0130K ORGAN\u0130ZE SAN 1471 SOK 91-A OST\u0130M ANKARA<\/p>\n<p>SEM\u0130H SAVA\u015e\u00c7I<\/p>\n<p>0 (312) 395 20 95<\/p>\n<p>0533 322 16 09<\/p>\n<p>SEM\u0130H SAVA\u015eCI<\/p>\n<p>IBAN NO: TR56 0011 1000 0000 0088 9009 70<\/p>\n<p>F\u0130NANSBANK ENPARA<\/p>\n<p>\u015eUBE KODU: 03663<\/p>\n<p>HESAP NO: 88900970<\/p>\n<p>KARGO \u0130ADES\u0130 DURUMUNDA<\/p>\n<p>KARGO \u00dcCRET\u0130 M\u00dc\u015eTER\u0130YE A\u0130TT\u0130R.<\/p>\n<p>\u015e\u0130PAR\u0130\u015eLER HAKKINDA<\/p>\n<p>L\u00dcTFEN \u015e\u0130PAR\u0130\u015e VERMEK \u0130STED\u0130\u011e\u0130N\u0130Z \u00dcR\u00dcN\u00dcN STOK DURUMUNU SORUNUZ.<\/p>\n<p>T\u00dcRK\u0130YEN\u0130N T\u00dcM \u015eEH\u0130RLER\u0130NE ANLA\u015eMALI KARGOLARIMIZ \u0130LE G\u00d6NDER\u0130M YAPILIR.<\/p>\n<p>SAAT 17:00 KADAR VER\u0130LEN \u015e\u0130PAR\u0130\u015eLER AYNI G\u00dcN KARGO \u0130LE G\u00d6NDER\u0130M\u0130 YAPILIR.<\/p>\n<p>\u00c7IKMA PAR\u00c7A F\u0130YATLARI PAR\u00c7ANIN TEM\u0130ZL\u0130\u011e\u0130NE VE TAM\u0130RS\u0130ZL\u0130\u011e\u0130NE G\u00d6RE DE\u011e\u0130\u015eKENL\u0130K G\u00d6STER\u0130R.<\/p>\n<p>D\u0130\u011eER PAR\u00c7ALAR VE F\u0130YAT B\u0130LG\u0130S\u0130 \u0130\u00c7\u0130N \u0130LET\u0130\u015eME GE\u00c7EB\u0130L\u0130RS\u0130N\u0130Z<\/p>\n","protected":false},"featured_media":5918,"comment_status":"open","ping_status":"closed","template":"","meta":{"_joinchat":[]},"product_cat":[15,24,19,20],"product_tag":[4418],"class_list":{"0":"post-5917","1":"product","2":"type-product","3":"status-publish","4":"has-post-thumbnail","6":"product_cat-volkswagen","7":"product_cat-audi","8":"product_cat-seat","9":"product_cat-skoda","10":"product_tag-036103464g-motor-yagi-ayirici-karter-q7-s6-v8-icin","12":"first","13":"instock","14":"sale","15":"shipping-taxable","16":"purchasable","17":"product-type-simple"},"_links":{"self":[{"href":"https:\/\/dogan-otomotiv.com\/index.php\/wp-json\/wp\/v2\/product\/5917","targetHints":{"allow":["GET"]}}],"collection":[{"href":"https:\/\/dogan-otomotiv.com\/index.php\/wp-json\/wp\/v2\/product"}],"about":[{"href":"https:\/\/dogan-otomotiv.com\/index.php\/wp-json\/wp\/v2\/types\/product"}],"replies":[{"embeddable":true,"href":"https:\/\/dogan-otomotiv.com\/index.php\/wp-json\/wp\/v2\/comments?post=5917"}],"wp:featuredmedia":[{"embeddable":true,"href":"https:\/\/dogan-otomotiv.com\/index.php\/wp-json\/wp\/v2\/media\/5918"}],"wp:attachment":[{"href":"https:\/\/dogan-otomotiv.com\/index.php\/wp-json\/wp\/v2\/media?parent=5917"}],"wp:term":[{"taxonomy":"product_cat","embeddable":true,"href":"https:\/\/dogan-otomotiv.com\/index.php\/wp-json\/wp\/v2\/product_cat?post=5917"},{"taxonomy":"product_tag","embeddable":true,"href":"https:\/\/dogan-otomotiv.com\/index.php\/wp-json\/wp\/v2\/product_tag?post=5917"}],"curies":[{"name":"wp","href":"https:\/\/api.w.org\/{rel}","templated":true}]}}