{"id":5902,"date":"2021-04-21T11:39:51","date_gmt":"2021-04-21T11:39:51","guid":{"rendered":"https:\/\/dogan-otomotiv.com\/?post_type=product&#038;p=5902"},"modified":"2023-07-29T05:38:34","modified_gmt":"2023-07-29T05:38:34","slug":"03g131501a-egr-valf-toledo-2004-19-tdi-cady-orj-cikma","status":"publish","type":"product","link":"https:\/\/dogan-otomotiv.com\/index.php\/urun\/03g131501a-egr-valf-toledo-2004-19-tdi-cady-orj-cikma\/","title":{"rendered":"03g131501a egr valf  toledo 2004 1,9 TD\u0130 CADY ORJ \u00c7IKMA"},"content":{"rendered":"<p>03g131501a egr valf yuvas\u0131 toledo 2004 1,9 TD\u0130 CADY<br \/>\nVW CADDY 1.9(2004\/03-\/)<br \/>\nSKODA LAURA 1.9(2004\/02-\/)<br \/>\nSKODA OCTAVIA 1.9(2004\/02-\/)<br \/>\nSEAT ALTEA 1.9(2004\/03-\/)<br \/>\nSEAT TOLEDO 1.9(2004\/04-2009\/05)<\/p>\n","protected":false},"excerpt":{"rendered":"<p>VW Caddy III 1.9 Tdi 2004-2010 i\u00e7in  <\/p>\n<p>     Seat    Altea    2009\/08-2021\/12    5P1    1.9 TDi    1896 ccm, 66 KW, 90 PS<br \/>\n     Seat    Altea    2004\/04-2009\/12    5P1    1.9 TDi    1896 ccm, 77 KW, 105 PS<br \/>\n     Seat    Toledo I    1995\/12-1999\/03    1L    1.9 D    1896 ccm, 47 KW, 64 PS<br \/>\n     Seat    Toledo II    1999\/03-2004\/07    1M2    1.9 TDi    1896 ccm, 66 KW, 90 PS<br \/>\n     Seat    Toledo II    1998\/10-2004\/07    1M2    1.9 TDi    1896 ccm, 81 KW, 110 PS<br \/>\n     Seat    Toledo II    2003\/05-2006\/05    1M2    1.9 TDi    1896 ccm, 96 KW, 130 PS<br \/>\n     Seat    Toledo II    2000\/10-2004\/07    1M2    1.9 TDi    1896 ccm, 110 KW, 150 PS<br \/>\n     Seat    Toledo II    2000\/10-2005\/10    1M2    1.9 TDi 4Drive    1896 ccm, 110 KW, 150 PS<br \/>\n     Seat    Toledo III    2004\/10-2009\/05    5P2    1.9 TDi    1896 ccm, 77 KW, 105 PS<\/p>\n<p>Audi    A3    2000\/08-2003\/05    8L1    1.9 TDI    1896 ccm, 96 KW, 130 PS<br \/>\n     Audi    A3    2000\/08-2003\/05    8L1    1.9 TDI quattro    1896 ccm, 96 KW, 130 PS<br \/>\nMotorcode: BJB,Baujahr bis: 2009\/12    Seat    Altea    2004\/04-2009\/12    5P1    1.9 TDi    1896 ccm, 77 KW, 105 PS<br \/>\n     Seat    Ibiza III    2004\/03-2008\/02    6L1    1.9 TDi Cupra R    1896 ccm, 118 KW, 160 PS<br \/>\n     Seat    Leon    2000\/09-2006\/06    1M1    1.9 TDi    1896 ccm, 110 KW, 150 PS<br \/>\n     Seat    Leon    2003\/05-2006\/06    1M1    1.9 TDi    1896 ccm, 96 KW, 130 PS<br \/>\n     Seat    Leon    2002\/05-2006\/06    1M1    1.9 TDi Syncro    1896 ccm, 110 KW, 150 PS<br \/>\n     Seat    Toledo II    2000\/10-2004\/07    1M2    1.9 TDi    1896 ccm, 110 KW, 150 PS<br \/>\n     Seat    Toledo II    2003\/05-2006\/05    1M2    1.9 TDi    1896 ccm, 96 KW, 130 PS<br \/>\nMotorcode: BJB    Seat    Toledo III    2004\/10-2009\/05    5P2    1.9 TDi    1896 ccm, 77 KW, 105 PS<br \/>\n     Skoda    Octavia I    2002\/09-2004\/09    1U2    1.9 TDi    1896 ccm, 96 KW, 130 PS<br \/>\n     Skoda    Octavia I Combi    2002\/09-2004\/09    1U5    1.9 TDi    1896 ccm, 96 KW, 130 PS<br \/>\nMotorcode: BJB,Baujahr bis: 2006\/12    Skoda    Octavia II    2004\/06-2010\/12    1Z3    1.9 TDi    1896 ccm, 77 KW, 105 PS<br \/>\nMotorcode: BJB,Baujahr bis: 2006\/12    Skoda    Octavia II Combi    2004\/09-2010\/12    1Z5    1.9 TDi    1896 ccm, 77 KW, 105 PS<br \/>\n     VW    Bora    2000\/05-2005\/05    1J2    1.9 TDI    1896 ccm, 110 KW, 150 PS<br \/>\n     VW    Bora    2000\/11-2005\/05    1J2    1.9 TDI    1896 ccm, 96 KW, 130 PS<br \/>\n     VW    Bora    2000\/05-2005\/05    1J2    1.9 TDI 4motion    1896 ccm, 110 KW, 150 PS<br \/>\n     VW    Bora    2000\/11-2005\/05    1J2    1.9 TDI 4motion    1896 ccm, 96 KW, 130 PS<br \/>\n     VW    Bora Variant    2000\/11-2005\/05    1J6    1.9 TDI    1896 ccm, 96 KW, 130 PS<br \/>\n     VW    Bora Variant    2001\/05-2005\/05    1J6    1.9 TDI    1896 ccm, 110 KW,<br \/>\n numaras\u0131n\u0131 orijinal olanla kar\u015f\u0131la\u015ft\u0131r\u0131n!)<\/p>\n<p>NOT SATI\u015e F\u0130YATLARI TEMS\u0130L\u0130D\u0130R<\/p>\n<p>DO\u011eAN OTOMOT\u0130V YEDEK PAR\u00c7A<\/p>\n<p>LTD \u015eT\u0130 \u0130VED\u0130K ORGAN\u0130ZE SAN 1471 SOK 91-A OST\u0130M ANKARA<\/p>\n<p>SEM\u0130H SAVA\u015e\u00c7I<\/p>\n<p>0 (312) 395 20 95<\/p>\n<p>0533 322 16 09<\/p>\n<p>SEM\u0130H SAVA\u015eCI<\/p>\n<p>IBAN NO: TR56 0011 1000 0000 0088 9009 70<\/p>\n<p>F\u0130NANSBANK ENPARA<\/p>\n<p>\u015eUBE KODU: 03663<\/p>\n<p>HESAP NO: 88900970<\/p>\n<p>KARGO \u0130ADES\u0130 DURUMUNDA<\/p>\n<p>KARGO \u00dcCRET\u0130 M\u00dc\u015eTER\u0130YE A\u0130TT\u0130R.<\/p>\n<p>\u015e\u0130PAR\u0130\u015eLER HAKKINDA<\/p>\n<p>L\u00dcTFEN \u015e\u0130PAR\u0130\u015e VERMEK \u0130STED\u0130\u011e\u0130N\u0130Z \u00dcR\u00dcN\u00dcN STOK DURUMUNU SORUNUZ.<\/p>\n<p>T\u00dcRK\u0130YEN\u0130N T\u00dcM \u015eEH\u0130RLER\u0130NE ANLA\u015eMALI KARGOLARIMIZ \u0130LE G\u00d6NDER\u0130M YAPILIR.<\/p>\n<p>SAAT 17:00 KADAR VER\u0130LEN \u015e\u0130PAR\u0130\u015eLER AYNI G\u00dcN KARGO \u0130LE G\u00d6NDER\u0130M\u0130 YAPILIR.<\/p>\n<p>\u00c7IKMA PAR\u00c7A F\u0130YATLARI PAR\u00c7ANIN TEM\u0130ZL\u0130\u011e\u0130NE VE TAM\u0130RS\u0130ZL\u0130\u011e\u0130NE G\u00d6RE DE\u011e\u0130\u015eKENL\u0130K G\u00d6STER\u0130R.<\/p>\n<p>D\u0130\u011eER PAR\u00c7ALAR VE F\u0130YAT B\u0130LG\u0130S\u0130 \u0130\u00c7\u0130N \u0130LET\u0130\u015eME GE\u00c7EB\u0130L\u0130RS\u0130N\u0130Z<\/p>\n","protected":false},"featured_media":5906,"comment_status":"open","ping_status":"closed","template":"","meta":{"_joinchat":[]},"product_cat":[15,24,19,20],"product_tag":[7847,7848],"class_list":{"0":"post-5902","1":"product","2":"type-product","3":"status-publish","4":"has-post-thumbnail","6":"product_cat-volkswagen","7":"product_cat-audi","8":"product_cat-seat","9":"product_cat-skoda","10":"product_tag-03g131501a-egr-valf-toledo-2004-1","11":"product_tag-9-tdi-cady-orj-cikma","13":"first","14":"instock","15":"sale","16":"shipping-taxable","17":"purchasable","18":"product-type-simple"},"_links":{"self":[{"href":"https:\/\/dogan-otomotiv.com\/index.php\/wp-json\/wp\/v2\/product\/5902","targetHints":{"allow":["GET"]}}],"collection":[{"href":"https:\/\/dogan-otomotiv.com\/index.php\/wp-json\/wp\/v2\/product"}],"about":[{"href":"https:\/\/dogan-otomotiv.com\/index.php\/wp-json\/wp\/v2\/types\/product"}],"replies":[{"embeddable":true,"href":"https:\/\/dogan-otomotiv.com\/index.php\/wp-json\/wp\/v2\/comments?post=5902"}],"wp:featuredmedia":[{"embeddable":true,"href":"https:\/\/dogan-otomotiv.com\/index.php\/wp-json\/wp\/v2\/media\/5906"}],"wp:attachment":[{"href":"https:\/\/dogan-otomotiv.com\/index.php\/wp-json\/wp\/v2\/media?parent=5902"}],"wp:term":[{"taxonomy":"product_cat","embeddable":true,"href":"https:\/\/dogan-otomotiv.com\/index.php\/wp-json\/wp\/v2\/product_cat?post=5902"},{"taxonomy":"product_tag","embeddable":true,"href":"https:\/\/dogan-otomotiv.com\/index.php\/wp-json\/wp\/v2\/product_tag?post=5902"}],"curies":[{"name":"wp","href":"https:\/\/api.w.org\/{rel}","templated":true}]}}