{"id":5770,"date":"2021-04-08T13:45:21","date_gmt":"2021-04-08T13:45:21","guid":{"rendered":"https:\/\/dogan-otomotiv.com\/?post_type=product&#038;p=5770"},"modified":"2021-05-28T10:17:29","modified_gmt":"2021-05-28T10:17:29","slug":"1k0919051db-depo-samandirasi-vw-golf-gti-jetta-audi-a3-tt","status":"publish","type":"product","link":"https:\/\/dogan-otomotiv.com\/index.php\/urun\/1k0919051db-depo-samandirasi-vw-golf-gti-jetta-audi-a3-tt\/","title":{"rendered":"1K0919051DB DEPO \u015eAMANDIRASI VW Golf GTI Jetta Audi A3 TT"},"content":{"rendered":"<p>1K0919051DB DEPO \u015eAMANDIRASI VW Golf GTI Jetta Audi A3 TT   M\u0130KA \u0130THAL <\/p>\n<p>Orijinal yedek par\u00e7a numaras\u0131yla kar\u015f\u0131la\u015ft\u0131r\u0131labilir OEM referans numaras\u0131\/numaralar\u0131<\/p>\n<p>OEN 1K0919051AM &#8211; AUDI<br \/>\nOEN 1K0919051AP &#8211; AUDI<br \/>\nOEN 1K0919051AQ &#8211; AUDI<br \/>\nOEN 1K0919051BE &#8211; AUDI<br \/>\nOEN 1K0919051BG &#8211; AUDI<br \/>\nOEN 1K0919051CB &#8211; AUDI<br \/>\nOEN 1K0919051CH \u2014 AUDI<br \/>\nOEN 1K0919051CJ &#8211; AUDI<br \/>\nOEN 1K0919051CK &#8211; AUDI<br \/>\nOEN 1K0919051CL &#8211; AUDI<br \/>\nOEN 1K0919051DA &#8211; AUDI<br \/>\nOEN 1K0919051DB &#8211; AUDI<br \/>\nOEN 1K0919051DC &#8211; AUDI<br \/>\nOEN 1K0919051M &#8211; AUDI<br \/>\nOEN 1K0919051N \u2014 AUDI<br \/>\nOEN 1K0919051AM &#8211; KOLTUK<br \/>\nOEN 1K0919051AP &#8211; KOLTUK<br \/>\nOEN 1K0919051AQ &#8211; KOLTUK<br \/>\nOEN 1K0919051BE \u2014 KOLTUK<br \/>\nOEN 1K0919051BG \u2014 KOLTUK<br \/>\nOEN 1K0919051CB \u2014 KOLTUK<br \/>\nOEN 1K0919051CH &#8211; KOLTUK<br \/>\nOEN 1K0919051CJ &#8211; KOLTUK<br \/>\nOEN 1K0919051CK &#8211; KOLTUK<br \/>\nOEN 1K0919051CL &#8211; KOLTUK<br \/>\nOEN 1K0919051DA \u2014 KOLTUK<br \/>\nOEN 1K0919051DB \u2014 KOLTUK<br \/>\nOEN 1K0919051DC &#8211; KOLTUK<br \/>\nOEN 1K0919051M \u2014 KOLTUK<br \/>\nOEN 1K0919051N \u2014 KOLTUK<br \/>\nOEN 1K0919051AM &#8211; SKODA<br \/>\nOEN 1K0919051AP &#8211; SKODA<br \/>\nOEN 1K0919051AQ &#8211; SKODA<br \/>\nOEN 1K0919051BE \u2014 SKODA<br \/>\nOEN 1K0919051BG &#8211; SKODA<br \/>\nOEN 1K0919051CB \u2014 SKODA<br \/>\nOEN 1K0919051CH \u2014 SKODA<br \/>\nOEN 1K0919051CJ &#8211; SKODA<br \/>\nOEN 1K0919051CK &#8211; SKODA<br \/>\nOEN 1K0919051CL \u2014 SKODA<br \/>\nOEN 1K0919051DA \u2014 SKODA<br \/>\nOEN 1K0919051DB \u2014 SKODA<br \/>\nOEN 1K0919051DC \u2014 SKODA<br \/>\nOEN 1K0919051M \u2014 SKODA<br \/>\nOEN 1K0919051N \u2014 SKODA<br \/>\nOEN 1K0919051AM \u2014 VAG<br \/>\nOEN 1K0919051AP &#8211; VAG<br \/>\nOEN 1K0919051AQ &#8211; VAG<br \/>\nOEN 1K0919051BE &#8211; VAG<br \/>\nOEN 1K0919051BG &#8211; VAG<br \/>\nOEN 1K0919051CB &#8211; VAG<br \/>\nOEN 1K0919051CH &#8211; VAG<br \/>\nOEN 1K0919051CJ &#8211; VAG<br \/>\nOEN 1K0919051CK \u2014 VAG<br \/>\nOEN 1K0919051CL &#8211; VAG<br \/>\nOEN 1K0919051DA &#8211; VAG<br \/>\nOEN 1K0919051DB \u2014 VAG<br \/>\nOEN 1K0919051DC \u2014 VAG<br \/>\nOEN 1K0919051M \u2014 VAG<br \/>\nOEN 1K0919051N &#8211; VAG<\/p>\n<p>OEM Marka<\/p>\n<p>A3 1.6 FSI Modelleri<\/p>\n<p>Golf 5 1.6 FSI Modelleri<\/p>\n<p>Golf Plus 1.6 FSI 1.4 FSI Modelleri<\/p>\n","protected":false},"excerpt":{"rendered":"<p>DO\u011eAN OTOMOT\u0130V YEDEK PAR\u00c7A<br \/>\nLTD \u015eT\u0130 \u0130VED\u0130K ORGAN\u0130ZE SAN 1471 SOKAK 91-A OST\u0130M ANKARA<br \/>\nSEM\u0130H SAVA\u015e\u00c7I  (312) 395 20 95<br \/>\n0533 322 16 09<\/p>\n<p>MUSTAFA SAVA\u015e\u00c7I<br \/>\n0 (312) 395 20 95<br \/>\nIBAN NO: TR 54 0011 1000 0000 0098 3516 19<br \/>\nF\u0130NANSBANK ENPARA<br \/>\n\u015eUBE KODU: 03663<br \/>\nHESAP NO: 98351619<\/p>\n<p>\u015e\u0130PAR\u0130\u015eLER HAKKINDA<br \/>\n(Uyumluluk sadece referans i\u00e7indir. L\u00fctfen sat\u0131n almadan \u00f6nce par\u00e7a<br \/>\n numaras\u0131n\u0131 orijinal olanla kar\u015f\u0131la\u015ft\u0131r\u0131n!)<br \/>\nL\u00dcTFEN \u015e\u0130PAR\u0130\u015e VERMEK \u0130STED\u0130\u011e\u0130N\u0130Z \u00dcR\u00dcN\u00dcN STOK DURUMUNU SORUNUZ.<br \/>\nNOT SATI\u015e F\u0130YATLARI TEMS\u0130L\u0130D\u0130R<br \/>\nSAAT 17:00 KADAR VER\u0130LEN \u015e\u0130PAR\u0130\u015eLER AYNI G\u00dcN KARGO \u0130LE G\u00d6NDER\u0130M\u0130 YAPILIR.<br \/>\n\u00c7IKMA PAR\u00c7A F\u0130YATLARI PAR\u00c7ANIN TEM\u0130ZL\u0130\u011e\u0130NE VE TAM\u0130RS\u0130ZL\u0130\u011e\u0130NE G\u00d6RE DE\u011e\u0130\u015eKENL\u0130K G\u00d6STER\u0130R.<br \/>\nKARGO \u0130ADES\u0130 DURUMUNDA<br \/>\nKARGO \u00dcCRET\u0130 M\u00dc\u015eTER\u0130YE A\u0130TT\u0130R.<br \/>\nD\u0130\u011eER PAR\u00c7ALAR VE F\u0130YAT B\u0130LG\u0130S\u0130 \u0130\u00c7\u0130N \u0130LET\u0130\u015eME GE\u00c7EB\u0130L\u0130RS\u0130N\u0130Z<br \/>\nTOPLU S\u0130PAR\u0130\u015eLER\u0130N\u0130Z \u0130\u00c7\u0130N: doganotoyedekparcavw@gmail.com<br \/>\nhttps:\/\/doganotomotivyedekparca.sahibinden.com\/<br \/>\nhttps:\/\/dogan-otomotiv.com\/index.php\/magaza\/<\/p>\n","protected":false},"featured_media":5771,"comment_status":"open","ping_status":"closed","template":"","meta":{"_joinchat":[]},"product_cat":[15,24,19,20],"product_tag":[4350],"class_list":{"0":"post-5770","1":"product","2":"type-product","3":"status-publish","4":"has-post-thumbnail","6":"product_cat-volkswagen","7":"product_cat-audi","8":"product_cat-seat","9":"product_cat-skoda","10":"product_tag-1k0919051db-depo-samandirasi-vw-golf-gti-jetta-audi-a3-tt","12":"first","13":"instock","14":"sale","15":"shipping-taxable","16":"purchasable","17":"product-type-simple"},"_links":{"self":[{"href":"https:\/\/dogan-otomotiv.com\/index.php\/wp-json\/wp\/v2\/product\/5770","targetHints":{"allow":["GET"]}}],"collection":[{"href":"https:\/\/dogan-otomotiv.com\/index.php\/wp-json\/wp\/v2\/product"}],"about":[{"href":"https:\/\/dogan-otomotiv.com\/index.php\/wp-json\/wp\/v2\/types\/product"}],"replies":[{"embeddable":true,"href":"https:\/\/dogan-otomotiv.com\/index.php\/wp-json\/wp\/v2\/comments?post=5770"}],"wp:featuredmedia":[{"embeddable":true,"href":"https:\/\/dogan-otomotiv.com\/index.php\/wp-json\/wp\/v2\/media\/5771"}],"wp:attachment":[{"href":"https:\/\/dogan-otomotiv.com\/index.php\/wp-json\/wp\/v2\/media?parent=5770"}],"wp:term":[{"taxonomy":"product_cat","embeddable":true,"href":"https:\/\/dogan-otomotiv.com\/index.php\/wp-json\/wp\/v2\/product_cat?post=5770"},{"taxonomy":"product_tag","embeddable":true,"href":"https:\/\/dogan-otomotiv.com\/index.php\/wp-json\/wp\/v2\/product_tag?post=5770"}],"curies":[{"name":"wp","href":"https:\/\/api.w.org\/{rel}","templated":true}]}}