{"id":5688,"date":"2021-03-16T14:29:24","date_gmt":"2021-03-16T14:29:24","guid":{"rendered":"https:\/\/dogan-otomotiv.com\/?post_type=product&#038;p=5688"},"modified":"2024-08-12T12:46:59","modified_gmt":"2024-08-12T12:46:59","slug":"038906051b-basinc-sensoru-vw-3-0-tdi-t5-orj-cikma","status":"publish","type":"product","link":"https:\/\/dogan-otomotiv.com\/index.php\/urun\/038906051b-basinc-sensoru-vw-3-0-tdi-t5-orj-cikma\/","title":{"rendered":"038906051B BASIN\u00c7 SENS\u00d6R\u00dc VW 3.0 TD\u0130 T5 ORJ \u00c7IKMA"},"content":{"rendered":"<p>038906051B 3.0TD\u0130 T5 BASIN\u00c7 SENS\u00d6R\u00dc VW<\/p>\n<p>VW Beetle Hatchback (5C1, 5C2) (Yap\u0131m Y\u0131l\u0131 07.2011 &#8211; 07.2019, 105 PS, Benzin)<br \/>\nVW Bora Sedan (1J2) (Yap\u0131m Y\u0131l\u0131 05.2000 &#8211; 05.2005, 101 &#8211; 180 PS, Dizel, Benzin)<br \/>\nVW Bora Varyant (1J6) (Yap\u0131m Y\u0131l\u0131 05.2000 &#8211; 05.2005, 90 &#8211; 180 PS, Dizel, Benzin)<br \/>\nVW Caddy III Estate (2KB, 2KJ, 2CB, 2CJ) (Yap\u0131m Y\u0131l\u0131 03.2004 &#8211; 05.2015, 70 &#8211; 105 PS, Dizel, Benzin)<br \/>\nVW Caddy III Van (2KA, 2KH, 2CA, 2CH) (Yap\u0131m Y\u0131l\u0131 03.2004 &#8211; 05.2015, 70 &#8211; 105 PS, Dizel, Benzin)<br \/>\nVW Eos (1F7, 1F8) (Yap\u0131m Y\u0131l\u0131 11.2007 &#8211; 08.2015, 122 PS, Benzin)<br \/>\nVW Fox Hatchback (5Z1, 5Z3, 5Z4) (Yap\u0131m Y\u0131l\u0131 04.2005 &#8211; 12.2009, 70 PS, Dizel)<br \/>\nVW Golf IV Hatchback (1J1) (Yap\u0131m Y\u0131l\u0131 08.1997 &#8211; 06.2005, 90 &#8211; 110 PS, Dizel)<br \/>\nVW Golf IV Varyant (1J5) (Yap\u0131m Y\u0131l\u0131 05.1999 &#8211; 06.2006, 90 &#8211; 101 PS, Dizel)<br \/>\nVW Golf Plus \/ Crossgolf (5M1, 521) (Yap\u0131m Y\u0131l\u0131 01.2005 &#8211; 12.2013, 90 &#8211; 122 PS, Dizel, Benzin)<br \/>\nVW Golf V Hatchback (1K1) (Yap\u0131m Y\u0131l\u0131 10.2003 &#8211; 11.2008, 75 &#8211; 122 PS, Dizel, Benzin)<br \/>\nVW Golf V Varyant\u0131 (1K5) (Yap\u0131m Y\u0131l\u0131 06.2007 &#8211; 07.2009, 105 &#8211; 122 PS, Dizel, Benzin)<br \/>\nVW Golf VI Hatchback (5K1) (Yap\u0131m Y\u0131l\u0131 10.2008 &#8211; 11.2012, 86 &#8211; 122 PS, Benzin)<br \/>\nVW Golf VI Cabrio (517) (Yap\u0131m Y\u0131l\u0131 03.2011 &#8211; 05.2016, 105 &#8211; 122 PS, Benzin)<br \/>\nVW Golf VI Varyant\u0131 (AJ5) (Yap\u0131m Y\u0131l\u0131 07.2009 &#8211; 07.2013, 86 &#8211; 122 PS, Benzin)<br \/>\nVW Jetta Mk6 (162, 163, AV3, AV2) (Yap\u0131m Y\u0131l\u0131 10.2010 &#8211; &#8230;, 105 &#8211; 122 PS, Benzin)<br \/>\nVW Jetta Mk5 (1K) (Yap\u0131m Y\u0131l\u0131 08.2005 &#8211; 10.2010, 90 &#8211; 200 PS, Dizel, Benzin)<br \/>\nVW LT 28-35 II Minib\u00fcs (Yap\u0131m Y\u0131l\u0131 05.1999 &#8211; 07.2006, 83 &#8211; 109 PS, Dizel)<br \/>\nVW LT 28-46 II Platform \/ \u015easi (2DC, 2DF, 2DG, 2DL, 2DM) (Yap\u0131m Y\u0131l\u0131 05.1999 &#8211; 07.2006, 83 &#8211; 109 PS, Dizel)<br \/>\nVW LT 28-46 II Van (2DA, 2DD, 2DH) (Yap\u0131m Y\u0131l\u0131 05.1999 &#8211; 07.2006, 83 &#8211; 109 PS, Dizel)<br \/>\nVW Lupo \/ Lupo 3L (6X1, 6E1) (Yap\u0131m Y\u0131l\u0131 01.1999 &#8211; 07.2005, 61 &#8211; 75 PS, Dizel)<br \/>\nVW Multivan T5 (7HM, 7HN, 7HF, 7EF, 7EM, 7EN) (Yap\u0131m Y\u0131l\u0131 04.2003 &#8211; 11.2009, 84 &#8211; 105 PS, Dizel)<br \/>\nVW New Beetle Cabrio (1Y7) (Yap\u0131m Y\u0131l\u0131 06.2003 &#8211; 09.2010, 100 &#8211; 105 PS, Dizel)<br \/>\nVW Yeni Beetle Hatchback (9C1, 1C1) (Yap\u0131m Y\u0131l\u0131 02.2001 &#8211; 09.2010, 101 &#8211; 105 PS, Dizel)<br \/>\nVW Passat B5 GP Sedan (3BG, 3B3) (Yap\u0131m Y\u0131l\u0131 11.2000 &#8211; 05.2005, 101 &#8211; 180 PS, Dizel)<br \/>\nVW Passat B7 Sedan (362) (Yap\u0131m Y\u0131l\u0131 08.2010 &#8211; 12.2014, 122 PS, Benzin)<br \/>\nVW Passat B6 Sedan (3C2) (Yap\u0131m Y\u0131l\u0131 03.2005 &#8211; 07.2010, 105 &#8211; 122 PS, Dizel, Benzin)<br \/>\nVW Passat B7 Varyant (365) (Yap\u0131m Y\u0131l\u0131 08.2010 &#8211; 12.2014, 122 PS, Benzin)<br \/>\nVW Passat B5 GP Estate (3BG, 3B6) (Yap\u0131m Y\u0131l\u0131 11.2000 &#8211; 05.2005, 101 &#8211; 180 PS, Dizel)<br \/>\nVW Passat B6 Varyant (3C5) (Yap\u0131m Y\u0131l\u0131 08.2005 &#8211; 11.2010, 105 &#8211; 122 PS, Dizel, Benzin)<br \/>\nVW Polo IV Hatchback (9N) (Yap\u0131m Y\u0131l\u0131 10.2001 &#8211; 11.2009, 70 &#8211; 180 PS, Dizel, Benzin)<br \/>\nVW Polo V Hatchback (6R1, 6C1) (Yap\u0131m Y\u0131l\u0131 11.2009 &#8211; &#8230;, 105 PS, Benzin)<br \/>\nVW Polo IV Sedan (9A4, 9A2, 9N2, 9A6) (Yap\u0131m Y\u0131l\u0131 07.2003 &#8211; &#8230;, 75 &#8211; 101 PS, Dizel, Benzin)<br \/>\nVW Scirocco III (137, 138) (Yap\u0131m Y\u0131l\u0131 08.2008 &#8211; 11.2017, 122 PS, Benzin)<br \/>\nVW Sharan I (7M8, 7M9, 7M6) (Yap\u0131m Y\u0131l\u0131 09.1995 &#8211; 03.2010, 90 &#8211; 150 PS, Dizel, Benzin)<br \/>\nVW Tiguan I (5N) (Yap\u0131m Y\u0131l\u0131 08.2010 &#8211; 07.2018, 122 PS, Benzin)<br \/>\nVW Touran I (1T1, 1T2) (Yap\u0131m Y\u0131l\u0131 02.2003 &#8211; 05.2010, 90 &#8211; 105 PS, Dizel)<br \/>\nVW Touran I (1T3) (Yap\u0131m Y\u0131l\u0131 05.2010 &#8211; 05.2015, 105 PS, Benzin)<br \/>\nVW Transporter T4 Minib\u00fcs (70B, 70C, 7DB, 7DK, 70J, 70K, 7DC, 7DJ) (Yap\u0131m Y\u0131l\u0131 09.1995 &#8211; 04.2003, 88 &#8211; 151 PS, Dizel)<br \/>\nVW Transporter T4 Platform \/ \u015easi (70E, 70L, 70M, 7DE, 7DL, 7D) (Yap\u0131m Y\u0131l\u0131 09.1995 &#8211; 04.2003, 88 &#8211; 102 PS, Dizel)<br \/>\nVW Transporter T4 Van (70A, 70H, 7DA, 7DH) (Yap\u0131m Y\u0131l\u0131 09.1995 &#8211; 04.2003, 88 &#8211; 151 PS, Dizel)<br \/>\nVW Transporter T5 Minib\u00fcs (7HB, 7HJ, 7EB, 7EJ, 7EF, 7EG, 7HF, 7EC) (Yap\u0131m Y\u0131l\u0131 04.2003 &#8211; 11.2009, 84 &#8211; 105 PS, Dizel)<br \/>\nVW Transporter T5 Platform \/ \u015easi (7JD, 7JE, 7JL, 7JY, 7JZ, 7FD) (Yap\u0131m Y\u0131l\u0131 04.2003 &#8211; 11.2009, 84 &#8211; 105 PS, Dizel)<br \/>\nVW Transporter T5 Van (7HA, 7HH, 7EA, 7EH) (Yap\u0131m Y\u0131l\u0131 04.2003 &#8211; 11.2009, 84 &#8211; 105 PS, Dizel)<\/p>\n","protected":false},"excerpt":{"rendered":"<p>DO\u011eAN OTOMOT\u0130V YEDEK PAR\u00c7A<\/p>\n<p>LTD \u015eT\u0130 \u0130VED\u0130K ORGAN\u0130ZE SAN 1471 SOKAK 91-A OST\u0130M ANKARA<\/p>\n<p>(Uyumluluk sadece referans i\u00e7indir. L\u00fctfen sat\u0131n almadan \u00f6nce par\u00e7a<\/p>\n<p> numaras\u0131n\u0131 orijinal olanla kar\u015f\u0131la\u015ft\u0131r\u0131n!)<\/p>\n<p>NOT SATI\u015e F\u0130YATLARI TEMS\u0130L\u0130D\u0130R<\/p>\n<p>SEM\u0130H SAVA\u015e\u00c7I  (312) 395 20 95<\/p>\n<p>0533 322 16 09<\/p>\n<p>SEM\u0130H SAVA\u015eCI<\/p>\n<p>IBAN NO: TR56 0011 1000 0000 0088 9009 70<\/p>\n<p>F\u0130NANSBANK ENPARA<\/p>\n<p>\u015eUBE KODU: 03663<\/p>\n<p>HESAP NO: 88900970<\/p>\n<p>KARGO \u0130ADES\u0130 DURUMUNDA<\/p>\n<p>KARGO \u00dcCRET\u0130 M\u00dc\u015eTER\u0130YE A\u0130TT\u0130R.<\/p>\n<p>\u015e\u0130PAR\u0130\u015eLER HAKKINDA<\/p>\n<p>L\u00dcTFEN \u015e\u0130PAR\u0130\u015e VERMEK \u0130STED\u0130\u011e\u0130N\u0130Z \u00dcR\u00dcN\u00dcN STOK DURUMUNU SORUNUZ.<\/p>\n<p>T\u00dcRK\u0130YEN\u0130N T\u00dcM \u015eEH\u0130RLER\u0130NE ANLA\u015eMALI KARGOLARIMIZ \u0130LE G\u00d6NDER\u0130M YAPILIR.<\/p>\n<p>SAAT 17:00 KADAR VER\u0130LEN \u015e\u0130PAR\u0130\u015eLER AYNI G\u00dcN KARGO \u0130LE G\u00d6NDER\u0130M\u0130 YAPILIR.<\/p>\n<p>\u00c7IKMA PAR\u00c7A F\u0130YATLARI PAR\u00c7ANIN TEM\u0130ZL\u0130\u011e\u0130NE VE TAM\u0130RS\u0130ZL\u0130\u011e\u0130NE G\u00d6RE DE\u011e\u0130\u015eKENL\u0130K G\u00d6STER\u0130R.<\/p>\n<p>D\u0130\u011eER PAR\u00c7ALAR VE F\u0130YAT B\u0130LG\u0130S\u0130 \u0130\u00c7\u0130N \u0130LET\u0130\u015eME GE\u00c7EB\u0130L\u0130RS\u0130N\u0130Z<\/p>\n<p>TOPLU S\u0130PAR\u0130\u015eLER\u0130N\u0130Z \u0130\u00c7\u0130N: doganotoyedekparcavw@gmail.com<\/p>\n<p>https:\/\/doganotomotivyedekparca.sahibinden.com\/<\/p>\n<p>https:\/\/dogan-otomotiv.com\/index.php\/magaza\/<\/p>\n","protected":false},"featured_media":5689,"comment_status":"open","ping_status":"closed","template":"","meta":{"_joinchat":[]},"product_cat":[15,24,19,20],"product_tag":[10710],"class_list":{"0":"post-5688","1":"product","2":"type-product","3":"status-publish","4":"has-post-thumbnail","6":"product_cat-volkswagen","7":"product_cat-audi","8":"product_cat-seat","9":"product_cat-skoda","10":"product_tag-038906051b-basinc-sensoru-vw-3-0-tdi-t5-orj-cikma","12":"first","13":"instock","14":"sale","15":"shipping-taxable","16":"purchasable","17":"product-type-simple"},"_links":{"self":[{"href":"https:\/\/dogan-otomotiv.com\/index.php\/wp-json\/wp\/v2\/product\/5688","targetHints":{"allow":["GET"]}}],"collection":[{"href":"https:\/\/dogan-otomotiv.com\/index.php\/wp-json\/wp\/v2\/product"}],"about":[{"href":"https:\/\/dogan-otomotiv.com\/index.php\/wp-json\/wp\/v2\/types\/product"}],"replies":[{"embeddable":true,"href":"https:\/\/dogan-otomotiv.com\/index.php\/wp-json\/wp\/v2\/comments?post=5688"}],"wp:featuredmedia":[{"embeddable":true,"href":"https:\/\/dogan-otomotiv.com\/index.php\/wp-json\/wp\/v2\/media\/5689"}],"wp:attachment":[{"href":"https:\/\/dogan-otomotiv.com\/index.php\/wp-json\/wp\/v2\/media?parent=5688"}],"wp:term":[{"taxonomy":"product_cat","embeddable":true,"href":"https:\/\/dogan-otomotiv.com\/index.php\/wp-json\/wp\/v2\/product_cat?post=5688"},{"taxonomy":"product_tag","embeddable":true,"href":"https:\/\/dogan-otomotiv.com\/index.php\/wp-json\/wp\/v2\/product_tag?post=5688"}],"curies":[{"name":"wp","href":"https:\/\/api.w.org\/{rel}","templated":true}]}}