{"id":568,"date":"2020-04-02T06:53:13","date_gmt":"2020-04-02T06:53:13","guid":{"rendered":"https:\/\/dogan-otomotiv.com\/?post_type=product&#038;p=568"},"modified":"2020-08-02T06:46:05","modified_gmt":"2020-08-02T06:46:05","slug":"1j0601147h-jant-kapagi-15-vw-golf-bora","status":"publish","type":"product","link":"https:\/\/dogan-otomotiv.com\/index.php\/urun\/1j0601147h-jant-kapagi-15-vw-golf-bora\/","title":{"rendered":"1J0601147H JANT KAPA\u011eI 15&#8243; VW GOLF \/ BORA"},"content":{"rendered":"<p>(A03)<\/p>\n<p>DO\u011eAN OTOMOT\u0130V YEDEK PAR\u00c7A<\/p>\n<p>SEM\u0130H SAVA\u015e\u00c7I<\/p>\n<p>0 (312) 395 20 95<\/p>\n<p>IBAN NO: TR54 0006 7010 0000 0087 8558 09<\/p>\n<p>YAPI KRED\u0130 BANKASI<\/p>\n<p>DO\u011eAN OTOMOT\u0130V YEDEK PAR\u00c7A<\/p>\n<p>IBAN NO: TR83 0013 4000 0057 8901 8000 01<\/p>\n<p>DEN\u0130ZBANK \u0130VED\u0130K ORGAN\u0130ZE SANAY\u0130 \u015eUBES\u0130<\/p>\n<p>PAR\u00c7ANIN ARACINIZA UYDU\u011eUNDAN EM\u0130N OLUNUZ.<\/p>\n<p>KARGO \u0130ADES\u0130 DURUMUNDA<\/p>\n<p>KARGO \u00dcCRET\u0130 M\u00dc\u015eTER\u0130YE A\u0130TT\u0130R.<\/p>\n","protected":false},"excerpt":{"rendered":"<p>1J0601147H JANT KAPA\u011eI 15&#8243; VW GOLF \/ BORA<\/p>\n","protected":false},"featured_media":571,"comment_status":"open","ping_status":"closed","template":"","meta":{"_joinchat":[]},"product_cat":[15],"product_tag":[240,241],"class_list":{"0":"post-568","1":"product","2":"type-product","3":"status-publish","4":"has-post-thumbnail","6":"product_cat-volkswagen","7":"product_tag-1j0601147h","8":"product_tag-jant-kapagi-vw-golf","10":"first","11":"instock","12":"sale","13":"shipping-taxable","14":"purchasable","15":"product-type-simple"},"_links":{"self":[{"href":"https:\/\/dogan-otomotiv.com\/index.php\/wp-json\/wp\/v2\/product\/568","targetHints":{"allow":["GET"]}}],"collection":[{"href":"https:\/\/dogan-otomotiv.com\/index.php\/wp-json\/wp\/v2\/product"}],"about":[{"href":"https:\/\/dogan-otomotiv.com\/index.php\/wp-json\/wp\/v2\/types\/product"}],"replies":[{"embeddable":true,"href":"https:\/\/dogan-otomotiv.com\/index.php\/wp-json\/wp\/v2\/comments?post=568"}],"wp:featuredmedia":[{"embeddable":true,"href":"https:\/\/dogan-otomotiv.com\/index.php\/wp-json\/wp\/v2\/media\/571"}],"wp:attachment":[{"href":"https:\/\/dogan-otomotiv.com\/index.php\/wp-json\/wp\/v2\/media?parent=568"}],"wp:term":[{"taxonomy":"product_cat","embeddable":true,"href":"https:\/\/dogan-otomotiv.com\/index.php\/wp-json\/wp\/v2\/product_cat?post=568"},{"taxonomy":"product_tag","embeddable":true,"href":"https:\/\/dogan-otomotiv.com\/index.php\/wp-json\/wp\/v2\/product_tag?post=568"}],"curies":[{"name":"wp","href":"https:\/\/api.w.org\/{rel}","templated":true}]}}