{"id":5597,"date":"2020-12-15T14:36:57","date_gmt":"2020-12-15T14:36:57","guid":{"rendered":"https:\/\/dogan-otomotiv.com\/?post_type=product&#038;p=5597"},"modified":"2020-12-15T14:36:59","modified_gmt":"2020-12-15T14:36:59","slug":"101000038aa-buji-tak-vw-audi-yeni-orj-servismali-takim-fiyati","status":"publish","type":"product","link":"https:\/\/dogan-otomotiv.com\/index.php\/urun\/101000038aa-buji-tak-vw-audi-yeni-orj-servismali-takim-fiyati\/","title":{"rendered":"101000038AA BUJ\u0130 TAK VW AUD\u0130 YEN\u0130 ORJ SERV\u0130SMALI TAKIM F\u0130YATI"},"content":{"rendered":"<p>101000038AA BUJ\u0130 TAK VW AUD\u0130 YEN\u0130 ORJ SERV\u0130SMALI TAKIM F\u0130YATI<\/p>\n<p>Motor<\/p>\n<p>ben\u00f6tigte St\u00fcckzahl: 4 | Elektrodenabstand [mm]: 0,8 | Ans&#8230;mehr<\/p>\n<p>Skoda<\/p>\n<p>Fabia I<\/p>\n<p>1999\/08-2003\/05<\/p>\n<p>6Y2<\/p>\n<p>1.4<\/p>\n<p>1397 ccm, 50 KW, 68 PS<\/p>\n<p>ben\u00f6tigte St\u00fcckzahl: 4 | Elektrodenabstand [mm]: 0,8 | Ans&#8230;mehr<\/p>\n<p>Skoda<\/p>\n<p>Fabia I<\/p>\n<p>2000\/08-2002\/08<\/p>\n<p>6Y2<\/p>\n<p>1.4<\/p>\n<p>1397 ccm, 44 KW, 60 PS<\/p>\n<p>ben\u00f6tigte St\u00fcckzahl: 4 | Elektrodenabstand [mm]: 0,8 | Ans&#8230;mehr<\/p>\n<p>Skoda<\/p>\n<p>Fabia I Combi<\/p>\n<p>2000\/04-2003\/05<\/p>\n<p>6Y5<\/p>\n<p>1.4<\/p>\n<p>1397 ccm, 50 KW, 68 PS<\/p>\n<p>ben\u00f6tigte St\u00fcckzahl: 4 | Elektrodenabstand [mm]: 0,8 | Ans&#8230;mehr<\/p>\n<p>Skoda<\/p>\n<p>Fabia I Combi<\/p>\n<p>2000\/04-2003\/03<\/p>\n<p>6Y5<\/p>\n<p>1.4<\/p>\n<p>1397 ccm, 44 KW, 60 PS<\/p>\n<p>ben\u00f6tigte St\u00fcckzahl: 4 | Elektrodenabstand [mm]: 0,8 | Ans&#8230;mehr<\/p>\n<p>Skoda<\/p>\n<p>Fabia I Praktik<\/p>\n<p>2001\/07-2003\/05<\/p>\n<p>6Y5<\/p>\n<p>1.4<\/p>\n<p>1397 ccm, 50 KW, 68 PS<\/p>\n<p>ben\u00f6tigte St\u00fcckzahl: 4 | Elektrodenabstand [mm]: 0,8 | Ans&#8230;mehr<\/p>\n<p>Skoda<\/p>\n<p>Fabia I Stufenheck<\/p>\n<p>2001\/07-2003\/05<\/p>\n<p>6Y3<\/p>\n<p>1.4<\/p>\n<p>1397 ccm, 50 KW, 68 PS<\/p>\n<p>ben\u00f6tigte St\u00fcckzahl: 4 | Elektrodenabstand [mm]: 0,8 | Ans&#8230;mehr<\/p>\n<p>Skoda<\/p>\n<p>Fabia I Stufenheck<\/p>\n<p>2000\/04-2002\/08<\/p>\n<p>6Y3<\/p>\n<p>1.4<\/p>\n<p>1397 ccm, 44 KW, 60 PS<\/p>\n<p>ben\u00f6tigte St\u00fcckzahl: 4 | Elektrodenabstand [mm]: 0,8 | Ans&#8230;mehr<\/p>\n<p>Skoda<\/p>\n<p>Felicia II<\/p>\n<p>1998\/01-2001\/06<\/p>\n<p>6U1<\/p>\n<p>1.3<\/p>\n<p>1289 ccm, 40 KW, 54 PS<\/p>\n<p>ben\u00f6tigte St\u00fcckzahl: 4 | Elektrodenabstand [mm]: 0,8 | Ans&#8230;mehr<\/p>\n<p>Skoda<\/p>\n<p>Felicia II<\/p>\n<p>1998\/01-2001\/06<\/p>\n<p>6U1<\/p>\n<p>1.3<\/p>\n<p>1289 ccm, 50 KW, 68 PS<\/p>\n<p>ben\u00f6tigte St\u00fcckzahl: 4 | Elektrodenabstand [mm]: 0,8 | Ans&#8230;mehr<\/p>\n<p>Skoda<\/p>\n<p>Felicia II Kombi<\/p>\n<p>1998\/01-2001\/06<\/p>\n<p>6U5<\/p>\n<p>1.3<\/p>\n<p>1289 ccm, 50 KW, 68 PS<\/p>\n<p>ben\u00f6tigte St\u00fcckzahl: 4 | Elektrodenabstand [mm]: 0,8 | Ans&#8230;mehr<\/p>\n<p>Skoda<\/p>\n<p>Felicia I Pick-up<\/p>\n<p>1997\/06-2002\/04<\/p>\n<p>797<\/p>\n<p>1.3<\/p>\n<p>1289 ccm, 50 KW, 68 PS<\/p>\n<p>ben\u00f6tigte St\u00fcckzahl: 4 | Elektrodenabstand [mm]: 0,8 | Ans&#8230;mehr<\/p>\n<p>Skoda<\/p>\n<p>Felicia I Pick-up<\/p>\n<p>1997\/06-2002\/04<\/p>\n<p>797<\/p>\n<p>1.3<\/p>\n<p>1289 ccm, 40 KW, 54 PS<\/p>\n<p>ben\u00f6tigte St\u00fcckzahl: 4 | Elektrodenabstand [mm]: 0,8 | Ans&#8230;mehr<\/p>\n<p>Skoda<\/p>\n<p>Octavia I<\/p>\n<p>1999\/04-2001\/03<\/p>\n<p>1U2<\/p>\n<p>1.4<\/p>\n<p>1397 ccm, 44 KW, 60 PS<\/p>\n","protected":false},"excerpt":{"rendered":"<p>(Uyumluluk sadece referans i\u00e7indir. L\u00fctfen sat\u0131n almadan \u00f6nce par\u00e7a<\/p>\n<p> numaras\u0131n\u0131 orijinal olanla kar\u015f\u0131la\u015ft\u0131r\u0131n!)<\/p>\n<p>NOT SATI\u015e F\u0130YATLARI TEMS\u0130L\u0130D\u0130R<\/p>\n<p>DO\u011eAN OTOMOT\u0130V YEDEK PAR\u00c7A<\/p>\n<p>LTD \u015eT\u0130 \u0130VED\u0130K ORGAN\u0130ZE SAN 1471 SOK 91-A OST\u0130M ANKARA<\/p>\n<p>SEM\u0130H SAVA\u015e\u00c7I<\/p>\n<p>0 (312) 395 20 95<\/p>\n<p>0533 322 16 09<\/p>\n<p>SEM\u0130H SAVA\u015eCI<\/p>\n<p>IBAN NO: TR56 0011 1000 0000 0088 9009 70<\/p>\n<p>F\u0130NANSBANK ENPARA<\/p>\n<p>\u015eUBE KODU: 03663<\/p>\n<p>HESAP NO: 88900970<\/p>\n<p>KARGO \u0130ADES\u0130 DURUMUNDA<\/p>\n<p>KARGO \u00dcCRET\u0130 M\u00dc\u015eTER\u0130YE A\u0130TT\u0130R.<\/p>\n<p>\u015e\u0130PAR\u0130\u015eLER HAKKINDA<\/p>\n<p>L\u00dcTFEN \u015e\u0130PAR\u0130\u015e VERMEK \u0130STED\u0130\u011e\u0130N\u0130Z \u00dcR\u00dcN\u00dcN STOK DURUMUNU SORUNUZ.<\/p>\n<p>T\u00dcRK\u0130YEN\u0130N T\u00dcM \u015eEH\u0130RLER\u0130NE ANLA\u015eMALI KARGOLARIMIZ \u0130LE G\u00d6NDER\u0130M YAPILIR.<\/p>\n<p>SAAT 17:00 KADAR VER\u0130LEN \u015e\u0130PAR\u0130\u015eLER AYNI G\u00dcN KARGO \u0130LE G\u00d6NDER\u0130M\u0130 YAPILIR.<\/p>\n<p>\u00c7IKMA PAR\u00c7A F\u0130YATLARI PAR\u00c7ANIN TEM\u0130ZL\u0130\u011e\u0130NE VE TAM\u0130RS\u0130ZL\u0130\u011e\u0130NE G\u00d6RE DE\u011e\u0130\u015eKENL\u0130K G\u00d6STER\u0130R.<\/p>\n<p>D\u0130\u011eER PAR\u00c7ALAR VE F\u0130YAT B\u0130LG\u0130S\u0130 \u0130\u00c7\u0130N \u0130LET\u0130\u015eME GE\u00c7EB\u0130L\u0130RS\u0130N\u0130Z<\/p>\n<p>TOPLU S\u0130PAR\u0130\u015eLER\u0130N\u0130Z \u0130\u00c7\u0130N: doganotoyedekparcavw@gmail.com<\/p>\n<p>https:\/\/doganotomotivyedekparca.sahibinden.com\/<\/p>\n<p>https:\/\/dogan-otomotiv.com\/index.php\/magaza\/<\/p>\n","protected":false},"featured_media":5599,"comment_status":"open","ping_status":"closed","template":"","meta":{"_joinchat":[]},"product_cat":[15,24,19,20],"product_tag":[4266],"class_list":{"0":"post-5597","1":"product","2":"type-product","3":"status-publish","4":"has-post-thumbnail","6":"product_cat-volkswagen","7":"product_cat-audi","8":"product_cat-seat","9":"product_cat-skoda","10":"product_tag-101000038aa-buji-tak-vw-audi-yeni-orj-servismali-takim-fiyati","12":"first","13":"instock","14":"sale","15":"shipping-taxable","16":"purchasable","17":"product-type-simple"},"_links":{"self":[{"href":"https:\/\/dogan-otomotiv.com\/index.php\/wp-json\/wp\/v2\/product\/5597","targetHints":{"allow":["GET"]}}],"collection":[{"href":"https:\/\/dogan-otomotiv.com\/index.php\/wp-json\/wp\/v2\/product"}],"about":[{"href":"https:\/\/dogan-otomotiv.com\/index.php\/wp-json\/wp\/v2\/types\/product"}],"replies":[{"embeddable":true,"href":"https:\/\/dogan-otomotiv.com\/index.php\/wp-json\/wp\/v2\/comments?post=5597"}],"wp:featuredmedia":[{"embeddable":true,"href":"https:\/\/dogan-otomotiv.com\/index.php\/wp-json\/wp\/v2\/media\/5599"}],"wp:attachment":[{"href":"https:\/\/dogan-otomotiv.com\/index.php\/wp-json\/wp\/v2\/media?parent=5597"}],"wp:term":[{"taxonomy":"product_cat","embeddable":true,"href":"https:\/\/dogan-otomotiv.com\/index.php\/wp-json\/wp\/v2\/product_cat?post=5597"},{"taxonomy":"product_tag","embeddable":true,"href":"https:\/\/dogan-otomotiv.com\/index.php\/wp-json\/wp\/v2\/product_tag?post=5597"}],"curies":[{"name":"wp","href":"https:\/\/api.w.org\/{rel}","templated":true}]}}