{"id":5437,"date":"2020-10-30T15:59:40","date_gmt":"2020-10-30T15:59:40","guid":{"rendered":"https:\/\/dogan-otomotiv.com\/?post_type=product&#038;p=5437"},"modified":"2023-08-14T12:07:30","modified_gmt":"2023-08-14T12:07:30","slug":"012919823f-volkswagen-audi-geri-vites-musuru-orj-yeni","status":"publish","type":"product","link":"https:\/\/dogan-otomotiv.com\/index.php\/urun\/012919823f-volkswagen-audi-geri-vites-musuru-orj-yeni\/","title":{"rendered":"012919823F Volkswagen Audi Geri Vites M\u00fc\u015f\u00fcr\u00fc ORJ YEN\u0130"},"content":{"rendered":"<p>012919823F Volkswagen Audi Geri Vites M\u00fc\u015f\u00fcr\u00fc ORJ YEN\u0130<\/p>\n<p>VW Passat B5 Sedan (3B2) (Yap\u0131m Y\u0131l\u0131 08.1996 &#8211; 11.2000, 90 &#8211; 193 PS, Dizel, Benzin)<br \/>\nVW Passat B5 GP Sedan (3BG, 3B3) (Yap\u0131m Y\u0131l\u0131 11.2000 &#8211; 05.2005, 101 &#8211; 193 PS, Dizel, Benzin)<br \/>\nVW Passat B5 Estate (3B5) (Yap\u0131m Y\u0131l\u0131 06.1997 &#8211; 11.2000, 90 &#8211; 193 PS, Dizel, Benzin)<br \/>\nVW Passat B5 GP Estate (3BG, 3B6) (Yap\u0131m Y\u0131l\u0131 11.2000 &#8211; 05.2005, 101 &#8211; 193 PS, Dizel, Benzin)<\/p>\n<p>SKODA Superb I Sedan (3U4) (Yap\u0131m Y\u0131l\u0131 12.2001 &#8211; 03.2008, 101 &#8211; 193 PS, Dizel, Benzin)<br \/>\n1,8 T, Yap\u0131m Y\u0131l\u0131 12.2001 &#8211; 03.2008, 1781 ccm, 150 PS<br \/>\n1.9 TDI, Yap\u0131m Y\u0131l\u0131 08.2002 &#8211; 10.2005, 1896 ccm, 101 PS<br \/>\n1.9 TDI, Yap\u0131m Y\u0131l\u0131 10.2005 &#8211; 05.2007, 1896 ccm, 105 PS<br \/>\n1.9 TDI, Yap\u0131m Y\u0131l\u0131 01.2007 &#8211; 03.2008, 1896 ccm, 115 PS<br \/>\n1.9 TDI, Yap\u0131m Y\u0131l\u0131 12.2001 &#8211; 03.2008, 1896 ccm, 130 PS<br \/>\n2.0, Yap\u0131m Y\u0131l\u0131 12.2001 &#8211; 03.2008, 1984 ccm, 115 PS<br \/>\n2.0 TDI, Yap\u0131m Y\u0131l\u0131 10.2005 &#8211; 03.2008, 1968 ccm, 140 PS<br \/>\n2.5 TDI, Yap\u0131m Y\u0131l\u0131 12.2001 &#8211; 08.2003, 2496 ccm, 155 PS<br \/>\n2.5 TDI, Yap\u0131m Y\u0131l\u0131 06.2003 &#8211; 03.2008, 2496 ccm, 163 PS<br \/>\n2.8 V6, Yap\u0131m Y\u0131l\u0131 12.2001 &#8211; 03.2008, 2771 ccm, 193 PS<br \/>\n1,8 T, Yap\u0131m Y\u0131l\u0131 12.2001 &#8211; 03.2008, 1781 ccm, 150 PS<br \/>\n1.9 TDI, Yap\u0131m Y\u0131l\u0131 08.2002 &#8211; 10.2005, 1896 ccm, 101 PS<br \/>\n1.9 TDI, Yap\u0131m Y\u0131l\u0131 10.2005 &#8211; 05.2007, 1896 ccm, 105 PS<br \/>\n1.9 TDI, Yap\u0131m Y\u0131l\u0131 01.2007 &#8211; 03.2008, 1896 ccm, 115 PS<br \/>\n1.9 TDI, Yap\u0131m Y\u0131l\u0131 12.2001 &#8211; 03.2008, 1896 ccm, 130 PS<br \/>\n2.0, Yap\u0131m Y\u0131l\u0131 12.2001 &#8211; 03.2008, 1984 ccm, 115 PS<br \/>\n2.0 TDI, Yap\u0131m Y\u0131l\u0131 10.2005 &#8211; 03.2008, 1968 ccm, 140 PS<br \/>\n2.5 TDI, Yap\u0131m Y\u0131l\u0131 12.2001 &#8211; 08.2003, 2496 ccm, 155 PS<br \/>\n2.5 TDI, Yap\u0131m Y\u0131l\u0131 06.2003 &#8211; 03.2008, 2496 ccm, 163 PS<br \/>\n2.8 V6, Yap\u0131m Y\u0131l\u0131 12.2001 &#8211; 03.2008, 2771 ccm, 193 PS<\/p>\n<p>PORSCHE Boxster (986) (Yap\u0131m Y\u0131l\u0131 09.1996 &#8211; 12.2004, 204 &#8211; 266 PS, Benzin)<br \/>\n2.5, Yap\u0131m Y\u0131l\u0131 09.1996 &#8211; 08.1999, 2480 ccm, 204 PS<br \/>\n2.7, Yap\u0131m Y\u0131l\u0131 08.1999 &#8211; 07.2002, 2687 ccm, 220 PS<br \/>\n2.7, Yap\u0131m Y\u0131l\u0131 07.2002 &#8211; 12.2004, 2687 ccm, 228 PS<br \/>\nS 3.2, Yap\u0131m Y\u0131l\u0131 07.2002 &#8211; 12.2004, 3179 ccm, 260 PS<br \/>\nS 3.2, Yap\u0131m Y\u0131l\u0131 08.1999 &#8211; 07.2002, 3179 ccm, 252 PS<br \/>\nS 3.2, Yap\u0131m Y\u0131l\u0131 01.2004 &#8211; 12.2004, 3179 ccm, 266 PS<br \/>\nPORSCHE Boxster (987) (Yap\u0131m Y\u0131l\u0131 11.2004 &#8211; 12.2011, 240 &#8211; 310 PS, Benzin)<\/p>\n<p>AUDI A4 B5 Avant (8D5) (Yap\u0131m Y\u0131l\u0131 11.1994 &#8211; 09.2001, 90 &#8211; 193 PS, Dizel, Benzin)<br \/>\nAUDI A4 B6 Avant (8E5) (Yap\u0131m Y\u0131l\u0131 09.2001 &#8211; 12.2004, 101 &#8211; 220 PS, Dizel, Benzin)<br \/>\nAUDI A4 B7 Avant (8ED) (Yap\u0131m Y\u0131l\u0131 11.2004 &#8211; 06.2008, 102 &#8211; 255 PS, Dizel, Benzin)<br \/>\nAUDI A4 B5 Sedan (8D2) (Yap\u0131m Y\u0131l\u0131 11.1994 &#8211; 11.2000, 75 &#8211; 193 PS, Dizel, Benzin)<br \/>\nAUDI A4 B6 Sedan (8E2) (Yap\u0131m Y\u0131l\u0131 11.2000 &#8211; 12.2004, 101 &#8211; 220 PS, Dizel, Benzin)<br \/>\nAUDI A4 B7 Sedan (8EC) (Yap\u0131m Y\u0131l\u0131 11.2004 &#8211; 06.2008, 102 &#8211; 344 PS, Dizel, Benzin)<br \/>\nAUDI A6 C4 Avant (4A5) (Yap\u0131m Y\u0131l\u0131 06.1994 &#8211; 12.1997, 90 &#8211; 193 PS, Dizel, Benzin)<br \/>\nAUDI A6 C5 Avant (4B5) (Yap\u0131m Y\u0131l\u0131 12.1997 &#8211; 01.2005, 110 &#8211; 230 PS, Dizel, Benzin)<br \/>\nAUDI A6 C4 Sedan (4A2) (Yap\u0131m Y\u0131l\u0131 06.1994 &#8211; 10.1997, 90 &#8211; 193 PS, Dizel, Benzin)<br \/>\nAUDI A6 C5 Sedan (4B2) (Yap\u0131m Y\u0131l\u0131 01.1997 &#8211; 01.2005, 110 &#8211; 250 PS, Dizel, Benzin)<br \/>\n1.8, Yap\u0131m Y\u0131l\u0131 07.1997 &#8211; 01.2005, 1781 ccm, 125 PS<br \/>\n1.8 T, Yap\u0131m Y\u0131l\u0131 01.1997 &#8211; 01.2005, 1781 ccm, 150 PS<br \/>\n1.8 T, Yap\u0131m Y\u0131l\u0131 12.1997 &#8211; 01.2005, 1781 ccm, 180 PS<br \/>\n1.8 T quattro, Yap\u0131m Y\u0131l\u0131 02.1997 &#8211; 01.2005, 1781 ccm, 150 PS<br \/>\n1.8 T quattro, Yap\u0131m Y\u0131l\u0131 12.1997 &#8211; 01.2005, 1781 ccm, 180 PS<br \/>\n1.9 TDI, Yap\u0131m Y\u0131l\u0131 04.1997 &#8211; 10.2000, 1896 ccm, 110 PS<br \/>\n1.9 TDI, Yap\u0131m Y\u0131l\u0131 07.2000 &#8211; 01.2005, 1896 ccm, 115 PS<br \/>\n1.9 TDI, Yap\u0131m Y\u0131l\u0131 08.2001 &#8211; 01.2005, 1896 ccm, 130 PS<br \/>\n2.0, Yap\u0131m Y\u0131l\u0131 08.2001 &#8211; 01.2005, 1984 ccm, 130 PS<br \/>\n2.4, Yap\u0131m Y\u0131l\u0131 07.1998 &#8211; 01.2005, 2393 ccm, 136 PS<br \/>\n2.4, Yap\u0131m Y\u0131l\u0131 02.1997 &#8211; 01.2005, 2393 ccm, 163 PS<br \/>\n2.4, Yap\u0131m Y\u0131l\u0131 02.1997 &#8211; 01.2005, 2393 ccm, 165 PS<br \/>\n2.4, Yap\u0131m Y\u0131l\u0131 08.2001 &#8211; 01.2005, 2393 ccm, 170 PS<br \/>\n2.4 quattro, Yap\u0131m Y\u0131l\u0131 02.1997 &#8211; 01.2005, 2393 ccm, 163 PS<br \/>\n2.4 quattro, Yap\u0131m Y\u0131l\u0131 02.1997 &#8211; 01.2005, 2393 ccm, 165 PS<br \/>\n2.4 quattro, Yap\u0131m Y\u0131l\u0131 08.2001 &#8211; 01.2005, 2393 ccm, 170 PS<br \/>\n2.5 TDI, Yap\u0131m Y\u0131l\u0131 07.1997 &#8211; 01.2005, 2496 ccm, 150 PS<br \/>\n2.5 TDI, Yap\u0131m Y\u0131l\u0131 08.2001 &#8211; 01.2005, 2496 ccm, 155 PS<br \/>\n2.5 TDI, Yap\u0131m Y\u0131l\u0131 07.2002 &#8211; 01.2005, 2496 ccm, 163 PS<br \/>\n2.5 TDI, Yap\u0131m Y\u0131l\u0131 02.2000 &#8211; 01.2005, 2496 ccm, 180 PS<br \/>\n2.5 TDI quattro, Yap\u0131m Y\u0131l\u0131 07.1997 &#8211; 01.2005, 2496 ccm, 150 PS<br \/>\n2.5 TDI quattro, Yap\u0131m Y\u0131l\u0131 02.2000 &#8211; 01.2005, 2496 ccm, 180 PS<br \/>\n2,7 T, Yap\u0131m Y\u0131l\u0131 02.1999 &#8211; 01.2005, 2671 ccm, 230 PS<br \/>\n2,7 T quattro, Yap\u0131m Y\u0131l\u0131 12.1997 &#8211; 01.2005, 2671 ccm, 230 PS<br \/>\n2,7 T quattro, Yap\u0131m Y\u0131l\u0131 08.2001 &#8211; 01.2005, 2671 ccm, 250 PS<br \/>\n2.8, Yap\u0131m Y\u0131l\u0131 02.1997 &#8211; 01.2005, 2771 ccm, 193 PS<br \/>\n2.8 quattro, Yap\u0131m Y\u0131l\u0131 02.1997 &#8211; 01.2005, 2771 ccm, 193 PS<br \/>\n3.0, Yap\u0131m Y\u0131l\u0131 08.2001 &#8211; 01.2005, 2976 ccm, 220 PS<br \/>\n3.0 quattro, Yap\u0131m Y\u0131l\u0131 08.2001 &#8211; 01.2005, 2976 ccm, 220 PS<\/p>\n","protected":false},"excerpt":{"rendered":"<p>(Uyumluluk sadece referans i\u00e7indir. L\u00fctfen sat\u0131n almadan \u00f6nce par\u00e7a<\/p>\n<p> numaras\u0131n\u0131 orijinal olanla kar\u015f\u0131la\u015ft\u0131r\u0131n!)<\/p>\n<p>NOT  SATI\u015e F\u0130YATLARI TEMS\u0130L\u0130D\u0130R<\/p>\n<p>DO\u011eAN OTOMOT\u0130V YEDEK PAR\u00c7A<\/p>\n<p>LTD \u015eT\u0130 \u0130VED\u0130K ORGAN\u0130ZE SAN 1471 SOK 91-A OST\u0130M ANKARA<\/p>\n<p>SEM\u0130H SAVA\u015e\u00c7I<br \/>\n0 (312) 395 20 95<br \/>\n0533 322 16 09<\/p>\n<p>SEM\u0130H SAVA\u015eCI<br \/>\nIBAN NO: TR56 0011 1000 0000 0088 9009 70<br \/>\nF\u0130NANSBANK ENPARA<br \/>\n\u015eUBE KODU: 03663<br \/>\nHESAP NO: 88900970<\/p>\n<p>KARGO \u0130ADES\u0130 DURUMUNDA<br \/>\nKARGO \u00dcCRET\u0130 M\u00dc\u015eTER\u0130YE A\u0130TT\u0130R.<\/p>\n<p>\u015e\u0130PAR\u0130\u015eLER HAKKINDA<br \/>\nL\u00dcTFEN \u015e\u0130PAR\u0130\u015e VERMEK \u0130STED\u0130\u011e\u0130N\u0130Z \u00dcR\u00dcN\u00dcN STOK DURUMUNU SORUNUZ.<br \/>\nT\u00dcRK\u0130YEN\u0130N T\u00dcM \u015eEH\u0130RLER\u0130NE ANLA\u015eMALI KARGOLARIMIZ \u0130LE G\u00d6NDER\u0130M YAPILIR.<br \/>\nSAAT 17:00 KADAR VER\u0130LEN \u015e\u0130PAR\u0130\u015eLER AYNI G\u00dcN KARGO \u0130LE G\u00d6NDER\u0130M\u0130 YAPILIR.<br \/>\n\u00c7IKMA PAR\u00c7A F\u0130YATLARI PAR\u00c7ANIN TEM\u0130ZL\u0130\u011e\u0130NE VE TAM\u0130RS\u0130ZL\u0130\u011e\u0130NE G\u00d6RE DE\u011e\u0130\u015eKENL\u0130K G\u00d6STER\u0130R.<br \/>\nD\u0130\u011eER PAR\u00c7ALAR VE F\u0130YAT B\u0130LG\u0130S\u0130 \u0130\u00c7\u0130N \u0130LET\u0130\u015eME GE\u00c7EB\u0130L\u0130RS\u0130N\u0130Z<\/p>\n<p>TOPLU S\u0130PAR\u0130\u015eLER\u0130N\u0130Z \u0130\u00c7\u0130N: doganotoyedekparcavw@gmail.com<\/p>\n<p>https:\/\/doganotomotivyedekparca.sahibinden.com\/<\/p>\n<p>https:\/\/dogan-otomotiv.com\/index.php\/magaza\/<\/p>\n","protected":false},"featured_media":5438,"comment_status":"open","ping_status":"closed","template":"","meta":{"_joinchat":[]},"product_cat":[15,24,19,20],"product_tag":[5193,4185],"class_list":{"0":"post-5437","1":"product","2":"type-product","3":"status-publish","4":"has-post-thumbnail","6":"product_cat-volkswagen","7":"product_cat-audi","8":"product_cat-seat","9":"product_cat-skoda","10":"product_tag-012919823f","11":"product_tag-012919823f-volkswagen-audi-geri-vites-musuru-orj-yeni","13":"first","14":"instock","15":"sale","16":"shipping-taxable","17":"purchasable","18":"product-type-simple"},"_links":{"self":[{"href":"https:\/\/dogan-otomotiv.com\/index.php\/wp-json\/wp\/v2\/product\/5437","targetHints":{"allow":["GET"]}}],"collection":[{"href":"https:\/\/dogan-otomotiv.com\/index.php\/wp-json\/wp\/v2\/product"}],"about":[{"href":"https:\/\/dogan-otomotiv.com\/index.php\/wp-json\/wp\/v2\/types\/product"}],"replies":[{"embeddable":true,"href":"https:\/\/dogan-otomotiv.com\/index.php\/wp-json\/wp\/v2\/comments?post=5437"}],"wp:featuredmedia":[{"embeddable":true,"href":"https:\/\/dogan-otomotiv.com\/index.php\/wp-json\/wp\/v2\/media\/5438"}],"wp:attachment":[{"href":"https:\/\/dogan-otomotiv.com\/index.php\/wp-json\/wp\/v2\/media?parent=5437"}],"wp:term":[{"taxonomy":"product_cat","embeddable":true,"href":"https:\/\/dogan-otomotiv.com\/index.php\/wp-json\/wp\/v2\/product_cat?post=5437"},{"taxonomy":"product_tag","embeddable":true,"href":"https:\/\/dogan-otomotiv.com\/index.php\/wp-json\/wp\/v2\/product_tag?post=5437"}],"curies":[{"name":"wp","href":"https:\/\/api.w.org\/{rel}","templated":true}]}}