{"id":534,"date":"2020-04-01T08:33:21","date_gmt":"2020-04-01T08:33:21","guid":{"rendered":"https:\/\/dogan-otomotiv.com\/?post_type=product&#038;p=534"},"modified":"2024-12-10T07:26:40","modified_gmt":"2024-12-10T07:26:40","slug":"hava-akismetre-2-0-fsi-audi-seat","status":"publish","type":"product","link":"https:\/\/dogan-otomotiv.com\/index.php\/urun\/hava-akismetre-2-0-fsi-audi-seat\/","title":{"rendered":"06F906461A HAVA AKI\u015eMETRE 2.0 FS\u0130 AUD\u0130 SEAT"},"content":{"rendered":"<p>06F906461A VW Audi Seat HAVA AKI\u015eMETRE 2,0 TFS\u0130 B15<\/p>\n<p>AUDI A3 Sportback (8PA) (Yap\u0131m Y\u0131l\u0131 09.2004 &#8211; 03.2013, 200 &#8211; 265 PS, Benzin)<br \/>\nAUDI A4 B7 Avant (8ED) (Yap\u0131m Y\u0131l\u0131 11.2004 &#8211; 06.2008, 170 &#8211; 220 PS, Benzin)<br \/>\nAUDI A4 B6 \/ B7 Cabrio (8H7, 8HE) (Yap\u0131m Y\u0131l\u0131 01.2006 &#8211; 03.2009, 200 PS, Petrol)<br \/>\nAUDI A4 B7 Sedan (8EC) (Yap\u0131m Y\u0131l\u0131 11.2004 &#8211; 06.2008, 170 &#8211; 220 PS, Benzin)<br \/>\nAUDI A6 C6 Avant (4F5) (Yap\u0131m Y\u0131l\u0131 06.2005 &#8211; 08.2011, 170 PS, Benzin)<br \/>\nAUDI A6 C6 Salon (4F2) (Yap\u0131m Y\u0131l\u0131 06.2005 &#8211; 03.2011, 170 PS, Petrol)<br \/>\nAUDI TT Coupe (8J3) (Yap\u0131m Y\u0131l\u0131 08.2006 &#8211; 06.2010, 200 PS, Benzin)<br \/>\nAUDI TT Roadster (8J9) (Yap\u0131m Y\u0131l\u0131 03.2007 &#8211; 06.2010, 200 PS, Benzin)<\/p>\n<p>Only fit 2006-2008 year    Audi    A3    2013    Diesel Hatchback    2.0 TDI 16V quattro    AWD &#8212; 8PA    1968cc 103KW 140HP BKD;CBAB;CFFB<\/p>\n<p>Only fit 2006-2008 year    Audi    A3    2013    Diesel Hatchback    2.0 TDI quattro    AWD &#8212; 8PA    1968cc 125KW 170HP BMN;CBBB;CFGB<br \/>\nOnly fit 2006-2008 year    Audi    A3    2013    Diesel Hatchback    2.0 TDI    FWD &#8212; 8PA    1968cc 100KW 136HP AZV;CBAA;CFFA<br \/>\nOnly fit 2006-2008 year    Audi    A3    2013    Diesel Hatchback    2.0 TDI    FWD &#8212; 8PA    1968cc 125KW 170HP BMN;CBBB;CFGB<br \/>\nOnly fit 2006-2008 year    Audi    A3    2013    Diesel Hatchback    2.0 TDI 16V    FWD &#8212; 8PA    1968cc 103KW 140HP BKD;CBAB;CFFB;CLJA<br \/>\nOnly fit 2006-2008 year    Audi    A3    2013    Petrol Hatchback    2.0 TFSI quattro    AWD &#8212; 8PA    1984cc 147KW 200HP AXX;BPY;BWA;CCZA<br \/>\nOnly fit 2006-2008 year    Audi    A3    2013    Petrol Hatchback    2.0 TFSI    FWD &#8212; 8PA    1984cc 147KW 200HP AXX;BWA;CAWB;CBFA;CCZA<br \/>\nOnly fit 2006-2008 year    Audi    A3    2012    Diesel Hatchback    2.0 TDI 16V quattro    AWD &#8212; 8P1    1968cc 103KW 140HP BKD;CBAB;CFFB<br \/>\nOnly fit 2006-2008 year    Audi    A3    2012    Diesel Hatchback    2.0 TDI quattro    AWD &#8212; 8P1    1968cc 125KW 170HP BMN;CBBB;CFGB<br \/>\nOnly fit 2006-2008 year    Audi    A3    2012    Diesel Hatchback    2.0 TDI 16V quattro    AWD &#8212; 8PA    1968cc 103KW 140HP BKD;CBAB;CFFB<br \/>\nOnly fit 2006-2008 year    Audi    A3    2012    Diesel Hatchback    2.0 TDI quattro    AWD &#8212; 8PA    1968cc 125KW 170HP BMN;CBBB;CFGB<br \/>\nOnly fit 2006-2008 year    Audi    A3    2012    Diesel Hatchback    2.0 TDI    FWD &#8212; 8P1    1968cc 100KW 136HP AZV;CBAA;CFFA<br \/>\nOnly fit 2006-2008 year    Audi    A3    2012    Diesel Hatchback    2.0 TDI    FWD &#8212; 8P1    1968cc 125KW 170HP BMN;CBBB;CFGB<br \/>\nOnly fit 2006-2008 year    Audi    A3    2012    Diesel Hatchback    2.0 TDI 16V    FWD &#8212; 8P1    1968cc 103KW 140HP BKD;CBAB;CFFB;CLJA<br \/>\nOnly fit 2006-2008 year    Audi    A3    2012    Diesel Hatchback    2.0 TDI    FWD &#8212; 8PA    1968cc 100KW 136HP AZV;CBAA;CFFA<br \/>\nOnly fit 2006-2008 year    Audi    A3    2012    Diesel Hatchback    2.0 TDI    FWD &#8212; 8PA    1968cc 125KW 170HP BMN;CBBB;CFGB<br \/>\nOnly fit 2006-2008 year    Audi    A3    2012    Diesel Hatchback    2.0 TDI 16V    FWD &#8212; 8PA    1968cc 103KW 140HP BKD;CBAB;CFFB;CLJA<br \/>\nOnly fit 2006-2008 year    Audi    A3    2012    Petrol Hatchback    2.0 TFSI quattro    AWD &#8212; 8P1    1984cc 147KW 200HP AXX;BWA;CCZA<br \/>\nOnly fit 2007-2008 year    Audi    A3    2012    Petrol Hatchback    S3 quattro    AWD &#8212; 8P1    1984cc 188KW 256HP BZC;CDLC<br \/>\nOnly fit 2006-2008 year    Audi    A3    2012    Petrol Hatchback    S3 quattro    AWD &#8212; 8P1    1984cc 195KW 265HP BHZ;CDLA<\/p>\n<p>SEAT Altea (5P1) (Yap\u0131m Y\u0131l\u0131 04.2006 &#8211; 05.2009, 200 PS, Benzin)<br \/>\nSEAT Altea XL (5P5, 5P8) (Yap\u0131m Y\u0131l\u0131 10.2006 &#8211; 05.2009, 200 PS, Benzin)<br \/>\nSEAT Exeo Sedan (3R2) (Yap\u0131m Y\u0131l\u0131 03.2009 &#8211; 05.2013, 200 PS, Benzin)<br \/>\nSEAT Exeo ST (3R5) (Yap\u0131m Y\u0131l\u0131 06.2009 &#8211; 05.2013, 200 PS, Benzin)<br \/>\nSEAT Leon II Hatchback (1P1) (Yap\u0131m Y\u0131l\u0131 05.2005 &#8211; 12.2012, 185 &#8211; 265 PS, Benzin)<br \/>\nSEAT Toledo III (5P2) (Yap\u0131m Y\u0131l\u0131 11.2005 &#8211; 05.2009, 200 PS, Benzin)<\/p>\n<p>VW Eos (1F7, 1F8) (Yap\u0131m Y\u0131l\u0131 03.2006 &#8211; 08.2015, 200 PS, Benzin)<br \/>\nVW Golf V Hatchback (1K1) (Yap\u0131m Y\u0131l\u0131 10.2004 &#8211; 02.2009, 200 &#8211; 230 PS, Benzin)<br \/>\nVW Golf V Varyant\u0131 (1K5) (Yap\u0131m Y\u0131l\u0131 06.2007 &#8211; 07.2009, 200 PS, Benzin)<br \/>\nVW Golf VI Hatchback (5K1) (Yap\u0131m Y\u0131l\u0131 11.2009 &#8211; 11.2013, 235 &#8211; 270 PS, Benzin)<br \/>\nVW Golf VI Cabrio (517) (Yap\u0131m Y\u0131l\u0131 01.2013 &#8211; 05.2016, 265 PS, Benzin)<br \/>\nVW Jetta Mk5 (1K) (Yap\u0131m Y\u0131l\u0131 10.2005 &#8211; 10.2010, 200 PS, Benzin)<br \/>\nVW Passat B6 Sedan (3C2) (Yap\u0131m Y\u0131l\u0131 07.2005 &#8211; 07.2010, 200 PS, Benzin)<br \/>\nVW Passat B6 Varyant (3C5) (Yap\u0131m Y\u0131l\u0131 08.2005 &#8211; 11.2010, 200 PS, Benzin)<br \/>\nVW Scirocco III (137, 138) (Yap\u0131m Y\u0131l\u0131 11.2009 &#8211; 11.2017, 256 &#8211; 280 PS, Benzin)<\/p>\n","protected":false},"excerpt":{"rendered":"<p>DO\u011eAN OTOMOT\u0130V YEDEK PAR\u00c7A<br \/>\nLTD \u015eT\u0130 \u0130VED\u0130K ORGAN\u0130ZE SAN 1471 SOKAK 91-A OST\u0130M ANKARA<br \/>\nSEM\u0130H SAVA\u015e\u00c7I (312) 395 20 95<br \/>\n0533 322 16 09<\/p>\n<p>MUSTAFA SAVA\u015e\u00c7I<br \/>\n0 (312) 395 20 95<br \/>\nIBAN NO: TR 54 0011 1000 0000 0098 3516 19<br \/>\nF\u0130NANSBANK ENPARA<br \/>\n\u015eUBE KODU: 03663<br \/>\nHESAP NO: 98351619<\/p>\n<p>Paket i\u00e7eri\u011fi: 1 Adet<br \/>\nSATI\u015e F\u0130YATI KDV DAH\u0130L pe\u015fin fiyat\u0131d\u0131r<\/p>\n<p>SAAT 18:00 KADAR VER\u0130LEN \u015e\u0130PAR\u0130\u015e AYNI G\u00dcN KARGO \u0130LE G\u00d6NDER\u0130M\u0130 YAPILIR.<br \/>\nKARGO \u0130ADES\u0130 DURUMUNDA<br \/>\nKARGO \u00dcCRET\u0130 M\u00dc\u015eTER\u0130YE A\u0130TT\u0130R. AYRICA KARGODA KIRILAN PAR\u00c7ALARDAN SORUMLU DEY\u0130L\u0130Z<\/p>\n","protected":false},"featured_media":535,"comment_status":"open","ping_status":"closed","template":"","meta":{"_joinchat":[]},"product_cat":[15,24,19,20],"product_tag":[239,181,180],"class_list":{"0":"post-534","1":"product","2":"type-product","3":"status-publish","4":"has-post-thumbnail","6":"product_cat-volkswagen","7":"product_cat-audi","8":"product_cat-seat","9":"product_cat-skoda","10":"product_tag-06f906461a","11":"product_tag-hava-akismetre","12":"product_tag-hava-akismetre-2-0-fsi","14":"first","15":"instock","16":"sale","17":"sold-individually","18":"shipping-taxable","19":"purchasable","20":"product-type-simple"},"_links":{"self":[{"href":"https:\/\/dogan-otomotiv.com\/index.php\/wp-json\/wp\/v2\/product\/534","targetHints":{"allow":["GET"]}}],"collection":[{"href":"https:\/\/dogan-otomotiv.com\/index.php\/wp-json\/wp\/v2\/product"}],"about":[{"href":"https:\/\/dogan-otomotiv.com\/index.php\/wp-json\/wp\/v2\/types\/product"}],"replies":[{"embeddable":true,"href":"https:\/\/dogan-otomotiv.com\/index.php\/wp-json\/wp\/v2\/comments?post=534"}],"wp:featuredmedia":[{"embeddable":true,"href":"https:\/\/dogan-otomotiv.com\/index.php\/wp-json\/wp\/v2\/media\/535"}],"wp:attachment":[{"href":"https:\/\/dogan-otomotiv.com\/index.php\/wp-json\/wp\/v2\/media?parent=534"}],"wp:term":[{"taxonomy":"product_cat","embeddable":true,"href":"https:\/\/dogan-otomotiv.com\/index.php\/wp-json\/wp\/v2\/product_cat?post=534"},{"taxonomy":"product_tag","embeddable":true,"href":"https:\/\/dogan-otomotiv.com\/index.php\/wp-json\/wp\/v2\/product_tag?post=534"}],"curies":[{"name":"wp","href":"https:\/\/api.w.org\/{rel}","templated":true}]}}