{"id":5339,"date":"2020-10-06T11:37:11","date_gmt":"2020-10-06T11:37:11","guid":{"rendered":"https:\/\/dogan-otomotiv.com\/?post_type=product&#038;p=5339"},"modified":"2024-12-27T13:56:59","modified_gmt":"2024-12-27T13:56:59","slug":"7l0611019e-fren-ana-merkez-vw-toureg-t5-2003-2010-orj-yeni","status":"publish","type":"product","link":"https:\/\/dogan-otomotiv.com\/index.php\/urun\/7l0611019e-fren-ana-merkez-vw-toureg-t5-2003-2010-orj-yeni\/","title":{"rendered":"7L0611019E FREN ANA MERKEZ VW TOUREG T5 2003-2010 ORJ YEN\u0130"},"content":{"rendered":"<p>DO\u011eAN OTOMOT\u0130V YEDEK PAR\u00c7A<br \/>\nLTD \u015eT\u0130 \u0130VED\u0130K ORGAN\u0130ZE SAN 1471 SOKAK 91-A OST\u0130M ANKARA<br \/>\nSEM\u0130H SAVA\u015e\u00c7I (312) 395 20 95<br \/>\n0533 322 16 09<br \/>\nMUSTAFA SAVA\u015e\u00c7I<br \/>\n0 (312) 395 20 95<br \/>\nIBAN NO: TR 54 0011 1000 0000 0098 3516 19<br \/>\nF\u0130NANSBANK ENPARA<br \/>\n\u015eUBE KODU: 03663<br \/>\nHESAP NO: 98351619<\/p>\n<p>ONL\u0130NE SATI\u015eIMIZ YOKTUR<\/p>\n<p>NOT 5 G\u00dcN \u0130\u00c7ER\u0130S\u0130NDE \u0130YADES\u0130 OLMAYAN MAZEME GER\u0130 ALINMAZ<br \/>\nPaket i\u00e7eri\u011fi: 1 Adet<br \/>\nSATI\u015e F\u0130YATI KDV DAH\u0130L pe\u015fin fiyat\u0131d\u0131r<br \/>\nSAAT 18:00 KADAR VER\u0130LEN \u015e\u0130PAR\u0130\u015e AYNI G\u00dcN KARGO \u0130LE G\u00d6NDER\u0130M\u0130 YAPILIR.<br \/>\nKARGO \u0130ADES\u0130 DURUMUNDA .<br \/>\nKARGO \u00dcCRET\u0130 M\u00dc\u015eTER\u0130YE A\u0130TT\u0130R. AYRICA KARGODA KIRILAN PAR\u00c7ALARDAN SORUMLU DEY\u0130L\u0130Z<\/p>\n<p>27\/11\/2014 tarih ve 29188 say\u0131l\u0131 resmi gazetede yay\u0131mlanan mesafeli sat\u0131\u015flar y\u00f6netmeli\u011finin 15. maddesinde cayma hakk\u0131n\u0131n istisnalar\u0131 belirtilmi\u015ftir. \u0130lgili maddenin a bendinde &#8220;fiyat\u0131 finansal piyasalardaki dalgalanmalara ba\u011fl\u0131 olarak de\u011fi\u015fen ve sat\u0131c\u0131 veya sa\u011flay\u0131c\u0131n\u0131n kontrol\u00fcnde olmayan mal veya hizmetlere ili\u015fkin s\u00f6zle\u015fmeler&#8221; cayma hakk\u0131ndan istisna edilmi\u015ftir. \u00dcr\u00fcnlerimiz ithal \u00fcr\u00fcnler olup fiyatlar\u0131 g\u00fcnl\u00fck usd kurlar\u0131 kullan\u0131larak tl kar\u015f\u0131l\u0131\u011f\u0131na \u00e7evrilmesiyle hesaplanmaktad\u0131r. Fiyatlar kurdaki de\u011fi\u015fmeler ba\u011fl\u0131 olarak g\u00fcnl\u00fck olarak de\u011fi\u015fmektedir. Bu nedenle y\u00f6netmeli\u011fin 15. Md\/a bendi gere\u011fi cayma hakk\u0131ndan m\u00fcstesnad\u0131r. M\u00fc\u015fterilerimiz sipari\u015f \u00f6ncesinde bu konu hakk\u0131nda \u00f6n bilgilendirme yap\u0131ld\u0131\u011f\u0131n\u0131 kabul eder<\/p>\n","protected":false},"excerpt":{"rendered":"<p>7L0611019E FREN ANA MERKEZ VW TOUAREG T5 2003-2010 ORJ YEN\u0130<\/p>\n<p>VW Touareg I (7LA, 7L6, 7L7) (Yap\u0131m Y\u0131l\u0131 10.2002 &#8211; 05.2010)<br \/>\nVW Multivan T5 (7HM, 7HN, 7HF, 7EF, 7EM, 7EN) (\u0130n\u015faat Y\u0131l\u0131 04.2003 &#8211; 08.2015)<br \/>\nVW Transporter T5 Platform \/ \u015easi (7JD, 7JE, 7JL, 7JY, 7JZ, 7FD) (Yap\u0131m Y\u0131l\u0131 04.2003 &#8211; 08.2015)<br \/>\nVW Transporter T5 Van (7HA, 7HH, 7EA, 7EH) (Yap\u0131m Y\u0131l\u0131 04.2003 &#8211; &#8230;)<br \/>\nVW Transporter T5 Minib\u00fcs (7HB, 7HJ, 7EB, 7EJ, 7EF, 7EG, 7HF, 7EC) (Yap\u0131m Y\u0131l\u0131 04.2003 &#8211; 08.2015)<br \/>\nVW California T5 Minib\u00fcs (7EC, 7EF, 7EG, 7HF) (Yap\u0131m Y\u0131l\u0131 04.2003 &#8211; 08.2015)<\/p>\n<p>OE 7L0 611 019 E \u2014 VAG<br \/>\nOE 7H0 611 019 A \u2014 VAG<br \/>\nOE 7L0 611 019 A \u2014 VAG<br \/>\nOE 7H0 611 019 B \u2014 VAG<br \/>\nOE 955 355 015 00 \u2014 PORSCHE<br \/>\nOE 955 355 015 20 \u2014 PORSCHE<br \/>\nOE 955 355 015 10 \u2014 PORSCHE<br \/>\nOE 010811 \u2014 ATE<\/p>\n<p>PORSCHE Cayenne (9PA) (\u0130n\u015fa Y\u0131l\u0131 09.2002 &#8211; 09.2010)<br \/>\n3.0 TDI, \u00dcretim Y\u0131l\u0131 02.2009 &#8211; 09.2010, 2967 cc, 240 hp<br \/>\n3.2, Yap\u0131m Y\u0131l\u0131 08.2003 &#8211; 09.2007, 3189 cc, 241 hp<br \/>\n3.2, Yap\u0131m Y\u0131l\u0131 10.2003 &#8211; 09.2007, 3189 cc, 250 hp<br \/>\n3.6, Yap\u0131m Y\u0131l\u0131 02.2007 &#8211; 09.2010, 3598 cc, 290 hp<br \/>\nGTS 4.8, Yap\u0131m Y\u0131l\u0131 10.2007 &#8211; 09.2010, 4806 cc, 405 hp<br \/>\nS 4.5, Yap\u0131m Y\u0131l\u0131 09.2002 &#8211; 09.2007, 4511 cc, 340 hp<br \/>\nS 4.8, Yap\u0131m Y\u0131l\u0131 02.2007 &#8211; 09.2010, 4806 cc, 385 hp<br \/>\nTurbo 4.5, Yap\u0131m Y\u0131l\u0131 09.2002 &#8211; 09.2007, 4511 cc, 450 hp<br \/>\nTurbo 4.8, \u00dcretim Y\u0131l\u0131 09.2007 &#8211; 12.2009, 4806 cc, 507 hp<br \/>\nTurbo S 4.5, \u00dcretim Y\u0131l\u0131 01.2004 &#8211; 09.2007, 4511 cc, 500 hp<br \/>\nTurbo S 4.5, \u00dcretim Y\u0131l\u0131 03.2006 &#8211; 09.2007, 4511 cc, 521 hp<br \/>\nTurbo S 4.8, \u00dcretim Y\u0131l\u0131 02.2007 &#8211; 09.2010, 4806 cc, 500 hp<br \/>\nTurbo S 4.8, \u00dcretim Y\u0131l\u0131 02.2007 &#8211; 09.2010, 4806 cc, 540 hp<br \/>\nTurbo S 4.8, \u00dcretim Y\u0131l\u0131 08.2008 &#8211; 09.2010, 4806 cc, 550 hp<\/p>\n","protected":false},"featured_media":12242,"comment_status":"open","ping_status":"closed","template":"","meta":{"_joinchat":[]},"product_cat":[15,24,7862],"product_tag":[4136],"class_list":{"0":"post-5339","1":"product","2":"type-product","3":"status-publish","4":"has-post-thumbnail","6":"product_cat-volkswagen","7":"product_cat-audi","8":"product_cat-porsche","9":"product_tag-7l0611019e-fren-ana-merkez-vw-toureg-transporter-2003-2010","11":"first","12":"instock","13":"sale","14":"shipping-taxable","15":"purchasable","16":"product-type-simple"},"_links":{"self":[{"href":"https:\/\/dogan-otomotiv.com\/index.php\/wp-json\/wp\/v2\/product\/5339","targetHints":{"allow":["GET"]}}],"collection":[{"href":"https:\/\/dogan-otomotiv.com\/index.php\/wp-json\/wp\/v2\/product"}],"about":[{"href":"https:\/\/dogan-otomotiv.com\/index.php\/wp-json\/wp\/v2\/types\/product"}],"replies":[{"embeddable":true,"href":"https:\/\/dogan-otomotiv.com\/index.php\/wp-json\/wp\/v2\/comments?post=5339"}],"wp:featuredmedia":[{"embeddable":true,"href":"https:\/\/dogan-otomotiv.com\/index.php\/wp-json\/wp\/v2\/media\/12242"}],"wp:attachment":[{"href":"https:\/\/dogan-otomotiv.com\/index.php\/wp-json\/wp\/v2\/media?parent=5339"}],"wp:term":[{"taxonomy":"product_cat","embeddable":true,"href":"https:\/\/dogan-otomotiv.com\/index.php\/wp-json\/wp\/v2\/product_cat?post=5339"},{"taxonomy":"product_tag","embeddable":true,"href":"https:\/\/dogan-otomotiv.com\/index.php\/wp-json\/wp\/v2\/product_tag?post=5339"}],"curies":[{"name":"wp","href":"https:\/\/api.w.org\/{rel}","templated":true}]}}