{"id":5172,"date":"2020-09-24T05:36:26","date_gmt":"2020-09-24T05:36:26","guid":{"rendered":"https:\/\/dogan-otomotiv.com\/?post_type=product&#038;p=5172"},"modified":"2025-05-06T08:00:20","modified_gmt":"2025-05-06T08:00:20","slug":"7d0857805d-emniyet-kemeri-sol-on-vw-t4-1998-2004-orj-cikma","status":"publish","type":"product","link":"https:\/\/dogan-otomotiv.com\/index.php\/urun\/7d0857805d-emniyet-kemeri-sol-on-vw-t4-1998-2004-orj-cikma\/","title":{"rendered":"7D0857805D EMN\u0130YET KEMER\u0130 SOL \u00d6N VW T4 1998-2004 ORJ \u00c7IKMA"},"content":{"rendered":"<p>7D0857805D EMN\u0130YET KEMER\u0130 SOL \u00d6N VW T4 1998-2004 X00<\/p>\n","protected":false},"excerpt":{"rendered":"<p>    VW\t\tCaravelle\/Eurovan\t\t 1998-2000<br \/>\n  VW\t\tEuroVan\t\t 1998-1998<br \/>\n  VW\t\tEuroVan\t\t 1999-2004\t\t; &gt;&gt; 70-4-099 000<br \/>\n  VW\t\tTransporter\t\t 1998-1998<br \/>\n  VW\t\tTransporter\t\t 1999-2004<br \/>\n  VW\t\tTransporter\t\t 1999-2004\t\t; 70-3-000 001 &gt;&gt; 70-3-250 000; 70-4-000 001 &gt;&gt; 70-4-099 000<br \/>\n  VW\t\tTransporter\t\t 2000-2004\t\t; 70-3-000 001 &gt;&gt; 70-3-250 000; 70-4-000 001 &gt;&gt; 70-4-099 000<br \/>\n  VW\t\tTransporter syncro\t\t 1996-2004\t\t&gt;&gt; 70-3-250 000; &gt;&gt; 70-4-099 000; 70-T-200 001 &gt;&gt;<br \/>\n  VW\t\tTransporter syncro\t\t 1999-2004\t\t; 70-3-000 001 &gt;&gt; 70-3-250 000; 70-4-000 001 &gt;&gt; 70-4-099 000<br \/>\nSHIPPING INFORMATION<\/p>\n","protected":false},"featured_media":5874,"comment_status":"open","ping_status":"closed","template":"","meta":{"_joinchat":[]},"product_cat":[15],"product_tag":[8713],"class_list":{"0":"post-5172","1":"product","2":"type-product","3":"status-publish","4":"has-post-thumbnail","6":"product_cat-volkswagen","7":"product_tag-7d0857805d-emniyet-kemeri-sol-on-vw-t4-1998-2004-orj-cikma","9":"first","10":"instock","11":"sale","12":"shipping-taxable","13":"purchasable","14":"product-type-simple"},"_links":{"self":[{"href":"https:\/\/dogan-otomotiv.com\/index.php\/wp-json\/wp\/v2\/product\/5172","targetHints":{"allow":["GET"]}}],"collection":[{"href":"https:\/\/dogan-otomotiv.com\/index.php\/wp-json\/wp\/v2\/product"}],"about":[{"href":"https:\/\/dogan-otomotiv.com\/index.php\/wp-json\/wp\/v2\/types\/product"}],"replies":[{"embeddable":true,"href":"https:\/\/dogan-otomotiv.com\/index.php\/wp-json\/wp\/v2\/comments?post=5172"}],"wp:featuredmedia":[{"embeddable":true,"href":"https:\/\/dogan-otomotiv.com\/index.php\/wp-json\/wp\/v2\/media\/5874"}],"wp:attachment":[{"href":"https:\/\/dogan-otomotiv.com\/index.php\/wp-json\/wp\/v2\/media?parent=5172"}],"wp:term":[{"taxonomy":"product_cat","embeddable":true,"href":"https:\/\/dogan-otomotiv.com\/index.php\/wp-json\/wp\/v2\/product_cat?post=5172"},{"taxonomy":"product_tag","embeddable":true,"href":"https:\/\/dogan-otomotiv.com\/index.php\/wp-json\/wp\/v2\/product_tag?post=5172"}],"curies":[{"name":"wp","href":"https:\/\/api.w.org\/{rel}","templated":true}]}}