{"id":5131,"date":"2020-09-16T09:46:05","date_gmt":"2020-09-16T09:46:05","guid":{"rendered":"https:\/\/dogan-otomotiv.com\/?post_type=product&#038;p=5131"},"modified":"2025-06-15T07:22:12","modified_gmt":"2025-06-15T07:22:12","slug":"191201551a-kapak-yakit-deposu-vw-caddy-96-03-golf-84-99-a4-95-97","status":"publish","type":"product","link":"https:\/\/dogan-otomotiv.com\/index.php\/urun\/191201551a-kapak-yakit-deposu-vw-caddy-96-03-golf-84-99-a4-95-97\/","title":{"rendered":"191201551A KAPAK YAKIT DEPOSU VW CADDY 96-03 GOLF 84-99 A4 95-97"},"content":{"rendered":"<p>191201551A KAPAK YAKIT DEPOSU VW CADDY 96-03 GOLF 84-99 A4 95-97<\/p>\n","protected":false},"excerpt":{"rendered":"<pre> ALFA-ROMEO\r\nAUDI\r\nCHRYSLER\r\nDAEWOO\r\nDA\u0130HATSU\r\nFIAT\r\nFORD\r\nHONDA\r\nHYUNDAI\r\nISUZU\r\nC\u0130P\r\nK\u0130A\r\nLANCIA\r\nLAND ROVER\r\nLEXUS\r\nMAZDA\r\nMITSUBISHI\r\nN\u0130SSAN\r\nOPEL\r\nPORSCHE\r\nRENAULT\r\nARA\u00c7\r\nSAAB\r\nKOLTUK\r\nSKODA\r\nAKILLI\r\nSUBARU\r\nSUZUKI\r\nTOYOTA\r\nVAUXHALL\r\nVOLVO\r\nVW\r\nVW Passat B3\/B4 Sedan (3A2, 35i) (Yap\u0131m Y\u0131l\u0131 02.1988 - 08.1996, 68 - 174 PS, Dizel, Benzin)\r\nVW Passat B3\/B4 Estate (3A5, 35i) (Yap\u0131m Y\u0131l\u0131 02.1988 - 05.1997, 68 - 184 PS, Dizel, Benzin)\r\nVW Polo III Hatchback (6N1) (Yap\u0131m Y\u0131l\u0131 10.1994 - 10.1999, 45 - 120 PS, Dizel, Benzin)\r\nVW Transporter T4 Minib\u00fcs (70B, 70C, 7DB, 7DK, 70J, 70K, 7DC, 7DJ) (Yap\u0131m Y\u0131l\u0131 09.1990 - 04.2003, 68 - 204 PS, Dizel, Benzin)\r\nVW Golf III Cabrio (1E7) (Yap\u0131m Y\u0131l\u0131 07.1993 - 05.1998, 75 - 115 PS, Dizel, Benzin)\r\nVW Golf II Hatchback (19E, 1G1) (Yap\u0131m Y\u0131l\u0131 08.1983 - 12.1992, 45 - 160 PS, Dizel, Benzin)\r\nVW Golf III Hatchback (1H1) (Yap\u0131m Y\u0131l\u0131 10.1991 - 09.1997, 27 - 190 PS, Dizel, Elektrik, Benzin)\r\nVW Golf III Estate (1H5) (Yap\u0131m Y\u0131l\u0131 07.1993 - 04.1999, 55 - 190 PS, Dizel, Benzin)\r\nVW Polo III Classic (6V2) (Yap\u0131m Y\u0131l\u0131 11.1995 - 01.2002, 54 - 116 PS, Dizel, Benzin)\r\nVW Passat B5 Sedan (3B2) (Yap\u0131m Y\u0131l\u0131 08.1996 - 11.2000, 90 - 193 PS, Dizel, Benzin)\r\nVW Transporter T4 Van (70A, 70H, 7DA, 7DH) (Yap\u0131m Y\u0131l\u0131 07.1990 - 04.2003, 68 - 204 PS, Dizel, Benzin)\r\nVW Transporter T4 Platform \/ \u015easi (70E, 70L, 70M, 7DE, 7DL, 7D) (Yap\u0131m Y\u0131l\u0131 07.1990 - 04.2003, 68 - 204 PS, Dizel, Benzin)\r\nVW Passat B5 Estate (3B5) (Yap\u0131m Y\u0131l\u0131 06.1997 - 11.2000, 90 - 193 PS, Dizel, Benzin)\r\nVW Polo III Varyant\u0131 (6V5) (Yap\u0131m Y\u0131l\u0131 05.1997 - 09.2001, 54 - 110 PS, Dizel, Benzin)\r\nVW Golf IV Hatchback (1J1) (Yap\u0131m Y\u0131l\u0131 08.1997 - 06.2005, 68 - 241 PS, Dizel, Benzin)\r\nVW Golf IV Varyant\u0131 (1J5) (Yap\u0131m Y\u0131l\u0131 05.1999 - 06.2006, 68 - 204 PS, Dizel, Benzin, Petrol\/Do\u011fal Gaz (CNG))\r\nVW Golf IV Cabrio (1E) (Yap\u0131m Y\u0131l\u0131 06.1998 - 06.2002, 75 - 115 PS, Dizel, Benzin)\r\nVW Lupo \/ Lupo 3L (6X1, 6E1) (Yap\u0131m Y\u0131l\u0131 09.1998 - 07.2005, 50 - 125 PS, Dizel, Benzin)\r\nVW New Beetle Hatchback (9C1, 1C1) (Yap\u0131m Y\u0131l\u0131 01.1998 - 09.2010, 90 - 224 PS, Dizel, Benzin)\r\nVW Jetta Mk2 (19E, 1G2, 165) (Yap\u0131m Y\u0131l\u0131 01.1984 - 12.1992, 54 - 140 PS, Dizel, Benzin)\r\nVW Bora Sedan (1J2) (Yap\u0131m Y\u0131l\u0131 10.1998 - 05.2005, 68 - 204 PS, Dizel, Benzin)\r\nVW Vento (1H2) (Yap\u0131m Y\u0131l\u0131 11.1991 - 09.1998, 55 - 174 PS, Dizel, Benzin)\r\nVW Corrado (53i) (Yap\u0131m Y\u0131l\u0131 09.1988 - 12.1995, 115 - 190 PS, Benzin)\r\nVW Caddy II Van (9K9A) (Yap\u0131m Y\u0131l\u0131 11.1995 - 01.2004, 57 - 90 PS, Dizel, Benzin)\r\nVW Caddy II Pickup (9U7) (Yap\u0131m Y\u0131l\u0131 06.1996 - 12.2000, 64 - 75 PS, Dizel, Benzin)\r\nVW Bora Varyant\u0131 (1J6) (Yap\u0131m Y\u0131l\u0131 05.1999 - 05.2005, 75 - 204 PS, Dizel, Benzin)\r\nVW Polo III Hatchback (6N2) (Yap\u0131m Y\u0131l\u0131 10.1999 - 09.2001, 50 - 125 PS, Dizel, Benzin)\r\nVW Polo IV Hatchback (9N) (Yap\u0131m Y\u0131l\u0131 10.2001 - 11.2009, 54 - 130 PS, Dizel, Benzin)\r\nVW Touareg I (7LA, 7L6, 7L7) (Yap\u0131m Y\u0131l\u0131 10.2002 - 05.2010, 163 - 313 PS, Dizel, Benzin)\r\nVW Touran I (1T1, 1T2) (Yap\u0131m Y\u0131l\u0131 02.2003 - 05.2010, 100 - 150 PS, Dizel, Benzin)\r\nVW Polo IV Sedan (9A4, 9A2, 9N2, 9A6) (Yap\u0131m Y\u0131l\u0131 09.2002 - ..., 64 - 101 PS, Dizel, Benzin)\r\nVW Caddy II Estate (9K9B) (Yap\u0131m Y\u0131l\u0131 11.1995 - 01.2004, 57 - 90 PS, Dizel, Benzin)\r\nVW Passat B3\/B4 Box Body \/ Estate (315, 3A5) (Yap\u0131m Y\u0131l\u0131 10.1993 - 12.1996, 75 PS, Dizel, Benzin)<\/pre>\n","protected":false},"featured_media":5133,"comment_status":"open","ping_status":"closed","template":"","meta":{"_joinchat":[]},"product_cat":[15,24,157],"product_tag":[4015],"class_list":{"0":"post-5131","1":"product","2":"type-product","3":"status-publish","4":"has-post-thumbnail","6":"product_cat-volkswagen","7":"product_cat-audi","8":"product_cat-volvo","9":"product_tag-191201551a-kapak-yakit-deposu-vw-caddy-96-03-golf-84-99-a4-95-97","11":"first","12":"instock","13":"sale","14":"shipping-taxable","15":"purchasable","16":"product-type-simple"},"_links":{"self":[{"href":"https:\/\/dogan-otomotiv.com\/index.php\/wp-json\/wp\/v2\/product\/5131","targetHints":{"allow":["GET"]}}],"collection":[{"href":"https:\/\/dogan-otomotiv.com\/index.php\/wp-json\/wp\/v2\/product"}],"about":[{"href":"https:\/\/dogan-otomotiv.com\/index.php\/wp-json\/wp\/v2\/types\/product"}],"replies":[{"embeddable":true,"href":"https:\/\/dogan-otomotiv.com\/index.php\/wp-json\/wp\/v2\/comments?post=5131"}],"wp:featuredmedia":[{"embeddable":true,"href":"https:\/\/dogan-otomotiv.com\/index.php\/wp-json\/wp\/v2\/media\/5133"}],"wp:attachment":[{"href":"https:\/\/dogan-otomotiv.com\/index.php\/wp-json\/wp\/v2\/media?parent=5131"}],"wp:term":[{"taxonomy":"product_cat","embeddable":true,"href":"https:\/\/dogan-otomotiv.com\/index.php\/wp-json\/wp\/v2\/product_cat?post=5131"},{"taxonomy":"product_tag","embeddable":true,"href":"https:\/\/dogan-otomotiv.com\/index.php\/wp-json\/wp\/v2\/product_tag?post=5131"}],"curies":[{"name":"wp","href":"https:\/\/api.w.org\/{rel}","templated":true}]}}