{"id":512,"date":"2020-03-28T13:50:48","date_gmt":"2020-03-28T13:50:48","guid":{"rendered":"https:\/\/dogan-otomotiv.com\/?post_type=product&#038;p=512"},"modified":"2022-06-20T12:03:41","modified_gmt":"2022-06-20T12:03:41","slug":"1-6-cay-motor-blok-vw-03l103021p","status":"publish","type":"product","link":"https:\/\/dogan-otomotiv.com\/index.php\/urun\/1-6-cay-motor-blok-vw-03l103021p\/","title":{"rendered":"1.6 CAY MOTOR BLOK VW  F\u0130YATI"},"content":{"rendered":"<p>DO\u011eAN OTOMOT\u0130V YEDEK PAR\u00c7A<\/p>\n<p>SEM\u0130H SAVA\u015e\u00c7I<\/p>\n<p>0 (312) 395 20 95<\/p>\n<p><span style=\"vertical-align: inherit\"><span style=\"vertical-align: inherit\">IBAN NO: TR56 0011 1000 0000 0088 9009 70\u00a0\u00a0<\/span><\/span><\/p>\n<p>F\u0130NANSBANK ENPARA<\/p>\n<p>\u015eUBE KODU: 03663<\/p>\n<p>HESAP NO: 88900970<\/p>\n<p><b><u>KARGO \u0130ADES\u0130 DURUMUNDA<\/u><\/b><\/p>\n<p><b><u>KARGO \u00dcCRET\u0130 M\u00dc\u015eTER\u0130YE A\u0130TT\u0130R.<\/u><\/b><\/p>\n<p>TOPLU S\u0130PAR\u0130\u015eLER\u0130N\u0130Z \u0130\u00c7\u0130N: doganotoyedekparcavw@gmail.com<\/p>\n","protected":false},"excerpt":{"rendered":"<p>DO\u011eAN OTOMOT\u0130V YEDEK PAR\u00c7A SEM\u0130H SAVA\u015e\u00c7I 0 (312) 395 20 95 IBAN NO: TR56 0011 1000 0000 0088 9009 70\u00a0\u00a0 F\u0130NANSBANK ENPARA \u015eUBE KODU: 03663 HESAP NO: 88900970 KARGO \u0130ADES\u0130<\/p>\n","protected":false},"featured_media":515,"comment_status":"open","ping_status":"closed","template":"","meta":{"_joinchat":{"message_send":"VAR"}},"product_cat":[15,24,19,20],"product_tag":[166,167,165],"class_list":{"0":"post-512","1":"product","2":"type-product","3":"status-publish","4":"has-post-thumbnail","6":"product_cat-volkswagen","7":"product_cat-audi","8":"product_cat-seat","9":"product_cat-skoda","10":"product_tag-166","11":"product_tag-6-cay-blok","12":"product_tag-blok","14":"first","15":"instock","16":"sale","17":"sold-individually","18":"shipping-taxable","19":"purchasable","20":"product-type-simple"},"_links":{"self":[{"href":"https:\/\/dogan-otomotiv.com\/index.php\/wp-json\/wp\/v2\/product\/512","targetHints":{"allow":["GET"]}}],"collection":[{"href":"https:\/\/dogan-otomotiv.com\/index.php\/wp-json\/wp\/v2\/product"}],"about":[{"href":"https:\/\/dogan-otomotiv.com\/index.php\/wp-json\/wp\/v2\/types\/product"}],"replies":[{"embeddable":true,"href":"https:\/\/dogan-otomotiv.com\/index.php\/wp-json\/wp\/v2\/comments?post=512"}],"wp:featuredmedia":[{"embeddable":true,"href":"https:\/\/dogan-otomotiv.com\/index.php\/wp-json\/wp\/v2\/media\/515"}],"wp:attachment":[{"href":"https:\/\/dogan-otomotiv.com\/index.php\/wp-json\/wp\/v2\/media?parent=512"}],"wp:term":[{"taxonomy":"product_cat","embeddable":true,"href":"https:\/\/dogan-otomotiv.com\/index.php\/wp-json\/wp\/v2\/product_cat?post=512"},{"taxonomy":"product_tag","embeddable":true,"href":"https:\/\/dogan-otomotiv.com\/index.php\/wp-json\/wp\/v2\/product_tag?post=512"}],"curies":[{"name":"wp","href":"https:\/\/api.w.org\/{rel}","templated":true}]}}